{"id":11770,"date":"2023-04-14T19:48:55","date_gmt":"2023-04-14T17:48:55","guid":{"rendered":"https:\/\/projectes.xtec.cat\/canaldereporters\/?page_id=11770"},"modified":"2023-04-25T19:08:46","modified_gmt":"2023-04-25T17:08:46","slug":"nuria-vilanova","status":"publish","type":"page","link":"https:\/\/projectes.xtec.cat\/canaldereporters\/jornadacr\/nuria-vilanova\/","title":{"rendered":"N\u00faria Vilanova"},"content":{"rendered":"\n<div style=\"height:30px\" aria-hidden=\"true\" class=\"wp-block-spacer\"><\/div>\n\n\n\n<div class=\"wp-block-group alignwide\"><div class=\"wp-block-group__inner-container is-layout-flow wp-block-group-is-layout-flow\">\n<div class=\"wp-block-columns is-layout-flex wp-container-core-columns-is-layout-1 wp-block-columns-is-layout-flex\">\n<div class=\"wp-block-column is-layout-flow wp-block-column-is-layout-flow\">\n<p>La N\u00faria Vilanova \u00e9s la presentadora, directora i editora de l&#8217;infoK.<\/p>\n\n\n\n<p>L&#8217;InfoK&nbsp;\u00e9s un informatiu que emet&nbsp;Televisi\u00f3 de Catalunya, al canal&nbsp;SX3. A difer\u00e8ncia d&#8217;altres informatius, est\u00e0 adaptat per als nens i nenes.<\/p>\n\n\n\n<p><strong>Formaci\u00f3:&nbsp;<\/strong><\/p>\n\n\n\n<ul class=\"wp-block-list\"><li>Llicenciada en Periodisme per la&nbsp;Universitat Aut\u00f2noma de Barcelona&nbsp;<\/li><\/ul>\n<\/div>\n\n\n\n<div class=\"wp-block-column is-layout-flow wp-block-column-is-layout-flow\">\n<figure class=\"wp-block-image size-large\"><a href=\"https:\/\/projectes.xtec.cat\/canaldereporters\/wp-content\/uploads\/usu2921\/2023\/04\/nuria-1.jpg\"><img loading=\"lazy\" decoding=\"async\" width=\"1024\" height=\"576\" src=\"https:\/\/projectes.xtec.cat\/canaldereporters\/wp-content\/uploads\/usu2921\/2023\/04\/nuria-1-1024x576.jpg\" alt=\"\" class=\"wp-image-11773\" srcset=\"https:\/\/projectes.xtec.cat\/canaldereporters\/wp-content\/uploads\/usu2921\/2023\/04\/nuria-1-1024x576.jpg 1024w, https:\/\/projectes.xtec.cat\/canaldereporters\/wp-content\/uploads\/usu2921\/2023\/04\/nuria-1-300x169.jpg 300w, https:\/\/projectes.xtec.cat\/canaldereporters\/wp-content\/uploads\/usu2921\/2023\/04\/nuria-1-768x432.jpg 768w, https:\/\/projectes.xtec.cat\/canaldereporters\/wp-content\/uploads\/usu2921\/2023\/04\/nuria-1-1536x864.jpg 1536w, https:\/\/projectes.xtec.cat\/canaldereporters\/wp-content\/uploads\/usu2921\/2023\/04\/nuria-1.jpg 1600w\" sizes=\"auto, (max-width: 1024px) 100vw, 1024px\" \/><\/a><\/figure>\n<\/div>\n<\/div>\n<\/div><\/div>\n\n\n\n<div class=\"wp-block-group alignwide\"><div class=\"wp-block-group__inner-container is-layout-flow wp-block-group-is-layout-flow\">\n<div class=\"wp-block-columns is-layout-flex wp-container-core-columns-is-layout-2 wp-block-columns-is-layout-flex\">\n<div class=\"wp-block-column is-layout-flow wp-block-column-is-layout-flow\">\n<p><span style=\"color:#030b0b\" class=\"has-inline-color\"><strong>Enlla\u00e7os:<\/strong><\/span><\/p>\n\n\n\n<p><a rel=\"noreferrer noopener\" href=\"https:\/\/www.educac.cat\/periodisme-radiofonic\" target=\"_blank\"><strong>Sx3 <\/strong><\/a><strong><a href=\"https:\/\/www.ccma.cat\/tv3\/sx3\/infok\/\" target=\"_blank\" rel=\"noreferrer noopener\">InfoK<\/a><\/strong><\/p>\n\n\n\n<p><strong><a href=\"https:\/\/junior-report.media\/ca\/nuria-vilanova-a-linfo-k-parlem-de-moltes-coses-que-tambe-surten-als-informatius-de-grans\/\" target=\"_blank\" rel=\"noreferrer noopener\">Junior-Report. Entrevista infoK<\/a><\/strong> <\/p>\n<\/div>\n<\/div>\n<\/div><\/div>\n","protected":false},"excerpt":{"rendered":"<p>La N\u00faria Vilanova \u00e9s la presentadora, directora i editora de l&#8217;infoK. L&#8217;InfoK&nbsp;\u00e9s un informatiu que emet&nbsp;Televisi\u00f3 de Catalunya, al canal&nbsp;SX3. A difer\u00e8ncia d&#8217;altres informatius, est\u00e0 adaptat per als nens i nenes. Formaci\u00f3:&nbsp; Llicenciada en Periodisme per la&nbsp;Universitat Aut\u00f2noma de Barcelona&nbsp; Enlla\u00e7os: Sx3 InfoK Junior-Report. Entrevista infoK<\/p>\n","protected":false},"author":17,"featured_media":0,"parent":11793,"menu_order":0,"comment_status":"closed","ping_status":"closed","template":"","meta":{"site-sidebar-layout":"default","site-content-layout":"","ast-site-content-layout":"","site-content-style":"default","site-sidebar-style":"default","ast-global-header-display":"","ast-banner-title-visibility":"","ast-main-header-display":"","ast-hfb-above-header-display":"","ast-hfb-below-header-display":"","ast-hfb-mobile-header-display":"","site-post-title":"","ast-breadcrumbs-content":"","ast-featured-img":"","footer-sml-layout":"","theme-transparent-header-meta":"","adv-header-id-meta":"","stick-header-meta":"","header-above-stick-meta":"","header-main-stick-meta":"","header-below-stick-meta":"","astra-migrate-meta-layouts":"default","ast-page-background-enabled":"default","ast-page-background-meta":{"desktop":{"background-color":"","background-image":"","background-repeat":"repeat","background-position":"center center","background-size":"auto","background-attachment":"scroll","background-type":"","background-media":"","overlay-type":"","overlay-color":"","overlay-opacity":"","overlay-gradient":""},"tablet":{"background-color":"","background-image":"","background-repeat":"repeat","background-position":"center center","background-size":"auto","background-attachment":"scroll","background-type":"","background-media":"","overlay-type":"","overlay-color":"","overlay-opacity":"","overlay-gradient":""},"mobile":{"background-color":"","background-image":"","background-repeat":"repeat","background-position":"center center","background-size":"auto","background-attachment":"scroll","background-type":"","background-media":"","overlay-type":"","overlay-color":"","overlay-opacity":"","overlay-gradient":""}},"ast-content-background-meta":{"desktop":{"background-color":"var(--ast-global-color-5)","background-image":"","background-repeat":"repeat","background-position":"center center","background-size":"auto","background-attachment":"scroll","background-type":"","background-media":"","overlay-type":"","overlay-color":"","overlay-opacity":"","overlay-gradient":""},"tablet":{"background-color":"var(--ast-global-color-5)","background-image":"","background-repeat":"repeat","background-position":"center center","background-size":"auto","background-attachment":"scroll","background-type":"","background-media":"","overlay-type":"","overlay-color":"","overlay-opacity":"","overlay-gradient":""},"mobile":{"background-color":"var(--ast-global-color-5)","background-image":"","background-repeat":"repeat","background-position":"center center","background-size":"auto","background-attachment":"scroll","background-type":"","background-media":"","overlay-type":"","overlay-color":"","overlay-opacity":"","overlay-gradient":""}},"footnotes":""},"class_list":["post-11770","page","type-page","status-publish","hentry"],"post_mailing_queue_ids":[],"_links":{"self":[{"href":"https:\/\/projectes.xtec.cat\/canaldereporters\/wp-json\/wp\/v2\/pages\/11770","targetHints":{"allow":["GET"]}}],"collection":[{"href":"https:\/\/projectes.xtec.cat\/canaldereporters\/wp-json\/wp\/v2\/pages"}],"about":[{"href":"https:\/\/projectes.xtec.cat\/canaldereporters\/wp-json\/wp\/v2\/types\/page"}],"author":[{"embeddable":true,"href":"https:\/\/projectes.xtec.cat\/canaldereporters\/wp-json\/wp\/v2\/users\/17"}],"replies":[{"embeddable":true,"href":"https:\/\/projectes.xtec.cat\/canaldereporters\/wp-json\/wp\/v2\/comments?post=11770"}],"version-history":[{"count":2,"href":"https:\/\/projectes.xtec.cat\/canaldereporters\/wp-json\/wp\/v2\/pages\/11770\/revisions"}],"predecessor-version":[{"id":11998,"href":"https:\/\/projectes.xtec.cat\/canaldereporters\/wp-json\/wp\/v2\/pages\/11770\/revisions\/11998"}],"up":[{"embeddable":true,"href":"https:\/\/projectes.xtec.cat\/canaldereporters\/wp-json\/wp\/v2\/pages\/11793"}],"wp:attachment":[{"href":"https:\/\/projectes.xtec.cat\/canaldereporters\/wp-json\/wp\/v2\/media?parent=11770"}],"curies":[{"name":"wp","href":"https:\/\/api.w.org\/{rel}","templated":true}]}}