{"id":12205,"date":"2023-05-17T10:27:58","date_gmt":"2023-05-17T08:27:58","guid":{"rendered":"https:\/\/projectes.xtec.cat\/canaldereporters\/?page_id=12205"},"modified":"2024-09-10T08:30:19","modified_gmt":"2024-09-10T06:30:19","slug":"produccionsaudiovisuals","status":"publish","type":"page","link":"https:\/\/projectes.xtec.cat\/canaldereporters\/jornadacr\/produccionsaudiovisuals\/","title":{"rendered":"Produccions audiovisuals de la jornada"},"content":{"rendered":"\n<div class=\"wp-block-getwid-section alignfull alignwide alignwide\"><div class=\"wp-block-getwid-section__wrapper\"><div class=\"wp-block-getwid-section__inner-wrapper\"><div class=\"wp-block-getwid-section__background-holder\"><div class=\"wp-block-getwid-section__background\"><\/div><div class=\"wp-block-getwid-section__foreground\"><\/div><\/div><div class=\"wp-block-getwid-section__content\"><div class=\"wp-block-getwid-section__inner-content\">\n<h2 class=\"wp-block-heading\">Produccions audiovisuals<\/h2>\n<\/div><\/div><\/div><\/div><\/div>\n\n\n\n<div class=\"wp-block-columns alignwide is-layout-flex wp-container-core-columns-is-layout-1 wp-block-columns-is-layout-flex\">\n<div class=\"wp-block-column is-layout-flow wp-block-column-is-layout-flow\">\n<h3 class=\"wp-block-heading\">Taller de r\u00e0dio<\/h3>\n\n\n\n<p>La r\u00e0dio \u00e9s el resultat d\u2019un treball en equip. &nbsp;El so radiof\u00f2nic es fonamenta en l\u2019expressi\u00f3 oral (veu), la m\u00fasica, els efectes sonors i el <strong>silenci<\/strong>. L&#8217;alumnat ha elaborat una falca promocional i un butllet\u00ed de not\u00edcies tenint present la intencionalitat comunicativa de l\u2019emissor.<\/p>\n\n\n\n<figure class=\"wp-block-audio\"><audio controls src=\"https:\/\/projectes.xtec.cat\/canaldereporters\/wp-content\/uploads\/usu2921\/2023\/05\/Grup1_05_05_2023_FalcaPromocional_CanalDeReporters.mp3\"><\/audio><figcaption class=\"wp-element-caption\">Grup 1 prim\u00e0ria: falca promocional<\/figcaption><\/figure>\n\n\n\n<figure class=\"wp-block-audio\"><audio controls src=\"https:\/\/projectes.xtec.cat\/canaldereporters\/wp-content\/uploads\/usu2921\/2023\/05\/Grup2_05_05_2023_FalcaPromocional_CanalDeReporters.mp3\"><\/audio><figcaption class=\"wp-element-caption\">Grup 2 prim\u00e0ria: falca promocional<\/figcaption><\/figure>\n\n\n\n<figure class=\"wp-block-audio\"><audio controls src=\"https:\/\/projectes.xtec.cat\/canaldereporters\/wp-content\/uploads\/usu2921\/2023\/05\/Secundaria_05_05_2023_DirecteUAB_JornadaCR_qualitat.mp3\"><\/audio><figcaption class=\"wp-element-caption\">Grup de secund\u00e0ria: butllet\u00ed informatiu jornada <\/figcaption><\/figure>\n<\/div>\n\n\n\n<div class=\"wp-block-column is-layout-flow wp-block-column-is-layout-flow\">\n<h3 class=\"wp-block-heading\">Taller informatiu TV<\/h3>\n\n\n\n<p>Entrar en un plat\u00f3 per posar-se davant i darrere de les c\u00e0meres ens permet con\u00e8ixer els diferents rols professionals i mostrar els elements t\u00e8cnics que cal tenir presents per fer un informatiu, fer \u00fas del teleapuntador i treballar conjuntament a la sala de realitzaci\u00f3.<\/p>\n\n\n\n<div style=\"height:52px\" aria-hidden=\"true\" class=\"wp-block-spacer\"><\/div>\n\n\n\n<div style=\"height:23px\" aria-hidden=\"true\" class=\"wp-block-spacer\"><\/div>\n\n\n\n<figure class=\"wp-block-embed is-type-video is-provider-youtube wp-block-embed-youtube wp-embed-aspect-16-9 wp-has-aspect-ratio\"><div class=\"wp-block-embed__wrapper\">\n<div class=\"ast-oembed-container \" style=\"height: 100%;\"><iframe loading=\"lazy\" title=\"Taller Informatiu de tv als estudis de la UAB\" width=\"500\" height=\"281\" src=\"https:\/\/www.youtube.com\/embed\/zxaYYfedSEU?feature=oembed\" frameborder=\"0\" allow=\"accelerometer; autoplay; clipboard-write; encrypted-media; gyroscope; picture-in-picture; web-share\" referrerpolicy=\"strict-origin-when-cross-origin\" allowfullscreen><\/iframe><\/div>\n<\/div><\/figure>\n<\/div>\n\n\n\n<div class=\"wp-block-column is-layout-flow wp-block-column-is-layout-flow\">\n<h3 class=\"wp-block-heading\">Taller amb \u00fas del croma<\/h3>\n\n\n\n<p style=\"font-size:14px\">Participar en projectes audiovisuals pot contribuir a una nova manera de fer visibles les lleng\u00fces i cultures de l\u2019alumnat d\u2019origen estranger o b\u00e9 amb arrels familiars en altres pa\u00efsos.  L&#8217;alumnat ha treballat els ODS davant del croma, inserint en un fons virtual una imatge provinent d&#8217;una font de v\u00eddeo diferent. L&#8217;efecte es realitza establint un color (croma) com a clau (key) que dona entrada a la imatge provinent de l&#8217;altra font de v\u00eddeo.<\/p>\n\n\n\n<figure class=\"wp-block-embed is-type-video is-provider-youtube wp-block-embed-youtube wp-embed-aspect-16-9 wp-has-aspect-ratio\"><div class=\"wp-block-embed__wrapper\">\n<div class=\"ast-oembed-container \" style=\"height: 100%;\"><iframe loading=\"lazy\" title=\"Taller croma als estudis de la UAB\" width=\"500\" height=\"281\" src=\"https:\/\/www.youtube.com\/embed\/NfldYVpD6gU?feature=oembed\" frameborder=\"0\" allow=\"accelerometer; autoplay; clipboard-write; encrypted-media; gyroscope; picture-in-picture; web-share\" referrerpolicy=\"strict-origin-when-cross-origin\" allowfullscreen><\/iframe><\/div>\n<\/div><\/figure>\n<\/div>\n<\/div>\n\n\n\n<div class=\"inherit-container-width wp-block-group alignwide is-layout-constrained wp-block-group-is-layout-constrained\"><\/div>\n\n\n\n<div class=\"wp-block-getwid-section alignfull alignwide alignwide\"><div class=\"wp-block-getwid-section__wrapper\"><div class=\"wp-block-getwid-section__inner-wrapper\"><div class=\"wp-block-getwid-section__background-holder\"><div class=\"wp-block-getwid-section__background\"><\/div><div class=\"wp-block-getwid-section__foreground\"><\/div><\/div><div class=\"wp-block-getwid-section__content\"><div class=\"wp-block-getwid-section__inner-content\">\n<hr class=\"wp-block-separator has-text-color has-ast-global-color-2-color has-css-opacity has-ast-global-color-2-background-color has-background is-style-wide\"\/>\n<\/div><\/div><\/div><\/div><\/div>\n\n\n\n<div class=\"wp-block-columns alignwide is-layout-flex wp-container-core-columns-is-layout-2 wp-block-columns-is-layout-flex\">\n<div class=\"wp-block-column is-layout-flow wp-block-column-is-layout-flow\">\n<h3 class=\"wp-block-heading\">Taller taula rodona TV<\/h3>\n\n\n\n<figure class=\"wp-block-image size-large caixa ambvora\"><img loading=\"lazy\" decoding=\"async\" width=\"900\" height=\"508\" src=\"https:\/\/projectes.xtec.cat\/canaldereporters\/wp-content\/uploads\/usu2921\/2023\/05\/taula_rodona.png\" alt=\"\" class=\"wp-image-12334\" srcset=\"https:\/\/projectes.xtec.cat\/canaldereporters\/wp-content\/uploads\/usu2921\/2023\/05\/taula_rodona.png 900w, https:\/\/projectes.xtec.cat\/canaldereporters\/wp-content\/uploads\/usu2921\/2023\/05\/taula_rodona-300x169.png 300w, https:\/\/projectes.xtec.cat\/canaldereporters\/wp-content\/uploads\/usu2921\/2023\/05\/taula_rodona-768x433.png 768w\" sizes=\"auto, (max-width: 900px) 100vw, 900px\" \/><\/figure>\n\n\n\n<p>Enregistrar una taula rodona amb diferents agents implicats en la tem\u00e0tica de la Jornada ha perm\u00e8s a l&#8217;alumnat d&#8217;ESO con\u00e8ixer els elements t\u00e8cnics dins del plat\u00f3 i davant de la taula de realitzaci\u00f3, cercant solucions a partir de l&#8217;escaleta inicial i desenvolupant aspectes diversos del llenguatge audiovisual.<\/p>\n\n\n\n<figure class=\"wp-block-embed is-type-video is-provider-youtube wp-block-embed-youtube wp-embed-aspect-16-9 wp-has-aspect-ratio\"><div class=\"wp-block-embed__wrapper\">\n<div class=\"ast-oembed-container \" style=\"height: 100%;\"><iframe loading=\"lazy\" title=\"Taula Rodona - Canal de Reporters\" width=\"500\" height=\"281\" src=\"https:\/\/www.youtube.com\/embed\/H-S7-vcl8w4?feature=oembed\" frameborder=\"0\" allow=\"accelerometer; autoplay; clipboard-write; encrypted-media; gyroscope; picture-in-picture; web-share\" referrerpolicy=\"strict-origin-when-cross-origin\" allowfullscreen><\/iframe><\/div>\n<\/div><\/figure>\n<\/div>\n\n\n\n<div class=\"wp-block-column is-layout-flow wp-block-column-is-layout-flow\">\n<h3 class=\"wp-block-heading\">Taller emissi\u00f3 en directe<\/h3>\n\n\n\n<figure class=\"wp-block-image size-large caixa ambvora\"><img loading=\"lazy\" decoding=\"async\" width=\"942\" height=\"530\" src=\"https:\/\/projectes.xtec.cat\/canaldereporters\/wp-content\/uploads\/usu2921\/2023\/05\/acte_central.png\" alt=\"\" class=\"wp-image-12336\" srcset=\"https:\/\/projectes.xtec.cat\/canaldereporters\/wp-content\/uploads\/usu2921\/2023\/05\/acte_central.png 942w, https:\/\/projectes.xtec.cat\/canaldereporters\/wp-content\/uploads\/usu2921\/2023\/05\/acte_central-300x169.png 300w, https:\/\/projectes.xtec.cat\/canaldereporters\/wp-content\/uploads\/usu2921\/2023\/05\/acte_central-768x432.png 768w\" sizes=\"auto, (max-width: 942px) 100vw, 942px\" \/><\/figure>\n\n\n\n<p>Treballar en la retransmissi\u00f3 de l&#8217;acte central de la jornada ha perm\u00e8s a l&#8217;alumnat copsar la import\u00e0ncia del treball en equip en l&#8217;elaboraci\u00f3 de projectes audiovisuals: situar les c\u00e0meres, panificar els enquadraments i cercar solucions efectives a partir d&#8217;un gui\u00f3.<\/p>\n\n\n\n<div style=\"height:23px\" aria-hidden=\"true\" class=\"wp-block-spacer\"><\/div>\n\n\n\n<figure class=\"wp-block-embed is-type-video is-provider-youtube wp-block-embed-youtube wp-embed-aspect-16-9 wp-has-aspect-ratio\"><div class=\"wp-block-embed__wrapper\">\n<div class=\"ast-oembed-container \" style=\"height: 100%;\"><iframe loading=\"lazy\" title=\"Jornada Canal de Reporters - Directe des de l&#039;UAB\" width=\"500\" height=\"281\" src=\"https:\/\/www.youtube.com\/embed\/-m_0KfP4iyQ?feature=oembed\" frameborder=\"0\" allow=\"accelerometer; autoplay; clipboard-write; encrypted-media; gyroscope; picture-in-picture; web-share\" referrerpolicy=\"strict-origin-when-cross-origin\" allowfullscreen><\/iframe><\/div>\n<\/div><\/figure>\n<\/div>\n\n\n\n<div class=\"wp-block-column is-layout-flow wp-block-column-is-layout-flow\">\n<h3 class=\"wp-block-heading\">Tallers d&#8217;entrevistes<\/h3>\n\n\n\n<figure class=\"wp-block-image size-large is-resized caixa ambvora\"><img loading=\"lazy\" decoding=\"async\" width=\"1001\" height=\"664\" src=\"https:\/\/projectes.xtec.cat\/canaldereporters\/wp-content\/uploads\/usu2921\/2023\/05\/laura_baraibar-1.png\" alt=\"\" class=\"wp-image-12339\" style=\"width:318px;height:210px\" srcset=\"https:\/\/projectes.xtec.cat\/canaldereporters\/wp-content\/uploads\/usu2921\/2023\/05\/laura_baraibar-1.png 1001w, https:\/\/projectes.xtec.cat\/canaldereporters\/wp-content\/uploads\/usu2921\/2023\/05\/laura_baraibar-1-300x199.png 300w, https:\/\/projectes.xtec.cat\/canaldereporters\/wp-content\/uploads\/usu2921\/2023\/05\/laura_baraibar-1-768x509.png 768w\" sizes=\"auto, (max-width: 1001px) 100vw, 1001px\" \/><\/figure>\n\n\n\n<p style=\"font-size:14px\">L\u2019entrevista parteix d\u2019un di\u00e0leg entre dues per parts per a extreure\u2019n informaci\u00f3. L&#8217;alumnat ha preparat de forma r\u00e0pida i efectiva un llistat de preguntes per a extreure la informaci\u00f3 dels diferents ponents i ha realitzat tasques de fotoperiodisme per a obtenir les imatges que havien planficat.<\/p>\n\n\n\n<div class=\"wp-block-getwid-images-slider has-arrows-inside has-dots-inside has-images-center has-cropped-images\"><div class=\"wp-block-getwid-images-slider__wrapper\" data-effect=\"slide\" data-slides-show=\"1\" data-slides-show-laptop=\"1\" data-slides-show-tablet=\"1\" data-slides-show-mobile=\"1\" data-slides-scroll=\"1\" data-autoplay=\"false\" data-pause-hover=\"false\" data-autoplay-speed=\"6000\" data-infinite=\"true\" data-animation-speed=\"800\" data-center-mode=\"false\" data-variable-width=\"false\" data-arrows=\"inside\" data-dots=\"inside\" data-spacing=\"none\"><div class=\"wp-block-getwid-images-slider__item\"><figure><img loading=\"lazy\" decoding=\"async\" width=\"874\" height=\"649\" src=\"https:\/\/projectes.xtec.cat\/canaldereporters\/wp-content\/uploads\/usu2921\/2023\/05\/02.png\" data-id=\"12342\" data-link=\"https:\/\/projectes.xtec.cat\/canaldereporters\/jornadacr\/produccionsaudiovisuals\/attachment\/02\/\" data-original-link=\"https:\/\/projectes.xtec.cat\/canaldereporters\/wp-content\/uploads\/usu2921\/2023\/05\/02.png\" class=\"wp-block-getwid-images-slider__image wp-image-12342\" srcset=\"https:\/\/projectes.xtec.cat\/canaldereporters\/wp-content\/uploads\/usu2921\/2023\/05\/02.png 874w, https:\/\/projectes.xtec.cat\/canaldereporters\/wp-content\/uploads\/usu2921\/2023\/05\/02-300x223.png 300w, https:\/\/projectes.xtec.cat\/canaldereporters\/wp-content\/uploads\/usu2921\/2023\/05\/02-768x570.png 768w\" sizes=\"auto, (max-width: 874px) 100vw, 874px\" \/><\/figure><\/div><div class=\"wp-block-getwid-images-slider__item\"><figure><img loading=\"lazy\" decoding=\"async\" width=\"985\" height=\"660\" src=\"https:\/\/projectes.xtec.cat\/canaldereporters\/wp-content\/uploads\/usu2921\/2023\/05\/03.png\" data-id=\"12343\" data-link=\"https:\/\/projectes.xtec.cat\/canaldereporters\/jornadacr\/produccionsaudiovisuals\/attachment\/03\/\" data-original-link=\"https:\/\/projectes.xtec.cat\/canaldereporters\/wp-content\/uploads\/usu2921\/2023\/05\/03.png\" class=\"wp-block-getwid-images-slider__image wp-image-12343\" srcset=\"https:\/\/projectes.xtec.cat\/canaldereporters\/wp-content\/uploads\/usu2921\/2023\/05\/03.png 985w, https:\/\/projectes.xtec.cat\/canaldereporters\/wp-content\/uploads\/usu2921\/2023\/05\/03-300x201.png 300w, https:\/\/projectes.xtec.cat\/canaldereporters\/wp-content\/uploads\/usu2921\/2023\/05\/03-768x515.png 768w\" sizes=\"auto, (max-width: 985px) 100vw, 985px\" \/><\/figure><\/div><div class=\"wp-block-getwid-images-slider__item\"><figure><img loading=\"lazy\" decoding=\"async\" width=\"884\" height=\"650\" src=\"https:\/\/projectes.xtec.cat\/canaldereporters\/wp-content\/uploads\/usu2921\/2023\/05\/04.png\" data-id=\"12344\" data-link=\"https:\/\/projectes.xtec.cat\/canaldereporters\/jornadacr\/produccionsaudiovisuals\/attachment\/04\/\" data-original-link=\"https:\/\/projectes.xtec.cat\/canaldereporters\/wp-content\/uploads\/usu2921\/2023\/05\/04.png\" class=\"wp-block-getwid-images-slider__image wp-image-12344\" srcset=\"https:\/\/projectes.xtec.cat\/canaldereporters\/wp-content\/uploads\/usu2921\/2023\/05\/04.png 884w, https:\/\/projectes.xtec.cat\/canaldereporters\/wp-content\/uploads\/usu2921\/2023\/05\/04-300x221.png 300w, https:\/\/projectes.xtec.cat\/canaldereporters\/wp-content\/uploads\/usu2921\/2023\/05\/04-768x565.png 768w\" sizes=\"auto, (max-width: 884px) 100vw, 884px\" \/><\/figure><\/div><div class=\"wp-block-getwid-images-slider__item\"><figure><img loading=\"lazy\" decoding=\"async\" width=\"1111\" height=\"647\" src=\"https:\/\/projectes.xtec.cat\/canaldereporters\/wp-content\/uploads\/usu2921\/2023\/05\/josep_carles_01.png\" data-id=\"12345\" data-link=\"https:\/\/projectes.xtec.cat\/canaldereporters\/jornadacr\/produccionsaudiovisuals\/josep_carles_01\/\" data-original-link=\"https:\/\/projectes.xtec.cat\/canaldereporters\/wp-content\/uploads\/usu2921\/2023\/05\/josep_carles_01.png\" class=\"wp-block-getwid-images-slider__image wp-image-12345\" srcset=\"https:\/\/projectes.xtec.cat\/canaldereporters\/wp-content\/uploads\/usu2921\/2023\/05\/josep_carles_01.png 1111w, https:\/\/projectes.xtec.cat\/canaldereporters\/wp-content\/uploads\/usu2921\/2023\/05\/josep_carles_01-300x175.png 300w, https:\/\/projectes.xtec.cat\/canaldereporters\/wp-content\/uploads\/usu2921\/2023\/05\/josep_carles_01-1024x596.png 1024w, https:\/\/projectes.xtec.cat\/canaldereporters\/wp-content\/uploads\/usu2921\/2023\/05\/josep_carles_01-768x447.png 768w\" sizes=\"auto, (max-width: 1111px) 100vw, 1111px\" \/><\/figure><\/div><\/div><\/div>\n<\/div>\n<\/div>\n\n\n\n<div style=\"height:58px\" aria-hidden=\"true\" class=\"wp-block-spacer\"><\/div>\n","protected":false},"excerpt":{"rendered":"<p>Taller de r\u00e0dio La r\u00e0dio \u00e9s el resultat d\u2019un treball en equip. &nbsp;El so radiof\u00f2nic es fonamenta en l\u2019expressi\u00f3 oral (veu), la m\u00fasica, els efectes sonors i el silenci. L&#8217;alumnat ha elaborat una falca promocional i un butllet\u00ed de not\u00edcies tenint present la intencionalitat comunicativa de l\u2019emissor. Taller informatiu TV Entrar en un plat\u00f3 per [&hellip;]<\/p>\n","protected":false},"author":17,"featured_media":0,"parent":11793,"menu_order":0,"comment_status":"closed","ping_status":"closed","template":"","meta":{"site-sidebar-layout":"default","site-content-layout":"","ast-site-content-layout":"default","site-content-style":"default","site-sidebar-style":"default","ast-global-header-display":"","ast-banner-title-visibility":"","ast-main-header-display":"","ast-hfb-above-header-display":"","ast-hfb-below-header-display":"","ast-hfb-mobile-header-display":"","site-post-title":"disabled","ast-breadcrumbs-content":"","ast-featured-img":"","footer-sml-layout":"","theme-transparent-header-meta":"","adv-header-id-meta":"","stick-header-meta":"","header-above-stick-meta":"","header-main-stick-meta":"","header-below-stick-meta":"","astra-migrate-meta-layouts":"set","ast-page-background-enabled":"default","ast-page-background-meta":{"desktop":{"background-color":"","background-image":"","background-repeat":"repeat","background-position":"center center","background-size":"auto","background-attachment":"scroll","background-type":"","background-media":"","overlay-type":"","overlay-color":"","overlay-opacity":"","overlay-gradient":""},"tablet":{"background-color":"","background-image":"","background-repeat":"repeat","background-position":"center center","background-size":"auto","background-attachment":"scroll","background-type":"","background-media":"","overlay-type":"","overlay-color":"","overlay-opacity":"","overlay-gradient":""},"mobile":{"background-color":"","background-image":"","background-repeat":"repeat","background-position":"center center","background-size":"auto","background-attachment":"scroll","background-type":"","background-media":"","overlay-type":"","overlay-color":"","overlay-opacity":"","overlay-gradient":""}},"ast-content-background-meta":{"desktop":{"background-color":"var(--ast-global-color-5)","background-image":"","background-repeat":"repeat","background-position":"center center","background-size":"auto","background-attachment":"scroll","background-type":"","background-media":"","overlay-type":"","overlay-color":"","overlay-opacity":"","overlay-gradient":""},"tablet":{"background-color":"var(--ast-global-color-5)","background-image":"","background-repeat":"repeat","background-position":"center center","background-size":"auto","background-attachment":"scroll","background-type":"","background-media":"","overlay-type":"","overlay-color":"","overlay-opacity":"","overlay-gradient":""},"mobile":{"background-color":"var(--ast-global-color-5)","background-image":"","background-repeat":"repeat","background-position":"center center","background-size":"auto","background-attachment":"scroll","background-type":"","background-media":"","overlay-type":"","overlay-color":"","overlay-opacity":"","overlay-gradient":""}},"footnotes":""},"class_list":["post-12205","page","type-page","status-publish","hentry"],"post_mailing_queue_ids":[],"_links":{"self":[{"href":"https:\/\/projectes.xtec.cat\/canaldereporters\/wp-json\/wp\/v2\/pages\/12205","targetHints":{"allow":["GET"]}}],"collection":[{"href":"https:\/\/projectes.xtec.cat\/canaldereporters\/wp-json\/wp\/v2\/pages"}],"about":[{"href":"https:\/\/projectes.xtec.cat\/canaldereporters\/wp-json\/wp\/v2\/types\/page"}],"author":[{"embeddable":true,"href":"https:\/\/projectes.xtec.cat\/canaldereporters\/wp-json\/wp\/v2\/users\/17"}],"replies":[{"embeddable":true,"href":"https:\/\/projectes.xtec.cat\/canaldereporters\/wp-json\/wp\/v2\/comments?post=12205"}],"version-history":[{"count":5,"href":"https:\/\/projectes.xtec.cat\/canaldereporters\/wp-json\/wp\/v2\/pages\/12205\/revisions"}],"predecessor-version":[{"id":14531,"href":"https:\/\/projectes.xtec.cat\/canaldereporters\/wp-json\/wp\/v2\/pages\/12205\/revisions\/14531"}],"up":[{"embeddable":true,"href":"https:\/\/projectes.xtec.cat\/canaldereporters\/wp-json\/wp\/v2\/pages\/11793"}],"wp:attachment":[{"href":"https:\/\/projectes.xtec.cat\/canaldereporters\/wp-json\/wp\/v2\/media?parent=12205"}],"curies":[{"name":"wp","href":"https:\/\/api.w.org\/{rel}","templated":true}]}}