{"id":12478,"date":"2023-06-22T09:38:51","date_gmt":"2023-06-22T07:38:51","guid":{"rendered":"https:\/\/projectes.xtec.cat\/canaldereporters\/?page_id=12478"},"modified":"2023-10-05T10:13:47","modified_gmt":"2023-10-05T08:13:47","slug":"seminari-4_centre","status":"publish","type":"page","link":"https:\/\/projectes.xtec.cat\/canaldereporters\/seminaris-web\/seminari-4_centre\/","title":{"rendered":"Seminari4_Experi\u00e8nciaCentre"},"content":{"rendered":"\n<div style=\"height:30px\" aria-hidden=\"true\" class=\"wp-block-spacer\"><\/div>\n\n\n\n<div class=\"wp-block-group alignwide\"><div class=\"wp-block-group__inner-container is-layout-flow wp-block-group-is-layout-flow\">\n<div class=\"wp-block-columns is-layout-flex wp-container-core-columns-is-layout-1 wp-block-columns-is-layout-flex\">\n<div class=\"wp-block-column is-layout-flow wp-block-column-is-layout-flow\">\n<h2 class=\"wp-block-heading\"><span class=\"has-inline-color has-ast-global-color-1-color\">Data<\/span><\/h2>\n\n\n\n<p>21 de juny de 2023<\/p>\n\n\n\n<h2 class=\"wp-block-heading\"><span class=\"has-inline-color has-ast-global-color-1-color\">Ponents<\/span><\/h2>\n\n\n\n<ul class=\"wp-block-list\"><li>Em\u00edlia Bellmunt i Imma Creus<\/li><\/ul>\n\n\n\n<p>INS Guind\u00e0vols de Lleida <\/p>\n\n\n\n<p>L&#8217;Em\u00edlia Bellmunt&nbsp;\u00e9s professora de Llengua Catalana i cap de departament de Llengua Catalana.<\/p>\n\n\n\n<p>La Imma Creus \u00e9s professora de Llengua Catalana i coordinadora pedag\u00f2gica.<\/p>\n\n\n\n<p><\/p>\n<\/div>\n\n\n\n<div class=\"wp-block-column is-layout-flow wp-block-column-is-layout-flow\">\n<figure class=\"wp-block-embed is-type-video is-provider-youtube wp-block-embed-youtube wp-embed-aspect-16-9 wp-has-aspect-ratio\"><div class=\"wp-block-embed__wrapper\">\n<div class=\"ast-oembed-container \" style=\"height: 100%;\"><iframe loading=\"lazy\" title=\"Canal de Reporters - Seminari 4 - Experi\u00e8ncia de centre\" width=\"500\" height=\"281\" src=\"https:\/\/www.youtube.com\/embed\/aX1LYy1mhH4?feature=oembed\" frameborder=\"0\" allow=\"accelerometer; autoplay; clipboard-write; encrypted-media; gyroscope; picture-in-picture; web-share\" referrerpolicy=\"strict-origin-when-cross-origin\" allowfullscreen><\/iframe><\/div>\n<\/div><\/figure>\n\n\n\n<p><\/p>\n<\/div>\n<\/div>\n<\/div><\/div>\n\n\n\n<div class=\"wp-block-group alignwide\"><div class=\"wp-block-group__inner-container is-layout-flow wp-block-group-is-layout-flow\">\n<div class=\"wp-block-columns is-layout-flex wp-container-core-columns-is-layout-2 wp-block-columns-is-layout-flex\">\n<div class=\"wp-block-column is-layout-flow wp-block-column-is-layout-flow\">\n<h2 class=\"wp-block-heading\">Descripci\u00f3<\/h2>\n\n\n\n<p>En el marc d&#8217;un projecte d&#8217;Innovaci\u00f3 del projecte de Recerca, Creaci\u00f3 i Servei, l&#8217;INS Guind\u00e0vols ha dimensionat el treball relacionat amb el periodisme a trav\u00e9s dels seg\u00fcents eixos:<\/p>\n\n\n\n<ul class=\"wp-block-list\"><li>El periodisme a l\u2019aula a trav\u00e9s de projectes comunicatius globalitzadors.&nbsp;<\/li><li>El treball dels g\u00e8neres period\u00edstics.<\/li><li>La creaci\u00f3 de continguts vinculats a la igualtat de g\u00e8nere.<\/li><li>La coeducaci\u00f3 i l\u2019educaci\u00f3 en valors.<\/li><\/ul>\n\n\n\n<h2 class=\"wp-block-heading\">Enlla\u00e7os<\/h2>\n\n\n\n<p><a href=\"https:\/\/drive.google.com\/file\/d\/1B4BOkbHD-u2DdlFtAElJspOXFgDOXmPu\/view?usp=sharing\" data-type=\"URL\" data-id=\"https:\/\/drive.google.com\/file\/d\/1B4BOkbHD-u2DdlFtAElJspOXFgDOXmPu\/view?usp=sharing\" target=\"_blank\" rel=\"noreferrer noopener\">Presentaci\u00f3 de l&#8217;INS Guind\u00e0vols<\/a><\/p>\n\n\n\n<p><a href=\"https:\/\/xtec.gencat.cat\/ca\/innovacio\/programes_innovacio\/educacio-secundaria-obligatoria-i-batxillerat\/programa-recerca-creacio-i-servei\/\" data-type=\"URL\" data-id=\"https:\/\/xtec.gencat.cat\/ca\/innovacio\/programes_innovacio\/educacio-secundaria-obligatoria-i-batxillerat\/programa-recerca-creacio-i-servei\/\" target=\"_blank\" rel=\"noreferrer noopener\">Programa recerca, creaci\u00f3 i servei<\/a><\/p>\n<\/div>\n<\/div>\n<\/div><\/div>\n","protected":false},"excerpt":{"rendered":"<p>Data 21 de juny de 2023 Ponents Em\u00edlia Bellmunt i Imma Creus INS Guind\u00e0vols de Lleida L&#8217;Em\u00edlia Bellmunt&nbsp;\u00e9s professora de Llengua Catalana i cap de departament de Llengua Catalana. La Imma Creus \u00e9s professora de Llengua Catalana i coordinadora pedag\u00f2gica. Descripci\u00f3 En el marc d&#8217;un projecte d&#8217;Innovaci\u00f3 del projecte de Recerca, Creaci\u00f3 i Servei, l&#8217;INS [&hellip;]<\/p>\n","protected":false},"author":1,"featured_media":0,"parent":9850,"menu_order":0,"comment_status":"closed","ping_status":"closed","template":"","meta":{"site-sidebar-layout":"default","site-content-layout":"","ast-site-content-layout":"","site-content-style":"default","site-sidebar-style":"default","ast-global-header-display":"","ast-banner-title-visibility":"","ast-main-header-display":"","ast-hfb-above-header-display":"","ast-hfb-below-header-display":"","ast-hfb-mobile-header-display":"","site-post-title":"disabled","ast-breadcrumbs-content":"","ast-featured-img":"","footer-sml-layout":"","theme-transparent-header-meta":"","adv-header-id-meta":"","stick-header-meta":"","header-above-stick-meta":"","header-main-stick-meta":"","header-below-stick-meta":"","astra-migrate-meta-layouts":"default","ast-page-background-enabled":"default","ast-page-background-meta":{"desktop":{"background-color":"","background-image":"","background-repeat":"repeat","background-position":"center center","background-size":"auto","background-attachment":"scroll","background-type":"","background-media":"","overlay-type":"","overlay-color":"","overlay-opacity":"","overlay-gradient":""},"tablet":{"background-color":"","background-image":"","background-repeat":"repeat","background-position":"center center","background-size":"auto","background-attachment":"scroll","background-type":"","background-media":"","overlay-type":"","overlay-color":"","overlay-opacity":"","overlay-gradient":""},"mobile":{"background-color":"","background-image":"","background-repeat":"repeat","background-position":"center center","background-size":"auto","background-attachment":"scroll","background-type":"","background-media":"","overlay-type":"","overlay-color":"","overlay-opacity":"","overlay-gradient":""}},"ast-content-background-meta":{"desktop":{"background-color":"var(--ast-global-color-5)","background-image":"","background-repeat":"repeat","background-position":"center center","background-size":"auto","background-attachment":"scroll","background-type":"","background-media":"","overlay-type":"","overlay-color":"","overlay-opacity":"","overlay-gradient":""},"tablet":{"background-color":"var(--ast-global-color-5)","background-image":"","background-repeat":"repeat","background-position":"center center","background-size":"auto","background-attachment":"scroll","background-type":"","background-media":"","overlay-type":"","overlay-color":"","overlay-opacity":"","overlay-gradient":""},"mobile":{"background-color":"var(--ast-global-color-5)","background-image":"","background-repeat":"repeat","background-position":"center center","background-size":"auto","background-attachment":"scroll","background-type":"","background-media":"","overlay-type":"","overlay-color":"","overlay-opacity":"","overlay-gradient":""}},"footnotes":""},"class_list":["post-12478","page","type-page","status-publish","hentry"],"post_mailing_queue_ids":[],"_links":{"self":[{"href":"https:\/\/projectes.xtec.cat\/canaldereporters\/wp-json\/wp\/v2\/pages\/12478","targetHints":{"allow":["GET"]}}],"collection":[{"href":"https:\/\/projectes.xtec.cat\/canaldereporters\/wp-json\/wp\/v2\/pages"}],"about":[{"href":"https:\/\/projectes.xtec.cat\/canaldereporters\/wp-json\/wp\/v2\/types\/page"}],"author":[{"embeddable":true,"href":"https:\/\/projectes.xtec.cat\/canaldereporters\/wp-json\/wp\/v2\/users\/1"}],"replies":[{"embeddable":true,"href":"https:\/\/projectes.xtec.cat\/canaldereporters\/wp-json\/wp\/v2\/comments?post=12478"}],"version-history":[{"count":4,"href":"https:\/\/projectes.xtec.cat\/canaldereporters\/wp-json\/wp\/v2\/pages\/12478\/revisions"}],"predecessor-version":[{"id":12875,"href":"https:\/\/projectes.xtec.cat\/canaldereporters\/wp-json\/wp\/v2\/pages\/12478\/revisions\/12875"}],"up":[{"embeddable":true,"href":"https:\/\/projectes.xtec.cat\/canaldereporters\/wp-json\/wp\/v2\/pages\/9850"}],"wp:attachment":[{"href":"https:\/\/projectes.xtec.cat\/canaldereporters\/wp-json\/wp\/v2\/media?parent=12478"}],"curies":[{"name":"wp","href":"https:\/\/api.w.org\/{rel}","templated":true}]}}