{"id":12705,"date":"2023-07-28T09:49:21","date_gmt":"2023-07-28T07:49:21","guid":{"rendered":"https:\/\/projectes.xtec.cat\/canaldereporters\/?page_id=12705"},"modified":"2023-11-27T13:59:56","modified_gmt":"2023-11-27T12:59:56","slug":"aventura-atlantica","status":"publish","type":"page","link":"https:\/\/projectes.xtec.cat\/canaldereporters\/aventura-atlantica\/","title":{"rendered":"Aventura Atl\u00e0ntica"},"content":{"rendered":"\n<div class=\"wp-block-group alignwide\"><div class=\"wp-block-group__inner-container is-layout-flow wp-block-group-is-layout-flow\">\n<div class=\"wp-block-columns is-layout-flex wp-container-core-columns-is-layout-1 wp-block-columns-is-layout-flex\">\n<div class=\"wp-block-column is-layout-flow wp-block-column-is-layout-flow\">\n<p><strong>\u00ab22 dies en 22 peus, aventura en solitari a l\u2019Atl\u00e0ntic 2023\u00bb <\/strong>\u00e9s la segona edici\u00f3 del programa educatiu de seguiment de la regata<strong> Mini Transat que la Fundaci\u00f3 Barcelona Capital N\u00e0utica <\/strong>i el Museu Mar\u00edtim de Barcelona tornen a posar a disposici\u00f3 dels equips docents. A partir del seguiment de la cursa<strong> Mini Transat,<\/strong> que tindr\u00e0 la sortida el proper 24 de setembre de 2023, es proposa viure la travessa a l\u2019Atl\u00e0ntic acompanyant i apadrinant un\/a dels\/de les navegants adherits al programa educatiu i establint una relaci\u00f3 estreta amb els protagonistes d\u2019aquesta aventura i participant en el desenvolupament de diferents activitats.<\/p>\n\n\n\n<p><\/p>\n<\/div>\n<\/div>\n<\/div><\/div>\n\n\n\n<div class=\"wp-block-group alignwide\"><div class=\"wp-block-group__inner-container is-layout-flow wp-block-group-is-layout-flow\">\n<div class=\"wp-block-columns is-layout-flex wp-container-core-columns-is-layout-3 wp-block-columns-is-layout-flex\">\n<div class=\"wp-block-column is-layout-flow wp-block-column-is-layout-flow\">\n<div class=\"wp-block-columns is-layout-flex wp-container-core-columns-is-layout-2 wp-block-columns-is-layout-flex\">\n<div class=\"wp-block-column is-layout-flow wp-block-column-is-layout-flow\" style=\"flex-basis:65%\"><p><iframe loading=\"lazy\" width=\"653\" height=\"380\" src=\"https:\/\/www.youtube.com\/embed\/27plj9t-W1A?si=lBhPT73BYea0S7-2\" title=\"Canal de Reporters i el projecte 22 dies, 22 peus\" frameborder=\"0\" allow=\"accelerometer; autoplay; clipboard-write; encrypted-media; gyroscope; picture-in-picture; web-share\" allowfullscreen=\"\"><\/iframe><\/p>\n<\/div>\n\n\n\n<div class=\"wp-block-column is-layout-flow wp-block-column-is-layout-flow\" style=\"flex-basis:35%\">\n<figure class=\"wp-block-image alignwide size-large\"><img loading=\"lazy\" decoding=\"async\" width=\"1024\" height=\"612\" src=\"https:\/\/projectes.xtec.cat\/canaldereporters\/wp-content\/uploads\/usu2921\/2023\/07\/Sense-titol-1024x612.png\" alt=\"\" class=\"wp-image-12742\" srcset=\"https:\/\/projectes.xtec.cat\/canaldereporters\/wp-content\/uploads\/usu2921\/2023\/07\/Sense-titol-1024x612.png 1024w, https:\/\/projectes.xtec.cat\/canaldereporters\/wp-content\/uploads\/usu2921\/2023\/07\/Sense-titol-300x179.png 300w, https:\/\/projectes.xtec.cat\/canaldereporters\/wp-content\/uploads\/usu2921\/2023\/07\/Sense-titol-768x459.png 768w, https:\/\/projectes.xtec.cat\/canaldereporters\/wp-content\/uploads\/usu2921\/2023\/07\/Sense-titol.png 1284w\" sizes=\"auto, (max-width: 1024px) 100vw, 1024px\" \/><\/figure>\n\n\n\n<ul class=\"wp-block-list\"><li><strong><a rel=\"noreferrer noopener\" href=\"https:\/\/drive.google.com\/file\/d\/1lHJa9rQYcYDvlnPpmRPS8SizroM-CNX-\/view?usp=sharing\" target=\"_blank\">Enlla\u00e7 al lloc <\/a><\/strong>del projecte &#8217;22 dies en 22 peus&#8217;<\/li><\/ul>\n<\/div>\n<\/div>\n<\/div>\n<\/div>\n<\/div><\/div>\n\n\n\n<div class=\"wp-block-group alignwide\"><div class=\"wp-block-group__inner-container is-layout-flow wp-block-group-is-layout-flow\">\n<p><strong>Des del Canal de Reporters<\/strong> us animem a elaborar des dels vostres centres not\u00edcies sobre accions relacionades amb el projecte &#8220;22 dies en 22 peus&#8221;. Compartiu amb la resta de centres els resultats de la vostra experi\u00e8ncia redactant not\u00edcies, enregistrant peces sonores o produint v\u00eddeos amb continguts d&#8217;inter\u00e8s period\u00edstic. Publiqueu-ho tot en el Nodes del vostre centre i etiqueteu-ho per tal que aparegui en el Canal de Reporters amb l&#8217;etiqueta <strong>#CR22dies22peus<\/strong><\/p>\n<\/div><\/div>\n\n\n<p><iframe height=\"500\" style=\"display: block; width: 100%; border: none\" src=\"https:\/\/sinapsi.xtec.cat\/ca\/embed\/?search-box=false&#038;synapse=22-dies-22-peus&#038;section=everything&#038;view=optimal\"><\/iframe><\/p>\n\n\n\n<div style=\"height:50px\" aria-hidden=\"true\" class=\"wp-block-spacer\"><\/div>\n","protected":false},"excerpt":{"rendered":"<p>\u00ab22 dies en 22 peus, aventura en solitari a l\u2019Atl\u00e0ntic 2023\u00bb \u00e9s la segona edici\u00f3 del programa educatiu de seguiment de la regata Mini Transat que la Fundaci\u00f3 Barcelona Capital N\u00e0utica i el Museu Mar\u00edtim de Barcelona tornen a posar a disposici\u00f3 dels equips docents. A partir del seguiment de la cursa Mini Transat, que [&hellip;]<\/p>\n","protected":false},"author":1,"featured_media":0,"parent":0,"menu_order":0,"comment_status":"closed","ping_status":"close","template":"","meta":{"site-sidebar-layout":"default","site-content-layout":"","ast-site-content-layout":"","site-content-style":"default","site-sidebar-style":"default","ast-global-header-display":"","ast-banner-title-visibility":"","ast-main-header-display":"","ast-hfb-above-header-display":"","ast-hfb-below-header-display":"","ast-hfb-mobile-header-display":"","site-post-title":"","ast-breadcrumbs-content":"","ast-featured-img":"","footer-sml-layout":"","theme-transparent-header-meta":"","adv-header-id-meta":"","stick-header-meta":"","header-above-stick-meta":"","header-main-stick-meta":"","header-below-stick-meta":"","astra-migrate-meta-layouts":"default","ast-page-background-enabled":"default","ast-page-background-meta":{"desktop":{"background-color":"","background-image":"","background-repeat":"repeat","background-position":"center center","background-size":"auto","background-attachment":"scroll","background-type":"","background-media":"","overlay-type":"","overlay-color":"","overlay-opacity":"","overlay-gradient":""},"tablet":{"background-color":"","background-image":"","background-repeat":"repeat","background-position":"center center","background-size":"auto","background-attachment":"scroll","background-type":"","background-media":"","overlay-type":"","overlay-color":"","overlay-opacity":"","overlay-gradient":""},"mobile":{"background-color":"","background-image":"","background-repeat":"repeat","background-position":"center center","background-size":"auto","background-attachment":"scroll","background-type":"","background-media":"","overlay-type":"","overlay-color":"","overlay-opacity":"","overlay-gradient":""}},"ast-content-background-meta":{"desktop":{"background-color":"var(--ast-global-color-5)","background-image":"","background-repeat":"repeat","background-position":"center center","background-size":"auto","background-attachment":"scroll","background-type":"","background-media":"","overlay-type":"","overlay-color":"","overlay-opacity":"","overlay-gradient":""},"tablet":{"background-color":"var(--ast-global-color-5)","background-image":"","background-repeat":"repeat","background-position":"center center","background-size":"auto","background-attachment":"scroll","background-type":"","background-media":"","overlay-type":"","overlay-color":"","overlay-opacity":"","overlay-gradient":""},"mobile":{"background-color":"var(--ast-global-color-5)","background-image":"","background-repeat":"repeat","background-position":"center center","background-size":"auto","background-attachment":"scroll","background-type":"","background-media":"","overlay-type":"","overlay-color":"","overlay-opacity":"","overlay-gradient":""}},"footnotes":""},"class_list":["post-12705","page","type-page","status-publish","hentry"],"post_mailing_queue_ids":[],"_links":{"self":[{"href":"https:\/\/projectes.xtec.cat\/canaldereporters\/wp-json\/wp\/v2\/pages\/12705","targetHints":{"allow":["GET"]}}],"collection":[{"href":"https:\/\/projectes.xtec.cat\/canaldereporters\/wp-json\/wp\/v2\/pages"}],"about":[{"href":"https:\/\/projectes.xtec.cat\/canaldereporters\/wp-json\/wp\/v2\/types\/page"}],"author":[{"embeddable":true,"href":"https:\/\/projectes.xtec.cat\/canaldereporters\/wp-json\/wp\/v2\/users\/1"}],"replies":[{"embeddable":true,"href":"https:\/\/projectes.xtec.cat\/canaldereporters\/wp-json\/wp\/v2\/comments?post=12705"}],"version-history":[{"count":3,"href":"https:\/\/projectes.xtec.cat\/canaldereporters\/wp-json\/wp\/v2\/pages\/12705\/revisions"}],"predecessor-version":[{"id":13200,"href":"https:\/\/projectes.xtec.cat\/canaldereporters\/wp-json\/wp\/v2\/pages\/12705\/revisions\/13200"}],"wp:attachment":[{"href":"https:\/\/projectes.xtec.cat\/canaldereporters\/wp-json\/wp\/v2\/media?parent=12705"}],"curies":[{"name":"wp","href":"https:\/\/api.w.org\/{rel}","templated":true}]}}