{"id":12829,"date":"2023-09-12T09:55:13","date_gmt":"2023-09-12T07:55:13","guid":{"rendered":"https:\/\/projectes.xtec.cat\/canaldereporters\/?page_id=12829"},"modified":"2023-09-14T11:43:32","modified_gmt":"2023-09-14T09:43:32","slug":"el-projecte","status":"publish","type":"page","link":"https:\/\/projectes.xtec.cat\/canaldereporters\/el-projecte\/","title":{"rendered":"El projecte"},"content":{"rendered":"\n<p><strong>Canal de Reporters<\/strong>&nbsp;treballa per potenciar i recollir produccions period\u00edstiques escrites, radiof\u00f2niques i d&#8217;audiovisuals elaborades per l\u2019alumnat dels centres educatius de Catalunya.<\/p>\n\n\n\n<p>El projecte permet a l\u2019alumnat explicar i entendre el que passa al nostre voltant amb una mirada cr\u00edtica, cercant all\u00f2 que \u00e9s not\u00edcia. Per aix\u00f2 proposa diferents activitats per treballar col\u00b7laborativament, comunicant de forma correcta en diverses lleng\u00fces i fent servir la tecnologia que tenim al nostre abast.<\/p>\n\n\n\n<h2 class=\"alignwide wp-block-heading\">Objectius<\/h2>\n\n\n<div>\n<div style=\"width:30%;padding:0px 10px 10px 0px; float:left;\"><img decoding=\"async\" class=\"wp-image-8967  alignleft\" src=\"https:\/\/projectes.xtec.cat\/canaldereporters\/wp-content\/uploads\/usu2921\/2022\/08\/World-radio-day-1.gif\" alt=\"\" style=\"width:100%;float:left;padding:0px 10px 10px 0px\">\n<\/div>\n<div class=\"wp-block-media-text__content\">\n<ul>\n<li style=\"list-style-type: none;\">\n      <\/li>\n<\/ul>\n<ul>\n<li>Desenvolupar la <strong>compet\u00e8ncia digital alumnat.<\/strong>\n      <\/li>\n<li>Desenvolupar la <strong>compet\u00e8ncia digital docent.<\/strong>\n      <\/li>\n<li>Desenvolupar la <strong>compet\u00e8ncia comunicativa,<\/strong> tant oral com escrita. <\/li>\n<li>Fomentar el <strong>respecte<\/strong> cap a la feina pr\u00f2pia i dels altres. <\/li>\n<li>Promoure el <strong>treball en xarxa i col\u00b7laboratiu<\/strong>. <\/li>\n<li>\n        <strong>Compartir les seves creacions<\/strong> en plataformes espec\u00edfiques.\n      <\/li>\n<li>Encoratjar a l&#8217;alumnat a <strong>construir el seu aprenentatge<\/strong>, a <strong>prendre consci\u00e8ncia del seu progr\u00e9s<\/strong>, atrevint-se a fer propostes de forma aut\u00f2noma. <\/li>\n<li>Fomentar <strong>l\u2019esperit cr\u00edtic<\/strong> i <strong>l\u2019alfabetitzaci\u00f3 medi\u00e0tica.<\/strong>\n      <\/li>\n<\/ul>\n<\/div>\n<\/div>","protected":false},"excerpt":{"rendered":"<p>Canal de Reporters&nbsp;treballa per potenciar i recollir produccions period\u00edstiques escrites, radiof\u00f2niques i d&#8217;audiovisuals elaborades per l\u2019alumnat dels centres educatius de Catalunya. El projecte permet a l\u2019alumnat explicar i entendre el que passa al nostre voltant amb una mirada cr\u00edtica, cercant all\u00f2 que \u00e9s not\u00edcia. Per aix\u00f2 proposa diferents activitats per treballar col\u00b7laborativament, comunicant de forma [&hellip;]<\/p>\n","protected":false},"author":17,"featured_media":0,"parent":0,"menu_order":0,"comment_status":"closed","ping_status":"closed","template":"","meta":{"site-sidebar-layout":"default","site-content-layout":"","ast-site-content-layout":"","site-content-style":"default","site-sidebar-style":"default","ast-global-header-display":"","ast-banner-title-visibility":"","ast-main-header-display":"","ast-hfb-above-header-display":"","ast-hfb-below-header-display":"","ast-hfb-mobile-header-display":"","site-post-title":"","ast-breadcrumbs-content":"","ast-featured-img":"","footer-sml-layout":"","theme-transparent-header-meta":"","adv-header-id-meta":"","stick-header-meta":"","header-above-stick-meta":"","header-main-stick-meta":"","header-below-stick-meta":"","astra-migrate-meta-layouts":"default","ast-page-background-enabled":"default","ast-page-background-meta":{"desktop":{"background-color":"","background-image":"","background-repeat":"repeat","background-position":"center center","background-size":"auto","background-attachment":"scroll","background-type":"","background-media":"","overlay-type":"","overlay-color":"","overlay-opacity":"","overlay-gradient":""},"tablet":{"background-color":"","background-image":"","background-repeat":"repeat","background-position":"center center","background-size":"auto","background-attachment":"scroll","background-type":"","background-media":"","overlay-type":"","overlay-color":"","overlay-opacity":"","overlay-gradient":""},"mobile":{"background-color":"","background-image":"","background-repeat":"repeat","background-position":"center center","background-size":"auto","background-attachment":"scroll","background-type":"","background-media":"","overlay-type":"","overlay-color":"","overlay-opacity":"","overlay-gradient":""}},"ast-content-background-meta":{"desktop":{"background-color":"var(--ast-global-color-5)","background-image":"","background-repeat":"repeat","background-position":"center center","background-size":"auto","background-attachment":"scroll","background-type":"","background-media":"","overlay-type":"","overlay-color":"","overlay-opacity":"","overlay-gradient":""},"tablet":{"background-color":"var(--ast-global-color-5)","background-image":"","background-repeat":"repeat","background-position":"center center","background-size":"auto","background-attachment":"scroll","background-type":"","background-media":"","overlay-type":"","overlay-color":"","overlay-opacity":"","overlay-gradient":""},"mobile":{"background-color":"var(--ast-global-color-5)","background-image":"","background-repeat":"repeat","background-position":"center center","background-size":"auto","background-attachment":"scroll","background-type":"","background-media":"","overlay-type":"","overlay-color":"","overlay-opacity":"","overlay-gradient":""}},"footnotes":""},"class_list":["post-12829","page","type-page","status-publish","hentry"],"post_mailing_queue_ids":[],"_links":{"self":[{"href":"https:\/\/projectes.xtec.cat\/canaldereporters\/wp-json\/wp\/v2\/pages\/12829","targetHints":{"allow":["GET"]}}],"collection":[{"href":"https:\/\/projectes.xtec.cat\/canaldereporters\/wp-json\/wp\/v2\/pages"}],"about":[{"href":"https:\/\/projectes.xtec.cat\/canaldereporters\/wp-json\/wp\/v2\/types\/page"}],"author":[{"embeddable":true,"href":"https:\/\/projectes.xtec.cat\/canaldereporters\/wp-json\/wp\/v2\/users\/17"}],"replies":[{"embeddable":true,"href":"https:\/\/projectes.xtec.cat\/canaldereporters\/wp-json\/wp\/v2\/comments?post=12829"}],"version-history":[{"count":2,"href":"https:\/\/projectes.xtec.cat\/canaldereporters\/wp-json\/wp\/v2\/pages\/12829\/revisions"}],"predecessor-version":[{"id":12858,"href":"https:\/\/projectes.xtec.cat\/canaldereporters\/wp-json\/wp\/v2\/pages\/12829\/revisions\/12858"}],"wp:attachment":[{"href":"https:\/\/projectes.xtec.cat\/canaldereporters\/wp-json\/wp\/v2\/media?parent=12829"}],"curies":[{"name":"wp","href":"https:\/\/api.w.org\/{rel}","templated":true}]}}