{"id":12903,"date":"2023-10-06T12:12:03","date_gmt":"2023-10-06T10:12:03","guid":{"rendered":"https:\/\/projectes.xtec.cat\/canaldereporters\/?page_id=12903"},"modified":"2025-11-03T09:05:41","modified_gmt":"2025-11-03T08:05:41","slug":"setmana-ami","status":"publish","type":"page","link":"https:\/\/projectes.xtec.cat\/canaldereporters\/setmana-ami\/","title":{"rendered":"Setmana AMI"},"content":{"rendered":"\n<div class=\"wp-block-getwid-section alignwide alignwide\"><div class=\"wp-block-getwid-section__wrapper\"><div class=\"wp-block-getwid-section__inner-wrapper\"><div class=\"wp-block-getwid-section__background-holder\"><div class=\"wp-block-getwid-section__background\"><\/div><div class=\"wp-block-getwid-section__foreground\"><\/div><\/div><div class=\"wp-block-getwid-section__content\"><div class=\"wp-block-getwid-section__inner-content\">\n<div class=\"wp-block-columns is-layout-flex wp-container-core-columns-is-layout-1 wp-block-columns-is-layout-flex\">\n<div class=\"wp-block-column is-layout-flow wp-block-column-is-layout-flow\">\n<h2 class=\"wp-block-heading\"><span><span style=\"\" class=\"has-inline-color has-ast-global-color-1-color\"><b>Setmana Mundial de l&#8217;Alfabetitzaci\u00f3 Medi\u00e0tica i Informacional (AMI)<\/b><\/span><\/span><\/h2>\n<\/div>\n<\/div>\n<\/div><\/div><\/div><\/div><\/div>\n\n\n\n<p class=\"has-background\" style=\"background-color:#f2f2f2\">La <a href=\"https:\/\/www.unesco.org\/en\/weeks\/media-information-literacy?hub=66833\" target=\"_blank\" rel=\"noreferrer noopener\">Setmana Mundial d&#8217;Alfabetitzaci\u00f3 Medi\u00e0tica i Informacional<\/a> \u00e9s promoguda anualment per la <a href=\"https:\/\/www.unesco.org\/es\" target=\"_blank\" rel=\"noreferrer noopener\">UNESCO<\/a> amb l\u2019objectiu d\u2019augmentar la sensibilitzaci\u00f3 per promoure les connexions de l\u2019Alfabetitzaci\u00f3 Medi\u00e0tica i Informacional a trav\u00e9s de l\u2019educaci\u00f3, la cultura i la ci\u00e8ncia.&nbsp;Canal de Reporters i les <a href=\"https:\/\/projectes.xtec.cat\/bescat\/\" target=\"_blank\" rel=\"noreferrer noopener\">Biblioteques Escolars<\/a> han unit forces per donar suport a aquesta iniciativa amb diferents accions per a centres d\u2019educaci\u00f3 prim\u00e0ria i secund\u00e0ria.<\/p>\n\n\n\n<div class=\"wp-block-getwid-section alignwide alignwide\"><div class=\"wp-block-getwid-section__wrapper\"><div class=\"wp-block-getwid-section__inner-wrapper\"><div class=\"wp-block-getwid-section__background-holder\"><div class=\"wp-block-getwid-section__background\"><\/div><div class=\"wp-block-getwid-section__foreground\"><\/div><\/div><div class=\"wp-block-getwid-section__content\"><div class=\"wp-block-getwid-section__inner-content\">\n<div class=\"wp-block-columns is-layout-flex wp-container-core-columns-is-layout-2 wp-block-columns-is-layout-flex\">\n<div class=\"wp-block-column is-layout-flow wp-block-column-is-layout-flow\">\n<h3 class=\"wp-block-heading\"><strong>Curs 2025-26<\/strong> <strong>&#8211; Voluntaris contra la desinformaci\u00f3<\/strong><\/h3>\n\n\n\n<p><\/p>\n<\/div>\n<\/div>\n\n\n\n<div class=\"wp-block-columns is-layout-flex wp-container-core-columns-is-layout-3 wp-block-columns-is-layout-flex\">\n<div class=\"wp-block-column is-layout-flow wp-block-column-is-layout-flow\" style=\"flex-basis:20%\">\n<h2 class=\"wp-block-heading\">Dossier<\/h2>\n\n\n\n<figure class=\"wp-block-image size-full caixa\"><a href=\"https:\/\/drive.google.com\/file\/d\/1v9jfVVvVbd_oVTQPSOveAI-j6lr2mKHq\/view\" target=\"_blank\" rel=\"noreferrer noopener\"><img loading=\"lazy\" decoding=\"async\" width=\"500\" height=\"500\" src=\"https:\/\/projectes.xtec.cat\/canaldereporters\/wp-content\/uploads\/usu2921\/2025\/10\/Dossier_Treball.png\" alt=\"\" class=\"wp-image-16172\" srcset=\"https:\/\/projectes.xtec.cat\/canaldereporters\/wp-content\/uploads\/usu2921\/2025\/10\/Dossier_Treball.png 500w, https:\/\/projectes.xtec.cat\/canaldereporters\/wp-content\/uploads\/usu2921\/2025\/10\/Dossier_Treball-300x300.png 300w, https:\/\/projectes.xtec.cat\/canaldereporters\/wp-content\/uploads\/usu2921\/2025\/10\/Dossier_Treball-150x150.png 150w\" sizes=\"auto, (max-width: 500px) 100vw, 500px\" \/><\/a><\/figure>\n\n\n\n<div style=\"height:20px\" aria-hidden=\"true\" class=\"wp-block-spacer\"><\/div>\n\n\n\n<h2 class=\"wp-block-heading\">Revista digital<\/h2>\n\n\n\n<figure class=\"wp-block-image size-full caixa\"><a href=\"https:\/\/drive.google.com\/file\/d\/1ICofFOFk6W7PevnoALVBJ-wHcNI8lxk0\/view?usp=sharing\" target=\"_blank\" rel=\" noreferrer noopener\"><img loading=\"lazy\" decoding=\"async\" width=\"500\" height=\"500\" src=\"https:\/\/projectes.xtec.cat\/canaldereporters\/wp-content\/uploads\/usu2921\/2025\/10\/RevistaDigital.png\" alt=\"\" class=\"wp-image-16174\" srcset=\"https:\/\/projectes.xtec.cat\/canaldereporters\/wp-content\/uploads\/usu2921\/2025\/10\/RevistaDigital.png 500w, https:\/\/projectes.xtec.cat\/canaldereporters\/wp-content\/uploads\/usu2921\/2025\/10\/RevistaDigital-300x300.png 300w, https:\/\/projectes.xtec.cat\/canaldereporters\/wp-content\/uploads\/usu2921\/2025\/10\/RevistaDigital-150x150.png 150w\" sizes=\"auto, (max-width: 500px) 100vw, 500px\" \/><\/a><\/figure>\n<\/div>\n\n\n\n<div class=\"wp-block-column is-layout-flow wp-block-column-is-layout-flow\" style=\"flex-basis:40%\">\n<div style=\"height:5px\" aria-hidden=\"true\" class=\"wp-block-spacer\"><\/div>\n\n\n\n<p>L&#8217;eix tem\u00e0tic de la Setmana Mundial de l&#8217;Alfabetitzaci\u00f3 Medi\u00e0tica i Informacional ha girat al voltant en el periodisme escolar i la seva contribuci\u00f3 en la lluita contra la desinformaci\u00f3.<\/p>\n\n\n\n<p>Sota el lema <strong>\u201cEl periodisme escolar contra la desinformaci\u00f3\u201d<\/strong> hem reflexionat i treballat per convertir-nos en \u201c<strong>voluntaris contra la desinformaci\u00f3<\/strong>\u201d.&nbsp; El dossier de propostes ens ha perm\u00e8s treballar un seguit d\u2019activitats i preparar de forma col\u00b7laborativa l&#8217;entrevista amb la<strong> Maria Bouabdellah<\/strong> durant la setmana de la Setmana de l\u2019AMI.<\/p>\n\n\n\n<div style=\"height:25px\" aria-hidden=\"true\" class=\"wp-block-spacer\"><\/div>\n\n\n\n<p>La periodista i presentadora ha contestat les preguntes que li hem fet arribar des dels diferents centres educatius que han participat en la Setmana AMI 2025:<\/p>\n\n\n\n<p>Escola Sant Jordi de Sant Vicen\u00e7 dels Horts.<br>Escola Sant Mart\u00ed de Cerdanyola del Vall\u00e8s.<br>Escola Frigolet de Porqueres.<br>Escola Font-r\u00fabia de Font-rub\u00ed.<br>Institut Antoni Torroja de Cervera.<br>Escola Roser Capdevila de Terrassa.<\/p>\n\n\n\n<p><\/p>\n<\/div>\n\n\n\n<div class=\"wp-block-column is-layout-flow wp-block-column-is-layout-flow\" style=\"flex-basis:40%\">\n<h2 class=\"wp-block-heading\">Maria Bouabdellah<\/h2>\n\n\n<div class=\"h5p-iframe-wrapper\"><iframe id=\"h5p-iframe-23\" class=\"h5p-iframe\" data-content-id=\"23\" style=\"height:1px\" src=\"about:blank\" frameBorder=\"0\" scrolling=\"no\" title=\"Setmana AMI 2025 - Entrevista Maria Bouabdellah\"><\/iframe><\/div>\n\n\n\n<div style=\"height:5px\" aria-hidden=\"true\" class=\"wp-block-spacer\"><\/div>\n\n\n\n<p>Podeu consultar totes les preguntes de l&#8217;entrevista escrita i completar-la amb les preguntes de l&#8217;entrevista audiovisual que us oferim des del Canal de Reporters i la <a href=\"https:\/\/projectes.xtec.cat\/bescat\/\">Xarxa de Biblioteques Escolars (BESCAT)<\/a><\/p>\n\n\n\n<p>Maria Bouabdellah \u00e9s periodista, presentadora de televisi\u00f3 i creadora de contingut en catal\u00e0.  Actualment, \u00e9s presentadora del programa R\u00e0ndom de Televisi\u00f3 de Catalunya.<br><\/p>\n<\/div>\n<\/div>\n\n\n\n<hr class=\"wp-block-separator has-text-color has-ast-global-color-1-color has-alpha-channel-opacity has-ast-global-color-1-background-color has-background is-style-wide\" style=\"margin-top:0;margin-bottom:0\"\/>\n\n\n\n<div style=\"height:20px\" aria-hidden=\"true\" class=\"wp-block-spacer\"><\/div>\n\n\n\n<div class=\"wp-block-columns is-layout-flex wp-container-core-columns-is-layout-4 wp-block-columns-is-layout-flex\">\n<div class=\"wp-block-column is-layout-flow wp-block-column-is-layout-flow\">\n<h3 class=\"wp-block-heading\"><strong>Curs 2024-25<\/strong> <strong>&#8211; El periodisme cient\u00edfic i divulgatiu<\/strong><\/h3>\n\n\n\n<p><\/p>\n<\/div>\n<\/div>\n\n\n\n<div class=\"wp-block-columns is-layout-flex wp-container-core-columns-is-layout-5 wp-block-columns-is-layout-flex\">\n<div class=\"wp-block-column is-layout-flow wp-block-column-is-layout-flow\" style=\"flex-basis:20%\">\n<h2 class=\"wp-block-heading\">Dossier <\/h2>\n\n\n\n<figure class=\"wp-block-image size-full caixa\"><a href=\"https:\/\/drive.google.com\/file\/d\/1jKoKLkKvD9DbYa8Ctd_eEzQPu1LMHOsB\/view?usp=sharing\" target=\"_blank\" rel=\"noreferrer noopener\"><img loading=\"lazy\" decoding=\"async\" width=\"500\" height=\"500\" src=\"https:\/\/projectes.xtec.cat\/canaldereporters\/wp-content\/uploads\/usu2921\/2024\/10\/logo-dossier.png\" alt=\"\" class=\"wp-image-14830\" srcset=\"https:\/\/projectes.xtec.cat\/canaldereporters\/wp-content\/uploads\/usu2921\/2024\/10\/logo-dossier.png 500w, https:\/\/projectes.xtec.cat\/canaldereporters\/wp-content\/uploads\/usu2921\/2024\/10\/logo-dossier-300x300.png 300w, https:\/\/projectes.xtec.cat\/canaldereporters\/wp-content\/uploads\/usu2921\/2024\/10\/logo-dossier-150x150.png 150w\" sizes=\"auto, (max-width: 500px) 100vw, 500px\" \/><\/a><\/figure>\n<\/div>\n\n\n\n<div class=\"wp-block-column is-layout-flow wp-block-column-is-layout-flow\" style=\"flex-basis:40%\">\n<div style=\"height:55px\" aria-hidden=\"true\" class=\"wp-block-spacer\"><\/div>\n\n\n\n<p>Enguany l\u2019eix tem\u00e0tic de la Setmana girar\u00e0 al voltant del <strong>periodisme cient\u00edfic<\/strong>, una disciplina period\u00edstica especialitzada en la transmissi\u00f3 d&#8217;informaci\u00f3 sobre ci\u00e8ncia i tecnologia en mitjans de comunicaci\u00f3 de manera entenedora. Aquest tipus de periodisme, que contribueix a la divulgaci\u00f3 cient\u00edfica en diferents canals, ha esdevingut una eina fonamental per acostar el coneixement cient\u00edfic a la ciutadania.<\/p>\n\n\n\n<p>Aquest any s&#8217;ha realitzat un seminari web durant el qual l\u2019alumnat ha pogut preguntar a la periodista i divulgadora cient\u00edfica, Cori Calero, sobre els reptes de la seva professi\u00f3.&nbsp;<\/p>\n\n\n\n<p>Adjuntem tamb\u00e9 un dossier de materials did\u00e0ctics per treballar a l\u2019aula el periodisme cient\u00edfic i divulgatiu amb propostes diverses que aborden la tem\u00e0tica, activitats i recomanacions per alumnat de prim\u00e0ria i secund\u00e0ria. <\/p>\n<\/div>\n\n\n\n<div class=\"wp-block-column is-layout-flow wp-block-column-is-layout-flow\" style=\"flex-basis:40%\">\n<h2 class=\"wp-block-heading\">Cori Calero<\/h2>\n\n\n<div class=\"h5p-iframe-wrapper\"><iframe id=\"h5p-iframe-15\" class=\"h5p-iframe\" data-content-id=\"15\" style=\"height:1px\" src=\"about:blank\" frameBorder=\"0\" scrolling=\"no\" title=\"Canal de Reporters - El periodisme cient\u00edfic i divulgatiu - Cori Calero\"><\/iframe><\/div>\n\n\n\n<div style=\"height:5px\" aria-hidden=\"true\" class=\"wp-block-spacer\"><\/div>\n\n\n\n<p>Periodista de TV3 especialitzada en crisi clim\u00e0tica. <a href=\"https:\/\/x.com\/coricalero\" target=\"_blank\" rel=\"noreferrer noopener\">@CoriCalero<\/a> Escriptora i divulgadora especialitzada en temes mediambientals. Ha escrit i publicat dos llibres: <a href=\"https:\/\/vienaedicions.com\/book\/si-el-cel-es-tornes-vermell\" target=\"_blank\" rel=\"noreferrer noopener\">Si el cel es torn\u00e9s vermell<\/a> i <a href=\"https:\/\/triangle.cat\/es\/producto\/explora-catalunya\/\" target=\"_blank\" rel=\"noreferrer noopener\">Explora Catalunya<\/a>.&nbsp;<\/p>\n<\/div>\n<\/div>\n\n\n\n<div class=\"wp-block-columns is-layout-flex wp-container-core-columns-is-layout-6 wp-block-columns-is-layout-flex\">\n<div class=\"wp-block-column is-layout-flow wp-block-column-is-layout-flow\" style=\"flex-basis:20%\">\n<h2 class=\"wp-block-heading\">Revista digital<\/h2>\n\n\n\n<figure class=\"wp-block-image size-full caixa\"><a href=\"https:\/\/drive.google.com\/file\/d\/14zzA8YLVaEw7B7OcQaKImls2MkemLcqV\/view?usp=sharing\" target=\"_blank\" rel=\"noreferrer noopener\"><img loading=\"lazy\" decoding=\"async\" width=\"500\" height=\"500\" src=\"https:\/\/projectes.xtec.cat\/canaldereporters\/wp-content\/uploads\/usu2921\/2025\/02\/logo-revista.png\" alt=\"\" class=\"wp-image-15243\" srcset=\"https:\/\/projectes.xtec.cat\/canaldereporters\/wp-content\/uploads\/usu2921\/2025\/02\/logo-revista.png 500w, https:\/\/projectes.xtec.cat\/canaldereporters\/wp-content\/uploads\/usu2921\/2025\/02\/logo-revista-300x300.png 300w, https:\/\/projectes.xtec.cat\/canaldereporters\/wp-content\/uploads\/usu2921\/2025\/02\/logo-revista-150x150.png 150w\" sizes=\"auto, (max-width: 500px) 100vw, 500px\" \/><\/a><\/figure>\n\n\n\n<p><\/p>\n<\/div>\n\n\n\n<div class=\"wp-block-column is-layout-flow wp-block-column-is-layout-flow\" style=\"flex-basis:40%\">\n<div style=\"height:55px\" aria-hidden=\"true\" class=\"wp-block-spacer\"><\/div>\n\n\n\n<p>Cori Calero, Periodista i divulgadora cient\u00edfica, va participar en una pon\u00e8ncia on explicava a l\u2019alumnat en qu\u00e8 consisteix l&#8217;ofici del periodisme cient\u00edfic i divulgatiu. Aquesta revista recull les preguntes que l\u2019alumnat va preparar durant la setmana AMI.<\/p>\n<\/div>\n<\/div>\n\n\n\n<hr class=\"wp-block-separator has-text-color has-ast-global-color-1-color has-alpha-channel-opacity has-ast-global-color-1-background-color has-background is-style-wide\" style=\"margin-top:0;margin-bottom:0\"\/>\n<\/div><\/div><\/div><\/div><\/div>\n\n\n\n<div class=\"wp-block-getwid-section alignwide alignwide\"><div class=\"wp-block-getwid-section__wrapper\"><div class=\"wp-block-getwid-section__inner-wrapper\"><div class=\"wp-block-getwid-section__background-holder\"><div class=\"wp-block-getwid-section__background\"><\/div><div class=\"wp-block-getwid-section__foreground\"><\/div><\/div><div class=\"wp-block-getwid-section__content\"><div class=\"wp-block-getwid-section__inner-content\">\n<h3 class=\"wp-block-heading\"><strong>Curs 2023-24 &#8211; Converses amb periodistes per commemorar la <\/strong><span><span style=\"\" class=\"has-inline-color has-ast-global-color-1-color\"><b>Setmana Mundial de l&#8217;Alfabetitzaci\u00f3 Medi\u00e0tica i Informacional (AMI) 2023<\/b><\/span><\/span><\/h3>\n\n\n\n<div class=\"wp-block-columns is-layout-flex wp-container-core-columns-is-layout-7 wp-block-columns-is-layout-flex\">\n<div class=\"wp-block-column is-layout-flow wp-block-column-is-layout-flow\" style=\"flex-basis:20%\">\n<h2 class=\"wp-block-heading\">Dossier<\/h2>\n\n\n\n<figure class=\"wp-block-image size-large is-resized caixa-link\"><a href=\"https:\/\/drive.google.com\/file\/d\/1o9CpwfLr6KQy5a0tGAiwosmd1O7uy-WP\/view?usp=sharing\" target=\"_blank\" rel=\"noopener\"><img loading=\"lazy\" decoding=\"async\" width=\"1024\" height=\"731\" src=\"https:\/\/projectes.xtec.cat\/canaldereporters\/wp-content\/uploads\/usu2921\/2023\/10\/Propostes_Treball_AMI-1024x731.png\" alt=\"\" class=\"wp-image-13153\" style=\"width:300px;height:100px\" srcset=\"https:\/\/projectes.xtec.cat\/canaldereporters\/wp-content\/uploads\/usu2921\/2023\/10\/Propostes_Treball_AMI-1024x731.png 1024w, https:\/\/projectes.xtec.cat\/canaldereporters\/wp-content\/uploads\/usu2921\/2023\/10\/Propostes_Treball_AMI-300x214.png 300w, https:\/\/projectes.xtec.cat\/canaldereporters\/wp-content\/uploads\/usu2921\/2023\/10\/Propostes_Treball_AMI-768x548.png 768w, https:\/\/projectes.xtec.cat\/canaldereporters\/wp-content\/uploads\/usu2921\/2023\/10\/Propostes_Treball_AMI.png 1184w\" sizes=\"auto, (max-width: 1024px) 100vw, 1024px\" \/><\/a><\/figure>\n\n\n\n<p><\/p>\n\n\n\n<h4 class=\"wp-block-heading\">Not\u00edcies relacionades<\/h4>\n\n\n\n<p><a href=\"https:\/\/educaciomediatica.cat\/abraham-orriols-neus-bonet-setmana-mundial-alfabetitzacio-mediatica\/\" target=\"_blank\" rel=\"noreferrer noopener\">Col\u00b7legi de periodistes de Catalunya<\/a><\/p>\n<\/div>\n\n\n\n<div class=\"wp-block-column is-layout-flow wp-block-column-is-layout-flow\" style=\"flex-basis:40%\">\n<h2 class=\"wp-block-heading\">Abraham Orriols Garcia<\/h2>\n\n\n<div class=\"h5p-iframe-wrapper\"><iframe id=\"h5p-iframe-12\" class=\"h5p-iframe\" data-content-id=\"12\" style=\"height:1px\" src=\"about:blank\" frameBorder=\"0\" scrolling=\"no\" title=\"Converses amb periodistes - Abraham Orriols\"><\/iframe><\/div>\n\n\n\n<div style=\"height:20px\" aria-hidden=\"true\" class=\"wp-block-spacer\"><\/div>\n\n\n\n<p>Periodista. Treballa com a ENG (reporter i c\u00e0mera) als Serveis Informatius de TV3. Ha passat per la Delegaci\u00f3 de Lleida, la Delegaci\u00f3 de Girona, la secci\u00f3 de Societat-Territori i &#8216;Els Matins&#8217;. Anteriorment, va treballar a Betev\u00e9, Catalunya R\u00e0dio, la Xarxa, la Revista Mirall, La Ma\u00f1ana o la Televisi\u00f3 del Bergued\u00e0.<\/p>\n<\/div>\n\n\n\n<div class=\"wp-block-column is-layout-flow wp-block-column-is-layout-flow\" style=\"flex-basis:40%\">\n<h2 class=\"wp-block-heading\">Neus Bonet Bagant<\/h2>\n\n\n<div class=\"h5p-iframe-wrapper\"><iframe id=\"h5p-iframe-13\" class=\"h5p-iframe\" data-content-id=\"13\" style=\"height:1px\" src=\"about:blank\" frameBorder=\"0\" scrolling=\"no\" title=\"Converses amb periodistes \u2013 Neus Bonet\"><\/iframe><\/div>\n\n\n\n<div style=\"height:20px\" aria-hidden=\"true\" class=\"wp-block-spacer\"><\/div>\n\n\n\n<p>Periodista.&nbsp;Editora del Catalunya Migdia Cap de setmana a Catalunya R\u00e0dio. Exdegana del Col\u00b7legi de Periodistes. Premi Margarita Rivi\u00e8re al rigor period\u00edstic.<\/p>\n<\/div>\n<\/div>\n<\/div><\/div><\/div><\/div><\/div>\n","protected":false},"excerpt":{"rendered":"<p>La Setmana Mundial d&#8217;Alfabetitzaci\u00f3 Medi\u00e0tica i Informacional \u00e9s promoguda anualment per la UNESCO amb l\u2019objectiu d\u2019augmentar la sensibilitzaci\u00f3 per promoure les connexions de l\u2019Alfabetitzaci\u00f3 Medi\u00e0tica i Informacional a trav\u00e9s de l\u2019educaci\u00f3, la cultura i la ci\u00e8ncia.&nbsp;Canal de Reporters i les Biblioteques Escolars han unit forces per donar suport a aquesta iniciativa amb diferents accions per [&hellip;]<\/p>\n","protected":false},"author":17,"featured_media":0,"parent":0,"menu_order":0,"comment_status":"closed","ping_status":"closed","template":"","meta":{"site-sidebar-layout":"default","site-content-layout":"","ast-site-content-layout":"default","site-content-style":"default","site-sidebar-style":"default","ast-global-header-display":"","ast-banner-title-visibility":"","ast-main-header-display":"","ast-hfb-above-header-display":"","ast-hfb-below-header-display":"","ast-hfb-mobile-header-display":"","site-post-title":"disabled","ast-breadcrumbs-content":"","ast-featured-img":"","footer-sml-layout":"","theme-transparent-header-meta":"","adv-header-id-meta":"","stick-header-meta":"","header-above-stick-meta":"","header-main-stick-meta":"","header-below-stick-meta":"","astra-migrate-meta-layouts":"set","ast-page-background-enabled":"default","ast-page-background-meta":{"desktop":{"background-color":"","background-image":"","background-repeat":"repeat","background-position":"center center","background-size":"auto","background-attachment":"scroll","background-type":"","background-media":"","overlay-type":"","overlay-color":"","overlay-opacity":"","overlay-gradient":""},"tablet":{"background-color":"","background-image":"","background-repeat":"repeat","background-position":"center center","background-size":"auto","background-attachment":"scroll","background-type":"","background-media":"","overlay-type":"","overlay-color":"","overlay-opacity":"","overlay-gradient":""},"mobile":{"background-color":"","background-image":"","background-repeat":"repeat","background-position":"center center","background-size":"auto","background-attachment":"scroll","background-type":"","background-media":"","overlay-type":"","overlay-color":"","overlay-opacity":"","overlay-gradient":""}},"ast-content-background-meta":{"desktop":{"background-color":"var(--ast-global-color-5)","background-image":"","background-repeat":"repeat","background-position":"center center","background-size":"auto","background-attachment":"scroll","background-type":"","background-media":"","overlay-type":"","overlay-color":"","overlay-opacity":"","overlay-gradient":""},"tablet":{"background-color":"var(--ast-global-color-5)","background-image":"","background-repeat":"repeat","background-position":"center center","background-size":"auto","background-attachment":"scroll","background-type":"","background-media":"","overlay-type":"","overlay-color":"","overlay-opacity":"","overlay-gradient":""},"mobile":{"background-color":"var(--ast-global-color-5)","background-image":"","background-repeat":"repeat","background-position":"center center","background-size":"auto","background-attachment":"scroll","background-type":"","background-media":"","overlay-type":"","overlay-color":"","overlay-opacity":"","overlay-gradient":""}},"footnotes":""},"class_list":["post-12903","page","type-page","status-publish","hentry"],"post_mailing_queue_ids":[],"_links":{"self":[{"href":"https:\/\/projectes.xtec.cat\/canaldereporters\/wp-json\/wp\/v2\/pages\/12903","targetHints":{"allow":["GET"]}}],"collection":[{"href":"https:\/\/projectes.xtec.cat\/canaldereporters\/wp-json\/wp\/v2\/pages"}],"about":[{"href":"https:\/\/projectes.xtec.cat\/canaldereporters\/wp-json\/wp\/v2\/types\/page"}],"author":[{"embeddable":true,"href":"https:\/\/projectes.xtec.cat\/canaldereporters\/wp-json\/wp\/v2\/users\/17"}],"replies":[{"embeddable":true,"href":"https:\/\/projectes.xtec.cat\/canaldereporters\/wp-json\/wp\/v2\/comments?post=12903"}],"version-history":[{"count":6,"href":"https:\/\/projectes.xtec.cat\/canaldereporters\/wp-json\/wp\/v2\/pages\/12903\/revisions"}],"predecessor-version":[{"id":16217,"href":"https:\/\/projectes.xtec.cat\/canaldereporters\/wp-json\/wp\/v2\/pages\/12903\/revisions\/16217"}],"wp:attachment":[{"href":"https:\/\/projectes.xtec.cat\/canaldereporters\/wp-json\/wp\/v2\/media?parent=12903"}],"curies":[{"name":"wp","href":"https:\/\/api.w.org\/{rel}","templated":true}]}}