{"id":13202,"date":"2023-11-30T20:48:39","date_gmt":"2023-11-30T19:48:39","guid":{"rendered":"https:\/\/projectes.xtec.cat\/canaldereporters\/?page_id=13202"},"modified":"2023-12-11T09:40:43","modified_gmt":"2023-12-11T08:40:43","slug":"seminari6_alumnat-2","status":"publish","type":"page","link":"https:\/\/projectes.xtec.cat\/canaldereporters\/seminaris-web\/seminari6_alumnat-2\/","title":{"rendered":"Seminari6_Alumnat"},"content":{"rendered":"\n<div style=\"height:30px\" aria-hidden=\"true\" class=\"wp-block-spacer\"><\/div>\n\n\n\n<div class=\"wp-block-group alignwide\"><div class=\"wp-block-group__inner-container is-layout-flow wp-block-group-is-layout-flow\">\n<div class=\"wp-block-columns is-layout-flex wp-container-core-columns-is-layout-1 wp-block-columns-is-layout-flex\">\n<div class=\"wp-block-column is-layout-flow wp-block-column-is-layout-flow\">\n<h2 class=\"wp-block-heading\"><span class=\"has-inline-color has-ast-global-color-1-color\">Data<\/span><\/h2>\n\n\n\n<p>11 de desembre de 2023<\/p>\n\n\n\n<h2 class=\"wp-block-heading\"><span class=\"has-inline-color has-ast-global-color-1-color\">Ponent<\/span><\/h2>\n\n\n\n<ul class=\"wp-block-list\"><li>Elisabet Molina<\/li><\/ul>\n\n\n\n<p>La Bet Molina \u00e9s periodista i creadora de contingut a les xarxes socials, principalment, de tem\u00e0tica cultural. \u00c9s presentadora del p\u00f2dcast d\u2019entrevistes <em>LaGira<\/em>, de Viasona, mitj\u00e0 de comunicaci\u00f3 de m\u00fasica en catal\u00e0 pel qual ha treballat.<\/p>\n\n\n\n<p>Actualment, col\u00b7labora com a creadora de contingut digital pel canal de la CCMA <em><a href=\"https:\/\/www.youtube.com\/watch?v=pFR1vjv2BsM&amp;t=62s\" target=\"_blank\" rel=\"noreferrer noopener\">Someva<\/a><\/em>, escriu a la revista de reportatges socials La Mira i est\u00e0 cursant un m\u00e0ster en cultura i identitats a la UB.<\/p>\n<\/div>\n\n\n\n<div class=\"wp-block-column is-layout-flow wp-block-column-is-layout-flow\">\n<figure class=\"wp-block-embed is-type-video is-provider-youtube wp-block-embed-youtube wp-embed-aspect-16-9 wp-has-aspect-ratio\"><div class=\"wp-block-embed__wrapper\">\n<div class=\"ast-oembed-container \" style=\"height: 100%;\"><iframe loading=\"lazy\" title=\"Canal de Reporters - Seminari 6 - Alumnat\" width=\"500\" height=\"281\" src=\"https:\/\/www.youtube.com\/embed\/FCe8aHwYuAU?list=PLojIWF2RflCq9MLIIfTEsRjNYnHq7JTNE\" frameborder=\"0\" allow=\"accelerometer; autoplay; clipboard-write; encrypted-media; gyroscope; picture-in-picture; web-share\" referrerpolicy=\"strict-origin-when-cross-origin\" allowfullscreen><\/iframe><\/div>\n<\/div><\/figure>\n<\/div>\n<\/div>\n<\/div><\/div>\n\n\n\n<div class=\"wp-block-group alignwide\"><div class=\"wp-block-group__inner-container is-layout-flow wp-block-group-is-layout-flow\">\n<div class=\"wp-block-columns is-layout-flex wp-container-core-columns-is-layout-2 wp-block-columns-is-layout-flex\">\n<div class=\"wp-block-column is-layout-flow wp-block-column-is-layout-flow\">\n<h2 class=\"wp-block-heading\">Descripci\u00f3<\/h2>\n\n\n\n<p>La Bet Molina \u00e9s periodista i creadora de contingut a les xarxes socials. En aquest q\u00fcestionari desgrana de forma amena i distesa tots els elements que hem de tenir en compte per desenvolupar p\u00edndoles audiovisuals curtes.&nbsp;<\/p>\n\n\n\n<p>El joc de preguntes i respostes serveix per posar en context les caracter\u00edstiques de la pr\u00e0ctica period\u00edstica, la necessitat d\u2019exposar la informaci\u00f3 de forma efectiva, els aspectes t\u00e8cnics que no podem oblidar, els trucs per desenvolupar un bon p\u00f2dcast o els recursos actuals que ens ajuden a enriquir els productes que elaborem per al nostre p\u00fablic objectiu.<\/p>\n\n\n\n<div style=\"height:75px\" aria-hidden=\"true\" class=\"wp-block-spacer\"><\/div>\n<\/div>\n<\/div>\n<\/div><\/div>\n","protected":false},"excerpt":{"rendered":"<p>Data 11 de desembre de 2023 Ponent Elisabet Molina La Bet Molina \u00e9s periodista i creadora de contingut a les xarxes socials, principalment, de tem\u00e0tica cultural. \u00c9s presentadora del p\u00f2dcast d\u2019entrevistes LaGira, de Viasona, mitj\u00e0 de comunicaci\u00f3 de m\u00fasica en catal\u00e0 pel qual ha treballat. Actualment, col\u00b7labora com a creadora de contingut digital pel canal [&hellip;]<\/p>\n","protected":false},"author":17,"featured_media":0,"parent":9850,"menu_order":0,"comment_status":"closed","ping_status":"closed","template":"","meta":{"site-sidebar-layout":"default","site-content-layout":"","ast-site-content-layout":"","site-content-style":"default","site-sidebar-style":"default","ast-global-header-display":"","ast-banner-title-visibility":"","ast-main-header-display":"","ast-hfb-above-header-display":"","ast-hfb-below-header-display":"","ast-hfb-mobile-header-display":"","site-post-title":"disabled","ast-breadcrumbs-content":"","ast-featured-img":"","footer-sml-layout":"","theme-transparent-header-meta":"","adv-header-id-meta":"","stick-header-meta":"","header-above-stick-meta":"","header-main-stick-meta":"","header-below-stick-meta":"","astra-migrate-meta-layouts":"default","ast-page-background-enabled":"default","ast-page-background-meta":{"desktop":{"background-color":"","background-image":"","background-repeat":"repeat","background-position":"center center","background-size":"auto","background-attachment":"scroll","background-type":"","background-media":"","overlay-type":"","overlay-color":"","overlay-opacity":"","overlay-gradient":""},"tablet":{"background-color":"","background-image":"","background-repeat":"repeat","background-position":"center center","background-size":"auto","background-attachment":"scroll","background-type":"","background-media":"","overlay-type":"","overlay-color":"","overlay-opacity":"","overlay-gradient":""},"mobile":{"background-color":"","background-image":"","background-repeat":"repeat","background-position":"center center","background-size":"auto","background-attachment":"scroll","background-type":"","background-media":"","overlay-type":"","overlay-color":"","overlay-opacity":"","overlay-gradient":""}},"ast-content-background-meta":{"desktop":{"background-color":"var(--ast-global-color-5)","background-image":"","background-repeat":"repeat","background-position":"center center","background-size":"auto","background-attachment":"scroll","background-type":"","background-media":"","overlay-type":"","overlay-color":"","overlay-opacity":"","overlay-gradient":""},"tablet":{"background-color":"var(--ast-global-color-5)","background-image":"","background-repeat":"repeat","background-position":"center center","background-size":"auto","background-attachment":"scroll","background-type":"","background-media":"","overlay-type":"","overlay-color":"","overlay-opacity":"","overlay-gradient":""},"mobile":{"background-color":"var(--ast-global-color-5)","background-image":"","background-repeat":"repeat","background-position":"center center","background-size":"auto","background-attachment":"scroll","background-type":"","background-media":"","overlay-type":"","overlay-color":"","overlay-opacity":"","overlay-gradient":""}},"footnotes":""},"class_list":["post-13202","page","type-page","status-publish","hentry"],"post_mailing_queue_ids":[],"_links":{"self":[{"href":"https:\/\/projectes.xtec.cat\/canaldereporters\/wp-json\/wp\/v2\/pages\/13202","targetHints":{"allow":["GET"]}}],"collection":[{"href":"https:\/\/projectes.xtec.cat\/canaldereporters\/wp-json\/wp\/v2\/pages"}],"about":[{"href":"https:\/\/projectes.xtec.cat\/canaldereporters\/wp-json\/wp\/v2\/types\/page"}],"author":[{"embeddable":true,"href":"https:\/\/projectes.xtec.cat\/canaldereporters\/wp-json\/wp\/v2\/users\/17"}],"replies":[{"embeddable":true,"href":"https:\/\/projectes.xtec.cat\/canaldereporters\/wp-json\/wp\/v2\/comments?post=13202"}],"version-history":[{"count":7,"href":"https:\/\/projectes.xtec.cat\/canaldereporters\/wp-json\/wp\/v2\/pages\/13202\/revisions"}],"predecessor-version":[{"id":13423,"href":"https:\/\/projectes.xtec.cat\/canaldereporters\/wp-json\/wp\/v2\/pages\/13202\/revisions\/13423"}],"up":[{"embeddable":true,"href":"https:\/\/projectes.xtec.cat\/canaldereporters\/wp-json\/wp\/v2\/pages\/9850"}],"wp:attachment":[{"href":"https:\/\/projectes.xtec.cat\/canaldereporters\/wp-json\/wp\/v2\/media?parent=13202"}],"curies":[{"name":"wp","href":"https:\/\/api.w.org\/{rel}","templated":true}]}}