{"id":13318,"date":"2024-01-16T14:59:16","date_gmt":"2024-01-16T13:59:16","guid":{"rendered":"https:\/\/projectes.xtec.cat\/canaldereporters\/?page_id=13318"},"modified":"2024-02-04T17:04:18","modified_gmt":"2024-02-04T16:04:18","slug":"100-anys-explicant-histories","status":"publish","type":"page","link":"https:\/\/projectes.xtec.cat\/canaldereporters\/100-anys-explicant-histories\/","title":{"rendered":"100 anys explicant hist\u00f2ries"},"content":{"rendered":"\n<p>El&nbsp;<strong>13 de febrer de 2024&nbsp;<\/strong>se celebra el<strong>&nbsp;Dia Mundial de la R\u00e0dio<\/strong>.<\/p>\n\n\n\n<p>El Govern de la Generalitat ha aprovat que enguany celebrem els 100 anys de la r\u00e0dio a Catalunya, amb l\u2019objectiu de commemorar i destacar el paper fonamental que ha tingut en la difusi\u00f3 de la cultura, l&#8217;entreteniment i la informaci\u00f3 al llarg del segle XX i XXI.<\/p>\n\n\n\n<p>Fruit d\u2019aquest conjunt d\u2019efem\u00e8rides s\u2019ha proposat dur a terme la preparaci\u00f3 col\u00b7laborativa d\u2019un programa radiof\u00f2nic al mes de febrer i coincidint amb el <strong>dia mundial de la r\u00e0dio<\/strong>:<\/p>\n\n\n\n<figure class=\"wp-block-image size-full is-style-default\"><a href=\"https:\/\/projectes.xtec.cat\/canaldereporters\/wp-content\/uploads\/usu2921\/2024\/01\/100-ANYS-EXPLICANT-HISTORIES-IMATGE.png\"><img loading=\"lazy\" decoding=\"async\" width=\"800\" height=\"200\" src=\"https:\/\/projectes.xtec.cat\/canaldereporters\/wp-content\/uploads\/usu2921\/2024\/01\/100-ANYS-EXPLICANT-HISTORIES-IMATGE.png\" alt=\"\" class=\"wp-image-13319\" srcset=\"https:\/\/projectes.xtec.cat\/canaldereporters\/wp-content\/uploads\/usu2921\/2024\/01\/100-ANYS-EXPLICANT-HISTORIES-IMATGE.png 800w, https:\/\/projectes.xtec.cat\/canaldereporters\/wp-content\/uploads\/usu2921\/2024\/01\/100-ANYS-EXPLICANT-HISTORIES-IMATGE-300x75.png 300w, https:\/\/projectes.xtec.cat\/canaldereporters\/wp-content\/uploads\/usu2921\/2024\/01\/100-ANYS-EXPLICANT-HISTORIES-IMATGE-768x192.png 768w\" sizes=\"auto, (max-width: 800px) 100vw, 800px\" \/><\/a><\/figure>\n\n\n\n<div style=\"height:27px\" aria-hidden=\"true\" class=\"wp-block-spacer\"><\/div>\n\n\n\n<p>Des dels Serveis Educatius impulsors de la iniciativa s&#8217;ha enviat la proposta de participaci\u00f3 en l\u2019activitat&nbsp;<strong>\u201cCent anys explicant hist\u00f2ries\u201d,<\/strong>&nbsp;on es convida els centres a enregistrar una pe\u00e7a sonora basada en un conte, llegenda o relat popular arrelat al territori. Els CRP ofereixen a les escoles i instituts interessats suport t\u00e8cnic i pedag\u00f2gic per poder tirar endavant l&#8217;enregistrament sonor que s&#8217;emetr\u00e0 en un programa radiof\u00f2nic en obert durant el mat\u00ed del 13 de febrer.<\/p>\n\n\n\n<p>El Canal de Reporters col\u00b7labora en l&#8217;organitzaci\u00f3 d&#8217;aquesta activitat conscients que es una excel\u00b7lent oportunitat per treballar la llengua oral i desenvolupar la compet\u00e8ncia digital. <\/p>\n\n\n<p><iframe height=\"500\" style=\"display: block; width: 100%; border: none\" src=\"https:\/\/sinapsi.xtec.cat\/ca\/embed\/?search-box=false&#038;synapse=100-anys-de-radio&#038;section=everything&#038;view=optimal\"><\/iframe><\/p>\n\n\n\n<div style=\"height:36px\" aria-hidden=\"true\" class=\"wp-block-spacer\"><\/div>\n\n\n\n<p><\/p>\n","protected":false},"excerpt":{"rendered":"<p>El&nbsp;13 de febrer de 2024&nbsp;se celebra el&nbsp;Dia Mundial de la R\u00e0dio. El Govern de la Generalitat ha aprovat que enguany celebrem els 100 anys de la r\u00e0dio a Catalunya, amb l\u2019objectiu de commemorar i destacar el paper fonamental que ha tingut en la difusi\u00f3 de la cultura, l&#8217;entreteniment i la informaci\u00f3 al llarg del segle [&hellip;]<\/p>\n","protected":false},"author":1,"featured_media":0,"parent":0,"menu_order":0,"comment_status":"closed","ping_status":"close","template":"","meta":{"site-sidebar-layout":"default","site-content-layout":"plain-container","ast-site-content-layout":"","site-content-style":"default","site-sidebar-style":"default","ast-global-header-display":"","ast-banner-title-visibility":"","ast-main-header-display":"","ast-hfb-above-header-display":"","ast-hfb-below-header-display":"","ast-hfb-mobile-header-display":"","site-post-title":"","ast-breadcrumbs-content":"","ast-featured-img":"","footer-sml-layout":"","theme-transparent-header-meta":"","adv-header-id-meta":"","stick-header-meta":"","header-above-stick-meta":"","header-main-stick-meta":"","header-below-stick-meta":"","astra-migrate-meta-layouts":"default","ast-page-background-enabled":"default","ast-page-background-meta":{"desktop":{"background-color":"","background-image":"","background-repeat":"repeat","background-position":"center center","background-size":"auto","background-attachment":"scroll","background-type":"","background-media":"","overlay-type":"","overlay-color":"","overlay-opacity":"","overlay-gradient":""},"tablet":{"background-color":"","background-image":"","background-repeat":"repeat","background-position":"center center","background-size":"auto","background-attachment":"scroll","background-type":"","background-media":"","overlay-type":"","overlay-color":"","overlay-opacity":"","overlay-gradient":""},"mobile":{"background-color":"","background-image":"","background-repeat":"repeat","background-position":"center center","background-size":"auto","background-attachment":"scroll","background-type":"","background-media":"","overlay-type":"","overlay-color":"","overlay-opacity":"","overlay-gradient":""}},"ast-content-background-meta":{"desktop":{"background-color":"var(--ast-global-color-5)","background-image":"","background-repeat":"repeat","background-position":"center center","background-size":"auto","background-attachment":"scroll","background-type":"","background-media":"","overlay-type":"","overlay-color":"","overlay-opacity":"","overlay-gradient":""},"tablet":{"background-color":"var(--ast-global-color-5)","background-image":"","background-repeat":"repeat","background-position":"center center","background-size":"auto","background-attachment":"scroll","background-type":"","background-media":"","overlay-type":"","overlay-color":"","overlay-opacity":"","overlay-gradient":""},"mobile":{"background-color":"var(--ast-global-color-5)","background-image":"","background-repeat":"repeat","background-position":"center center","background-size":"auto","background-attachment":"scroll","background-type":"","background-media":"","overlay-type":"","overlay-color":"","overlay-opacity":"","overlay-gradient":""}},"footnotes":""},"class_list":["post-13318","page","type-page","status-publish","hentry"],"post_mailing_queue_ids":[],"_links":{"self":[{"href":"https:\/\/projectes.xtec.cat\/canaldereporters\/wp-json\/wp\/v2\/pages\/13318","targetHints":{"allow":["GET"]}}],"collection":[{"href":"https:\/\/projectes.xtec.cat\/canaldereporters\/wp-json\/wp\/v2\/pages"}],"about":[{"href":"https:\/\/projectes.xtec.cat\/canaldereporters\/wp-json\/wp\/v2\/types\/page"}],"author":[{"embeddable":true,"href":"https:\/\/projectes.xtec.cat\/canaldereporters\/wp-json\/wp\/v2\/users\/1"}],"replies":[{"embeddable":true,"href":"https:\/\/projectes.xtec.cat\/canaldereporters\/wp-json\/wp\/v2\/comments?post=13318"}],"version-history":[{"count":5,"href":"https:\/\/projectes.xtec.cat\/canaldereporters\/wp-json\/wp\/v2\/pages\/13318\/revisions"}],"predecessor-version":[{"id":13779,"href":"https:\/\/projectes.xtec.cat\/canaldereporters\/wp-json\/wp\/v2\/pages\/13318\/revisions\/13779"}],"wp:attachment":[{"href":"https:\/\/projectes.xtec.cat\/canaldereporters\/wp-json\/wp\/v2\/media?parent=13318"}],"curies":[{"name":"wp","href":"https:\/\/api.w.org\/{rel}","templated":true}]}}