{"id":13330,"date":"2024-01-16T15:52:07","date_gmt":"2024-01-16T14:52:07","guid":{"rendered":"https:\/\/projectes.xtec.cat\/canaldereporters\/?page_id=13330"},"modified":"2024-07-04T22:20:26","modified_gmt":"2024-07-04T20:20:26","slug":"seminari-6_centre","status":"publish","type":"page","link":"https:\/\/projectes.xtec.cat\/canaldereporters\/seminaris-web\/seminari-6_centre\/","title":{"rendered":"Seminari6_Experi\u00e8nciaCentre"},"content":{"rendered":"\n<div class=\"wp-block-getwid-section alignfull alignfull\"><div class=\"wp-block-getwid-section__wrapper\"><div class=\"wp-block-getwid-section__inner-wrapper\"><div class=\"wp-block-getwid-section__background-holder\"><div class=\"wp-block-getwid-section__background\"><\/div><div class=\"wp-block-getwid-section__foreground\"><\/div><\/div><div class=\"wp-block-getwid-section__content\"><div class=\"wp-block-getwid-section__inner-content\">\n<div class=\"wp-block-columns is-layout-flex wp-container-core-columns-is-layout-1 wp-block-columns-is-layout-flex\">\n<div class=\"wp-block-column is-layout-flow wp-block-column-is-layout-flow\">\n<h2 class=\"wp-block-heading\"><span style=\"background-color:rgba(0, 0, 0, 0)\" class=\"has-inline-color has-ast-global-color-1-color\">Data<\/span><\/h2>\n\n\n\n<p>29 de gener de 2024<\/p>\n\n\n\n<h2 class=\"wp-block-heading\"><span style=\"background-color:rgba(0, 0, 0, 0)\" class=\"has-inline-color has-ast-global-color-1-color\">Ponents<\/span><\/h2>\n\n\n\n<ul class=\"wp-block-list\">\n<li>Laura Bertran<\/li>\n<\/ul>\n\n\n\n<p>Mestra d\u2019Educaci\u00f3 Especial. Actualment mestra de Prim\u00e0ria a l\u2019<strong>Escola Arrels d\u2019Els Alam\u00fas<\/strong>, de la ZER l\u2019Horta de Lleida. Tutora de Cicle Superior.<\/p>\n\n\n\n<ul class=\"wp-block-list\">\n<li>Nat\u00e0lia Flix<\/li>\n<\/ul>\n\n\n\n<p>Mestra de l\u2019<strong>Escola Creu del Batlle<\/strong> de 2n a 6\u00e8 de prim\u00e0ria (aula multinivell) de la ZER l\u2019Horta de Lleida i Cap d\u2019estudis de la ZER.<\/p>\n<\/div>\n\n\n\n<div class=\"wp-block-column is-layout-flow wp-block-column-is-layout-flow\">\n<figure class=\"wp-block-embed is-type-video is-provider-youtube wp-block-embed-youtube wp-embed-aspect-16-9 wp-has-aspect-ratio\"><div class=\"wp-block-embed__wrapper\">\n<div class=\"ast-oembed-container \" style=\"height: 100%;\"><iframe loading=\"lazy\" title=\"Canal de Reporters - Seminari 6 - Fem de booktubers\" width=\"500\" height=\"281\" src=\"https:\/\/www.youtube.com\/embed\/Dj1vcI5O1LI?list=PLojIWF2RflCq9MLIIfTEsRjNYnHq7JTNE\" frameborder=\"0\" allow=\"accelerometer; autoplay; clipboard-write; encrypted-media; gyroscope; picture-in-picture; web-share\" referrerpolicy=\"strict-origin-when-cross-origin\" allowfullscreen><\/iframe><\/div>\n<\/div><\/figure>\n<\/div>\n<\/div>\n\n\n\n<div class=\"wp-block-columns is-layout-flex wp-container-core-columns-is-layout-2 wp-block-columns-is-layout-flex\">\n<div class=\"wp-block-column is-layout-flow wp-block-column-is-layout-flow\">\n<p><\/p>\n\n\n\n<h2 class=\"wp-block-heading\">Descripci\u00f3<\/h2>\n\n\n\n<p>En aquest seminari la Laura i la Nat\u00e0lia ens expliquen com dues escoles que formen part de la ZER Horta de Lleida han desenvolupat un projecte amb el seu alumnat que t\u00e9 vocaci\u00f3 de continu\u00eftat, ja que han comprovat que potencia el gust per la lectura, fomenta l&#8217;expressi\u00f3 oral i desenvolupa la compet\u00e8ncia digital. A m\u00e9s a m\u00e9s, permet crear vincles entre els dos centres participants.<\/p>\n\n\n\n<p>Amb la voluntat d\u2019animar altres centres educatius, aquestes dues mestres ens expliquen l\u2019origen de la iniciativa &#8220;Fem de Booktubers&#8221;, com ho han portat a terme i quina valoraci\u00f3 en fan de tot plegat.<\/p>\n\n\n\n<h3 class=\"wp-block-heading\">Enlla\u00e7os<\/h3>\n\n\n\n<p><a rel=\"noreferrer noopener\" href=\"https:\/\/www.youtube.com\/watch?v=yHcZU6_2DHw\" target=\"_blank\">TV3 &#8211; Generaci\u00f3 Digital &#8211; Qu\u00e8 s\u00f3n els &#8220;booktubers&#8221;?<\/a><\/p>\n\n\n\n<p><a href=\"https:\/\/agora.xtec.cat\/escolacreudelbatlle\/general\/fem-de-booktubers\/\" target=\"_blank\" rel=\"noreferrer noopener\">Fem de booktubers &#8211; Escola Creu del Batlle<\/a><\/p>\n\n\n\n<p><a href=\"https:\/\/agora.xtec.cat\/escarrels-alamus\/portada\/per-sant-jordi-videoressenyes\/\" target=\"_blank\" rel=\"noreferrer noopener\">Per Sant Jordi, Videoressenyes &#8211; Escola Arrels Els Alam\u00fas<\/a><\/p>\n\n\n\n<p><a href=\"https:\/\/drive.google.com\/file\/d\/1b0QaOxkpcK3OXCk3kf6GdDTqLTEsLUCB\/view?usp=sharing\" target=\"_blank\" rel=\"noreferrer noopener\">Gui\u00f3 Booktubers<\/a><\/p>\n\n\n\n<p><a href=\"https:\/\/drive.google.com\/file\/d\/1266uTNt1BwMUNtoBAEdY9n8apxReCu3J\/view?usp=sharing\" target=\"_blank\" rel=\"noreferrer noopener\">Presentaci\u00f3 Seminari Fem de booktubers (pdf)<\/a><\/p>\n\n\n\n<p><a href=\"https:\/\/www.youtube.com\/@som3cat\"><\/a><\/p>\n<\/div>\n<\/div>\n<\/div><\/div><\/div><\/div><\/div>\n\n\n\n<div style=\"height:24px\" aria-hidden=\"true\" class=\"wp-block-spacer\"><\/div>\n","protected":false},"excerpt":{"rendered":"","protected":false},"author":17,"featured_media":0,"parent":9850,"menu_order":0,"comment_status":"closed","ping_status":"closed","template":"","meta":{"site-sidebar-layout":"no-sidebar","site-content-layout":"plain-container","ast-site-content-layout":"normal-width-container","site-content-style":"unboxed","site-sidebar-style":"unboxed","ast-global-header-display":"","ast-banner-title-visibility":"","ast-main-header-display":"","ast-hfb-above-header-display":"","ast-hfb-below-header-display":"","ast-hfb-mobile-header-display":"","site-post-title":"disabled","ast-breadcrumbs-content":"","ast-featured-img":"","footer-sml-layout":"","theme-transparent-header-meta":"","adv-header-id-meta":"","stick-header-meta":"","header-above-stick-meta":"","header-main-stick-meta":"","header-below-stick-meta":"","astra-migrate-meta-layouts":"set","ast-page-background-enabled":"default","ast-page-background-meta":{"desktop":{"background-color":"","background-image":"","background-repeat":"repeat","background-position":"center center","background-size":"auto","background-attachment":"scroll","background-type":"","background-media":"","overlay-type":"","overlay-color":"","overlay-opacity":"","overlay-gradient":""},"tablet":{"background-color":"","background-image":"","background-repeat":"repeat","background-position":"center center","background-size":"auto","background-attachment":"scroll","background-type":"","background-media":"","overlay-type":"","overlay-color":"","overlay-opacity":"","overlay-gradient":""},"mobile":{"background-color":"","background-image":"","background-repeat":"repeat","background-position":"center center","background-size":"auto","background-attachment":"scroll","background-type":"","background-media":"","overlay-type":"","overlay-color":"","overlay-opacity":"","overlay-gradient":""}},"ast-content-background-meta":{"desktop":{"background-color":"var(--ast-global-color-5)","background-image":"","background-repeat":"repeat","background-position":"center center","background-size":"auto","background-attachment":"scroll","background-type":"","background-media":"","overlay-type":"","overlay-color":"","overlay-opacity":"","overlay-gradient":""},"tablet":{"background-color":"var(--ast-global-color-5)","background-image":"","background-repeat":"repeat","background-position":"center center","background-size":"auto","background-attachment":"scroll","background-type":"","background-media":"","overlay-type":"","overlay-color":"","overlay-opacity":"","overlay-gradient":""},"mobile":{"background-color":"var(--ast-global-color-5)","background-image":"","background-repeat":"repeat","background-position":"center center","background-size":"auto","background-attachment":"scroll","background-type":"","background-media":"","overlay-type":"","overlay-color":"","overlay-opacity":"","overlay-gradient":""}},"footnotes":""},"class_list":["post-13330","page","type-page","status-publish","hentry"],"post_mailing_queue_ids":[],"_links":{"self":[{"href":"https:\/\/projectes.xtec.cat\/canaldereporters\/wp-json\/wp\/v2\/pages\/13330","targetHints":{"allow":["GET"]}}],"collection":[{"href":"https:\/\/projectes.xtec.cat\/canaldereporters\/wp-json\/wp\/v2\/pages"}],"about":[{"href":"https:\/\/projectes.xtec.cat\/canaldereporters\/wp-json\/wp\/v2\/types\/page"}],"author":[{"embeddable":true,"href":"https:\/\/projectes.xtec.cat\/canaldereporters\/wp-json\/wp\/v2\/users\/17"}],"replies":[{"embeddable":true,"href":"https:\/\/projectes.xtec.cat\/canaldereporters\/wp-json\/wp\/v2\/comments?post=13330"}],"version-history":[{"count":6,"href":"https:\/\/projectes.xtec.cat\/canaldereporters\/wp-json\/wp\/v2\/pages\/13330\/revisions"}],"predecessor-version":[{"id":14280,"href":"https:\/\/projectes.xtec.cat\/canaldereporters\/wp-json\/wp\/v2\/pages\/13330\/revisions\/14280"}],"up":[{"embeddable":true,"href":"https:\/\/projectes.xtec.cat\/canaldereporters\/wp-json\/wp\/v2\/pages\/9850"}],"wp:attachment":[{"href":"https:\/\/projectes.xtec.cat\/canaldereporters\/wp-json\/wp\/v2\/media?parent=13330"}],"curies":[{"name":"wp","href":"https:\/\/api.w.org\/{rel}","templated":true}]}}