{"id":15010,"date":"2024-12-17T15:54:04","date_gmt":"2024-12-17T14:54:04","guid":{"rendered":"https:\/\/projectes.xtec.cat\/canaldereporters\/?page_id=15010"},"modified":"2024-12-17T17:09:07","modified_gmt":"2024-12-17T16:09:07","slug":"seminari7_alumnat","status":"publish","type":"page","link":"https:\/\/projectes.xtec.cat\/canaldereporters\/seminaris-web\/seminari7_alumnat\/","title":{"rendered":"Seminari7_Alumnat"},"content":{"rendered":"\n<div style=\"height:30px\" aria-hidden=\"true\" class=\"wp-block-spacer\"><\/div>\n\n\n\n<div class=\"wp-block-group alignwide is-layout-flow wp-block-group-is-layout-flow\">\n<div class=\"wp-block-columns is-layout-flex wp-container-core-columns-is-layout-1 wp-block-columns-is-layout-flex\">\n<div class=\"wp-block-column is-layout-flow wp-block-column-is-layout-flow\">\n<h2 class=\"wp-block-heading\"><span class=\"has-inline-color has-ast-global-color-1-color\">Data<\/span><\/h2>\n\n\n\n<p>17 de desembre de 2023<\/p>\n\n\n\n<h2 class=\"wp-block-heading\"><span class=\"has-inline-color has-ast-global-color-1-color\">Ponent<\/span><\/h2>\n\n\n\n<ul class=\"wp-block-list\">\n<li>Jennifer Molina<\/li>\n<\/ul>\n\n\n\n<p>Jenifer Molina \u00e9s periodista i est\u00e0 especialitzada en comunicaci\u00f3 antiracista. Treballa a SOS Racisme com a coordinadora de comunicaci\u00f3. <\/p>\n\n\n\n<p>SOS Racisme, associaci\u00f3 creada el 1989 treballa per la defensa dels drets humans des de l\u2019acci\u00f3 antiracista de manera independent, democr\u00e0tica i des de l\u2019acci\u00f3 de base.<\/p>\n<\/div>\n\n\n\n<div class=\"wp-block-column is-layout-flow wp-block-column-is-layout-flow\">\n<figure class=\"wp-block-embed is-type-video is-provider-youtube wp-block-embed-youtube wp-embed-aspect-16-9 wp-has-aspect-ratio\"><div class=\"wp-block-embed__wrapper\">\n<div class=\"ast-oembed-container \" style=\"height: 100%;\"><iframe loading=\"lazy\" title=\"Canal de Reporters - Seminari 07 - SOS Racisme - Alumnat\" width=\"500\" height=\"281\" src=\"https:\/\/www.youtube.com\/embed\/9DVGBLQXKqQ?feature=oembed\" frameborder=\"0\" allow=\"accelerometer; autoplay; clipboard-write; encrypted-media; gyroscope; picture-in-picture; web-share\" referrerpolicy=\"strict-origin-when-cross-origin\" allowfullscreen><\/iframe><\/div>\n<\/div><\/figure>\n<\/div>\n<\/div>\n<\/div>\n\n\n\n<div class=\"wp-block-group alignwide is-layout-flow wp-block-group-is-layout-flow\">\n<div class=\"wp-block-columns is-layout-flex wp-container-core-columns-is-layout-2 wp-block-columns-is-layout-flex\">\n<div class=\"wp-block-column is-layout-flow wp-block-column-is-layout-flow\">\n<h2 class=\"wp-block-heading\">Descripci\u00f3<\/h2>\n\n\n\n<p>El periodisme pot ajudar a trencar estereotips negatius relacionats amb l\u2019origen i la ra\u00e7a de les persones? Com afecten les fake news o not\u00edcies falses en la creaci\u00f3 de discursos racistes? Qu\u00e8 s\u00f3n els marcs mentals?<\/p>\n\n\n\n<p>Totes aquestes preguntes i moltes m\u00e9s troben resposta en aquest q\u00fcestionari on la Jenifer, periodista i especialista en comunicaci\u00f3 antiracista, ens ajuda a entendre aquests conceptes que impacten tant en el nostre dia a dia i en com entenem el m\u00f3n.\u00a0\u00a0<\/p>\n\n\n\n<p><\/p>\n\n\n\n<div style=\"height:75px\" aria-hidden=\"true\" class=\"wp-block-spacer\"><\/div>\n<\/div>\n<\/div>\n<\/div>\n","protected":false},"excerpt":{"rendered":"<p>Data 17 de desembre de 2023 Ponent Jenifer Molina \u00e9s periodista i est\u00e0 especialitzada en comunicaci\u00f3 antiracista. Treballa a SOS Racisme com a coordinadora de comunicaci\u00f3. SOS Racisme, associaci\u00f3 creada el 1989 treballa per la defensa dels drets humans des de l\u2019acci\u00f3 antiracista de manera independent, democr\u00e0tica i des de l\u2019acci\u00f3 de base. Descripci\u00f3 El [&hellip;]<\/p>\n","protected":false},"author":17,"featured_media":0,"parent":9850,"menu_order":0,"comment_status":"closed","ping_status":"closed","template":"","meta":{"site-sidebar-layout":"default","site-content-layout":"","ast-site-content-layout":"default","site-content-style":"default","site-sidebar-style":"default","ast-global-header-display":"","ast-banner-title-visibility":"","ast-main-header-display":"","ast-hfb-above-header-display":"","ast-hfb-below-header-display":"","ast-hfb-mobile-header-display":"","site-post-title":"disabled","ast-breadcrumbs-content":"","ast-featured-img":"","footer-sml-layout":"","theme-transparent-header-meta":"","adv-header-id-meta":"","stick-header-meta":"","header-above-stick-meta":"","header-main-stick-meta":"","header-below-stick-meta":"","astra-migrate-meta-layouts":"set","ast-page-background-enabled":"default","ast-page-background-meta":{"desktop":{"background-color":"","background-image":"","background-repeat":"repeat","background-position":"center center","background-size":"auto","background-attachment":"scroll","background-type":"","background-media":"","overlay-type":"","overlay-color":"","overlay-opacity":"","overlay-gradient":""},"tablet":{"background-color":"","background-image":"","background-repeat":"repeat","background-position":"center center","background-size":"auto","background-attachment":"scroll","background-type":"","background-media":"","overlay-type":"","overlay-color":"","overlay-opacity":"","overlay-gradient":""},"mobile":{"background-color":"","background-image":"","background-repeat":"repeat","background-position":"center center","background-size":"auto","background-attachment":"scroll","background-type":"","background-media":"","overlay-type":"","overlay-color":"","overlay-opacity":"","overlay-gradient":""}},"ast-content-background-meta":{"desktop":{"background-color":"var(--ast-global-color-5)","background-image":"","background-repeat":"repeat","background-position":"center center","background-size":"auto","background-attachment":"scroll","background-type":"","background-media":"","overlay-type":"","overlay-color":"","overlay-opacity":"","overlay-gradient":""},"tablet":{"background-color":"var(--ast-global-color-5)","background-image":"","background-repeat":"repeat","background-position":"center center","background-size":"auto","background-attachment":"scroll","background-type":"","background-media":"","overlay-type":"","overlay-color":"","overlay-opacity":"","overlay-gradient":""},"mobile":{"background-color":"var(--ast-global-color-5)","background-image":"","background-repeat":"repeat","background-position":"center center","background-size":"auto","background-attachment":"scroll","background-type":"","background-media":"","overlay-type":"","overlay-color":"","overlay-opacity":"","overlay-gradient":""}},"footnotes":""},"class_list":["post-15010","page","type-page","status-publish","hentry"],"post_mailing_queue_ids":[],"_links":{"self":[{"href":"https:\/\/projectes.xtec.cat\/canaldereporters\/wp-json\/wp\/v2\/pages\/15010","targetHints":{"allow":["GET"]}}],"collection":[{"href":"https:\/\/projectes.xtec.cat\/canaldereporters\/wp-json\/wp\/v2\/pages"}],"about":[{"href":"https:\/\/projectes.xtec.cat\/canaldereporters\/wp-json\/wp\/v2\/types\/page"}],"author":[{"embeddable":true,"href":"https:\/\/projectes.xtec.cat\/canaldereporters\/wp-json\/wp\/v2\/users\/17"}],"replies":[{"embeddable":true,"href":"https:\/\/projectes.xtec.cat\/canaldereporters\/wp-json\/wp\/v2\/comments?post=15010"}],"version-history":[{"count":5,"href":"https:\/\/projectes.xtec.cat\/canaldereporters\/wp-json\/wp\/v2\/pages\/15010\/revisions"}],"predecessor-version":[{"id":15035,"href":"https:\/\/projectes.xtec.cat\/canaldereporters\/wp-json\/wp\/v2\/pages\/15010\/revisions\/15035"}],"up":[{"embeddable":true,"href":"https:\/\/projectes.xtec.cat\/canaldereporters\/wp-json\/wp\/v2\/pages\/9850"}],"wp:attachment":[{"href":"https:\/\/projectes.xtec.cat\/canaldereporters\/wp-json\/wp\/v2\/media?parent=15010"}],"curies":[{"name":"wp","href":"https:\/\/api.w.org\/{rel}","templated":true}]}}