{"id":15012,"date":"2024-12-17T16:02:04","date_gmt":"2024-12-17T15:02:04","guid":{"rendered":"https:\/\/projectes.xtec.cat\/canaldereporters\/?page_id=15012"},"modified":"2024-12-17T17:13:20","modified_gmt":"2024-12-17T16:13:20","slug":"seminari7_experienciacentre","status":"publish","type":"page","link":"https:\/\/projectes.xtec.cat\/canaldereporters\/seminaris-web\/seminari7_experienciacentre\/","title":{"rendered":"Seminari7_Experi\u00e8nciaCentre"},"content":{"rendered":"\n<div class=\"wp-block-getwid-section alignfull alignfull\"><div class=\"wp-block-getwid-section__wrapper\"><div class=\"wp-block-getwid-section__inner-wrapper\"><div class=\"wp-block-getwid-section__background-holder\"><div class=\"wp-block-getwid-section__background\"><\/div><div class=\"wp-block-getwid-section__foreground\"><\/div><\/div><div class=\"wp-block-getwid-section__content\"><div class=\"wp-block-getwid-section__inner-content\">\n<div class=\"wp-block-columns is-layout-flex wp-container-core-columns-is-layout-1 wp-block-columns-is-layout-flex\">\n<div class=\"wp-block-column is-layout-flow wp-block-column-is-layout-flow\">\n<h2 class=\"wp-block-heading\"><span style=\"background-color:rgba(0, 0, 0, 0)\" class=\"has-inline-color has-ast-global-color-1-color\">Data<\/span><\/h2>\n\n\n\n<p>17 de desembre de 2024<\/p>\n\n\n\n<h2 class=\"wp-block-heading\"><span style=\"background-color:rgba(0, 0, 0, 0)\" class=\"has-inline-color has-ast-global-color-1-color\">Ponents<\/span><\/h2>\n\n\n\n<ul class=\"wp-block-list\">\n<li>Txell Bacardit<\/li>\n<\/ul>\n\n\n\n<p>Professora al CFGS d\u2019Integraci\u00f3 social a l\u2019Institut Guillem Cat\u00e0 de Manresa i activista en l\u2019\u00e0mbit cultural, social i associatiu a la Catalunya central.<\/p>\n\n\n\n<ul class=\"wp-block-list\">\n<li>Marta Mu\u00f1oz<\/li>\n<\/ul>\n\n\n\n<p>Treballadora social de formaci\u00f3, \u00e9s professora al CFGS d\u2019Integraci\u00f3 social a l\u2019Institut Guillem Cat\u00e0 de Manresa.&nbsp;<\/p>\n<\/div>\n\n\n\n<div class=\"wp-block-column is-layout-flow wp-block-column-is-layout-flow\">\n<figure class=\"wp-block-embed is-type-video is-provider-youtube wp-block-embed-youtube wp-embed-aspect-16-9 wp-has-aspect-ratio\"><div class=\"wp-block-embed__wrapper\">\n<div class=\"ast-oembed-container \" style=\"height: 100%;\"><iframe loading=\"lazy\" title=\"Canal de Reporters - Seminari 07 - Racisme - Experi\u00e8ncia de centre de l&#039;ING Guillem Cat\u00e0\" width=\"500\" height=\"281\" src=\"https:\/\/www.youtube.com\/embed\/VhfDj6E7-v4?feature=oembed\" frameborder=\"0\" allow=\"accelerometer; autoplay; clipboard-write; encrypted-media; gyroscope; picture-in-picture; web-share\" referrerpolicy=\"strict-origin-when-cross-origin\" allowfullscreen><\/iframe><\/div>\n<\/div><\/figure>\n<\/div>\n<\/div>\n\n\n\n<div class=\"wp-block-columns is-layout-flex wp-container-core-columns-is-layout-2 wp-block-columns-is-layout-flex\">\n<div class=\"wp-block-column is-layout-flow wp-block-column-is-layout-flow\">\n<p><\/p>\n\n\n\n<h2 class=\"wp-block-heading\">Descripci\u00f3<\/h2>\n\n\n\n<p>INS Guillem Cat\u00e0 de Manresa<\/p>\n\n\n\n<p>Us presentem l\u2019experi\u00e8ncia de l\u2019Institut<a href=\"https:\/\/www.guillemcata.cat\/\" target=\"_blank\" rel=\"noreferrer noopener\"><strong> Guillem Cat\u00e0 de Manresa<\/strong><\/a>, centre p\u00fablic d\u2019educaci\u00f3 secund\u00e0ria&nbsp; que acull 1400 alumnes que reflecteixen la diversitat cultural de la ciutat i comarca i 140 professors.<\/p>\n\n\n\n<p>La Txell Bacardit i la Marta Mu\u00f1oz ens presenten l\u2019activitat <strong>&nbsp;\u201cL\u2019antiracisme com a mirada inclusiva i transversal de la fam\u00edlia professional de Serveis a la Comunitat<\/strong>\u201d una acci\u00f3 desenvolupada en el marc de la III Jornada de Serveis a la Comunitat que va organitzar la fam\u00edlia professional de Serveis a la Comunitat de l\u2019Institut Guillem Cat\u00e0: aquesta est\u00e0 formada pels cicles formatius de grau mitj\u00e0 d\u2019atenci\u00f3 a les persones en situaci\u00f3 de depend\u00e8ncia i els cicles de grau superior d\u2019animaci\u00f3 sociocultural i tur\u00edstica, d\u2019educaci\u00f3 infantil i d\u2019integraci\u00f3 social.<\/p>\n\n\n\n<p>El seminari mostra el desenvolupament de l\u2019activitat en un centre de grans dimensions, oferint idees i reflexions sobre l\u2019elaboraci\u00f3 d\u2019una jornada que pret\u00e9n denunciar el racisme estructural, creant sinergies entre diferents cicles del centre i vetllar pel benestar emocional de l\u2019alumnat. I a la vegada, ofereix suggeriments al voltant de les eines tecnol\u00f2giques emprades al servei de l\u2019aprenentatge i l&#8217;assoliment dels objectius proposat.<\/p>\n\n\n\n<h3 class=\"wp-block-heading\">Enlla\u00e7os<\/h3>\n\n\n\n<p><a href=\"https:\/\/versembrant.cat\/\" target=\"_blank\" rel=\"noreferrer noopener\">Versembrant<\/a><\/p>\n\n\n\n<p><a href=\"https:\/\/labonne.org\/companya-de-viatges\/sindillar-sindihogar\/\" target=\"_blank\" rel=\"noreferrer noopener\">Sindillar<\/a><\/p>\n\n\n\n<p><a href=\"https:\/\/estructurespopulars.org\/espai-alcowa\/\" target=\"_blank\" rel=\"noreferrer noopener\">Alqwa<\/a><\/p>\n\n\n\n<p><a href=\"https:\/\/drive.google.com\/file\/d\/1b0QaOxkpcK3OXCk3kf6GdDTqLTEsLUCB\/view?usp=sharing\" target=\"_blank\" rel=\"noreferrer noopener\">Casa per la pau<\/a><a href=\"https:\/\/www.cooperacio.manresa.cat\/\" target=\"_blank\" rel=\"noreferrer noopener\"> <\/a><a href=\"https:\/\/drive.google.com\/file\/d\/1b0QaOxkpcK3OXCk3kf6GdDTqLTEsLUCB\/view?usp=sharing\" target=\"_blank\" rel=\"noreferrer noopener\">i la <\/a><a href=\"https:\/\/cooperacio.manresa.cat\/\" target=\"_blank\" rel=\"noreferrer noopener\">solidaritat <\/a><a href=\"https:\/\/drive.google.com\/file\/d\/1b0QaOxkpcK3OXCk3kf6GdDTqLTEsLUCB\/view?usp=sharing\" target=\"_blank\" rel=\"noreferrer noopener\">Flors Sirera<\/a><\/p>\n\n\n\n<p><a href=\"https:\/\/www.instagram.com\/alaguaitmanresa\/\" target=\"_blank\" rel=\"noreferrer noopener\">A l\u2019aguait<\/a><\/p>\n\n\n\n<p><a href=\"https:\/\/www.instagram.com\/assomigress\/\" target=\"_blank\" rel=\"noreferrer noopener\">Migress<\/a><\/p>\n\n\n\n<p><a href=\"https:\/\/fahafahana.gumroad.com\/\" target=\"_blank\" rel=\"noreferrer noopener\">Fahafahana<\/a><\/p>\n\n\n\n<p><a href=\"https:\/\/www.instagram.com\/hija_de_la_tamazgha\/\" target=\"_blank\" rel=\"noreferrer noopener\">Yousra<\/a><\/p>\n\n\n\n<p><a href=\"https:\/\/www.jamweb.cat\/le-voyage\/\" target=\"_blank\" rel=\"noreferrer noopener\">Jam<\/a><\/p>\n\n\n\n<p><a href=\"https:\/\/www.youtube.com\/@som3cat\"><\/a><\/p>\n<\/div>\n<\/div>\n<\/div><\/div><\/div><\/div><\/div>\n\n\n\n<div style=\"height:24px\" aria-hidden=\"true\" class=\"wp-block-spacer\"><\/div>\n","protected":false},"excerpt":{"rendered":"","protected":false},"author":17,"featured_media":0,"parent":9850,"menu_order":0,"comment_status":"closed","ping_status":"closed","template":"","meta":{"site-sidebar-layout":"default","site-content-layout":"","ast-site-content-layout":"default","site-content-style":"default","site-sidebar-style":"default","ast-global-header-display":"","ast-banner-title-visibility":"","ast-main-header-display":"","ast-hfb-above-header-display":"","ast-hfb-below-header-display":"","ast-hfb-mobile-header-display":"","site-post-title":"","ast-breadcrumbs-content":"","ast-featured-img":"","footer-sml-layout":"","theme-transparent-header-meta":"","adv-header-id-meta":"","stick-header-meta":"","header-above-stick-meta":"","header-main-stick-meta":"","header-below-stick-meta":"","astra-migrate-meta-layouts":"set","ast-page-background-enabled":"default","ast-page-background-meta":{"desktop":{"background-color":"","background-image":"","background-repeat":"repeat","background-position":"center center","background-size":"auto","background-attachment":"scroll","background-type":"","background-media":"","overlay-type":"","overlay-color":"","overlay-opacity":"","overlay-gradient":""},"tablet":{"background-color":"","background-image":"","background-repeat":"repeat","background-position":"center center","background-size":"auto","background-attachment":"scroll","background-type":"","background-media":"","overlay-type":"","overlay-color":"","overlay-opacity":"","overlay-gradient":""},"mobile":{"background-color":"","background-image":"","background-repeat":"repeat","background-position":"center center","background-size":"auto","background-attachment":"scroll","background-type":"","background-media":"","overlay-type":"","overlay-color":"","overlay-opacity":"","overlay-gradient":""}},"ast-content-background-meta":{"desktop":{"background-color":"var(--ast-global-color-5)","background-image":"","background-repeat":"repeat","background-position":"center center","background-size":"auto","background-attachment":"scroll","background-type":"","background-media":"","overlay-type":"","overlay-color":"","overlay-opacity":"","overlay-gradient":""},"tablet":{"background-color":"var(--ast-global-color-5)","background-image":"","background-repeat":"repeat","background-position":"center center","background-size":"auto","background-attachment":"scroll","background-type":"","background-media":"","overlay-type":"","overlay-color":"","overlay-opacity":"","overlay-gradient":""},"mobile":{"background-color":"var(--ast-global-color-5)","background-image":"","background-repeat":"repeat","background-position":"center center","background-size":"auto","background-attachment":"scroll","background-type":"","background-media":"","overlay-type":"","overlay-color":"","overlay-opacity":"","overlay-gradient":""}},"footnotes":""},"class_list":["post-15012","page","type-page","status-publish","hentry"],"post_mailing_queue_ids":[],"_links":{"self":[{"href":"https:\/\/projectes.xtec.cat\/canaldereporters\/wp-json\/wp\/v2\/pages\/15012","targetHints":{"allow":["GET"]}}],"collection":[{"href":"https:\/\/projectes.xtec.cat\/canaldereporters\/wp-json\/wp\/v2\/pages"}],"about":[{"href":"https:\/\/projectes.xtec.cat\/canaldereporters\/wp-json\/wp\/v2\/types\/page"}],"author":[{"embeddable":true,"href":"https:\/\/projectes.xtec.cat\/canaldereporters\/wp-json\/wp\/v2\/users\/17"}],"replies":[{"embeddable":true,"href":"https:\/\/projectes.xtec.cat\/canaldereporters\/wp-json\/wp\/v2\/comments?post=15012"}],"version-history":[{"count":5,"href":"https:\/\/projectes.xtec.cat\/canaldereporters\/wp-json\/wp\/v2\/pages\/15012\/revisions"}],"predecessor-version":[{"id":15038,"href":"https:\/\/projectes.xtec.cat\/canaldereporters\/wp-json\/wp\/v2\/pages\/15012\/revisions\/15038"}],"up":[{"embeddable":true,"href":"https:\/\/projectes.xtec.cat\/canaldereporters\/wp-json\/wp\/v2\/pages\/9850"}],"wp:attachment":[{"href":"https:\/\/projectes.xtec.cat\/canaldereporters\/wp-json\/wp\/v2\/media?parent=15012"}],"curies":[{"name":"wp","href":"https:\/\/api.w.org\/{rel}","templated":true}]}}