{"id":15092,"date":"2025-01-09T12:32:14","date_gmt":"2025-01-09T11:32:14","guid":{"rendered":"https:\/\/projectes.xtec.cat\/canaldereporters\/?page_id=15092"},"modified":"2025-01-10T10:03:43","modified_gmt":"2025-01-10T09:03:43","slug":"drets-dels-infants","status":"publish","type":"page","link":"https:\/\/projectes.xtec.cat\/canaldereporters\/drets-dels-infants\/","title":{"rendered":"Drets dels infants"},"content":{"rendered":"\n<div class=\"wp-block-getwid-section alignfull alignfull\" style=\"margin-bottom:25px\"><div class=\"wp-block-getwid-section__wrapper getwid-reset-min-height-mobile\" style=\"padding-bottom:219px\"><div class=\"wp-block-getwid-section__inner-wrapper\"><div class=\"wp-block-getwid-section__background-holder\"><div class=\"wp-block-getwid-section__background has-background\" style=\"background-color:#f2f2f2;background-image:url('https:\/\/projectes.xtec.cat\/canaldereporters\/wp-content\/uploads\/usu2921\/2025\/01\/GTRA_PORTALS-GTRA-ELS-DRETS-DELS-INFANTS-IMATGE.png');background-position:center center;background-size:auto\"><div class=\"wp-block-getwid-section__background-image-wrapper\"><img decoding=\"async\" class=\"wp-block-getwid-section__background-image\" src=\"https:\/\/projectes.xtec.cat\/canaldereporters\/wp-content\/uploads\/usu2921\/2025\/01\/GTRA_PORTALS-GTRA-ELS-DRETS-DELS-INFANTS-IMATGE.png\" alt=\"\"\/><\/div><\/div><div class=\"wp-block-getwid-section__foreground\"><\/div><\/div><div class=\"wp-block-getwid-section__content\"><div class=\"wp-block-getwid-section__inner-content\"><\/div><\/div><\/div><\/div><\/div>\n\n\n\n<p>El <strong>20 de novembre<\/strong> de cada any se celebra el<strong><a href=\"https:\/\/anue.org\/2024\/11\/20\/dia-mundial-dels-infants-commemoracio-de-la-convencio-dels-drets-dels-infants-del-1989\/\" target=\"_blank\" rel=\"noreferrer noopener\"> Dia Mundial de la Inf\u00e0ncia<\/a><\/strong> per promoure la conviv\u00e8ncia internacional, la conscienciaci\u00f3 entre els nens i les nenes de tot el m\u00f3n i la millora del benestar dels infants. El Grup de Treball dels Centres de recursos posa en marxa l&#8217;activitat de creaci\u00f3 de falques sonores sobre els<strong> Drets dels Infants<\/strong> per tal d\u2019explorar i donar a con\u00e8ixer els drets de l\u2019alumnat d\u2019una forma creativa.&nbsp;<\/p>\n\n\n\n<p>La gravaci\u00f3 d\u2019aquestes falques es converteix en un exercici excel\u00b7lent per fomentar la compet\u00e8ncia comunicativa, el treball en equip i la reflexi\u00f3 cr\u00edtica. L\u2019activitat permet con\u00e8ixer les caracter\u00edstiques d\u2019una bona falca radiof\u00f2nica i, a la vegada, pot resultar un bon exercici per aprendre a estructurar missatges clars i impactants, utilitzant recursos sonors diversos (veus, sons, efectes sonors, m\u00fasiques, etc.). <\/p>\n\n\n\n<p>La proposta vol donar veu als infants i afavorir que es converteixin en agents actius de difusi\u00f3 i conscienciaci\u00f3 social. Explicar els<a href=\"http:\/\/www.xarxadretsinfants.cat\/els-drets-dels-infants\/\" target=\"_blank\" rel=\"noreferrer noopener\"> Drets dels Infants<\/a> en diferents talls radiof\u00f2nics ha servit per donar veu a l&#8217;alumnat dels centres que hi han participat. Crear una falca sonora sobre els drets dels infants \u00e9s una bona oportunitat per sensibilitzar l&#8217;alumnat i ajudar a difondre un missatge potent i educatiu en un format divertit i atractiu.<\/p>\n\n\n\n<hr class=\"wp-block-separator has-alpha-channel-opacity is-style-dots\"\/>\n\n\n\n<p>Podeu sentir els arxius d&#8217;aquesta activitat i moltes altres al nou repositori d&#8217;arxius sonors que recopila les aportacions que els Centres de Recursos Pedag\u00f2gics han dut a terme amb els centres del seu territori.<\/p>\n\n\n\n<div class=\"wp-block-buttons is-layout-flex wp-block-buttons-is-layout-flex\">\n<div class=\"wp-block-button has-custom-width wp-block-button__width-100\"><a class=\"wp-block-button__link wp-element-button\" href=\"https:\/\/projectes.xtec.cat\/canaldereporters\/repositori\/\" target=\"_blank\" rel=\"noreferrer noopener\">Repositori d&#8217;arxius sonors<\/a><\/div>\n<\/div>\n\n\n\n<p><\/p>\n\n\n\n<p><\/p>\n\n\n\n<p><\/p>\n\n\n\n<p><\/p>\n\n\n\n<p><\/p>\n\n\n\n<p><\/p>\n","protected":false},"excerpt":{"rendered":"<p>El 20 de novembre de cada any se celebra el Dia Mundial de la Inf\u00e0ncia per promoure la conviv\u00e8ncia internacional, la conscienciaci\u00f3 entre els nens i les nenes de tot el m\u00f3n i la millora del benestar dels infants. El Grup de Treball dels Centres de recursos posa en marxa l&#8217;activitat de creaci\u00f3 de falques [&hellip;]<\/p>\n","protected":false},"author":17,"featured_media":0,"parent":0,"menu_order":0,"comment_status":"closed","ping_status":"close","template":"","meta":{"site-sidebar-layout":"default","site-content-layout":"","ast-site-content-layout":"default","site-content-style":"default","site-sidebar-style":"default","ast-global-header-display":"","ast-banner-title-visibility":"","ast-main-header-display":"","ast-hfb-above-header-display":"","ast-hfb-below-header-display":"","ast-hfb-mobile-header-display":"","site-post-title":"disabled","ast-breadcrumbs-content":"","ast-featured-img":"","footer-sml-layout":"","theme-transparent-header-meta":"","adv-header-id-meta":"","stick-header-meta":"","header-above-stick-meta":"","header-main-stick-meta":"","header-below-stick-meta":"","astra-migrate-meta-layouts":"set","ast-page-background-enabled":"default","ast-page-background-meta":{"desktop":{"background-color":"","background-image":"","background-repeat":"repeat","background-position":"center center","background-size":"auto","background-attachment":"scroll","background-type":"","background-media":"","overlay-type":"","overlay-color":"","overlay-opacity":"","overlay-gradient":""},"tablet":{"background-color":"","background-image":"","background-repeat":"repeat","background-position":"center center","background-size":"auto","background-attachment":"scroll","background-type":"","background-media":"","overlay-type":"","overlay-color":"","overlay-opacity":"","overlay-gradient":""},"mobile":{"background-color":"","background-image":"","background-repeat":"repeat","background-position":"center center","background-size":"auto","background-attachment":"scroll","background-type":"","background-media":"","overlay-type":"","overlay-color":"","overlay-opacity":"","overlay-gradient":""}},"ast-content-background-meta":{"desktop":{"background-color":"var(--ast-global-color-5)","background-image":"","background-repeat":"repeat","background-position":"center center","background-size":"auto","background-attachment":"scroll","background-type":"","background-media":"","overlay-type":"","overlay-color":"","overlay-opacity":"","overlay-gradient":""},"tablet":{"background-color":"var(--ast-global-color-5)","background-image":"","background-repeat":"repeat","background-position":"center center","background-size":"auto","background-attachment":"scroll","background-type":"","background-media":"","overlay-type":"","overlay-color":"","overlay-opacity":"","overlay-gradient":""},"mobile":{"background-color":"var(--ast-global-color-5)","background-image":"","background-repeat":"repeat","background-position":"center center","background-size":"auto","background-attachment":"scroll","background-type":"","background-media":"","overlay-type":"","overlay-color":"","overlay-opacity":"","overlay-gradient":""}},"footnotes":""},"class_list":["post-15092","page","type-page","status-publish","hentry"],"post_mailing_queue_ids":[],"_links":{"self":[{"href":"https:\/\/projectes.xtec.cat\/canaldereporters\/wp-json\/wp\/v2\/pages\/15092","targetHints":{"allow":["GET"]}}],"collection":[{"href":"https:\/\/projectes.xtec.cat\/canaldereporters\/wp-json\/wp\/v2\/pages"}],"about":[{"href":"https:\/\/projectes.xtec.cat\/canaldereporters\/wp-json\/wp\/v2\/types\/page"}],"author":[{"embeddable":true,"href":"https:\/\/projectes.xtec.cat\/canaldereporters\/wp-json\/wp\/v2\/users\/17"}],"replies":[{"embeddable":true,"href":"https:\/\/projectes.xtec.cat\/canaldereporters\/wp-json\/wp\/v2\/comments?post=15092"}],"version-history":[{"count":6,"href":"https:\/\/projectes.xtec.cat\/canaldereporters\/wp-json\/wp\/v2\/pages\/15092\/revisions"}],"predecessor-version":[{"id":15150,"href":"https:\/\/projectes.xtec.cat\/canaldereporters\/wp-json\/wp\/v2\/pages\/15092\/revisions\/15150"}],"wp:attachment":[{"href":"https:\/\/projectes.xtec.cat\/canaldereporters\/wp-json\/wp\/v2\/media?parent=15092"}],"curies":[{"name":"wp","href":"https:\/\/api.w.org\/{rel}","templated":true}]}}