{"id":15105,"date":"2025-01-09T12:45:18","date_gmt":"2025-01-09T11:45:18","guid":{"rendered":"https:\/\/projectes.xtec.cat\/canaldereporters\/?page_id=15105"},"modified":"2025-01-09T22:47:20","modified_gmt":"2025-01-09T21:47:20","slug":"curs-24-25","status":"publish","type":"page","link":"https:\/\/projectes.xtec.cat\/canaldereporters\/dia-mundial-de-la-radio-100-anys-explicant-histories\/curs-24-25\/","title":{"rendered":"Dia mundial de la r\u00e0dio (Curs 24\/25)"},"content":{"rendered":"\n<div class=\"wp-block-buttons is-layout-flex wp-block-buttons-is-layout-flex\">\n<div class=\"wp-block-button has-custom-width wp-block-button__width-25\"><a class=\"wp-block-button__link wp-element-button\" href=\"https:\/\/projectes.xtec.cat\/canaldereporters\/dia-mundial-de-la-radio-100-anys-explicant-histories\/curs-23-24\/\">Curs 2023\/24<\/a><\/div>\n\n\n\n<div class=\"wp-block-button has-custom-width wp-block-button__width-25\"><a class=\"wp-block-button__link wp-element-button\" href=\"https:\/\/projectes.xtec.cat\/canaldereporters\/dia-mundial-de-la-radio-100-anys-explicant-histories\/curs-24-25\/\">Curs 2024\/25<\/a><\/div>\n<\/div>\n\n\n\n<p><\/p>\n\n\n\n<div class=\"wp-block-getwid-section alignfull alignfull\" style=\"margin-bottom:25px\"><div class=\"wp-block-getwid-section__wrapper getwid-reset-min-height-mobile\" style=\"padding-bottom:219px\"><div class=\"wp-block-getwid-section__inner-wrapper\"><div class=\"wp-block-getwid-section__background-holder\"><div class=\"wp-block-getwid-section__background has-background\" style=\"background-color:#f2f2f2;background-image:url('https:\/\/projectes.xtec.cat\/canaldereporters\/wp-content\/uploads\/usu2921\/2025\/01\/BANNER-100-ANYS-EXPLICANT-HISTORIES-2025-IMATGE.png');background-position:center center;background-size:auto\"><div class=\"wp-block-getwid-section__background-image-wrapper\"><img decoding=\"async\" class=\"wp-block-getwid-section__background-image\" src=\"https:\/\/projectes.xtec.cat\/canaldereporters\/wp-content\/uploads\/usu2921\/2025\/01\/BANNER-100-ANYS-EXPLICANT-HISTORIES-2025-IMATGE.png\" alt=\"\"\/><\/div><\/div><div class=\"wp-block-getwid-section__foreground\"><\/div><\/div><div class=\"wp-block-getwid-section__content\"><div class=\"wp-block-getwid-section__inner-content\"><\/div><\/div><\/div><\/div><\/div>\n\n\n\n<p>L&#8217;Assemblea General de les Nacions Unides van acordar la celebraci\u00f3 del dia Mundial de la R\u00e0dio el 13 de febrer de cada any.  Tal com s&#8217;afirma des de la <a href=\"https:\/\/www.unesco.org\/es\/days\/world-radio\" data-type=\"link\" data-id=\"https:\/\/www.unesco.org\/es\/days\/world-radio\" target=\"_blank\" rel=\"noreferrer noopener\">UNESCO,<\/a> en una era marcada per la vertiginosa velocitat de la innovaci\u00f3 tecnol\u00f2gica i la r\u00e0pida obsolesc\u00e8ncia d&#8217;una nova i brillant plataforma darrere l&#8217;altra, la r\u00e0dio comen\u00e7a el segon segle de servei com un dels mitjans de comunicaci\u00f3 m\u00e9s fiables i \u00e0mpliament utilitzats al m\u00f3n. <\/p>\n\n\n\n<p>Certament, la r\u00e0dio ens informa, ens uneix i esdev\u00e9 el mitj\u00e0 perfecte per con\u00e8ixer noves idees, noves maneres de pensar, compatir hist\u00f2ries i fer con\u00e8ixer les nostres tradicions arreu<strong>.<\/strong> <\/p>\n\n\n\n<p>Un any m\u00e9s el Grup de Treball dels Centres de Recursos Pedag\u00f2gics ha proposat dur a terme la preparaci\u00f3 col\u00b7laborativa d\u2019un programa radiof\u00f2nic al mes de febrer i coincidint amb aquest <strong>dia mundial de la r\u00e0dio<\/strong>. Aix\u00ed doncs, us presentem de nou l\u2019activitat\u00a0<strong>\u201cCent anys explicant hist\u00f2ries\u201d<\/strong> en la que els centres enregistren una pe\u00e7a sonora basada en un conte, llegenda o relat popular arrelat al territori. Els CRP han acompanyat a les escoles i instituts que hi han participat oferint suport t\u00e8cnic i pedag\u00f2gic per poder tirar endavant l&#8217;enregistrament sonor que s&#8217;emetr\u00e0 en un programa radiof\u00f2nic<strong> <\/strong>en obert durant <strong>la setmana del 13 de febrer.<\/strong> Des del Canal de Reporters col\u00b7laborem en l&#8217;organitzaci\u00f3 d&#8217;aquesta activitat que ofereix una excel\u00b7lent oportunitat per treballar la llengua oral i desenvolupar la compet\u00e8ncia digital.<\/p>\n\n\n\n<p>Pr\u00f2ximament, trobareu informaci\u00f3 de l&#8217;emissi\u00f3 en aquest mateix espai.<\/p>\n\n\n\n<hr class=\"wp-block-separator has-alpha-channel-opacity is-style-wide\"\/>\n\n\n\n<p>A partir del 13 de febrer tamb\u00e9 podreu sentir els arxius d&#8217;aquesta activitat i moltes altres al nou repositori d&#8217;arxius sonors que recopila les aportacions que els Centres de Recursos Pedag\u00f2gics han dut a terme amb els centres del seu territori.<\/p>\n\n\n\n<div class=\"wp-block-buttons is-layout-flex wp-block-buttons-is-layout-flex\">\n<div class=\"wp-block-button has-custom-width wp-block-button__width-100\"><a class=\"wp-block-button__link wp-element-button\" href=\"https:\/\/projectes.xtec.cat\/canaldereporters\/repositori\/\" target=\"_blank\" rel=\"noreferrer noopener\">Repositori d&#8217;arxius sonors<\/a><\/div>\n<\/div>\n","protected":false},"excerpt":{"rendered":"<p>L&#8217;Assemblea General de les Nacions Unides van acordar la celebraci\u00f3 del dia Mundial de la R\u00e0dio el 13 de febrer de cada any. Tal com s&#8217;afirma des de la UNESCO, en una era marcada per la vertiginosa velocitat de la innovaci\u00f3 tecnol\u00f2gica i la r\u00e0pida obsolesc\u00e8ncia d&#8217;una nova i brillant plataforma darrere l&#8217;altra, la r\u00e0dio [&hellip;]<\/p>\n","protected":false},"author":17,"featured_media":0,"parent":13355,"menu_order":0,"comment_status":"closed","ping_status":"closed","template":"","meta":{"site-sidebar-layout":"default","site-content-layout":"","ast-site-content-layout":"default","site-content-style":"default","site-sidebar-style":"default","ast-global-header-display":"","ast-banner-title-visibility":"","ast-main-header-display":"","ast-hfb-above-header-display":"","ast-hfb-below-header-display":"","ast-hfb-mobile-header-display":"","site-post-title":"","ast-breadcrumbs-content":"","ast-featured-img":"","footer-sml-layout":"","theme-transparent-header-meta":"","adv-header-id-meta":"","stick-header-meta":"","header-above-stick-meta":"","header-main-stick-meta":"","header-below-stick-meta":"","astra-migrate-meta-layouts":"set","ast-page-background-enabled":"default","ast-page-background-meta":{"desktop":{"background-color":"","background-image":"","background-repeat":"repeat","background-position":"center center","background-size":"auto","background-attachment":"scroll","background-type":"","background-media":"","overlay-type":"","overlay-color":"","overlay-opacity":"","overlay-gradient":""},"tablet":{"background-color":"","background-image":"","background-repeat":"repeat","background-position":"center center","background-size":"auto","background-attachment":"scroll","background-type":"","background-media":"","overlay-type":"","overlay-color":"","overlay-opacity":"","overlay-gradient":""},"mobile":{"background-color":"","background-image":"","background-repeat":"repeat","background-position":"center center","background-size":"auto","background-attachment":"scroll","background-type":"","background-media":"","overlay-type":"","overlay-color":"","overlay-opacity":"","overlay-gradient":""}},"ast-content-background-meta":{"desktop":{"background-color":"var(--ast-global-color-5)","background-image":"","background-repeat":"repeat","background-position":"center center","background-size":"auto","background-attachment":"scroll","background-type":"","background-media":"","overlay-type":"","overlay-color":"","overlay-opacity":"","overlay-gradient":""},"tablet":{"background-color":"var(--ast-global-color-5)","background-image":"","background-repeat":"repeat","background-position":"center center","background-size":"auto","background-attachment":"scroll","background-type":"","background-media":"","overlay-type":"","overlay-color":"","overlay-opacity":"","overlay-gradient":""},"mobile":{"background-color":"var(--ast-global-color-5)","background-image":"","background-repeat":"repeat","background-position":"center center","background-size":"auto","background-attachment":"scroll","background-type":"","background-media":"","overlay-type":"","overlay-color":"","overlay-opacity":"","overlay-gradient":""}},"footnotes":""},"class_list":["post-15105","page","type-page","status-publish","hentry"],"post_mailing_queue_ids":[],"_links":{"self":[{"href":"https:\/\/projectes.xtec.cat\/canaldereporters\/wp-json\/wp\/v2\/pages\/15105","targetHints":{"allow":["GET"]}}],"collection":[{"href":"https:\/\/projectes.xtec.cat\/canaldereporters\/wp-json\/wp\/v2\/pages"}],"about":[{"href":"https:\/\/projectes.xtec.cat\/canaldereporters\/wp-json\/wp\/v2\/types\/page"}],"author":[{"embeddable":true,"href":"https:\/\/projectes.xtec.cat\/canaldereporters\/wp-json\/wp\/v2\/users\/17"}],"replies":[{"embeddable":true,"href":"https:\/\/projectes.xtec.cat\/canaldereporters\/wp-json\/wp\/v2\/comments?post=15105"}],"version-history":[{"count":5,"href":"https:\/\/projectes.xtec.cat\/canaldereporters\/wp-json\/wp\/v2\/pages\/15105\/revisions"}],"predecessor-version":[{"id":15139,"href":"https:\/\/projectes.xtec.cat\/canaldereporters\/wp-json\/wp\/v2\/pages\/15105\/revisions\/15139"}],"up":[{"embeddable":true,"href":"https:\/\/projectes.xtec.cat\/canaldereporters\/wp-json\/wp\/v2\/pages\/13355"}],"wp:attachment":[{"href":"https:\/\/projectes.xtec.cat\/canaldereporters\/wp-json\/wp\/v2\/media?parent=15105"}],"curies":[{"name":"wp","href":"https:\/\/api.w.org\/{rel}","templated":true}]}}