{"id":16240,"date":"2025-11-12T11:26:14","date_gmt":"2025-11-12T10:26:14","guid":{"rendered":"https:\/\/projectes.xtec.cat\/canaldereporters\/?page_id=16240"},"modified":"2026-02-18T14:28:04","modified_gmt":"2026-02-18T13:28:04","slug":"repositori-crp","status":"publish","type":"page","link":"https:\/\/projectes.xtec.cat\/canaldereporters\/repositori-crp\/","title":{"rendered":"Repo_CRP"},"content":{"rendered":"\n<div class=\"wp-block-columns alignwide is-layout-flex wp-container-core-columns-is-layout-1 wp-block-columns-is-layout-flex\">\n<div class=\"wp-block-column is-layout-flow wp-block-column-is-layout-flow\" style=\"flex-basis:25%\">\n<p><\/p>\n\n\n\n<!-- Contenidor principal per als filtres -->\n<div id=\"filtres-radio-widget\">\n\n<!-- \n  CSS \"Scoped\" (limitat) \n  Totes les regles comencen amb #filtres-radio-widget \n  per no afectar cap altra part de la teva web.\n-->\n<style>\n  \/* T\u00edtols dels grups *\/\n  #filtres-radio-widget .filter-titol {\n    font-size: 14px;\n    font-weight: bold;\n    margin-top: 15px; \/* Espai ENTRE grups *\/\n    margin-bottom: 5px; \/* Espai entre t\u00edtol i filtre *\/\n  }\n\n  \/* El primer t\u00edtol no necessita marge a dalt *\/\n  #filtres-radio-widget .filter-titol:first-child {\n    margin-top: 0;\n  }\n\n  \/* Estil dels dropdowns (selects) *\/\n  #filtres-radio-widget select[name=\"crp\"],\n  #filtres-radio-widget select[name=\"st\"] {\n    font-size: 14px;\n    max-width: 100%;\n    width: 100%; \/* Ocupa tot l'ample *\/\n    padding: 5px;\n    margin-bottom: 0;\n  }\n\n  \/* La clau: estil de cada \u00edtem de checkbox *\/\n  #filtres-radio-widget .filter-item,\n  #filtres-radio-widget .checkbox-item {\n    display: flex;\n    align-items: center;\n    margin-bottom: 4px; \/* Aquest \u00e9s l'espaiat vertical (MOLT compacte) *\/\n    font-size: 14px;\n  }\n\n  \/* Ajustos al checkbox *\/\n  #filtres-radio-widget .filter-item input[type=\"checkbox\"],\n  #filtres-radio-widget .checkbox-item input[type=\"checkbox\"] {\n    margin-top: 0;\n    margin-bottom: 0;\n    margin-right: 6px; \/* Espai entre check i text *\/\n    flex-shrink: 0;\n  }\n\n  \/* Ajustos al text (label) *\/\n  #filtres-radio-widget .filter-item label,\n  #filtres-radio-widget .checkbox-item label {\n    line-height: 1.3;\n    margin-bottom: 0;\n  }\n\n  \/* Enlla\u00e7 (+info) *\/\n  #filtres-radio-widget .filter-item a {\n    font-size: 11px;\n    }\n<\/style>\n<style>\n  \/* Oculta nom\u00e9s els filtres CRP i Servei territorial *\/\n  #crp, #st { \n    display: none; \n  }\n<\/style>\n\n<!-- GRUP 1: CRP -->\n<select id=\"crp\" name=\"crp\">\n  <option value=\"Tots\" selected>Tots<\/option>\n  <option value=\"Alella\">Alella<\/option>\n  <option value=\"Alt Maresme\">Alt Maresme<\/option>\n  <option value=\"Baix Llobregat I (Sant Feliu de Llobregat)\">Baix Llobregat I (Sant Feliu de Llobregat)<\/option>\n  <option value=\"Baix Llobregat II (Gav\u00e0)\">Baix Llobregat II (Gav\u00e0)<\/option>\n  <option value=\"Baix Llobregat VI (Sant Vicen\u00e7 dels Horts)\">Baix Llobregat VI (Sant Vicen\u00e7 dels Horts)<\/option>\n  <option value=\"Baix Llobregat VII (Martorell)\">Baix Llobregat VII (Martorell)<\/option>\n  <option value=\"Baix Llobregat VIII  (Esplugues de Llobregat)\">Baix Llobregat VIII (Esplugues de Llobregat)<\/option>\n  <option value=\"Cerdanya\">Cerdanya<\/option>\n  <option value=\"Ciutat de Badalona\">Ciutat de Badalona<\/option>\n  <option value=\"Ciutat de l'Hospitalet de Llobregat\">Ciutat de l&#8217;Hospitalet de Llobregat<\/option>\n  <option value=\"Ciutat de Sant Adri\u00e0 de Bes\u00f2s\">Ciutat de Sant Adri\u00e0 de Bes\u00f2s<\/option>\n  <option value=\"Ciutat Vella\">Ciutat Vella<\/option>\n  <option value=\"Eixample\">Eixample<\/option>\n  <option value=\"El Segri\u00e0\">El Segri\u00e0<\/option>\n  <option value=\"Gr\u00e0cia\">Gr\u00e0cia<\/option>\n  <option value=\"La Selva II\">La Selva II (Blanes)<\/option>\n  <option value=\"La Terra Alta\">La Terra Alta<\/option>\n  <option value=\"Les Corts\">Les Corts<\/option>\n  <option value=\"l'Alt Urgell\">l&#8217;Alt Urgell<\/option>\n  <option value=\"l'Urgell\">l&#8217;Urgell<\/option>\n  <option value=\"Nou Barris\">Nou Barris<\/option>\n  <option value=\"Pla de l'Estany\">Pla de l&#8217;Estany<\/option>\n  <option value=\"Ripoll\u00e8s\">Ripoll\u00e8s<\/option>\n  <option value=\"Santa Coloma de Gramenet\">Santa Coloma de Gramenet<\/option>\n  <option value=\"Tarragon\u00e8s\">Tarragon\u00e8s<\/option>\n  <option value=\"Vall\u00e8s Occidental I (Sabadell)\">Vall\u00e8s Occidental I (Sabadell)<\/option>\n  <option value=\"Vall\u00e8s Occidental II (Terrassa)\">Vall\u00e8s Occidental II (Terrassa)<\/option>\n  <option value=\"Vall\u00e8s Occidental III (Rub\u00ed i Castellbisbal)\">Vall\u00e8s Occidental III (Rub\u00ed i Castellbisbal)<\/option>\n  <option value=\"Vall\u00e8s Occidental VI (Santa Perp\u00e8tua)\">Vall\u00e8s Occidental VI (Santa Perp\u00e8tua)<\/option>\n  <option value=\"Vall\u00e8s Occidental VII (Badia del Vall\u00e8s)\">Vall\u00e8s Occidental VII (Badia del Vall\u00e8s)<\/option>\n  <option value=\"Vall\u00e8s Oriental I (Granollers)\">Vall\u00e8s Oriental I (Granollers)<\/option>\n  <option value=\"Vall\u00e8s Oriental II (Montmel\u00f3)\">Vall\u00e8s Oriental II (Montmel\u00f3)<\/option>\n  <option value=\"Vall\u00e8s Oriental III (Sant Celoni)\">Vall\u00e8s Oriental III (Sant Celoni)<\/option>\n<\/select>\n\n<!-- GRUP 2: SERVEI TERRITORIAL -->\n<select id=\"st\" name=\"st\">\n  <option value=\"Tots\" selected>Tots<\/option>\n  <option value=\"Alt Pirineu i Aran\">Alt Pirineu i Aran (APA)<\/option>\n  <option value=\"Baix Llobregat\">Baix Llobregat (BLL)<\/option>\n  <option value=\"Barcelon\u00e8s\">Barcelon\u00e8s (BNS)<\/option>\n  <option value=\"Catalunya Central\">Catalunya Central (CCE)<\/option>\n  <option value=\"Consorci d'Educaci\u00f3 de Barcelona\">Consorci d&#8217;Educaci\u00f3 de Barcelona (CEB)<\/option>\n  <option value=\"Girona\">Girona (GIR)<\/option>\n  <option value=\"Lleida\">Lleida (LLE)<\/option>\n  <option value=\"Maresme - Vall\u00e8s oriental\">Maresme &#8211; Vall\u00e8s oriental (MVO)<\/option>\n  <option value=\"Pened\u00e8s\">Pened\u00e8s (PEN)<\/option>\n  <option value=\"Tarragona\">Tarragona (TAR)<\/option>\n  <option value=\"Terres de l'Ebre\">Terres de l&#8217;Ebre (TEB)<\/option>\n  <option value=\"Vall\u00e8s occidental\">Vall\u00e8s occidental (VOC)<\/option>\n<\/select>\n\n<!-- GRUP 3: ACTIVITATS R\u00c0DIO -->\n<p class=\"filter-titol\"><strong>Activitats de r\u00e0dio<\/strong><\/p>\n<div class=\"filter-item\">\n  <input class=\"filter\" type=\"checkbox\" id=\"component-falca\" name=\"component-falca\" value=\"component-falca\">\n  <label for=\"component-falca\"> Falca radiof\u00f2nica de centre<\/label>\n<\/div>\n<div class=\"filter-item\">\n  <input class=\"filter\" type=\"checkbox\" id=\"component-drets\" name=\"component-drets\" value=\"component-drets\">\n  <label for=\"component-drets\"> Falca radiof\u00f2nica &ndash; Els drets dels infants<\/label>\n<\/div>\n\n<div class=\"filter-item\">\n  <input class=\"filter\" type=\"checkbox\" id=\"component-enrolat\" name=\"component-enrolat\" value=\"component-enrolat\">\n  <label for=\"component-enrolat\"> Enrola&#8217;t amb la r\u00e0dio<\/label>\n<\/div>\n<div class=\"filter-item\">\n  <input class=\"filter\" type=\"checkbox\" id=\"component-embarbussa\" name=\"component-embarbussa\" value=\"component-embarbussa\">\n  <label for=\"component-embarbussa\"> Embarbussa que fa fort<\/label>\n<\/div>\n\n<div class=\"filter-item\">\n  <input class=\"filter\" type=\"checkbox\" id=\"component-centanys\" name=\"component-centanys\" value=\"component-centanys\">\n  <label for=\"component-centanys\"> Cent anys explicant hist\u00f2ries <\/label><span class=\"filter-info\">&nbsp;<a target=\"_blank\" href=\"https:\/\/projectes.xtec.cat\/canaldereporters\/dia-mundial-de-la-radio-100-anys-explicant-histories\/\" rel=\"noopener\">+info<\/a><\/span>\n<\/div>\n\n<div class=\"filter-item\">\n  <input class=\"filter\" type=\"checkbox\" id=\"component-podcast\" name=\"component-podcast\" value=\"component-podcast\">\n  <label for=\"component-podcast\"> P\u00f2dcast Dones cient\u00edfiques<\/label>\n<\/div>\n<div class=\"filter-item\">\n  <input class=\"filter\" type=\"checkbox\" id=\"component-poesia\" name=\"component-poesia\" value=\"component-poesia\">\n  <label for=\"component-poesia\"> Poesia sonora<\/label>\n<\/div>\n<div class=\"filter-item\">\n  <input class=\"filter\" type=\"checkbox\" id=\"component-santjordi\" name=\"component-santjordi\" value=\"component-santjordi\">\n  <label for=\"component-santjordi\"> Sant Jordi a les Ones <\/label>&nbsp;<a target=\"_blank\" href=\"https:\/\/projectes.xtec.cat\/canaldereporters\/sant-jordi-a-les-ones\/\" rel=\"noopener\">+info<\/a>\n<\/div>\n<div class=\"filter-item\">\n  <input class=\"filter\" type=\"checkbox\" id=\"component-micobert\" name=\"component-micobert\" value=\"component-micobert\">\n  <label for=\"component-micobert\"> Entrevista p\u00f2dcast Micro Obert<\/label>\n<\/div>\n<!-- GRUP 4: ACTIVITATS AUDIOVISUALS -->\n<p class=\"filter-titol\"><strong>Activitats audiovisuals<\/strong><\/p>\n<div class=\"filter-item\">\n  <input class=\"filter\" type=\"checkbox\" id=\"component-noticia\" name=\"component-noticia\" value=\"component-noticia\">\n  <label for=\"component-noticia\">Fem una not\u00edcia en format audiovisual<\/label>\n<\/div>\n<div class=\"filter-item\">\n  <input class=\"filter\" type=\"checkbox\" id=\"component-didactic\" name=\"component-didactic\" value=\"component-didactic\">\n  <label for=\"component-didactic\">Gravem un v\u00eddeo did\u00e0ctic<\/label>\n<\/div>\n<div class=\"filter-item\">\n  <input class=\"filter\" type=\"checkbox\" id=\"component-conte\" name=\"component-conte\" value=\"component-conte\">\n  <label for=\"component-conte\">Elaborem un conte audiovisual<\/label>\n<\/div>\n<div class=\"filter-item\">\n  <input class=\"filter\" type=\"checkbox\" id=\"component-videopodcast\" name=\"component-videopodcast\" value=\"component-videopodcast\">\n  <label for=\"component-videopodcast\">Enregistrem un videop\u00f2dcast<\/label>\n<\/div>\n<div class=\"filter-item\">\n  <input class=\"filter\" type=\"checkbox\" id=\"component-booktubers\" name=\"component-booktubers\" value=\"component-booktubers\">\n  <label for=\"component-booktubers\">Fem de Booktubers<\/label>\n<\/div>\n<div class=\"filter-item\">\n  <input class=\"filter\" type=\"checkbox\" id=\"component-booktrailer\" name=\"component-booktrailer\" value=\"component-booktrailer\">\n  <label for=\"component-booktrailer\">Preparem un booktrailer<\/label>\n<\/div>\n<div class=\"filter-item\">\n  <input class=\"filter\" type=\"checkbox\" id=\"component-entrevista\" name=\"component-entrevista\" value=\"component-entrevista\">\n  <label for=\"component-entrevista\">Gravem una entrevista en format audiovisual<\/label>\n<\/div>\n\n<!-- GRUP 5: NIVELL EDUCATIU -->\n<p class=\"filter-titol\"><strong>Nivell educatiu<\/strong><\/p>\n<div class=\"filter-item\">\n  <input type=\"checkbox\" id=\"nivell-infantil\" name=\"nivell-infantil\" value=\"nivell-infantil\">\n  <label for=\"nivell-infantil\"> Infantil<\/label>\n<\/div>\n<div class=\"filter-item\">\n  <input type=\"checkbox\" id=\"nivell-primaria\" name=\"nivell-primaria\" value=\"nivell-primaria\">\n  <label for=\"nivell-primaria\"> Prim\u00e0ria<\/label>\n<\/div>\n<div class=\"filter-item\">\n  <input type=\"checkbox\" id=\"nivell-secundaria\" name=\"nivell-secundaria\" value=\"nivell-secundaria\">\n  <label for=\"nivell-secundaria\"> Secund\u00e0ria<\/label>\n<\/div>\n\n<!-- GRUP 6: CURS -->\n<p class=\"filter-titol\"><strong>Curs<\/strong><\/p>\n<div class=\"filter-item\">\n  <input type=\"checkbox\" id=\"any-2024-25\" name=\"any-2024-25\" value=\"any-2024-25\">\n  <label for=\"any-2024-25\"> 2024-25<\/label>\n<\/div>\n<div class=\"filter-item\">\n  <input type=\"checkbox\" id=\"any-2025-26\" name=\"any-2025-26\" value=\"any-2025-26\">\n  <label for=\"any-2025-26\"> 2025-26<\/label>\n<\/div>\n\n<!-- GRUP 7: ALTRES \n<p class=\"filter-titol\"><strong>Altres<\/strong><\/p>\n<div class=\"checkbox-item\">\n  <input type=\"checkbox\" id=\"all-crp\" value=\"all-crp\">\n  <label for=\"all-crp\">Veure tots<\/label>\n<\/div>-->\n\n<\/div> <!-- Fi de #filtres-radio-widget -->\n<\/div>\n\n\n\n<div class=\"wp-block-column is-layout-flow wp-block-column-is-layout-flow\">\n    <div class=\"taula-radio-wrapper\">\n      <div class=\"table-responsive\">\n        <table id=\"tbl-radio\" class=\"table table-striped table-bordered card\" width=\"100%\" data-crp=\"\">\n          <thead>\n            <tr>\n              <th>Logo<\/th>\n              <th>T\u00edtol<\/th>\n              <th>Descripci\u00f3<\/th>\n              <th>Activitat<\/th>\n              <th>Nivell<\/th>\n              <th>Escola<\/th>\n              <th>CRP<\/th>\n              <th>ST<\/th>\n              <th style=\"display:none;\">Estat<\/th>\n              <th>Curs<\/th>\n              <th style=\"display:none;\">Filtre_Activitat_Norm<\/th>\n            <\/tr>\n          <\/thead>\n          <tbody><\/tbody>\n        <\/table>\n      <\/div>\n    <\/div>\n<\/div>\n<\/div>\n","protected":false},"excerpt":{"rendered":"<p>TotsAlellaAlt MaresmeBaix Llobregat I (Sant Feliu de Llobregat)Baix Llobregat II (Gav\u00e0)Baix Llobregat VI (Sant Vicen\u00e7 dels Horts)Baix Llobregat VII (Martorell)Baix Llobregat VIII (Esplugues de Llobregat)CerdanyaCiutat de BadalonaCiutat de l&#8217;Hospitalet de LlobregatCiutat de Sant Adri\u00e0 de Bes\u00f2sCiutat VellaEixampleEl Segri\u00e0Gr\u00e0ciaLa Selva II (Blanes)La Terra AltaLes Cortsl&#8217;Alt Urgelll&#8217;UrgellNou BarrisPla de l&#8217;EstanyRipoll\u00e8sSanta Coloma de GramenetTarragon\u00e8sVall\u00e8s Occidental I (Sabadell)Vall\u00e8s Occidental [&hellip;]<\/p>\n","protected":false},"author":2,"featured_media":0,"parent":0,"menu_order":0,"comment_status":"closed","ping_status":"close","template":"","meta":{"site-sidebar-layout":"default","site-content-layout":"","ast-site-content-layout":"default","site-content-style":"default","site-sidebar-style":"default","ast-global-header-display":"","ast-banner-title-visibility":"","ast-main-header-display":"","ast-hfb-above-header-display":"","ast-hfb-below-header-display":"","ast-hfb-mobile-header-display":"","site-post-title":"disabled","ast-breadcrumbs-content":"","ast-featured-img":"","footer-sml-layout":"","theme-transparent-header-meta":"","adv-header-id-meta":"","stick-header-meta":"","header-above-stick-meta":"","header-main-stick-meta":"","header-below-stick-meta":"","astra-migrate-meta-layouts":"set","ast-page-background-enabled":"default","ast-page-background-meta":{"desktop":{"background-color":"","background-image":"","background-repeat":"repeat","background-position":"center center","background-size":"auto","background-attachment":"scroll","background-type":"","background-media":"","overlay-type":"","overlay-color":"","overlay-opacity":"","overlay-gradient":""},"tablet":{"background-color":"","background-image":"","background-repeat":"repeat","background-position":"center center","background-size":"auto","background-attachment":"scroll","background-type":"","background-media":"","overlay-type":"","overlay-color":"","overlay-opacity":"","overlay-gradient":""},"mobile":{"background-color":"","background-image":"","background-repeat":"repeat","background-position":"center center","background-size":"auto","background-attachment":"scroll","background-type":"","background-media":"","overlay-type":"","overlay-color":"","overlay-opacity":"","overlay-gradient":""}},"ast-content-background-meta":{"desktop":{"background-color":"var(--ast-global-color-5)","background-image":"","background-repeat":"repeat","background-position":"center center","background-size":"auto","background-attachment":"scroll","background-type":"","background-media":"","overlay-type":"","overlay-color":"","overlay-opacity":"","overlay-gradient":""},"tablet":{"background-color":"var(--ast-global-color-5)","background-image":"","background-repeat":"repeat","background-position":"center center","background-size":"auto","background-attachment":"scroll","background-type":"","background-media":"","overlay-type":"","overlay-color":"","overlay-opacity":"","overlay-gradient":""},"mobile":{"background-color":"var(--ast-global-color-5)","background-image":"","background-repeat":"repeat","background-position":"center center","background-size":"auto","background-attachment":"scroll","background-type":"","background-media":"","overlay-type":"","overlay-color":"","overlay-opacity":"","overlay-gradient":""}},"footnotes":""},"class_list":["post-16240","page","type-page","status-publish","hentry"],"post_mailing_queue_ids":[],"_links":{"self":[{"href":"https:\/\/projectes.xtec.cat\/canaldereporters\/wp-json\/wp\/v2\/pages\/16240","targetHints":{"allow":["GET"]}}],"collection":[{"href":"https:\/\/projectes.xtec.cat\/canaldereporters\/wp-json\/wp\/v2\/pages"}],"about":[{"href":"https:\/\/projectes.xtec.cat\/canaldereporters\/wp-json\/wp\/v2\/types\/page"}],"author":[{"embeddable":true,"href":"https:\/\/projectes.xtec.cat\/canaldereporters\/wp-json\/wp\/v2\/users\/2"}],"replies":[{"embeddable":true,"href":"https:\/\/projectes.xtec.cat\/canaldereporters\/wp-json\/wp\/v2\/comments?post=16240"}],"version-history":[{"count":5,"href":"https:\/\/projectes.xtec.cat\/canaldereporters\/wp-json\/wp\/v2\/pages\/16240\/revisions"}],"predecessor-version":[{"id":16404,"href":"https:\/\/projectes.xtec.cat\/canaldereporters\/wp-json\/wp\/v2\/pages\/16240\/revisions\/16404"}],"wp:attachment":[{"href":"https:\/\/projectes.xtec.cat\/canaldereporters\/wp-json\/wp\/v2\/media?parent=16240"}],"curies":[{"name":"wp","href":"https:\/\/api.w.org\/{rel}","templated":true}]}}