{"id":8322,"date":"2021-10-16T18:42:25","date_gmt":"2021-10-16T16:42:25","guid":{"rendered":"https:\/\/projectes.xtec.cat\/canaldereporters\/?page_id=8322"},"modified":"2024-10-10T12:13:03","modified_gmt":"2024-10-10T10:13:03","slug":"noticies_radio","status":"publish","type":"page","link":"https:\/\/projectes.xtec.cat\/canaldereporters\/noticies_radio\/","title":{"rendered":"Compartim not\u00edcies de r\u00e0dio"},"content":{"rendered":"\n<div class=\"wp-block-getwid-section alignwide alignwide\"><div class=\"wp-block-getwid-section__wrapper\"><div class=\"wp-block-getwid-section__inner-wrapper\"><div class=\"wp-block-getwid-section__background-holder\"><div class=\"wp-block-getwid-section__background\"><\/div><div class=\"wp-block-getwid-section__foreground\"><\/div><\/div><div class=\"wp-block-getwid-section__content\"><div class=\"wp-block-getwid-section__inner-content\">\n<div class=\"wp-block-columns is-layout-flex wp-container-core-columns-is-layout-1 wp-block-columns-is-layout-flex\">\n<div class=\"wp-block-column is-layout-flow wp-block-column-is-layout-flow\" style=\"flex-basis:15%\">\n<figure class=\"wp-block-image size-full\"><a href=\"https:\/\/projectes.xtec.cat\/canaldereporters\/wp-content\/uploads\/usu2921\/2022\/09\/World-radio-day.gif\"><img loading=\"lazy\" decoding=\"async\" width=\"500\" height=\"500\" src=\"https:\/\/projectes.xtec.cat\/canaldereporters\/wp-content\/uploads\/usu2921\/2022\/09\/World-radio-day.gif\" alt=\"\" class=\"wp-image-8985\"\/><\/a><\/figure>\n<\/div>\n\n\n\n<div class=\"wp-block-column is-layout-flow wp-block-column-is-layout-flow\" style=\"flex-basis:60%\">\n<p>La r\u00e0dio permet transmetre els fets noticiables a trav\u00e9s del so. Caldr\u00e0 dominar el llenguatge oral per\u00f2 no nom\u00e9s, ja que a la r\u00e0dio la m\u00fasica, el silenci, el soroll i els efectes especials s\u00f3n elements que ajuden a transmetre la informaci\u00f3. Exemples s\u00f3n: not\u00edcies d\u2019\u00faltima hora, estat del tr\u00e0nsit, meteorologia, esdeveniments esportius narrats de forma simult\u00e0nia, esdeveniments a l&#8217;escola&#8230;<br>A l\u2019hora de publicar les vostres not\u00edcies escrites etiquetarem amb #canaldereporters #radioreporters aix\u00ed apareixeran en aquesta p\u00e0gina a trav\u00e9s de Sinapsi. D\u2019aquesta forma donem visibilitat al treball desenvolupat pels centres i afavorim el coneixement d\u2019idees inspiradores i el naixement de sinergies entre centres.<\/p>\n<\/div>\n\n\n\n<div class=\"wp-block-column is-layout-flow wp-block-column-is-layout-flow\" style=\"flex-basis:25%\">\n<figure class=\"wp-block-image size-full\"><a href=\"https:\/\/projectes.xtec.cat\/canaldereporters\/com-etiquetar-una-noticia\/\" target=\"_blank\" rel=\"noreferrer noopener\"><img loading=\"lazy\" decoding=\"async\" width=\"640\" height=\"360\" src=\"https:\/\/projectes.xtec.cat\/canaldereporters\/wp-content\/uploads\/usu2921\/2024\/07\/txt_com_etiquetar_la_noticia.png\" alt=\"\" class=\"wp-image-14309\" srcset=\"https:\/\/projectes.xtec.cat\/canaldereporters\/wp-content\/uploads\/usu2921\/2024\/07\/txt_com_etiquetar_la_noticia.png 640w, https:\/\/projectes.xtec.cat\/canaldereporters\/wp-content\/uploads\/usu2921\/2024\/07\/txt_com_etiquetar_la_noticia-300x169.png 300w\" sizes=\"auto, (max-width: 640px) 100vw, 640px\" \/><\/a><\/figure>\n<\/div>\n<\/div>\n<\/div><\/div><\/div><\/div><\/div>\n\n\n\n<div class=\"wp-block-getwid-section alignwide alignwide\"><div class=\"wp-block-getwid-section__wrapper\"><div class=\"wp-block-getwid-section__inner-wrapper\"><div class=\"wp-block-getwid-section__background-holder\"><div class=\"wp-block-getwid-section__background\"><\/div><div class=\"wp-block-getwid-section__foreground\"><\/div><\/div><div class=\"wp-block-getwid-section__content\"><div class=\"wp-block-getwid-section__inner-content\"><p><iframe height=\"700\" style=\"display: block; width: 100%; border: none\" src=\"https:\/\/sinapsi.xtec.cat\/ca\/embed\/?search-box=true&#038;synapse=reporters-radio&#038;section=everything&#038;view=optimal\"><\/iframe><\/p>\n<\/div><\/div><\/div><\/div><\/div>\n","protected":false},"excerpt":{"rendered":"","protected":false},"author":3,"featured_media":0,"parent":0,"menu_order":6,"comment_status":"closed","ping_status":"closed","template":"","meta":{"site-sidebar-layout":"no-sidebar","site-content-layout":"plain-container","ast-site-content-layout":"normal-width-container","site-content-style":"unboxed","site-sidebar-style":"unboxed","ast-global-header-display":"","ast-banner-title-visibility":"","ast-main-header-display":"","ast-hfb-above-header-display":"","ast-hfb-below-header-display":"","ast-hfb-mobile-header-display":"","site-post-title":"disabled","ast-breadcrumbs-content":"","ast-featured-img":"","footer-sml-layout":"","theme-transparent-header-meta":"default","adv-header-id-meta":"","stick-header-meta":"default","header-above-stick-meta":"","header-main-stick-meta":"","header-below-stick-meta":"","astra-migrate-meta-layouts":"set","ast-page-background-enabled":"default","ast-page-background-meta":{"desktop":{"background-color":"","background-image":"","background-repeat":"repeat","background-position":"center center","background-size":"auto","background-attachment":"scroll","background-type":"","background-media":"","overlay-type":"","overlay-color":"","overlay-opacity":"","overlay-gradient":""},"tablet":{"background-color":"","background-image":"","background-repeat":"repeat","background-position":"center center","background-size":"auto","background-attachment":"scroll","background-type":"","background-media":"","overlay-type":"","overlay-color":"","overlay-opacity":"","overlay-gradient":""},"mobile":{"background-color":"","background-image":"","background-repeat":"repeat","background-position":"center center","background-size":"auto","background-attachment":"scroll","background-type":"","background-media":"","overlay-type":"","overlay-color":"","overlay-opacity":"","overlay-gradient":""}},"ast-content-background-meta":{"desktop":{"background-color":"var(--ast-global-color-5)","background-image":"","background-repeat":"repeat","background-position":"center center","background-size":"auto","background-attachment":"scroll","background-type":"","background-media":"","overlay-type":"","overlay-color":"","overlay-opacity":"","overlay-gradient":""},"tablet":{"background-color":"var(--ast-global-color-5)","background-image":"","background-repeat":"repeat","background-position":"center center","background-size":"auto","background-attachment":"scroll","background-type":"","background-media":"","overlay-type":"","overlay-color":"","overlay-opacity":"","overlay-gradient":""},"mobile":{"background-color":"var(--ast-global-color-5)","background-image":"","background-repeat":"repeat","background-position":"center center","background-size":"auto","background-attachment":"scroll","background-type":"","background-media":"","overlay-type":"","overlay-color":"","overlay-opacity":"","overlay-gradient":""}},"footnotes":""},"class_list":["post-8322","page","type-page","status-publish","hentry"],"post_mailing_queue_ids":[],"_links":{"self":[{"href":"https:\/\/projectes.xtec.cat\/canaldereporters\/wp-json\/wp\/v2\/pages\/8322","targetHints":{"allow":["GET"]}}],"collection":[{"href":"https:\/\/projectes.xtec.cat\/canaldereporters\/wp-json\/wp\/v2\/pages"}],"about":[{"href":"https:\/\/projectes.xtec.cat\/canaldereporters\/wp-json\/wp\/v2\/types\/page"}],"author":[{"embeddable":true,"href":"https:\/\/projectes.xtec.cat\/canaldereporters\/wp-json\/wp\/v2\/users\/3"}],"replies":[{"embeddable":true,"href":"https:\/\/projectes.xtec.cat\/canaldereporters\/wp-json\/wp\/v2\/comments?post=8322"}],"version-history":[{"count":6,"href":"https:\/\/projectes.xtec.cat\/canaldereporters\/wp-json\/wp\/v2\/pages\/8322\/revisions"}],"predecessor-version":[{"id":14732,"href":"https:\/\/projectes.xtec.cat\/canaldereporters\/wp-json\/wp\/v2\/pages\/8322\/revisions\/14732"}],"wp:attachment":[{"href":"https:\/\/projectes.xtec.cat\/canaldereporters\/wp-json\/wp\/v2\/media?parent=8322"}],"curies":[{"name":"wp","href":"https:\/\/api.w.org\/{rel}","templated":true}]}}