{"id":9,"date":"2014-09-12T10:15:01","date_gmt":"2014-09-12T08:15:01","guid":{"rendered":"http:\/\/projectes.xtec.cat\/canaldereporters\/?page_id=9"},"modified":"2024-11-04T08:57:10","modified_gmt":"2024-11-04T07:57:10","slug":"pagina-dinici-buida","status":"publish","type":"page","link":"https:\/\/projectes.xtec.cat\/canaldereporters\/","title":{"rendered":"inici"},"content":{"rendered":"<p><style>.entry-content p{margin:5px 0px!important;}.ast-plain-container.ast-single-post #primary {margin-top: 0em!important;}<\/style>\n<\/p>\n\n\n<div class=\"wp-block-getwid-section alignfull alignfull\"><div class=\"wp-block-getwid-section__wrapper\"><div class=\"wp-block-getwid-section__inner-wrapper\"><div class=\"wp-block-getwid-section__background-holder\"><div class=\"wp-block-getwid-section__background\"><\/div><div class=\"wp-block-getwid-section__foreground\"><\/div><\/div><div class=\"wp-block-getwid-section__content\"><div class=\"wp-block-getwid-section__inner-content\">\n<p>El projecte<strong> Canal de Reporters<\/strong> promou el desenvolupament de les compet\u00e8ncies clau de l\u2019alumnat mitjan\u00e7ant la creaci\u00f3 i publicaci\u00f3 de les produccions pr\u00f2pies en format escrit, sonor o audiovisual elaborades des dels seus centres. Per afavorir la difusi\u00f3 d\u2019aquests productes, es posa a disposici\u00f3 dels centres educatius aquesta&nbsp;<strong>plataforma<\/strong>.<a href=\"https:\/\/projectes.xtec.cat\/canaldereporters\/pagina-dinici-buida\/el-projecte\/\">&nbsp;(+ informaci\u00f3)<\/a><\/p><\/p>\n<\/div><\/div><\/div><\/div><\/div>\n\n\n\n<div class=\"wp-block-getwid-section alignfull alignfull\"><div class=\"wp-block-getwid-section__wrapper\"><div class=\"wp-block-getwid-section__inner-wrapper\"><div class=\"wp-block-getwid-section__background-holder\"><div class=\"wp-block-getwid-section__background has-background\" style=\"background-color:#f2f2f2\"><\/div><div class=\"wp-block-getwid-section__foreground\"><\/div><\/div><div class=\"wp-block-getwid-section__content\"><div class=\"wp-block-getwid-section__inner-content\">\n<div style=\"height:30px\" aria-hidden=\"true\" class=\"wp-block-spacer\"><\/div>\n\n\n\n<div class=\"wp-block-columns is-layout-flex wp-container-core-columns-is-layout-2 wp-block-columns-is-layout-flex\">\n<div class=\"wp-block-column is-layout-flow wp-block-column-is-layout-flow\"><\/div>\n\n\n\n<div class=\"wp-block-column is-layout-flow wp-block-column-is-layout-flow\" style=\"flex-basis:35%\">\n<p><\/p>\n\n\n\n<figure class=\"wp-block-embed is-type-video is-provider-youtube wp-block-embed-youtube wp-embed-aspect-16-9 wp-has-aspect-ratio\"><div class=\"wp-block-embed__wrapper\">\n<div class=\"ast-oembed-container \" style=\"height: 100%;\"><iframe loading=\"lazy\" title=\"Presentaci\u00f3 del projecte Canal de Reporters\" width=\"500\" height=\"281\" src=\"https:\/\/www.youtube.com\/embed\/aTzSTNWv4I8?list=PLojIWF2RflCq9MLIIfTEsRjNYnHq7JTNE\" frameborder=\"0\" allow=\"accelerometer; autoplay; clipboard-write; encrypted-media; gyroscope; picture-in-picture; web-share\" referrerpolicy=\"strict-origin-when-cross-origin\" allowfullscreen><\/iframe><\/div>\n<\/div><\/figure>\n<\/div>\n\n\n\n<div class=\"wp-block-column is-layout-flow wp-block-column-is-layout-flow\" style=\"flex-basis:3%\"><\/div>\n\n\n\n<div class=\"wp-block-column is-layout-flow wp-block-column-is-layout-flow\" style=\"flex-basis:30%\">\n<h4 class=\"wp-block-heading\">Professorat i Alumnat<\/h4>\n\n\n\n<div class=\"wp-block-buttons is-layout-flex wp-block-buttons-is-layout-flex\">\n<div class=\"wp-block-button\"><a class=\"wp-block-button__link wp-element-button\" href=\"https:\/\/projectes.xtec.cat\/canaldereporters\/seminaris-web\/\" style=\"border-radius:10px\">Seminaris web<\/a><\/div>\n<\/div>\n\n\n\n<div style=\"height:20px\" aria-hidden=\"true\" class=\"wp-block-spacer\"><\/div>\n\n\n\n<h4 class=\"wp-block-heading\">Materials did\u00e0ctics<\/h4>\n\n\n\n<div class=\"wp-block-getwid-button-group\"><div class=\"wp-block-getwid-button-group__wrapper\">\n<div class=\"wp-block-button\"><a class=\"wp-block-button__link wp-element-button\" href=\"https:\/\/alexandria.xtec.cat\/course\/view.php?id=1650\" style=\"border-radius:10px\" target=\"_blank\" rel=\"noreferrer noopener\">Prim\u00e0ria<\/a><\/div>\n\n\n\n<div class=\"wp-block-button\"><a class=\"wp-block-button__link has-ast-global-color-0-background-color has-background wp-element-button\" href=\"https:\/\/alexandria.xtec.cat\/course\/view.php?id=1651;rid=3562\" style=\"border-radius:10px\" target=\"_blank\" rel=\"noreferrer noopener\">Secund\u00e0ria<\/a><\/div>\n<\/div><\/div>\n<\/div>\n\n\n\n<div class=\"wp-block-column is-layout-flow wp-block-column-is-layout-flow\" style=\"flex-basis:25%\">\n<h4 class=\"wp-block-heading\"><a href=\"https:\/\/projectes.xtec.cat\/canaldereporters\/noticies-alumnat\/\" target=\"_blank\" rel=\"noreferrer noopener\">Not\u00edcies alumnat<\/a><\/h4>\n\n\n\n<div class=\"wp-block-columns are-vertically-aligned-center is-not-stacked-on-mobile is-layout-flex wp-container-core-columns-is-layout-1 wp-block-columns-is-layout-flex\">\n<div class=\"wp-block-column is-vertically-aligned-center is-layout-flow wp-block-column-is-layout-flow\">\n<figure class=\"wp-block-image size-full is-resized\"><a href=\"https:\/\/projectes.xtec.cat\/canaldereporters\/noticies_escrites\/\"><img loading=\"lazy\" decoding=\"async\" width=\"500\" height=\"500\" src=\"https:\/\/projectes.xtec.cat\/canaldereporters\/wp-content\/uploads\/usu2921\/2024\/07\/1.png\" alt=\"\" class=\"wp-image-14376\" style=\"object-fit:cover;width:80px;height:auto\" srcset=\"https:\/\/projectes.xtec.cat\/canaldereporters\/wp-content\/uploads\/usu2921\/2024\/07\/1.png 500w, https:\/\/projectes.xtec.cat\/canaldereporters\/wp-content\/uploads\/usu2921\/2024\/07\/1-300x300.png 300w, https:\/\/projectes.xtec.cat\/canaldereporters\/wp-content\/uploads\/usu2921\/2024\/07\/1-150x150.png 150w\" sizes=\"auto, (max-width: 500px) 100vw, 500px\" \/><\/a><\/figure>\n\n\n\n<figure class=\"wp-block-image size-full is-resized\"><a href=\"https:\/\/projectes.xtec.cat\/canaldereporters\/noticies_audiovisuals\/\"><img loading=\"lazy\" decoding=\"async\" width=\"500\" height=\"500\" src=\"https:\/\/projectes.xtec.cat\/canaldereporters\/wp-content\/uploads\/usu2921\/2024\/07\/3.png\" alt=\"\" class=\"wp-image-14378\" style=\"object-fit:cover;width:80px;height:80px\" srcset=\"https:\/\/projectes.xtec.cat\/canaldereporters\/wp-content\/uploads\/usu2921\/2024\/07\/3.png 500w, https:\/\/projectes.xtec.cat\/canaldereporters\/wp-content\/uploads\/usu2921\/2024\/07\/3-300x300.png 300w, https:\/\/projectes.xtec.cat\/canaldereporters\/wp-content\/uploads\/usu2921\/2024\/07\/3-150x150.png 150w\" sizes=\"auto, (max-width: 500px) 100vw, 500px\" \/><\/a><\/figure>\n<\/div>\n\n\n\n<div class=\"wp-block-column is-vertically-aligned-center is-layout-flow wp-block-column-is-layout-flow\">\n<figure class=\"wp-block-image size-full is-resized\"><a href=\"https:\/\/projectes.xtec.cat\/canaldereporters\/noticies_radio\/\"><img loading=\"lazy\" decoding=\"async\" width=\"500\" height=\"500\" src=\"https:\/\/projectes.xtec.cat\/canaldereporters\/wp-content\/uploads\/usu2921\/2024\/07\/2.png\" alt=\"\" class=\"wp-image-14377\" style=\"object-fit:cover;width:80px;height:80px\" srcset=\"https:\/\/projectes.xtec.cat\/canaldereporters\/wp-content\/uploads\/usu2921\/2024\/07\/2.png 500w, https:\/\/projectes.xtec.cat\/canaldereporters\/wp-content\/uploads\/usu2921\/2024\/07\/2-300x300.png 300w, https:\/\/projectes.xtec.cat\/canaldereporters\/wp-content\/uploads\/usu2921\/2024\/07\/2-150x150.png 150w\" sizes=\"auto, (max-width: 500px) 100vw, 500px\" \/><\/a><\/figure>\n\n\n\n<figure class=\"wp-block-image size-full is-resized\"><a href=\"https:\/\/projectes.xtec.cat\/canaldereporters\/noticies_xarxes\/\"><img loading=\"lazy\" decoding=\"async\" width=\"500\" height=\"500\" src=\"https:\/\/projectes.xtec.cat\/canaldereporters\/wp-content\/uploads\/usu2921\/2024\/07\/4.png\" alt=\"\" class=\"wp-image-14379\" style=\"object-fit:cover;width:80px;height:80px\" srcset=\"https:\/\/projectes.xtec.cat\/canaldereporters\/wp-content\/uploads\/usu2921\/2024\/07\/4.png 500w, https:\/\/projectes.xtec.cat\/canaldereporters\/wp-content\/uploads\/usu2921\/2024\/07\/4-300x300.png 300w, https:\/\/projectes.xtec.cat\/canaldereporters\/wp-content\/uploads\/usu2921\/2024\/07\/4-150x150.png 150w\" sizes=\"auto, (max-width: 500px) 100vw, 500px\" \/><\/a><\/figure>\n<\/div>\n\n\n\n<div class=\"wp-block-column is-vertically-aligned-center is-layout-flow wp-block-column-is-layout-flow\"><\/div>\n<\/div>\n\n\n\n<div class=\"wp-block-buttons is-content-justification-space-between is-layout-flex wp-container-core-buttons-is-layout-2 wp-block-buttons-is-layout-flex\">\n<div class=\"wp-block-button\"><a class=\"wp-block-button__link wp-element-button\" href=\"https:\/\/projectes.xtec.cat\/canaldereporters\/com-participar\/\" style=\"border-radius:10px\">Com participar<\/a><\/div>\n<\/div>\n<\/div>\n\n\n\n<div class=\"wp-block-column is-layout-flow wp-block-column-is-layout-flow\" style=\"flex-basis:10px\"><\/div>\n<\/div>\n\n\n\n<div style=\"height:10px\" aria-hidden=\"true\" class=\"wp-block-spacer\"><\/div>\n<\/div><\/div><\/div><\/div><\/div>\n\n\n\n<div class=\"wp-block-getwid-section alignfull alignfull\"><div class=\"wp-block-getwid-section__wrapper\"><div class=\"wp-block-getwid-section__inner-wrapper\"><div class=\"wp-block-getwid-section__background-holder\"><div class=\"wp-block-getwid-section__background\"><\/div><div class=\"wp-block-getwid-section__foreground\"><\/div><\/div><div class=\"wp-block-getwid-section__content\"><div class=\"wp-block-getwid-section__inner-content\">\n<div style=\"height:10px\" aria-hidden=\"true\" class=\"wp-block-spacer\"><\/div>\n\n\n\n<h4 class=\"wp-block-heading\">Destaquem<\/h4>\n\n\n\n        <div class=\"wp-block-getwid-post-carousel custom-post-type-post caixa-slider has-slides-gap-small is-carousel has-arrows-outside has-dots-outside\">\n            <div data-slider-option=\"{&quot;sliderSlidesToShowDesktop&quot;:&quot;3&quot;,&quot;getwid_slidesToShowLaptop&quot;:&quot;1&quot;,&quot;getwid_slidesToShowTablet&quot;:&quot;1&quot;,&quot;getwid_slidesToShowMobile&quot;:&quot;1&quot;,&quot;getwid_autoplay_speed&quot;:6000,&quot;getwid_animation_speed&quot;:800,&quot;getwid_slidesToScroll&quot;:&quot;3&quot;,&quot;getwid_autoplay&quot;:false,&quot;getwid_pause_on_hover&quot;:false,&quot;getwid_infinite&quot;:false,&quot;getwid_center_mode&quot;:false,&quot;getwid_arrows&quot;:&quot;outside&quot;,&quot;getwid_dots&quot;:&quot;outside&quot;}\" class=\"wp-block-getwid-post-carousel__wrapper\">\n                \t\t\t\t\t\t\t<div class=\"wp-block-getwid-post-carousel__slide\">\n\t\t\t\t\t\t\t\t\n<div class=\"wp-block-getwid-template-post-featured-image\" >\n            <a href=\"https:\/\/projectes.xtec.cat\/canaldereporters\/13-de-febrer-dia-mundial-de-la-radio\/\">\n        <img loading=\"lazy\" decoding=\"async\" width=\"300\" height=\"300\" src=\"https:\/\/projectes.xtec.cat\/canaldereporters\/wp-content\/uploads\/usu2921\/2026\/02\/2.1.1_Cent-anys-explicant-histories-Conte-radiofonic_553X553-300x300.png\" class=\"attachment-medium size-medium wp-post-image\" alt=\"13 de febrer Dia Mundial de la R\u00e0dio\" srcset=\"https:\/\/projectes.xtec.cat\/canaldereporters\/wp-content\/uploads\/usu2921\/2026\/02\/2.1.1_Cent-anys-explicant-histories-Conte-radiofonic_553X553-300x300.png 300w, https:\/\/projectes.xtec.cat\/canaldereporters\/wp-content\/uploads\/usu2921\/2026\/02\/2.1.1_Cent-anys-explicant-histories-Conte-radiofonic_553X553-150x150.png 150w, https:\/\/projectes.xtec.cat\/canaldereporters\/wp-content\/uploads\/usu2921\/2026\/02\/2.1.1_Cent-anys-explicant-histories-Conte-radiofonic_553X553.png 553w\" sizes=\"auto, (max-width: 300px) 100vw, 300px\" \/>            <\/a>\n    <\/div>\n\n\n\n<h3 class=\"wp-block-getwid-template-post-title\"><a class=\"wp-block-getwid-template-post-title__link\" href=\"https:\/\/projectes.xtec.cat\/canaldereporters\/13-de-febrer-dia-mundial-de-la-radio\/\">13 de febrer Dia Mundial de la R\u00e0dio<\/a><\/h3>\n\n\n<div class=\"wp-block-getwid-template-post-meta has-direction-row\" >\n    \n\n<div class=\"wp-block-getwid-template-post-date\" >\n    <time datetime=\"2026-02-03T15:08:05+01:00\">\t\t\t<i class=\"fas fa-calendar \"\n\t\t\t\t\t\t><\/i>\n\t\t\t\t<a href=\"https:\/\/projectes.xtec.cat\/canaldereporters\/2026\/02\/03\/\">03\/02\/2026<\/a>\n\t<\/time>\n<\/div>\n\n\n<\/div>\n\n\n\n<div class=\"wp-block-getwid-template-post-content is-excerpt\" ><p>El 2011, els Estats Membres de la UNESCO van proclamar el 13 de febrer Dia Mundial de la R\u00e0dio. \u00c9s un dia destinat a agrair a les emissores les not\u00edcies que difonen, les veus que amplifiquen i les hist\u00f2ries que comparteixen. Aix\u00ed doncs, el pr\u00f2xim divendres 13 de febrer se celebra el dia mundial de&hellip;<\/p><\/div>\n\t\t\t\t\t\t\t<\/div>\n\t\t\t\t\t\t\t\t\t\t\t\t\t<div class=\"wp-block-getwid-post-carousel__slide\">\n\t\t\t\t\t\t\t\t\n<div class=\"wp-block-getwid-template-post-featured-image\" >\n            <a href=\"https:\/\/projectes.xtec.cat\/canaldereporters\/oferta-formativa-25-26-segon-torn\/\">\n        <img loading=\"lazy\" decoding=\"async\" width=\"300\" height=\"169\" src=\"https:\/\/projectes.xtec.cat\/canaldereporters\/wp-content\/uploads\/usu2921\/2025\/09\/oferta_formativa_segon_torn_xtec-300x169.png\" class=\"attachment-medium size-medium wp-post-image\" alt=\"Oferta formativa 25\/26 &#8211; segon torn\" srcset=\"https:\/\/projectes.xtec.cat\/canaldereporters\/wp-content\/uploads\/usu2921\/2025\/09\/oferta_formativa_segon_torn_xtec-300x169.png 300w, https:\/\/projectes.xtec.cat\/canaldereporters\/wp-content\/uploads\/usu2921\/2025\/09\/oferta_formativa_segon_torn_xtec-768x432.png 768w, https:\/\/projectes.xtec.cat\/canaldereporters\/wp-content\/uploads\/usu2921\/2025\/09\/oferta_formativa_segon_torn_xtec.png 1024w\" sizes=\"auto, (max-width: 300px) 100vw, 300px\" \/>            <\/a>\n    <\/div>\n\n\n\n<h3 class=\"wp-block-getwid-template-post-title\"><a class=\"wp-block-getwid-template-post-title__link\" href=\"https:\/\/projectes.xtec.cat\/canaldereporters\/oferta-formativa-25-26-segon-torn\/\">Oferta formativa 25\/26 &#8211; segon torn<\/a><\/h3>\n\n\n<div class=\"wp-block-getwid-template-post-meta has-direction-row\" >\n    \n\n<div class=\"wp-block-getwid-template-post-date\" >\n    <time datetime=\"2026-01-12T11:44:12+01:00\">\t\t\t<i class=\"fas fa-calendar \"\n\t\t\t\t\t\t><\/i>\n\t\t\t\t<a href=\"https:\/\/projectes.xtec.cat\/canaldereporters\/2026\/01\/12\/\">12\/01\/2026<\/a>\n\t<\/time>\n<\/div>\n\n\n<\/div>\n\n\n\n<div class=\"wp-block-getwid-template-post-content is-excerpt\" ><p>El Departament d\u2019Educaci\u00f3 i Formaci\u00f3 professional presenta la seva oferta formativa a la secci\u00f3 de Formaci\u00f3 de la XTEC. Des del Canal de Reporters us proposem algunes activitats per donar m\u00e9s valor i qualitat a les not\u00edcies que produ\u00efm des dels centres educatius.<\/p><\/div>\n\t\t\t\t\t\t\t<\/div>\n\t\t\t\t\t\t\t\t\t\t\t\t\t<div class=\"wp-block-getwid-post-carousel__slide\">\n\t\t\t\t\t\t\t\t\n<div class=\"wp-block-getwid-template-post-featured-image\" >\n            <a href=\"https:\/\/projectes.xtec.cat\/canaldereporters\/16192-2\/\">\n        <img loading=\"lazy\" decoding=\"async\" width=\"300\" height=\"192\" src=\"https:\/\/projectes.xtec.cat\/canaldereporters\/wp-content\/uploads\/usu2921\/2025\/10\/mariabouabdella_portada-300x192.jpg\" class=\"attachment-medium size-medium wp-post-image\" alt=\"Entrevista amb la Maria Bouabdellah\" srcset=\"https:\/\/projectes.xtec.cat\/canaldereporters\/wp-content\/uploads\/usu2921\/2025\/10\/mariabouabdella_portada-300x192.jpg 300w, https:\/\/projectes.xtec.cat\/canaldereporters\/wp-content\/uploads\/usu2921\/2025\/10\/mariabouabdella_portada.jpg 410w\" sizes=\"auto, (max-width: 300px) 100vw, 300px\" \/>            <\/a>\n    <\/div>\n\n\n\n<h3 class=\"wp-block-getwid-template-post-title\"><a class=\"wp-block-getwid-template-post-title__link\" href=\"https:\/\/projectes.xtec.cat\/canaldereporters\/16192-2\/\">Entrevista amb la Maria Bouabdellah<\/a><\/h3>\n\n\n<div class=\"wp-block-getwid-template-post-meta has-direction-row\" >\n    \n\n<div class=\"wp-block-getwid-template-post-date\" >\n    <time datetime=\"2025-10-31T09:47:04+01:00\">\t\t\t<i class=\"fas fa-calendar \"\n\t\t\t\t\t\t><\/i>\n\t\t\t\t<a href=\"https:\/\/projectes.xtec.cat\/canaldereporters\/2025\/10\/31\/\">31\/10\/2025<\/a>\n\t<\/time>\n<\/div>\n\n\n<\/div>\n\n\n\n<div class=\"wp-block-getwid-template-post-content is-excerpt\" ><p>Finalitzem la setmana de l&#8217;AMI amb l&#8217;entrevista de la Maria Bouabdellah Arribem a la finalitzaci\u00f3 de la setmana de l&#8217;Alfabetitzaci\u00f3 Medi\u00e0tica i Informacional 2025. En el marc de la Setmana Mundial de l\u2019Alfabetitzaci\u00f3 Medi\u00e0tica i Informacional (AMI), diversos centres educatius han treballat al voltant del periodisme escolar com a eina per combatre la desinformaci\u00f3. Sota&hellip;<\/p><\/div>\n\t\t\t\t\t\t\t<\/div>\n\t\t\t\t\t\t\t\t\t\t\t\t\t<div class=\"wp-block-getwid-post-carousel__slide\">\n\t\t\t\t\t\t\t\t\n<div class=\"wp-block-getwid-template-post-featured-image\" >\n            <a href=\"https:\/\/projectes.xtec.cat\/canaldereporters\/setmanaami2025\/\">\n        <img loading=\"lazy\" decoding=\"async\" width=\"300\" height=\"169\" src=\"https:\/\/projectes.xtec.cat\/canaldereporters\/wp-content\/uploads\/usu2921\/2025\/10\/Destaquem_setmana_AMI-300x169.png\" class=\"attachment-medium size-medium wp-post-image\" alt=\"SetmanaAMI2025\" srcset=\"https:\/\/projectes.xtec.cat\/canaldereporters\/wp-content\/uploads\/usu2921\/2025\/10\/Destaquem_setmana_AMI-300x169.png 300w, https:\/\/projectes.xtec.cat\/canaldereporters\/wp-content\/uploads\/usu2921\/2025\/10\/Destaquem_setmana_AMI-768x432.png 768w, https:\/\/projectes.xtec.cat\/canaldereporters\/wp-content\/uploads\/usu2921\/2025\/10\/Destaquem_setmana_AMI.png 1024w\" sizes=\"auto, (max-width: 300px) 100vw, 300px\" \/>            <\/a>\n    <\/div>\n\n\n\n<h3 class=\"wp-block-getwid-template-post-title\"><a class=\"wp-block-getwid-template-post-title__link\" href=\"https:\/\/projectes.xtec.cat\/canaldereporters\/setmanaami2025\/\">SetmanaAMI2025<\/a><\/h3>\n\n\n<div class=\"wp-block-getwid-template-post-meta has-direction-row\" >\n    \n\n<div class=\"wp-block-getwid-template-post-date\" >\n    <time datetime=\"2025-10-27T14:28:08+01:00\">\t\t\t<i class=\"fas fa-calendar \"\n\t\t\t\t\t\t><\/i>\n\t\t\t\t<a href=\"https:\/\/projectes.xtec.cat\/canaldereporters\/2025\/10\/27\/\">27\/10\/2025<\/a>\n\t<\/time>\n<\/div>\n\n\n<\/div>\n\n\n\n<div class=\"wp-block-getwid-template-post-content is-excerpt\" ><p>L\u2019alfabetitzaci\u00f3 medi\u00e0tica i informacional \u00e9s clau per afrontar els reptes del segle XXI, com ara la proliferaci\u00f3 de la desinformaci\u00f3 i la incitaci\u00f3 a l\u2019odi, la p\u00e8rdua de confian\u00e7a en els mitjans de comunicaci\u00f3, aix\u00ed com per adaptar-se a l\u2019impacte transformador de les innovacions digitals, en particular la intel\u00b7lig\u00e8ncia artificial.<\/p><\/div>\n\t\t\t\t\t\t\t<\/div>\n\t\t\t\t\t\t\t\t\t\t\t\t\t<div class=\"wp-block-getwid-post-carousel__slide\">\n\t\t\t\t\t\t\t\t\n<div class=\"wp-block-getwid-template-post-featured-image\" >\n            <a href=\"https:\/\/projectes.xtec.cat\/canaldereporters\/oferta_formativa_25_26\/\">\n        <img loading=\"lazy\" decoding=\"async\" width=\"300\" height=\"169\" src=\"https:\/\/projectes.xtec.cat\/canaldereporters\/wp-content\/uploads\/usu2921\/2025\/09\/oferta_formativa_2025-300x169.png\" class=\"attachment-medium size-medium wp-post-image\" alt=\"Oferta formativa 25\/26\" srcset=\"https:\/\/projectes.xtec.cat\/canaldereporters\/wp-content\/uploads\/usu2921\/2025\/09\/oferta_formativa_2025-300x169.png 300w, https:\/\/projectes.xtec.cat\/canaldereporters\/wp-content\/uploads\/usu2921\/2025\/09\/oferta_formativa_2025-768x432.png 768w, https:\/\/projectes.xtec.cat\/canaldereporters\/wp-content\/uploads\/usu2921\/2025\/09\/oferta_formativa_2025.png 1024w\" sizes=\"auto, (max-width: 300px) 100vw, 300px\" \/>            <\/a>\n    <\/div>\n\n\n\n<h3 class=\"wp-block-getwid-template-post-title\"><a class=\"wp-block-getwid-template-post-title__link\" href=\"https:\/\/projectes.xtec.cat\/canaldereporters\/oferta_formativa_25_26\/\">Oferta formativa 25\/26<\/a><\/h3>\n\n\n<div class=\"wp-block-getwid-template-post-meta has-direction-row\" >\n    \n\n<div class=\"wp-block-getwid-template-post-date\" >\n    <time datetime=\"2025-09-02T10:06:28+02:00\">\t\t\t<i class=\"fas fa-calendar \"\n\t\t\t\t\t\t><\/i>\n\t\t\t\t<a href=\"https:\/\/projectes.xtec.cat\/canaldereporters\/2025\/09\/02\/\">02\/09\/2025<\/a>\n\t<\/time>\n<\/div>\n\n\n<\/div>\n\n\n\n<div class=\"wp-block-getwid-template-post-content is-excerpt\" ><p>El Departament d\u2019Educaci\u00f3 i Formaci\u00f3 professional presenta la seva oferta formativa a la secci\u00f3 de Formaci\u00f3 de la XTEC. Des del Canal de Reporters us proposem algunes activitats per treballar la desinformaci\u00f3, les not\u00edcies falses i la creaci\u00f3 audiovisual a l\u2019aula.<\/p><\/div>\n\t\t\t\t\t\t\t<\/div>\n\t\t\t\t\t\t            <\/div>\n        <\/div>\n        <\/div><\/div><\/div><\/div><\/div>\n\n\n\n<div class=\"wp-block-getwid-section alignfull alignfull\"><div class=\"wp-block-getwid-section__wrapper\"><div class=\"wp-block-getwid-section__inner-wrapper\"><div class=\"wp-block-getwid-section__background-holder\"><div class=\"wp-block-getwid-section__background\"><\/div><div class=\"wp-block-getwid-section__foreground\"><\/div><\/div><div class=\"wp-block-getwid-section__content\"><div class=\"wp-block-getwid-section__inner-content\">\n<div class=\"wp-block-buttons is-layout-flex wp-block-buttons-is-layout-flex\">\n<div class=\"wp-block-button\"><a class=\"wp-block-button__link has-ast-global-color-1-background-color has-text-color has-background wp-element-button\" href=\"https:\/\/projectes.xtec.cat\/canaldereporters\/mes_noticies\/\" style=\"border-radius:10px;color:#ffffff\" rel=\"https:\/\/projectes.xtec.cat\/canaldereporters\/mes_noticies\/\">M\u00e9s not\u00edcies<\/a><\/div>\n<\/div>\n<\/div><\/div><\/div><\/div><\/div>\n\n\n\n<figure class=\"wp-block-image aligncenter size-large is-resized\"><img loading=\"lazy\" decoding=\"async\" width=\"1024\" height=\"90\" src=\"https:\/\/projectes.xtec.cat\/canaldereporters\/wp-content\/uploads\/usu2921\/2023\/09\/logosMRR-1024x90.png\" alt=\"\" class=\"wp-image-12794\" srcset=\"https:\/\/projectes.xtec.cat\/canaldereporters\/wp-content\/uploads\/usu2921\/2023\/09\/logosMRR-1024x90.png 1024w, https:\/\/projectes.xtec.cat\/canaldereporters\/wp-content\/uploads\/usu2921\/2023\/09\/logosMRR-300x26.png 300w, https:\/\/projectes.xtec.cat\/canaldereporters\/wp-content\/uploads\/usu2921\/2023\/09\/logosMRR-768x68.png 768w, https:\/\/projectes.xtec.cat\/canaldereporters\/wp-content\/uploads\/usu2921\/2023\/09\/logosMRR-1536x135.png 1536w, https:\/\/projectes.xtec.cat\/canaldereporters\/wp-content\/uploads\/usu2921\/2023\/09\/logosMRR.png 1611w\" sizes=\"auto, (max-width: 1024px) 100vw, 1024px\" \/><\/figure>\n\n\n\n<div style=\"height:10px\" aria-hidden=\"true\" class=\"wp-block-spacer\"><\/div>\n","protected":false},"excerpt":{"rendered":"","protected":false},"author":1,"featured_media":0,"parent":0,"menu_order":0,"comment_status":"closed","ping_status":"closed","template":"","meta":{"site-sidebar-layout":"no-sidebar","site-content-layout":"plain-container","ast-site-content-layout":"normal-width-container","site-content-style":"unboxed","site-sidebar-style":"unboxed","ast-global-header-display":"","ast-banner-title-visibility":"","ast-main-header-display":"","ast-hfb-above-header-display":"","ast-hfb-below-header-display":"","ast-hfb-mobile-header-display":"","site-post-title":"disabled","ast-breadcrumbs-content":"","ast-featured-img":"","footer-sml-layout":"","theme-transparent-header-meta":"disabled","adv-header-id-meta":"","stick-header-meta":"disabled","header-above-stick-meta":"","header-main-stick-meta":"","header-below-stick-meta":"","astra-migrate-meta-layouts":"set","ast-page-background-enabled":"default","ast-page-background-meta":{"desktop":{"background-color":"","background-image":"","background-repeat":"repeat","background-position":"center center","background-size":"auto","background-attachment":"scroll","background-type":"","background-media":"","overlay-type":"","overlay-color":"","overlay-opacity":"","overlay-gradient":""},"tablet":{"background-color":"","background-image":"","background-repeat":"repeat","background-position":"center center","background-size":"auto","background-attachment":"scroll","background-type":"","background-media":"","overlay-type":"","overlay-color":"","overlay-opacity":"","overlay-gradient":""},"mobile":{"background-color":"","background-image":"","background-repeat":"repeat","background-position":"center center","background-size":"auto","background-attachment":"scroll","background-type":"","background-media":"","overlay-type":"","overlay-color":"","overlay-opacity":"","overlay-gradient":""}},"ast-content-background-meta":{"desktop":{"background-color":"var(--ast-global-color-5)","background-image":"","background-repeat":"repeat","background-position":"center center","background-size":"auto","background-attachment":"scroll","background-type":"","background-media":"","overlay-type":"","overlay-color":"","overlay-opacity":"","overlay-gradient":""},"tablet":{"background-color":"var(--ast-global-color-5)","background-image":"","background-repeat":"repeat","background-position":"center center","background-size":"auto","background-attachment":"scroll","background-type":"","background-media":"","overlay-type":"","overlay-color":"","overlay-opacity":"","overlay-gradient":""},"mobile":{"background-color":"var(--ast-global-color-5)","background-image":"","background-repeat":"repeat","background-position":"center center","background-size":"auto","background-attachment":"scroll","background-type":"","background-media":"","overlay-type":"","overlay-color":"","overlay-opacity":"","overlay-gradient":""}},"footnotes":""},"class_list":["post-9","page","type-page","status-publish","hentry"],"post_mailing_queue_ids":[],"_links":{"self":[{"href":"https:\/\/projectes.xtec.cat\/canaldereporters\/wp-json\/wp\/v2\/pages\/9","targetHints":{"allow":["GET"]}}],"collection":[{"href":"https:\/\/projectes.xtec.cat\/canaldereporters\/wp-json\/wp\/v2\/pages"}],"about":[{"href":"https:\/\/projectes.xtec.cat\/canaldereporters\/wp-json\/wp\/v2\/types\/page"}],"author":[{"embeddable":true,"href":"https:\/\/projectes.xtec.cat\/canaldereporters\/wp-json\/wp\/v2\/users\/1"}],"replies":[{"embeddable":true,"href":"https:\/\/projectes.xtec.cat\/canaldereporters\/wp-json\/wp\/v2\/comments?post=9"}],"version-history":[{"count":7,"href":"https:\/\/projectes.xtec.cat\/canaldereporters\/wp-json\/wp\/v2\/pages\/9\/revisions"}],"predecessor-version":[{"id":16060,"href":"https:\/\/projectes.xtec.cat\/canaldereporters\/wp-json\/wp\/v2\/pages\/9\/revisions\/16060"}],"wp:attachment":[{"href":"https:\/\/projectes.xtec.cat\/canaldereporters\/wp-json\/wp\/v2\/media?parent=9"}],"curies":[{"name":"wp","href":"https:\/\/api.w.org\/{rel}","templated":true}]}}