{"id":8309,"date":"2019-12-19T12:35:39","date_gmt":"2019-12-19T11:35:39","guid":{"rendered":"https:\/\/projectes.xtec.cat\/catskills\/?page_id=8309"},"modified":"2022-04-27T23:33:21","modified_gmt":"2022-04-27T21:33:21","slug":"informacio","status":"publish","type":"page","link":"https:\/\/projectes.xtec.cat\/catskills\/informacio\/","title":{"rendered":"INFORMACI\u00d3 GENERAL"},"content":{"rendered":"<h4><\/h4>\n<h4>En qu\u00e8 consisteix?<\/h4>\n<p>El campionat de Catalunya de formaci\u00f3 professional, que se celebra cada dos anys, permet mostrar les habilitats i les compet\u00e8ncies professionals dels alumnes que hi participen. Les proves estan inspirades en les descripcions t\u00e8cniques que regeixen la competici\u00f3 internacional WorldSkills Competition.<\/p>\n<p><strong>VIDEO DE DIFUSI\u00d3 DEL PROGRAMA CATSKILLS<\/strong><\/p>\n<p><a href=\"https:\/\/www.google.com\/url?q=https:\/\/drive.google.com\/file\/d\/19_yI-9N0wt3FIKpBEtEbozjxBlqjoxS7\/view?usp%3Dsharing&amp;sa=D&amp;source=editors&amp;ust=1636457990061000&amp;usg=AOvVaw2sUl1aZPCEPN5HRqQNmPcF\">https:\/\/www.google.com\/url?q=https:\/\/drive.google.com\/file\/d\/19_yI-9N0wt3FIKpBEtEbozjxBlqjoxS7\/view?usp%3Dsharing&amp;sa=D&amp;source=editors&amp;ust=1636457990061000&amp;usg=AOvVaw2sUl1aZPCEPN5HRqQNmPcF<\/a><\/p>\n<h4>Objectius<\/h4>\n<ul>\n<li>Promoure l&#8217;alta qualitat dels estudis de formaci\u00f3 professional que es duen a terme a diferents centres educatius del territori.<\/li>\n<li>Impulsar, promoure i prestigiar la formaci\u00f3 professional.<\/li>\n<li>Crear xarxes de col\u00b7laboraci\u00f3, entre els centres, el professorat participant i les empreses del sector.<\/li>\n<\/ul>\n<p>El progr\u00e9s econ\u00f2mic d&#8217;una regi\u00f3 est\u00e0 \u00edntimament lligat a la formaci\u00f3 de la seva poblaci\u00f3 activa. El jovent que es vol introduir en el m\u00f3n laboral ha de saber donar resposta a la necessitat empresarial del seu territori; \u00e9s per aix\u00f2 que empreses i autoritats educatives han de treballar conjuntament a fi d&#8217;ajudar al progr\u00e9s econ\u00f2mic del territori.<\/p>\n<p><strong>Qui pot organitzar les competicions Catskills?<\/strong><\/p>\n<p>Els centres educatius p\u00fablics depenents del Departament d&#8217;Educaci\u00f3. Les proves s\u00f3n organitzades per un docent proposat pel centre educatiu i designat per la\u00a0 Direcci\u00f3 General de Formaci\u00f3 Professional.<\/p>\n<h4>Qui pot participar-hi?<\/h4>\n<p>Els alumnes matriculats en cicles formatius de formaci\u00f3 professional de Catalunya (cada prova t\u00e9 un requisit d&#8217;edat que s&#8217;especifica a la directriu t\u00e8cnica corresponent).<\/p>\n<h4>Qu\u00e8 cal fer per inscriure-s&#8217;hi?<\/h4>\n<p>Els centres de formaci\u00f3 professional poden inscriure els competidors\/es per professi\u00f3\/modalitat d&#8217;skill emplenant el formulari en l\u00ednia quan la inscripci\u00f3 est\u00e0 oberta.<\/p>\n<h4>Normativa<\/h4>\n<p><a href=\"https:\/\/dogc.gencat.cat\/ca\/pdogc_canals_interns\/pdogc_resultats_fitxa\/?action=fitxa&amp;documentId=763141&amp;language=ca_ES\" target=\"_blank\" rel=\"noopener noreferrer\">Resoluci\u00f3 ENS\/2481\/2016, de 27 d&#8217;octubre<\/a>,<br \/>\nper la qual es crea el Programa d&#8217;innovaci\u00f3 &#8220;Campionat de Catalunya de la Formaci\u00f3 Professional i proves t\u00e8cniques de les olimp\u00edades d&#8217;FP Skills&#8221; (DOGC n\u00fam. 7243, de 9.11.2016)<\/p>\n","protected":false},"excerpt":{"rendered":"<p>En qu\u00e8 consisteix?<br \/>\nEl campionat de Catalunya de formaci\u00f3 professional, que se celebra cada dos anys, permet mostrar les habilitats i les compet\u00e8ncies professionals dels alumnes que hi participen. Les proves estan inspirades en les descripcions t\u00e8cniques que regeixen la competici\u00f3 internacional WorldSkills Competition.<br \/>\nVIDEO DE DIFUSI\u00d3&hellip;  <a href=\"https:\/\/projectes.xtec.cat\/catskills\/informacio\/\" title=\"Read INFORMACI\u00d3 GENERAL\">Llegeix m\u00e9s\u00bb<\/a><\/p>\n","protected":false},"author":3,"featured_media":0,"parent":0,"menu_order":0,"comment_status":"closed","ping_status":"closed","template":"","meta":{"_bbp_topic_count":0,"_bbp_reply_count":0,"_bbp_total_topic_count":0,"_bbp_total_reply_count":0,"_bbp_voice_count":0,"_bbp_anonymous_reply_count":0,"_bbp_topic_count_hidden":0,"_bbp_reply_count_hidden":0,"_bbp_forum_subforum_count":0,"footnotes":""},"class_list":["post-8309","page","type-page","status-publish","hentry"],"post_mailing_queue_ids":[],"_links":{"self":[{"href":"https:\/\/projectes.xtec.cat\/catskills\/wp-json\/wp\/v2\/pages\/8309","targetHints":{"allow":["GET"]}}],"collection":[{"href":"https:\/\/projectes.xtec.cat\/catskills\/wp-json\/wp\/v2\/pages"}],"about":[{"href":"https:\/\/projectes.xtec.cat\/catskills\/wp-json\/wp\/v2\/types\/page"}],"author":[{"embeddable":true,"href":"https:\/\/projectes.xtec.cat\/catskills\/wp-json\/wp\/v2\/users\/3"}],"replies":[{"embeddable":true,"href":"https:\/\/projectes.xtec.cat\/catskills\/wp-json\/wp\/v2\/comments?post=8309"}],"version-history":[{"count":4,"href":"https:\/\/projectes.xtec.cat\/catskills\/wp-json\/wp\/v2\/pages\/8309\/revisions"}],"predecessor-version":[{"id":9118,"href":"https:\/\/projectes.xtec.cat\/catskills\/wp-json\/wp\/v2\/pages\/8309\/revisions\/9118"}],"wp:attachment":[{"href":"https:\/\/projectes.xtec.cat\/catskills\/wp-json\/wp\/v2\/media?parent=8309"}],"curies":[{"name":"wp","href":"https:\/\/api.w.org\/{rel}","templated":true}]}}