{"id":8312,"date":"2019-12-19T12:38:41","date_gmt":"2019-12-19T11:38:41","guid":{"rendered":"https:\/\/projectes.xtec.cat\/catskills\/?page_id=8312"},"modified":"2021-11-09T11:46:46","modified_gmt":"2021-11-09T10:46:46","slug":"enllacos","status":"publish","type":"page","link":"https:\/\/projectes.xtec.cat\/catskills\/enllacos\/","title":{"rendered":"VIDEOS I ENLLA\u00c7OS D&#8217;INTER\u00c8S"},"content":{"rendered":"<p><strong>Catskills<\/strong><\/p>\n<p>Video promocional del Programa<\/p>\n<p><a href=\"https:\/\/www.google.com\/url?q=https:\/\/drive.google.com\/file\/d\/19_yI-9N0wt3FIKpBEtEbozjxBlqjoxS7\/view?usp%3Dsharing&amp;sa=D&amp;source=editors&amp;ust=1636457990061000&amp;usg=AOvVaw2sUl1aZPCEPN5HRqQNmPcF\">https:\/\/www.google.com\/url?q=https:\/\/drive.google.com\/file\/d\/19_yI-9N0wt3FIKpBEtEbozjxBlqjoxS7\/view?usp%3Dsharing&amp;sa=D&amp;source=editors&amp;ust=1636457990061000&amp;usg=AOvVaw2sUl1aZPCEPN5HRqQNmPcF<\/a><\/p>\n<p><strong><a href=\"https:\/\/worldskills.org\/\" target=\"_blank\" rel=\"noopener noreferrer\">Worldskills<\/a><\/strong><br \/>\nEn aquesta p\u00e0gina web trobareu la informaci\u00f3 del campionat internacional que se celebra bianualment (anys imparells).<\/p>\n<p><a href=\"https:\/\/worldskillseurope.org\/\" target=\"_blank\" rel=\"noopener noreferrer\"><strong>Euroskills<\/strong><\/a><br \/>\nLa p\u00e0gina web del Wordskills Europe mostra la informaci\u00f3 del campionat europeu de la formaci\u00f3 professional que t\u00e9 lloc tamb\u00e9 bianualment (anys parells).<\/p>\n<p><a href=\"https:\/\/spain-skills.es\/\" target=\"_blank\" rel=\"noopener noreferrer\"><strong>Spainskills<\/strong><\/a><br \/>\nAquest web recull els documents i altres informacions del campionat estatal de la formaci\u00f3 professional que se celebra a Madrid cada dos anys.<\/p>\n<p>&nbsp;<\/p>\n<p>&nbsp;<\/p>\n<p>&nbsp;<\/p>\n","protected":false},"excerpt":{"rendered":"<p>Catskills<br \/>\nVideo promocional del Programa<br \/>\n<a href=\"https:\/\/www.google.com\/url?q=https:\/\/drive.google.com\/file\/d\/19_yI-9N0wt3FIKpBEtEbozjxBlqjoxS7\/view?usp%3Dsharing&amp;sa=D&amp;source=editors&amp;ust=1636457990061000&amp;usg=AOvVaw2sUl1aZPCEPN5HRqQNmPcF\">https:\/\/www.google.com\/url?q=https:\/\/drive.google.com\/file\/d\/19_yI-9N0wt3FIKpBEtEbozjxBlqjoxS7\/view?usp%3Dsharing&amp;sa=D&amp;source=editors&amp;ust=1636457990061000&amp;usg=AOvVaw2sUl1aZPCEPN5HRqQNmPcF<\/a><br \/>\n<a href=\"https:\/\/worldskills.org\/\" target=\"_blank\" rel=\"noopener noreferrer\">Worldskills<\/a><br \/>\nEn aquesta p\u00e0gina web trobareu la informaci\u00f3 del campionat internacional que se celebra bianualment (anys imparells).<br \/>\n<a href=\"https:\/\/worldskillseurope.org\/\" target=\"_blank\" rel=\"noopener noreferrer\">Euroskills<\/a><br \/>\nLa p\u00e0gina web del Wordskills Europe mostra la informaci\u00f3 del campionat europeu de la formaci\u00f3 professional que t\u00e9&hellip;  <a href=\"https:\/\/projectes.xtec.cat\/catskills\/enllacos\/\" title=\"Read VIDEOS I ENLLA\u00c7OS D&#8217;INTER\u00c8S\">Llegeix m\u00e9s\u00bb<\/a><\/p>\n","protected":false},"author":3,"featured_media":0,"parent":0,"menu_order":0,"comment_status":"closed","ping_status":"closed","template":"","meta":{"_bbp_topic_count":0,"_bbp_reply_count":0,"_bbp_total_topic_count":0,"_bbp_total_reply_count":0,"_bbp_voice_count":0,"_bbp_anonymous_reply_count":0,"_bbp_topic_count_hidden":0,"_bbp_reply_count_hidden":0,"_bbp_forum_subforum_count":0,"footnotes":""},"class_list":["post-8312","page","type-page","status-publish","hentry"],"post_mailing_queue_ids":[],"_links":{"self":[{"href":"https:\/\/projectes.xtec.cat\/catskills\/wp-json\/wp\/v2\/pages\/8312","targetHints":{"allow":["GET"]}}],"collection":[{"href":"https:\/\/projectes.xtec.cat\/catskills\/wp-json\/wp\/v2\/pages"}],"about":[{"href":"https:\/\/projectes.xtec.cat\/catskills\/wp-json\/wp\/v2\/types\/page"}],"author":[{"embeddable":true,"href":"https:\/\/projectes.xtec.cat\/catskills\/wp-json\/wp\/v2\/users\/3"}],"replies":[{"embeddable":true,"href":"https:\/\/projectes.xtec.cat\/catskills\/wp-json\/wp\/v2\/comments?post=8312"}],"version-history":[{"count":4,"href":"https:\/\/projectes.xtec.cat\/catskills\/wp-json\/wp\/v2\/pages\/8312\/revisions"}],"predecessor-version":[{"id":8999,"href":"https:\/\/projectes.xtec.cat\/catskills\/wp-json\/wp\/v2\/pages\/8312\/revisions\/8999"}],"wp:attachment":[{"href":"https:\/\/projectes.xtec.cat\/catskills\/wp-json\/wp\/v2\/media?parent=8312"}],"curies":[{"name":"wp","href":"https:\/\/api.w.org\/{rel}","templated":true}]}}