{"id":8368,"date":"2020-01-16T13:52:46","date_gmt":"2020-01-16T12:52:46","guid":{"rendered":"https:\/\/projectes.xtec.cat\/catskills\/?page_id=8368"},"modified":"2022-05-31T10:59:55","modified_gmt":"2022-05-31T08:59:55","slug":"catskills-2020","status":"publish","type":"page","link":"https:\/\/projectes.xtec.cat\/catskills\/catskills-2020\/","title":{"rendered":"Catskills"},"content":{"rendered":"<div class=\"FW_sPregunta FW_sImpacte\">\n<h4 id=\"FW_bloc_c3e95594-efec-11e9-beeb-005056924a59_1\" class=\"FW_ancora\">Introducci\u00f3<\/h4>\n<div class=\"FW_sArticleFoto\">\n<div class=\"FW_sEditPro\">\n<p>La Direcci\u00f3 General de Formaci\u00f3 Professional Inicial i Ensenyaments de R\u00e8gim Especial del Departament d&#8217;Educaci\u00f3 de la Generalitat de Catalunya, organitza els Campionats d&#8217;FP de Catalunya, <strong>Catskills<\/strong>.<\/p>\n<p>Els Campionats d&#8217;FP de Catalunya, <strong>Catskills<\/strong>, tenen com a objectiu principal la promoci\u00f3 de la Formaci\u00f3 Professional a trav\u00e9s de la participaci\u00f3 de l&#8217;alumnat en una competici\u00f3 que\u00a0 afegeix una motivaci\u00f3 extra en el seu itinerari professional, i tamb\u00e9 una experi\u00e8ncia personal enriquidora. Al mateix temps, el centre educatiu i el professorat que participa en la preparaci\u00f3 de l&#8217;alumnat pot intercanviar experi\u00e8ncies i establir xarxes de col\u00b7laboraci\u00f3 entre els centres i les empreses que hi participen.<\/p>\n<\/div>\n<\/div>\n<div class=\"FW_clear FW_hrBlanc\"><\/div>\n<div><\/div>\n<\/div>\n<div class=\"FW_sTitolFons FW_sTitolFons_bloc1col\"><\/div>\n<div><\/div>\n<div class=\"FW_sPregunta FW_sImpacte\">\n<h4><\/h4>\n<h4 id=\"FW_bloc_c3e95594-efec-11e9-beeb-005056924a59_2\" class=\"FW_ancora\">Requisits per a la participaci\u00f3<\/h4>\n<div class=\"FW_sArticleFoto\">\n<div class=\"FW_sEditPro\">\n<p>Pot participar als Campionats d&#8217;FP de Catalunya, l&#8217;alumnat dels centres educatius de formaci\u00f3 professional de Catalunya, matriculat en un cicle formatiu de grau mitj\u00e0 o de grau superior d&#8217;FP, durant el curs en que es celebri la competici\u00f3. Tamb\u00e9 en alguns casos alumnat de PFI.<\/p>\n<p>Cada centre pot inscriure un o m\u00e9s participants, en funci\u00f3 de l&#8217;skill escollit, i pot proposar-ne de reserva per cobrir les eventualitats que puguin sorgir.<\/p>\n<p>Aquest\u00a0 alumnat\u00a0 ha de tenir, abans de l&#8217;inici del campionat, els coneixements te\u00f2rics suficients respecte als components materials sobre els quals versen les proves. A m\u00e9s, ha de reunir les qualitats seg\u00fcents: concentraci\u00f3, capacitat de resoldre problemes i de treballar sota pressi\u00f3.<\/p>\n<p>El dia de les proves, els participants han d&#8217;anar acompanyats pel professor\/a que els ha preparat i que ha d&#8217;actuar de jurat. <strong style=\"font-family: inherit; font-size: 1em;\">(En cas de celebrar-se les proves en una seu \u00fanica que aculli tots els participants d&#8217;un skill donat).<\/strong><\/p>\n<h4 id=\"FW_bloc_c3e95594-efec-11e9-beeb-005056924a59_2\" class=\"FW_ancora\">Calendari i directrius t\u00e8cniques<\/h4>\n<p>Aqu\u00ed podreu trobar les<a href=\"https:\/\/projectes.xtec.cat\/catskills\/?page_id=9175&amp;preview=true\"> dates i ubicacions<\/a> de les proves, tant entrenaments com competici\u00f3, i les <a href=\"https:\/\/projectes.xtec.cat\/catskills\/catskills-2020\/directrius-tecniques-2021\/\">indicacions<\/a> <strong>gen\u00e8riques<\/strong> del seu format.<\/p>\n<p><span style=\"font-size: 1.4375em; font-weight: bold;\">Continguts de la prova i equipaments<\/span><\/p>\n<\/div>\n<\/div>\n<\/div>\n<div>\n<p>Els continguts<strong> concrets<\/strong> de cada prova, la llista d&#8217;equipament que aporta l&#8217;organitzaci\u00f3, i la que han de portar els participants es publicaran al respectiu curs d&#8217;<a href=\"https:\/\/odissea.xtec.cat\/course\/index.php?categoryid=2221\">Odissea<\/a>.<\/p>\n<p><span style=\"font-size: 1.4375em; font-weight: bold;\">Premis<\/span><\/p>\n<\/div>\n<div class=\"FW_sPregunta FW_sImpacte\">\n<div class=\"FW_sArticleFoto\">\n<div class=\"FW_sEditPro\">\n<p>S&#8217;han establert els premis seg\u00fcents:<\/p>\n<ul>\n<li>1r premi: Certificat de primer classificat i medalla d&#8217;or Catskills.<\/li>\n<li>2n premi: Certificat de segon classificat i medalla de plata Catskills.<\/li>\n<li>3r premi: Certificat de tercer classificat i medalla de bronze Catskills.<\/li>\n<\/ul>\n<p>La resta de participants rep un certificat de participaci\u00f3 en la competici\u00f3.<\/p>\n<\/div>\n<\/div>\n<\/div>\n","protected":false},"excerpt":{"rendered":"<p>Introducci\u00f3<\/p>\n<p>La Direcci\u00f3 General de Formaci\u00f3 Professional Inicial i Ensenyaments de R\u00e8gim Especial del Departament d&#8217;Educaci\u00f3 de la Generalitat de Catalunya, organitza els Campionats d&#8217;FP de Catalunya, Catskills.<br \/>\nEls Campionats d&#8217;FP de Catalunya, Catskills, tenen com a objectiu principal la promoci\u00f3 de la Formaci\u00f3 Professional a trav\u00e9s&hellip;  <a href=\"https:\/\/projectes.xtec.cat\/catskills\/catskills-2020\/\" title=\"Read Catskills\">Llegeix m\u00e9s\u00bb<\/a><\/p>\n","protected":false},"author":1,"featured_media":0,"parent":0,"menu_order":0,"comment_status":"closed","ping_status":"closed","template":"","meta":{"_bbp_topic_count":0,"_bbp_reply_count":0,"_bbp_total_topic_count":0,"_bbp_total_reply_count":0,"_bbp_voice_count":0,"_bbp_anonymous_reply_count":0,"_bbp_topic_count_hidden":0,"_bbp_reply_count_hidden":0,"_bbp_forum_subforum_count":0,"footnotes":""},"class_list":["post-8368","page","type-page","status-publish","hentry"],"post_mailing_queue_ids":[],"_links":{"self":[{"href":"https:\/\/projectes.xtec.cat\/catskills\/wp-json\/wp\/v2\/pages\/8368","targetHints":{"allow":["GET"]}}],"collection":[{"href":"https:\/\/projectes.xtec.cat\/catskills\/wp-json\/wp\/v2\/pages"}],"about":[{"href":"https:\/\/projectes.xtec.cat\/catskills\/wp-json\/wp\/v2\/types\/page"}],"author":[{"embeddable":true,"href":"https:\/\/projectes.xtec.cat\/catskills\/wp-json\/wp\/v2\/users\/1"}],"replies":[{"embeddable":true,"href":"https:\/\/projectes.xtec.cat\/catskills\/wp-json\/wp\/v2\/comments?post=8368"}],"version-history":[{"count":4,"href":"https:\/\/projectes.xtec.cat\/catskills\/wp-json\/wp\/v2\/pages\/8368\/revisions"}],"predecessor-version":[{"id":9180,"href":"https:\/\/projectes.xtec.cat\/catskills\/wp-json\/wp\/v2\/pages\/8368\/revisions\/9180"}],"wp:attachment":[{"href":"https:\/\/projectes.xtec.cat\/catskills\/wp-json\/wp\/v2\/media?parent=8368"}],"curies":[{"name":"wp","href":"https:\/\/api.w.org\/{rel}","templated":true}]}}