{"id":8633,"date":"2020-05-11T15:51:35","date_gmt":"2020-05-11T13:51:35","guid":{"rendered":"https:\/\/projectes.xtec.cat\/catskills\/?page_id=8633"},"modified":"2020-05-11T15:51:45","modified_gmt":"2020-05-11T13:51:45","slug":"experiencies-catskills","status":"publish","type":"page","link":"https:\/\/projectes.xtec.cat\/catskills\/experiencies-catskills\/","title":{"rendered":"Experi\u00e8ncies Catskills"},"content":{"rendered":"<p>Aqu\u00ed teniu les experi\u00e8ncies d&#8217;alumnes:<\/p>\n<div style=\"width: 1200px;\" class=\"wp-video\"><!--[if lt IE 9]><script>document.createElement('video');<\/script><![endif]-->\n<video class=\"wp-video-shortcode\" id=\"video-8633-1\" width=\"1200\" height=\"800\" preload=\"metadata\" controls=\"controls\"><source type=\"video\/mp4\" src=\"https:\/\/projectes.xtec.cat\/catskills\/wp-content\/uploads\/usu2057\/2020\/05\/skill4_eric_low.mp4?_=1\" \/><a href=\"https:\/\/projectes.xtec.cat\/catskills\/wp-content\/uploads\/usu2057\/2020\/05\/skill4_eric_low.mp4\">https:\/\/projectes.xtec.cat\/catskills\/wp-content\/uploads\/usu2057\/2020\/05\/skill4_eric_low.mp4<\/a><\/video><\/div>\n<div style=\"width: 1200px;\" class=\"wp-video\"><video class=\"wp-video-shortcode\" id=\"video-8633-2\" width=\"1200\" height=\"800\" preload=\"metadata\" controls=\"controls\"><source type=\"video\/mp4\" src=\"https:\/\/projectes.xtec.cat\/catskills\/wp-content\/uploads\/usu2057\/2020\/05\/skill17_robert_low.mp4?_=2\" \/><a href=\"https:\/\/projectes.xtec.cat\/catskills\/wp-content\/uploads\/usu2057\/2020\/05\/skill17_robert_low.mp4\">https:\/\/projectes.xtec.cat\/catskills\/wp-content\/uploads\/usu2057\/2020\/05\/skill17_robert_low.mp4<\/a><\/video><\/div>\n<p>&nbsp;<\/p>\n<p>&nbsp;<\/p>\n","protected":false},"excerpt":{"rendered":"<p>Aqu\u00ed teniu les experi\u00e8ncies d&#8217;alumnes:<br \/>\n<a href=\"https:\/\/projectes.xtec.cat\/catskills\/wp-content\/uploads\/usu2057\/2020\/05\/skill4_eric_low.mp4\">https:\/\/projectes.xtec.cat\/catskills\/wp-content\/uploads\/usu2057\/2020\/05\/skill4_eric_low.mp4<\/a><br \/>\n<a href=\"https:\/\/projectes.xtec.cat\/catskills\/wp-content\/uploads\/usu2057\/2020\/05\/skill17_robert_low.mp4\">https:\/\/projectes.xtec.cat\/catskills\/wp-content\/uploads\/usu2057\/2020\/05\/skill17_robert_low.mp4<\/a><br \/>\n&nbsp;<br \/>\n&nbsp;<\/p>\n","protected":false},"author":1,"featured_media":0,"parent":0,"menu_order":0,"comment_status":"closed","ping_status":"closed","template":"","meta":{"_bbp_topic_count":0,"_bbp_reply_count":0,"_bbp_total_topic_count":0,"_bbp_total_reply_count":0,"_bbp_voice_count":0,"_bbp_anonymous_reply_count":0,"_bbp_topic_count_hidden":0,"_bbp_reply_count_hidden":0,"_bbp_forum_subforum_count":0,"footnotes":""},"class_list":["post-8633","page","type-page","status-publish","hentry"],"post_mailing_queue_ids":[],"_links":{"self":[{"href":"https:\/\/projectes.xtec.cat\/catskills\/wp-json\/wp\/v2\/pages\/8633","targetHints":{"allow":["GET"]}}],"collection":[{"href":"https:\/\/projectes.xtec.cat\/catskills\/wp-json\/wp\/v2\/pages"}],"about":[{"href":"https:\/\/projectes.xtec.cat\/catskills\/wp-json\/wp\/v2\/types\/page"}],"author":[{"embeddable":true,"href":"https:\/\/projectes.xtec.cat\/catskills\/wp-json\/wp\/v2\/users\/1"}],"replies":[{"embeddable":true,"href":"https:\/\/projectes.xtec.cat\/catskills\/wp-json\/wp\/v2\/comments?post=8633"}],"version-history":[{"count":3,"href":"https:\/\/projectes.xtec.cat\/catskills\/wp-json\/wp\/v2\/pages\/8633\/revisions"}],"predecessor-version":[{"id":8638,"href":"https:\/\/projectes.xtec.cat\/catskills\/wp-json\/wp\/v2\/pages\/8633\/revisions\/8638"}],"wp:attachment":[{"href":"https:\/\/projectes.xtec.cat\/catskills\/wp-json\/wp\/v2\/media?parent=8633"}],"curies":[{"name":"wp","href":"https:\/\/api.w.org\/{rel}","templated":true}]}}