{"id":9001,"date":"2023-09-30T16:33:44","date_gmt":"2023-09-30T14:33:44","guid":{"rendered":"https:\/\/projectes.xtec.cat\/catskills\/?page_id=9001"},"modified":"2023-10-01T12:28:30","modified_gmt":"2023-10-01T10:28:30","slug":"que-es","status":"publish","type":"page","link":"https:\/\/projectes.xtec.cat\/catskills\/que-es\/","title":{"rendered":"Qu\u00e8 es? missi\u00f3 i visi\u00f3"},"content":{"rendered":"<p>El <strong>programa Catskills xarxes<\/strong>, \u00e9s un programa que t\u00e9 com a principal metodologia el treball en xarxes de<strong> centres que volen iniciar-se<\/strong> en el m\u00f3n de les competicions Catskills i que volen introduir la metodologia de Catskills a les aules. Tamb\u00e9 en formen part<strong> centres que ja competeixen<\/strong> i que cerquen amb el treball en xarxa millorar les competicions a trav\u00e9s de l&#8217;intercanvi d&#8217;experi\u00e8ncies, formaci\u00f3 i el contacte amb experts del sector i de la organitzaci\u00f3.<\/p>\n<p><b>La missi\u00f3<\/b><span style=\"font-weight: 400;\"> del Programa de Catskills \u00e9s promoure i demostrar l&#8217;expertesa i les compet\u00e8ncies de l&#8217;alumnat de formaci\u00f3 professional de Catalunya a trav\u00e9s de les competicions i del treball en xarxa introduint la metodologia a les aules.<\/span><\/p>\n<p><span style=\"font-weight: 400;\">Aix\u00ed doncs <\/span><b>la visi\u00f3<\/b><span style=\"font-weight: 400;\"> del programa es esdevenir un referent en el m\u00f3n de l\u2019FP, com agent transformador dels centres d\u2019FP,\u00a0 millorant les compet\u00e8ncies espec\u00edfiques dels estudiants i obtenint guardons a les competicions europees i mundials. <\/span><\/p>\n","protected":false},"excerpt":{"rendered":"<p>El programa Catskills xarxes, \u00e9s un programa que t\u00e9 com a principal metodologia el treball en xarxes de centres que volen iniciar-se en el m\u00f3n de les competicions Catskills i que volen introduir la metodologia de Catskills a les aules. Tamb\u00e9 en formen part centres&hellip;  <a href=\"https:\/\/projectes.xtec.cat\/catskills\/que-es\/\" title=\"Read Qu\u00e8 es? missi\u00f3 i visi\u00f3\">Llegeix m\u00e9s\u00bb<\/a><\/p>\n","protected":false},"author":10,"featured_media":0,"parent":0,"menu_order":0,"comment_status":"closed","ping_status":"closed","template":"","meta":{"_bbp_topic_count":0,"_bbp_reply_count":0,"_bbp_total_topic_count":0,"_bbp_total_reply_count":0,"_bbp_voice_count":0,"_bbp_anonymous_reply_count":0,"_bbp_topic_count_hidden":0,"_bbp_reply_count_hidden":0,"_bbp_forum_subforum_count":0,"footnotes":""},"class_list":["post-9001","page","type-page","status-publish","hentry"],"post_mailing_queue_ids":[],"_links":{"self":[{"href":"https:\/\/projectes.xtec.cat\/catskills\/wp-json\/wp\/v2\/pages\/9001","targetHints":{"allow":["GET"]}}],"collection":[{"href":"https:\/\/projectes.xtec.cat\/catskills\/wp-json\/wp\/v2\/pages"}],"about":[{"href":"https:\/\/projectes.xtec.cat\/catskills\/wp-json\/wp\/v2\/types\/page"}],"author":[{"embeddable":true,"href":"https:\/\/projectes.xtec.cat\/catskills\/wp-json\/wp\/v2\/users\/10"}],"replies":[{"embeddable":true,"href":"https:\/\/projectes.xtec.cat\/catskills\/wp-json\/wp\/v2\/comments?post=9001"}],"version-history":[{"count":4,"href":"https:\/\/projectes.xtec.cat\/catskills\/wp-json\/wp\/v2\/pages\/9001\/revisions"}],"predecessor-version":[{"id":9422,"href":"https:\/\/projectes.xtec.cat\/catskills\/wp-json\/wp\/v2\/pages\/9001\/revisions\/9422"}],"wp:attachment":[{"href":"https:\/\/projectes.xtec.cat\/catskills\/wp-json\/wp\/v2\/media?parent=9001"}],"curies":[{"name":"wp","href":"https:\/\/api.w.org\/{rel}","templated":true}]}}