{"id":10120,"date":"2021-09-14T13:36:09","date_gmt":"2021-09-14T11:36:09","guid":{"rendered":"https:\/\/projectes.xtec.cat\/centresformadors\/?page_id=10120"},"modified":"2022-09-26T18:58:18","modified_gmt":"2022-09-26T16:58:18","slug":"noves-orientacions-per-al-curs-2021-2022","status":"publish","type":"page","link":"https:\/\/projectes.xtec.cat\/centresformadors\/documents\/noves-orientacions-per-al-curs-2021-2022\/","title":{"rendered":"Orientacions per al curs 2021-2022"},"content":{"rendered":"<p><a href=\"https:\/\/projectes.xtec.cat\/centresformadors\/wp-content\/uploads\/usu1341\/2021\/09\/Def.orientacio-1.pdf\" target=\"_blank\" rel=\"noopener\"><img loading=\"lazy\" decoding=\"async\" class=\"alignleft wp-image-10122\" src=\"https:\/\/projectes.xtec.cat\/centresformadors\/wp-content\/uploads\/usu1341\/2021\/09\/ORIENTACIONS-21-22-1.jpg\" alt=\"\" width=\"600\" height=\"417\" srcset=\"https:\/\/projectes.xtec.cat\/centresformadors\/wp-content\/uploads\/usu1341\/2021\/09\/ORIENTACIONS-21-22-1.jpg 826w, https:\/\/projectes.xtec.cat\/centresformadors\/wp-content\/uploads\/usu1341\/2021\/09\/ORIENTACIONS-21-22-1-300x208.jpg 300w, https:\/\/projectes.xtec.cat\/centresformadors\/wp-content\/uploads\/usu1341\/2021\/09\/ORIENTACIONS-21-22-1-768x534.jpg 768w\" sizes=\"auto, (max-width: 600px) 100vw, 600px\" \/><\/a>L\u2019<strong>objectiu<\/strong> d\u2019aquest <a href=\"https:\/\/projectes.xtec.cat\/centresformadors\/wp-content\/uploads\/usu1341\/2021\/09\/Def.orientacio-1.pdf\" target=\"_blank\" rel=\"noopener\">document<\/a> \u00e9s contribuir i facilitar la planificaci\u00f3 de les pr\u00e0ctiques educatives en centres formadors amb la <strong>finalitat <\/strong>de garantir unes pr\u00e0ctiques professionalitzadores.<\/p>\n<p>A m\u00e9s, presenta unes <strong>orientacions i propostes<\/strong> fruit d\u2019un recull de pr\u00e0ctiques de refer\u00e8ncia en centres formadors durant el confinament en qu\u00e8 la resposta davant el repte complex s\u2019ha transformat en oportunitats educatives per als estudiants. aix\u00ed com del treball desenvolupat pels diferents equips multdiisciplinaris de la Comissi\u00f3 Pedag\u00f2gica de pr\u00e0ctiques.<\/p>\n<p>1. <a href=\"https:\/\/projectes.xtec.cat\/centresformadors\/wp-content\/uploads\/usu1341\/2021\/06\/El-centre-formador.pdf\" target=\"_blank\" rel=\"noopener\">El centre formador:<\/a> entorn d\u2019aprenentatge professionalitzador que defineix un marc conceptual i metodol\u00f2gic al voltant dels principis d\u2019identitat d\u2019un centre formador.<br \/>\n2. <a href=\"https:\/\/projectes.xtec.cat\/centresformadors\/wp-content\/uploads\/usu1341\/2021\/03\/Eina-dautoavaluacio%CC%81.pdf\" target=\"_blank\" rel=\"noopener\">Eina d\u2019autoavaluaci\u00f3 din\u00e0mica de centres formadors<\/a>, \u00e9s una eina de reflexi\u00f3 i aprenentatge que posa el focus en els aspectes clau<br \/>\nde l\u2019acompanyament constructiu i capacitador i s\u2019estructura en vuit \u00e0mbits.<br \/>\n3. <a href=\"https:\/\/projectes.xtec.cat\/centresformadors\/wp-content\/uploads\/usu1341\/2021\/03\/Orientacions.pdf\" target=\"_blank\" rel=\"noopener\">Orientacions per al curs 2020-21<\/a> que sistematitza en alguns \u00e0mbits de l\u2019eina d\u2019autoavaluaci\u00f3 din\u00e0mica un seguit de propostes basades en l\u2019an\u00e0lisi d\u2019evid\u00e8ncies durant el confinament.<\/p>\n<p>&nbsp;<\/p>\n<p>&nbsp;<\/p>\n<p><img loading=\"lazy\" decoding=\"async\" class=\"aligncenter wp-image-10143\" src=\"https:\/\/projectes.xtec.cat\/centresformadors\/wp-content\/uploads\/usu1341\/2021\/09\/Eina.jpg\" alt=\"\" width=\"851\" height=\"545\" srcset=\"https:\/\/projectes.xtec.cat\/centresformadors\/wp-content\/uploads\/usu1341\/2021\/09\/Eina.jpg 928w, https:\/\/projectes.xtec.cat\/centresformadors\/wp-content\/uploads\/usu1341\/2021\/09\/Eina-300x192.jpg 300w, https:\/\/projectes.xtec.cat\/centresformadors\/wp-content\/uploads\/usu1341\/2021\/09\/Eina-768x492.jpg 768w\" sizes=\"auto, (max-width: 851px) 100vw, 851px\" \/><\/p>\n<p>Aix\u00ed mateix, en aquest document tamb\u00e9 es concreten algunes actuacions en el marc de l\u2019acompanyament constructiu que posen el focus en quatre \u00e0mbits de l\u2019<strong>eina d\u2019autoavaluaci\u00f3 din\u00e0mica.<\/strong><\/p>\n","protected":false},"excerpt":{"rendered":"<p><a href=\"https:\/\/projectes.xtec.cat\/centresformadors\/wp-content\/uploads\/usu1341\/2021\/09\/Def.orientacio-1.pdf\" target=\"_blank\" rel=\"noopener\"><\/a>L\u2019objectiu d\u2019aquest <a href=\"https:\/\/projectes.xtec.cat\/centresformadors\/wp-content\/uploads\/usu1341\/2021\/09\/Def.orientacio-1.pdf\" target=\"_blank\" rel=\"noopener\">document<\/a> \u00e9s contribuir i facilitar la planificaci\u00f3 de les pr\u00e0ctiques educatives en centres formadors amb la finalitat de garantir unes pr\u00e0ctiques professionalitzadores.<br \/>\nA m\u00e9s, presenta unes orientacions i propostes fruit d\u2019un recull de pr\u00e0ctiques de refer\u00e8ncia en centres&hellip;  <a href=\"https:\/\/projectes.xtec.cat\/centresformadors\/documents\/noves-orientacions-per-al-curs-2021-2022\/\" title=\"Read Orientacions per al curs 2021-2022\">Llegeix m\u00e9s\u00bb<\/a><\/p>\n","protected":false},"author":1,"featured_media":0,"parent":9068,"menu_order":0,"comment_status":"closed","ping_status":"closed","template":"","meta":{"_bbp_topic_count":0,"_bbp_reply_count":0,"_bbp_total_topic_count":0,"_bbp_total_reply_count":0,"_bbp_voice_count":0,"_bbp_anonymous_reply_count":0,"_bbp_topic_count_hidden":0,"_bbp_reply_count_hidden":0,"_bbp_forum_subforum_count":0,"footnotes":""},"class_list":["post-10120","page","type-page","status-publish","hentry"],"post_mailing_queue_ids":[],"_links":{"self":[{"href":"https:\/\/projectes.xtec.cat\/centresformadors\/wp-json\/wp\/v2\/pages\/10120","targetHints":{"allow":["GET"]}}],"collection":[{"href":"https:\/\/projectes.xtec.cat\/centresformadors\/wp-json\/wp\/v2\/pages"}],"about":[{"href":"https:\/\/projectes.xtec.cat\/centresformadors\/wp-json\/wp\/v2\/types\/page"}],"author":[{"embeddable":true,"href":"https:\/\/projectes.xtec.cat\/centresformadors\/wp-json\/wp\/v2\/users\/1"}],"replies":[{"embeddable":true,"href":"https:\/\/projectes.xtec.cat\/centresformadors\/wp-json\/wp\/v2\/comments?post=10120"}],"version-history":[{"count":3,"href":"https:\/\/projectes.xtec.cat\/centresformadors\/wp-json\/wp\/v2\/pages\/10120\/revisions"}],"predecessor-version":[{"id":10695,"href":"https:\/\/projectes.xtec.cat\/centresformadors\/wp-json\/wp\/v2\/pages\/10120\/revisions\/10695"}],"up":[{"embeddable":true,"href":"https:\/\/projectes.xtec.cat\/centresformadors\/wp-json\/wp\/v2\/pages\/9068"}],"wp:attachment":[{"href":"https:\/\/projectes.xtec.cat\/centresformadors\/wp-json\/wp\/v2\/media?parent=10120"}],"curies":[{"name":"wp","href":"https:\/\/api.w.org\/{rel}","templated":true}]}}