{"id":10403,"date":"2022-01-10T19:13:56","date_gmt":"2022-01-10T18:13:56","guid":{"rendered":"https:\/\/projectes.xtec.cat\/centresformadors\/?page_id=10403"},"modified":"2022-03-21T19:20:58","modified_gmt":"2022-03-21T18:20:58","slug":"declaracio-responsable-destudiants-de-practiques-en-centres-formadors","status":"publish","type":"page","link":"https:\/\/projectes.xtec.cat\/centresformadors\/documents\/declaracio-responsable-destudiants-de-practiques-en-centres-formadors\/","title":{"rendered":"Declaraci\u00f3 responsable d&#8217;estudiants de practiques en centres formadors"},"content":{"rendered":"<p>Aquest curs 2021-2022 els estudiants han de presentar el model de declaraci\u00f3 autoresponsable necess\u00e0ria i obligat\u00f2ria per als estudiants universitaris per iniciar i realitzar les pr\u00e0ctiques en els centres formadors.<\/p>\n<p>Els estudiants hauran d&#8217;emplenar-la i posar-la en coneixement de les persones tutores de les universitats i lliurar-la als centres formadors per garantir la seguretat en els centres.<\/p>\n<p>Model centres formadors:<\/p>\n<p><a style=\"font-family: inherit; font-size: 1em;\" href=\"https:\/\/projectes.xtec.cat\/centresformadors\/wp-content\/uploads\/usu1341\/2022\/03\/Declaracio-responsable-per-a-estudiants-de-practiques-educatives-en-centres-formadors.pdf\" target=\"_blank\" rel=\"noopener noreferrer\">Declaraci\u00f3 responsable per a estudiants de pr\u00e0ctiques educatives en centres formadors del Departament d&#8217;Educaci\u00f3<\/a><\/p>\n<p>Model serveis educatius:<\/p>\n<p><a href=\"https:\/\/projectes.xtec.cat\/centresformadors\/wp-content\/uploads\/usu1341\/2022\/03\/Declaracio-responsable-per-a-estudiants-de-practiques-educatives-en-serveis-educatius.pdf\" target=\"_blank\" rel=\"noopener noreferrer\">Declaraci\u00f3 responsable per a estudiants de pr\u00e0ctiques educatives en serveis educatius del Departament d\u2019Educaci\u00f3<\/a><\/p>\n","protected":false},"excerpt":{"rendered":"<p>Aquest curs 2021-2022 els estudiants han de presentar el model de declaraci\u00f3 autoresponsable necess\u00e0ria i obligat\u00f2ria per als estudiants universitaris per iniciar i realitzar les pr\u00e0ctiques en els centres formadors.<br \/>\nEls estudiants hauran d&#8217;emplenar-la i posar-la en coneixement de les persones tutores de les universitats i&hellip;  <a href=\"https:\/\/projectes.xtec.cat\/centresformadors\/documents\/declaracio-responsable-destudiants-de-practiques-en-centres-formadors\/\" title=\"Read Declaraci\u00f3 responsable d&#8217;estudiants de practiques en centres formadors\">Llegeix m\u00e9s\u00bb<\/a><\/p>\n","protected":false},"author":12,"featured_media":0,"parent":9068,"menu_order":7,"comment_status":"closed","ping_status":"closed","template":"","meta":{"_bbp_topic_count":0,"_bbp_reply_count":0,"_bbp_total_topic_count":0,"_bbp_total_reply_count":0,"_bbp_voice_count":0,"_bbp_anonymous_reply_count":0,"_bbp_topic_count_hidden":0,"_bbp_reply_count_hidden":0,"_bbp_forum_subforum_count":0,"footnotes":""},"class_list":["post-10403","page","type-page","status-publish","hentry"],"post_mailing_queue_ids":[],"_links":{"self":[{"href":"https:\/\/projectes.xtec.cat\/centresformadors\/wp-json\/wp\/v2\/pages\/10403","targetHints":{"allow":["GET"]}}],"collection":[{"href":"https:\/\/projectes.xtec.cat\/centresformadors\/wp-json\/wp\/v2\/pages"}],"about":[{"href":"https:\/\/projectes.xtec.cat\/centresformadors\/wp-json\/wp\/v2\/types\/page"}],"author":[{"embeddable":true,"href":"https:\/\/projectes.xtec.cat\/centresformadors\/wp-json\/wp\/v2\/users\/12"}],"replies":[{"embeddable":true,"href":"https:\/\/projectes.xtec.cat\/centresformadors\/wp-json\/wp\/v2\/comments?post=10403"}],"version-history":[{"count":3,"href":"https:\/\/projectes.xtec.cat\/centresformadors\/wp-json\/wp\/v2\/pages\/10403\/revisions"}],"predecessor-version":[{"id":10512,"href":"https:\/\/projectes.xtec.cat\/centresformadors\/wp-json\/wp\/v2\/pages\/10403\/revisions\/10512"}],"up":[{"embeddable":true,"href":"https:\/\/projectes.xtec.cat\/centresformadors\/wp-json\/wp\/v2\/pages\/9068"}],"wp:attachment":[{"href":"https:\/\/projectes.xtec.cat\/centresformadors\/wp-json\/wp\/v2\/media?parent=10403"}],"curies":[{"name":"wp","href":"https:\/\/api.w.org\/{rel}","templated":true}]}}