{"id":11443,"date":"2025-02-20T13:54:40","date_gmt":"2025-02-20T12:54:40","guid":{"rendered":"https:\/\/projectes.xtec.cat\/centresformadors\/?page_id=11443"},"modified":"2025-07-29T15:21:23","modified_gmt":"2025-07-29T13:21:23","slug":"actuacions-de-reconeixement-de-les-universitats-catalanes","status":"publish","type":"page","link":"https:\/\/projectes.xtec.cat\/centresformadors\/actuacions-de-reconeixement-de-les-universitats-catalanes\/","title":{"rendered":"Actuacions de reconeixement de les Universitats catalanes"},"content":{"rendered":"\n<div class=\"wp-block-group\"><div class=\"wp-block-group__inner-container is-layout-constrained wp-block-group-is-layout-constrained\">\n<p>En el marc del conveni de col\u00b7laboraci\u00f3 entre l\u2019administraci\u00f3 de la Generalitat de Catalunya, mitjan\u00e7ant el Departament d\u2019Educaci\u00f3 i Formaci\u00f3 Professional i les universitats catalanes per a la realitzaci\u00f3 de pr\u00e0ctiques d\u2019estudiants en centres, s\u2019acorden les mesures de compensaci\u00f3 i reconeixement als centres i al professorat de pr\u00e0ctiques, tal com estableix l\u2019Ordre EDU\/39\/2021, de 16 de febrer, de pr\u00e0ctiques en centres formadors.<\/p>\n\n\n\n<p>Les infografies aqu\u00ed presentades mostren els \u00e0mbits de les actuacions proposades:<\/p>\n\n\n\n<ul class=\"wp-block-list\">\n<li>Transfer\u00e8ncia<\/li>\n\n\n\n<li>Formaci\u00f3<\/li>\n\n\n\n<li>Recursos<\/li>\n\n\n\n<li>Altres<\/li>\n<\/ul>\n\n\n\n<p>Cada \u00e0mbit est\u00e0 enlla\u00e7at a una presentaci\u00f3 amb la informaci\u00f3 clau de cada actuaci\u00f3, tamb\u00e9 hi ha una adre\u00e7a de correu electr\u00f2nic per resoldre dubtes i iniciar els tr\u00e0mits per participar en les accions proposades. Aix\u00ed mateix, al final de cada infografia, hi ha un enlla\u00e7 que porta a un document on estan totes les actuacions. A mesura que les universitats finalitzin, modifiquin o ampli\u00efn la seva oferta de reconeixement la informaci\u00f3 s&#8217;actualitzar\u00e0 i anunciar\u00e0 aqu\u00ed mateix al Nodes de Centres Formadors.<\/p>\n\n\n\n<p>Animem als centres a entrar i explorar les accions proposades per cada universitat. <\/p>\n\n\n\n<div class=\"wp-block-columns is-layout-flex wp-container-core-columns-is-layout-1 wp-block-columns-is-layout-flex\">\n<div class=\"wp-block-column is-layout-flow wp-block-column-is-layout-flow\">\n<div class=\"wp-block-group\"><div class=\"wp-block-group__inner-container is-layout-constrained wp-block-group-is-layout-constrained\">\n<figure class=\"wp-block-image size-large is-resized\"><a href=\"https:\/\/drive.google.com\/file\/d\/1Gv30OQxp7zGiBbWLQ3_3ngJ9HXzft_qP\/view\" target=\"_blank\" rel=\"noreferrer noopener\"><img loading=\"lazy\" decoding=\"async\" width=\"999\" height=\"999\" src=\"https:\/\/projectes.xtec.cat\/centresformadors\/wp-content\/uploads\/usu1341\/2025\/03\/Reco_UAO-edited.png\" alt=\"\" class=\"wp-image-11489\" style=\"width:276px;height:auto\" srcset=\"https:\/\/projectes.xtec.cat\/centresformadors\/wp-content\/uploads\/usu1341\/2025\/03\/Reco_UAO-edited.png 999w, https:\/\/projectes.xtec.cat\/centresformadors\/wp-content\/uploads\/usu1341\/2025\/03\/Reco_UAO-edited-300x300.png 300w, https:\/\/projectes.xtec.cat\/centresformadors\/wp-content\/uploads\/usu1341\/2025\/03\/Reco_UAO-edited-150x150.png 150w, https:\/\/projectes.xtec.cat\/centresformadors\/wp-content\/uploads\/usu1341\/2025\/03\/Reco_UAO-edited-768x768.png 768w\" sizes=\"auto, (max-width: 999px) 100vw, 999px\" \/><\/a><\/figure>\n\n\n\n<p><a href=\"https:\/\/drive.google.com\/file\/d\/1Gv30OQxp7zGiBbWLQ3_3ngJ9HXzft_qP\/view\" target=\"_blank\" rel=\"noreferrer noopener\"><strong>Universitat Abat Oliva CEU<\/strong><\/a><\/p>\n<\/div><\/div>\n<\/div>\n\n\n\n<div class=\"wp-block-column is-layout-flow wp-block-column-is-layout-flow\">\n<div class=\"wp-block-group\"><div class=\"wp-block-group__inner-container is-layout-constrained wp-block-group-is-layout-constrained\">\n<figure class=\"wp-block-image size-large is-resized\"><a href=\"https:\/\/drive.google.com\/file\/d\/1kKWNObLZSb1J0wh7FKlwEj-6pksXS_Bd\/view\" target=\"_blank\" rel=\"noreferrer noopener\"><img loading=\"lazy\" decoding=\"async\" width=\"1000\" height=\"1000\" src=\"https:\/\/projectes.xtec.cat\/centresformadors\/wp-content\/uploads\/usu1341\/2025\/03\/Reco_UAB-edited-1.png\" alt=\"\" class=\"wp-image-11488\" style=\"width:274px;height:auto\" srcset=\"https:\/\/projectes.xtec.cat\/centresformadors\/wp-content\/uploads\/usu1341\/2025\/03\/Reco_UAB-edited-1.png 1000w, https:\/\/projectes.xtec.cat\/centresformadors\/wp-content\/uploads\/usu1341\/2025\/03\/Reco_UAB-edited-1-300x300.png 300w, https:\/\/projectes.xtec.cat\/centresformadors\/wp-content\/uploads\/usu1341\/2025\/03\/Reco_UAB-edited-1-150x150.png 150w, https:\/\/projectes.xtec.cat\/centresformadors\/wp-content\/uploads\/usu1341\/2025\/03\/Reco_UAB-edited-1-768x768.png 768w\" sizes=\"auto, (max-width: 1000px) 100vw, 1000px\" \/><\/a><\/figure>\n\n\n\n<p><a href=\"https:\/\/drive.google.com\/file\/d\/1kKWNObLZSb1J0wh7FKlwEj-6pksXS_Bd\/view\" target=\"_blank\" rel=\"noreferrer noopener\"><strong>Universitat Aut\u00f2noma de Barcelona<\/strong><\/a><\/p>\n<\/div><\/div>\n<\/div>\n\n\n\n<div class=\"wp-block-column is-layout-flow wp-block-column-is-layout-flow\">\n<div class=\"wp-block-group\"><div class=\"wp-block-group__inner-container is-layout-constrained wp-block-group-is-layout-constrained\">\n<figure class=\"wp-block-image size-large is-resized\"><a href=\"https:\/\/drive.google.com\/file\/d\/10QXFm0SYI4mGVnEae61tDUtgYl5P9vYm\/view\" target=\"_blank\" rel=\"noreferrer noopener\"><img loading=\"lazy\" decoding=\"async\" width=\"999\" height=\"999\" src=\"https:\/\/projectes.xtec.cat\/centresformadors\/wp-content\/uploads\/usu1341\/2025\/03\/Reco_UB-edited.png\" alt=\"\" class=\"wp-image-11490\" style=\"width:271px;height:auto\" srcset=\"https:\/\/projectes.xtec.cat\/centresformadors\/wp-content\/uploads\/usu1341\/2025\/03\/Reco_UB-edited.png 999w, https:\/\/projectes.xtec.cat\/centresformadors\/wp-content\/uploads\/usu1341\/2025\/03\/Reco_UB-edited-300x300.png 300w, https:\/\/projectes.xtec.cat\/centresformadors\/wp-content\/uploads\/usu1341\/2025\/03\/Reco_UB-edited-150x150.png 150w, https:\/\/projectes.xtec.cat\/centresformadors\/wp-content\/uploads\/usu1341\/2025\/03\/Reco_UB-edited-768x768.png 768w\" sizes=\"auto, (max-width: 999px) 100vw, 999px\" \/><\/a><\/figure>\n\n\n\n<p><a href=\"https:\/\/drive.google.com\/file\/d\/10QXFm0SYI4mGVnEae61tDUtgYl5P9vYm\/view\" target=\"_blank\" rel=\"noreferrer noopener\"><strong>Universitat de Barcelona<\/strong><\/a><\/p>\n<\/div><\/div>\n<\/div>\n<\/div>\n\n\n\n<div class=\"wp-block-columns is-layout-flex wp-container-core-columns-is-layout-2 wp-block-columns-is-layout-flex\">\n<div class=\"wp-block-column is-layout-flow wp-block-column-is-layout-flow\">\n<div class=\"wp-block-group\"><div class=\"wp-block-group__inner-container is-layout-constrained wp-block-group-is-layout-constrained\">\n<figure class=\"wp-block-image size-large is-resized\"><a href=\"https:\/\/drive.google.com\/file\/d\/1AONC6KvxypGKefMrQFnTuDkYAhfzOLm2\/view\" target=\"_blank\" rel=\"noreferrer noopener\"><img loading=\"lazy\" decoding=\"async\" width=\"1000\" height=\"1000\" src=\"https:\/\/projectes.xtec.cat\/centresformadors\/wp-content\/uploads\/usu1341\/2025\/03\/Reco_UdL-edited.png\" alt=\"\" class=\"wp-image-11491\" style=\"width:274px;height:auto\" srcset=\"https:\/\/projectes.xtec.cat\/centresformadors\/wp-content\/uploads\/usu1341\/2025\/03\/Reco_UdL-edited.png 1000w, https:\/\/projectes.xtec.cat\/centresformadors\/wp-content\/uploads\/usu1341\/2025\/03\/Reco_UdL-edited-300x300.png 300w, https:\/\/projectes.xtec.cat\/centresformadors\/wp-content\/uploads\/usu1341\/2025\/03\/Reco_UdL-edited-150x150.png 150w, https:\/\/projectes.xtec.cat\/centresformadors\/wp-content\/uploads\/usu1341\/2025\/03\/Reco_UdL-edited-768x768.png 768w\" sizes=\"auto, (max-width: 1000px) 100vw, 1000px\" \/><\/a><\/figure>\n\n\n\n<p><a href=\"https:\/\/drive.google.com\/file\/d\/1AONC6KvxypGKefMrQFnTuDkYAhfzOLm2\/view\"><strong>Universitat de Lleida<\/strong><\/a><\/p>\n<\/div><\/div>\n<\/div>\n\n\n\n<div class=\"wp-block-column is-layout-flow wp-block-column-is-layout-flow\">\n<div class=\"wp-block-group\"><div class=\"wp-block-group__inner-container is-layout-constrained wp-block-group-is-layout-constrained\">\n<figure class=\"wp-block-image size-large is-resized\"><a href=\"https:\/\/drive.google.com\/file\/d\/1NUkLicfj3LOtCvSXj2x_lFfy1oMkwGC8\/view\" target=\"_blank\" rel=\"noreferrer noopener\"><img loading=\"lazy\" decoding=\"async\" width=\"1000\" height=\"1000\" src=\"https:\/\/projectes.xtec.cat\/centresformadors\/wp-content\/uploads\/usu1341\/2025\/03\/Reco_UPC-edited.png\" alt=\"\" class=\"wp-image-11492\" style=\"width:275px;height:auto\" srcset=\"https:\/\/projectes.xtec.cat\/centresformadors\/wp-content\/uploads\/usu1341\/2025\/03\/Reco_UPC-edited.png 1000w, https:\/\/projectes.xtec.cat\/centresformadors\/wp-content\/uploads\/usu1341\/2025\/03\/Reco_UPC-edited-300x300.png 300w, https:\/\/projectes.xtec.cat\/centresformadors\/wp-content\/uploads\/usu1341\/2025\/03\/Reco_UPC-edited-150x150.png 150w, https:\/\/projectes.xtec.cat\/centresformadors\/wp-content\/uploads\/usu1341\/2025\/03\/Reco_UPC-edited-768x768.png 768w\" sizes=\"auto, (max-width: 1000px) 100vw, 1000px\" \/><\/a><\/figure>\n\n\n\n<p><a href=\"https:\/\/drive.google.com\/file\/d\/1NUkLicfj3LOtCvSXj2x_lFfy1oMkwGC8\/view\" target=\"_blank\" rel=\"noreferrer noopener\"><strong>Universitat Polit\u00e8cnica de Catalunya<\/strong><\/a><\/p>\n<\/div><\/div>\n<\/div>\n\n\n\n<div class=\"wp-block-column is-layout-flow wp-block-column-is-layout-flow\">\n<div class=\"wp-block-group\"><div class=\"wp-block-group__inner-container is-layout-constrained wp-block-group-is-layout-constrained\">\n<figure class=\"wp-block-image size-full is-resized\"><a href=\"https:\/\/drive.google.com\/file\/d\/1fH5KxsmVN-a2F4_DnmF2GF_fsypIey0Y\/view\" target=\"_blank\" rel=\"noreferrer noopener\"><img loading=\"lazy\" decoding=\"async\" width=\"699\" height=\"699\" src=\"https:\/\/projectes.xtec.cat\/centresformadors\/wp-content\/uploads\/usu1341\/2025\/03\/Reco_URL-edited.png\" alt=\"\" class=\"wp-image-11493\" style=\"width:277px;height:auto\" srcset=\"https:\/\/projectes.xtec.cat\/centresformadors\/wp-content\/uploads\/usu1341\/2025\/03\/Reco_URL-edited.png 699w, https:\/\/projectes.xtec.cat\/centresformadors\/wp-content\/uploads\/usu1341\/2025\/03\/Reco_URL-edited-300x300.png 300w, https:\/\/projectes.xtec.cat\/centresformadors\/wp-content\/uploads\/usu1341\/2025\/03\/Reco_URL-edited-150x150.png 150w\" sizes=\"auto, (max-width: 699px) 100vw, 699px\" \/><\/a><\/figure>\n\n\n\n<p><a href=\"https:\/\/drive.google.com\/file\/d\/1fH5KxsmVN-a2F4_DnmF2GF_fsypIey0Y\/view\" target=\"_blank\" rel=\"noreferrer noopener\"><strong>Universitat Ram\u00f3n Llull<\/strong><\/a><\/p>\n<\/div><\/div>\n<\/div>\n<\/div>\n\n\n\n<div class=\"wp-block-columns is-layout-flex wp-container-core-columns-is-layout-3 wp-block-columns-is-layout-flex\">\n<div class=\"wp-block-column is-layout-flow wp-block-column-is-layout-flow\">\n<div class=\"wp-block-group\"><div class=\"wp-block-group__inner-container is-layout-constrained wp-block-group-is-layout-constrained\">\n<figure class=\"wp-block-image size-full is-resized\"><img loading=\"lazy\" decoding=\"async\" width=\"916\" height=\"955\" src=\"https:\/\/projectes.xtec.cat\/centresformadors\/wp-content\/uploads\/usu1341\/2025\/07\/Reco_URV.png\" alt=\"\" class=\"wp-image-11650\" style=\"width:285px;height:auto\" srcset=\"https:\/\/projectes.xtec.cat\/centresformadors\/wp-content\/uploads\/usu1341\/2025\/07\/Reco_URV.png 916w, https:\/\/projectes.xtec.cat\/centresformadors\/wp-content\/uploads\/usu1341\/2025\/07\/Reco_URV-288x300.png 288w, https:\/\/projectes.xtec.cat\/centresformadors\/wp-content\/uploads\/usu1341\/2025\/07\/Reco_URV-768x801.png 768w\" sizes=\"auto, (max-width: 916px) 100vw, 916px\" \/><\/figure>\n\n\n\n<p><a href=\"https:\/\/drive.google.com\/file\/d\/15g4pJvbhW3XC6nmTznTQzmvp0H3TkSoW\/view\" target=\"_blank\" rel=\"noreferrer noopener\"><strong>Universitat Rovira i Virgili<\/strong><\/a><\/p>\n<\/div><\/div>\n<\/div>\n\n\n\n<div class=\"wp-block-column is-layout-flow wp-block-column-is-layout-flow\">\n<div class=\"wp-block-group\"><div class=\"wp-block-group__inner-container is-layout-constrained wp-block-group-is-layout-constrained\">\n<figure class=\"wp-block-image size-full is-resized\"><img loading=\"lazy\" decoding=\"async\" width=\"919\" height=\"957\" src=\"https:\/\/projectes.xtec.cat\/centresformadors\/wp-content\/uploads\/usu1341\/2025\/07\/Reco_UVic.png\" alt=\"\" class=\"wp-image-11652\" style=\"width:269px;height:auto\" srcset=\"https:\/\/projectes.xtec.cat\/centresformadors\/wp-content\/uploads\/usu1341\/2025\/07\/Reco_UVic.png 919w, https:\/\/projectes.xtec.cat\/centresformadors\/wp-content\/uploads\/usu1341\/2025\/07\/Reco_UVic-288x300.png 288w, https:\/\/projectes.xtec.cat\/centresformadors\/wp-content\/uploads\/usu1341\/2025\/07\/Reco_UVic-768x800.png 768w\" sizes=\"auto, (max-width: 919px) 100vw, 919px\" \/><\/figure>\n\n\n\n<p><a href=\"https:\/\/drive.google.com\/file\/d\/1Ctr-y6aouuS_TEz7QHIvYAKl2DC5aFfZ\/view\"><strong>Universitat de Vic &#8211; Universitat Central de Catalunya<\/strong><\/a><\/p>\n<\/div><\/div>\n<\/div>\n\n\n\n<div class=\"wp-block-column is-layout-flow wp-block-column-is-layout-flow\">\n<div class=\"wp-block-group is-vertical is-layout-flex wp-container-core-group-is-layout-9 wp-block-group-is-layout-flex\">\n<figure class=\"wp-block-image size-full is-resized\"><a href=\"https:\/\/drive.google.com\/file\/d\/1GaRlTToVLVmpLKzOXKPyIR-oY8KR_Y3Z\/view\"><img loading=\"lazy\" decoding=\"async\" width=\"919\" height=\"956\" src=\"https:\/\/projectes.xtec.cat\/centresformadors\/wp-content\/uploads\/usu1341\/2025\/04\/Reco_UOC.png\" alt=\"\" class=\"wp-image-11544\" style=\"width:272px;height:auto\" srcset=\"https:\/\/projectes.xtec.cat\/centresformadors\/wp-content\/uploads\/usu1341\/2025\/04\/Reco_UOC.png 919w, https:\/\/projectes.xtec.cat\/centresformadors\/wp-content\/uploads\/usu1341\/2025\/04\/Reco_UOC-288x300.png 288w, https:\/\/projectes.xtec.cat\/centresformadors\/wp-content\/uploads\/usu1341\/2025\/04\/Reco_UOC-768x799.png 768w\" sizes=\"auto, (max-width: 919px) 100vw, 919px\" \/><\/a><\/figure>\n\n\n\n<p><a href=\"https:\/\/drive.google.com\/file\/d\/1GaRlTToVLVmpLKzOXKPyIR-oY8KR_Y3Z\/view\"><strong>Universitat Oberta de Catalunya<\/strong><\/a><\/p>\n<\/div>\n<\/div>\n<\/div>\n\n\n\n<div class=\"wp-block-columns is-layout-flex wp-container-core-columns-is-layout-4 wp-block-columns-is-layout-flex\">\n<div class=\"wp-block-column is-layout-flow wp-block-column-is-layout-flow\">\n<div class=\"wp-block-group\"><div class=\"wp-block-group__inner-container is-layout-constrained wp-block-group-is-layout-constrained\">\n<figure class=\"wp-block-image size-full\"><a href=\"https:\/\/drive.google.com\/file\/d\/1p4U6pgHGY1RE4eys2bbhJQWxe3xSdiej\/view\"><img loading=\"lazy\" decoding=\"async\" width=\"919\" height=\"957\" src=\"https:\/\/projectes.xtec.cat\/centresformadors\/wp-content\/uploads\/usu1341\/2025\/07\/Reco_UdG.png\" alt=\"\" class=\"wp-image-11638\" srcset=\"https:\/\/projectes.xtec.cat\/centresformadors\/wp-content\/uploads\/usu1341\/2025\/07\/Reco_UdG.png 919w, https:\/\/projectes.xtec.cat\/centresformadors\/wp-content\/uploads\/usu1341\/2025\/07\/Reco_UdG-288x300.png 288w, https:\/\/projectes.xtec.cat\/centresformadors\/wp-content\/uploads\/usu1341\/2025\/07\/Reco_UdG-768x800.png 768w\" sizes=\"auto, (max-width: 919px) 100vw, 919px\" \/><\/a><\/figure>\n\n\n\n<p><a href=\"https:\/\/drive.google.com\/file\/d\/1p4U6pgHGY1RE4eys2bbhJQWxe3xSdiej\/view\"><strong>Universitat de Girona<\/strong><\/a><\/p>\n<\/div><\/div>\n<\/div>\n\n\n\n<div class=\"wp-block-column is-layout-flow wp-block-column-is-layout-flow\">\n<div class=\"wp-block-group is-vertical is-layout-flex wp-container-core-group-is-layout-11 wp-block-group-is-layout-flex\">\n<figure class=\"wp-block-image size-full\"><a href=\"https:\/\/drive.google.com\/file\/d\/1_wg7ablG58ezLkU63ayfC2dfyhnCJ5U3\/view\"><img loading=\"lazy\" decoding=\"async\" width=\"918\" height=\"955\" src=\"https:\/\/projectes.xtec.cat\/centresformadors\/wp-content\/uploads\/usu1341\/2025\/07\/Reco_UPF.png\" alt=\"\" class=\"wp-image-11642\" srcset=\"https:\/\/projectes.xtec.cat\/centresformadors\/wp-content\/uploads\/usu1341\/2025\/07\/Reco_UPF.png 918w, https:\/\/projectes.xtec.cat\/centresformadors\/wp-content\/uploads\/usu1341\/2025\/07\/Reco_UPF-288x300.png 288w, https:\/\/projectes.xtec.cat\/centresformadors\/wp-content\/uploads\/usu1341\/2025\/07\/Reco_UPF-768x799.png 768w\" sizes=\"auto, (max-width: 918px) 100vw, 918px\" \/><\/a><\/figure>\n\n\n\n<p><a href=\"https:\/\/drive.google.com\/file\/d\/1_wg7ablG58ezLkU63ayfC2dfyhnCJ5U3\/view\"><strong>Universitat Pompeu Fabra<\/strong><\/a><\/p>\n<\/div>\n<\/div>\n\n\n\n<div class=\"wp-block-column is-layout-flow wp-block-column-is-layout-flow\">\n<div class=\"wp-block-group is-vertical is-layout-flex wp-container-core-group-is-layout-12 wp-block-group-is-layout-flex\">\n<figure class=\"wp-block-image size-full\"><a href=\"https:\/\/drive.google.com\/file\/d\/1pR4sz2ERmhl67_eESL1WMV0rOc7E6DZ1\/view\"><img loading=\"lazy\" decoding=\"async\" width=\"916\" height=\"955\" src=\"https:\/\/projectes.xtec.cat\/centresformadors\/wp-content\/uploads\/usu1341\/2025\/07\/Reco_UIC.png\" alt=\"\" class=\"wp-image-11645\" srcset=\"https:\/\/projectes.xtec.cat\/centresformadors\/wp-content\/uploads\/usu1341\/2025\/07\/Reco_UIC.png 916w, https:\/\/projectes.xtec.cat\/centresformadors\/wp-content\/uploads\/usu1341\/2025\/07\/Reco_UIC-288x300.png 288w, https:\/\/projectes.xtec.cat\/centresformadors\/wp-content\/uploads\/usu1341\/2025\/07\/Reco_UIC-768x801.png 768w\" sizes=\"auto, (max-width: 916px) 100vw, 916px\" \/><\/a><\/figure>\n\n\n\n<p><a href=\"https:\/\/drive.google.com\/file\/d\/1pR4sz2ERmhl67_eESL1WMV0rOc7E6DZ1\/view\"><strong>Universitat Internacional de Catalunya<\/strong><\/a><\/p>\n<\/div>\n<\/div>\n<\/div>\n<\/div><\/div>\n","protected":false},"excerpt":{"rendered":"<p>En el marc del conveni de col\u00b7laboraci\u00f3 entre l\u2019administraci\u00f3 de la Generalitat de Catalunya, mitjan\u00e7ant el Departament d\u2019Educaci\u00f3 i Formaci\u00f3 Professional i les universitats catalanes per a la realitzaci\u00f3 de pr\u00e0ctiques d\u2019estudiants en centres, s\u2019acorden les mesures de compensaci\u00f3 i reconeixement als centres i al&hellip;  <a href=\"https:\/\/projectes.xtec.cat\/centresformadors\/actuacions-de-reconeixement-de-les-universitats-catalanes\/\" title=\"Read Actuacions de reconeixement de les Universitats catalanes\">Llegeix m\u00e9s\u00bb<\/a><\/p>\n","protected":false},"author":232,"featured_media":0,"parent":0,"menu_order":0,"comment_status":"open","ping_status":"closed","template":"","meta":{"_bbp_topic_count":0,"_bbp_reply_count":0,"_bbp_total_topic_count":0,"_bbp_total_reply_count":0,"_bbp_voice_count":0,"_bbp_anonymous_reply_count":0,"_bbp_topic_count_hidden":0,"_bbp_reply_count_hidden":0,"_bbp_forum_subforum_count":0,"footnotes":""},"class_list":["post-11443","page","type-page","status-publish","hentry"],"post_mailing_queue_ids":[],"_links":{"self":[{"href":"https:\/\/projectes.xtec.cat\/centresformadors\/wp-json\/wp\/v2\/pages\/11443","targetHints":{"allow":["GET"]}}],"collection":[{"href":"https:\/\/projectes.xtec.cat\/centresformadors\/wp-json\/wp\/v2\/pages"}],"about":[{"href":"https:\/\/projectes.xtec.cat\/centresformadors\/wp-json\/wp\/v2\/types\/page"}],"author":[{"embeddable":true,"href":"https:\/\/projectes.xtec.cat\/centresformadors\/wp-json\/wp\/v2\/users\/232"}],"replies":[{"embeddable":true,"href":"https:\/\/projectes.xtec.cat\/centresformadors\/wp-json\/wp\/v2\/comments?post=11443"}],"version-history":[{"count":6,"href":"https:\/\/projectes.xtec.cat\/centresformadors\/wp-json\/wp\/v2\/pages\/11443\/revisions"}],"predecessor-version":[{"id":11653,"href":"https:\/\/projectes.xtec.cat\/centresformadors\/wp-json\/wp\/v2\/pages\/11443\/revisions\/11653"}],"wp:attachment":[{"href":"https:\/\/projectes.xtec.cat\/centresformadors\/wp-json\/wp\/v2\/media?parent=11443"}],"curies":[{"name":"wp","href":"https:\/\/api.w.org\/{rel}","templated":true}]}}