{"id":11678,"date":"2025-11-28T11:48:45","date_gmt":"2025-11-28T10:48:45","guid":{"rendered":"https:\/\/projectes.xtec.cat\/centresformadors\/?page_id=11678"},"modified":"2025-11-28T11:50:16","modified_gmt":"2025-11-28T10:50:16","slug":"orientacions-per-al-curs-2025-2026","status":"publish","type":"page","link":"https:\/\/projectes.xtec.cat\/centresformadors\/orientacions-per-al-curs-2025-2026\/","title":{"rendered":"Orientacions per al curs 2025-2026"},"content":{"rendered":"\n<p>L\u2019<strong>objectiu<\/strong>\u00a0d\u2019aquest\u00a0<a href=\"https:\/\/projectes.xtec.cat\/centresformadors\/wp-content\/uploads\/usu1341\/2025\/11\/Orientacions-Practicum-25-26-vd2.pdf\" target=\"_blank\" rel=\"noreferrer noopener\">document<\/a>\u00a0\u00e9s contribuir i facilitar la planificaci\u00f3 de les pr\u00e0ctiques educatives en centres formadors amb la\u00a0<strong>finalitat\u00a0<\/strong>de garantir unes pr\u00e0ctiques professionalitzadores.<\/p>\n\n\n<div class=\"wp-block-image\">\n<figure class=\"alignright size-full is-resized\"><a href=\"https:\/\/projectes.xtec.cat\/centresformadors\/wp-content\/uploads\/usu1341\/2025\/11\/Orientacions-Practicum-25-26-vd2.pdf\" target=\"_blank\" rel=\"https:\/\/projectes.xtec.cat\/centresformadors\/wp-content\/uploads\/usu1341\/2025\/11\/Orientacions-2025-26.png noreferrer noopener\"><img loading=\"lazy\" decoding=\"async\" width=\"381\" height=\"271\" src=\"https:\/\/projectes.xtec.cat\/centresformadors\/wp-content\/uploads\/usu1341\/2025\/11\/Orientacions-2025-26.png\" alt=\"\" class=\"wp-image-11680\" style=\"width:382px;height:auto\" srcset=\"https:\/\/projectes.xtec.cat\/centresformadors\/wp-content\/uploads\/usu1341\/2025\/11\/Orientacions-2025-26.png 381w, https:\/\/projectes.xtec.cat\/centresformadors\/wp-content\/uploads\/usu1341\/2025\/11\/Orientacions-2025-26-300x213.png 300w\" sizes=\"auto, (max-width: 381px) 100vw, 381px\" \/><\/a><\/figure><\/div>\n\n\n<p>Aquest document presenta unes seguit d&#8217;orientacions i propostes, destaquem: <\/p>\n\n\n\n<ul class=\"wp-block-list\">\n<li>Pr\u00e0ctica deliberada<\/li>\n\n\n\n<li>Observaci\u00f3 docent<\/li>\n\n\n\n<li>Conversa de retroalimentaci\u00f3<\/li>\n<\/ul>\n\n\n\n<p>Les orientacions i propostes per al desenvolupament de les pr\u00e0ctiques es poden consultar als documents seg\u00fcents:<\/p>\n\n\n\n<ol class=\"wp-block-list\">\n<li><a href=\"https:\/\/projectes.xtec.cat\/centresformadors\/practiques-universitaries-en-centres-educatius-formadors\/\"><strong>Pr\u00e0ctiques universit\u00e0ries en centres educatius formadors<\/strong><\/a>: defineix el nou model de pr\u00e0ctiques&nbsp;que dona rellev\u00e0ncia tant a la identitat del centre formador com a la funci\u00f3 professionalitzadora de la tasca docent i mentora, en estreta col\u00b7laboraci\u00f3 amb la universitat.<\/li>\n\n\n\n<li><a href=\"https:\/\/projectes.xtec.cat\/centresformadors\/wp-content\/uploads\/usu1341\/2021\/06\/El-centre-formador.pdf\"><strong>El centre formador: entorn d\u2019aprenentatge professionalitzador<\/strong><\/a>: defineix un marc conceptual i metodol\u00f2gic al voltant dels principis d\u2019identitat d\u2019un centre formador.<\/li>\n\n\n\n<li><a href=\"https:\/\/projectes.xtec.cat\/centresformadors\/wp-content\/uploads\/usu1341\/2021\/03\/Eina-dautoavaluacio%CC%81.pdf\"><strong>Eina d\u2019autoavaluaci\u00f3 din\u00e0mica de centres formadors<\/strong><\/a><strong>:<\/strong> \u00e9s una eina de reflexi\u00f3 i aprenentatge que posa el focus en els aspectes clau de l\u2019acompanyament constructiu i capacitador i s\u2019estructura en vuit \u00e0mbits.<\/li>\n\n\n\n<li><strong>Orientacions <\/strong><a href=\"https:\/\/projectes.xtec.cat\/centresformadors\/wp-content\/uploads\/usu1341\/2021\/03\/Orientacions.pdf\"><strong>curs 2020-21<\/strong><\/a><strong>, <\/strong><a href=\"https:\/\/projectes.xtec.cat\/centresformadors\/documents\/noves-orientacions-per-al-curs-2021-2022\/\"><strong>curs 2021 \u2013 22<\/strong><\/a><strong>, <\/strong><a href=\"https:\/\/projectes.xtec.cat\/centresformadors\/orientacions-per-al-curs-2022-2023\/\"><strong>curs 2022-23<\/strong><\/a><strong>, <\/strong><a href=\"https:\/\/projectes.xtec.cat\/centresformadors\/orientacions-per-al-curs-2023-2024-2\/\"><strong>curs 2023 -24<\/strong><\/a><strong> i <\/strong><a href=\"https:\/\/projectes.xtec.cat\/centresformadors\/general\/orientacions-per-al-curs-2024-2025\/\"><strong>curs 2024-25<\/strong><\/a><strong>: <\/strong>sistematitza en alguns \u00e0mbits de l\u2019eina d\u2019autoavaluaci\u00f3 din\u00e0mica un seguit de propostes basades en l\u2019an\u00e0lisi d\u2019evid\u00e8ncies.<\/li>\n\n\n\n<li><a href=\"https:\/\/projectes.xtec.cat\/centresformadors\/propostes-per-al-desenvolupament-de-la-competencia-digital-en-el-practicum\/\"><strong>Propostes per al desenvolupament de la compet\u00e8ncia digital en el pr\u00e0cticum<\/strong><\/a><strong>:<\/strong> presentem una s\u00e8rie de propostes relacionades amb cadascun dels descriptors del&nbsp;<a href=\"https:\/\/educacio.gencat.cat\/ca\/departament\/publicacions\/colleccions\/pla-educacio-digital\/marc-referencia-competencia-digital-docent\/index.html\">marc<\/a>&nbsp;de la CDD del Departament d\u2019Educaci\u00f3 i Formaci\u00f3 Professional.<\/li>\n\n\n\n<li><a href=\"https:\/\/projectes.xtec.cat\/centresformadors\/wp-content\/uploads\/usu1341\/2021\/12\/Interaccio-i-intercanvi-centre-universitat.pdf\"><strong>Interacci\u00f3 i intercanvi centre formador i la universitat<\/strong><\/a><strong>:<\/strong> defineix un protocol d\u2019actuacions i accions abans, durant i despr\u00e9s de l\u2019estada dels estudiants en el centre formador.<\/li>\n<\/ol>\n\n\n\n<p>Us desitgem una bona estada dels estudiants en pr\u00e0ctiques!<\/p>\n","protected":false},"excerpt":{"rendered":"<p>L\u2019objectiu\u00a0d\u2019aquest\u00a0<a href=\"https:\/\/projectes.xtec.cat\/centresformadors\/wp-content\/uploads\/usu1341\/2025\/11\/Orientacions-Practicum-25-26-vd2.pdf\" target=\"_blank\" rel=\"noreferrer noopener\">document<\/a>\u00a0\u00e9s contribuir i facilitar la planificaci\u00f3 de les pr\u00e0ctiques educatives en centres formadors amb la\u00a0finalitat\u00a0de garantir unes pr\u00e0ctiques professionalitzadores.<\/p>\n<p><a href=\"https:\/\/projectes.xtec.cat\/centresformadors\/wp-content\/uploads\/usu1341\/2025\/11\/Orientacions-Practicum-25-26-vd2.pdf\" target=\"_blank\" rel=\"https:\/\/projectes.xtec.cat\/centresformadors\/wp-content\/uploads\/usu1341\/2025\/11\/Orientacions-2025-26.png noreferrer noopener\"><\/a><\/p>\n<p>Aquest document presenta unes seguit d&#8217;orientacions i propostes, destaquem: <\/p>\n<ul class=\"wp-block-list\">\n<li>Pr\u00e0ctica deliberada<\/li>\n<li>Observaci\u00f3 docent<\/li>\n<li>Conversa de retroalimentaci\u00f3<\/li>\n<\/ul>\n<p>Les orientacions i propostes&hellip;  <a href=\"https:\/\/projectes.xtec.cat\/centresformadors\/orientacions-per-al-curs-2025-2026\/\" title=\"Read Orientacions per al curs 2025-2026\">Llegeix m\u00e9s\u00bb<\/a><\/p>\n","protected":false},"author":1,"featured_media":11680,"parent":0,"menu_order":0,"comment_status":"closed","ping_status":"closed","template":"","meta":{"_bbp_topic_count":0,"_bbp_reply_count":0,"_bbp_total_topic_count":0,"_bbp_total_reply_count":0,"_bbp_voice_count":0,"_bbp_anonymous_reply_count":0,"_bbp_topic_count_hidden":0,"_bbp_reply_count_hidden":0,"_bbp_forum_subforum_count":0,"footnotes":""},"class_list":["post-11678","page","type-page","status-publish","has-post-thumbnail","hentry"],"post_mailing_queue_ids":[],"_links":{"self":[{"href":"https:\/\/projectes.xtec.cat\/centresformadors\/wp-json\/wp\/v2\/pages\/11678","targetHints":{"allow":["GET"]}}],"collection":[{"href":"https:\/\/projectes.xtec.cat\/centresformadors\/wp-json\/wp\/v2\/pages"}],"about":[{"href":"https:\/\/projectes.xtec.cat\/centresformadors\/wp-json\/wp\/v2\/types\/page"}],"author":[{"embeddable":true,"href":"https:\/\/projectes.xtec.cat\/centresformadors\/wp-json\/wp\/v2\/users\/1"}],"replies":[{"embeddable":true,"href":"https:\/\/projectes.xtec.cat\/centresformadors\/wp-json\/wp\/v2\/comments?post=11678"}],"version-history":[{"count":5,"href":"https:\/\/projectes.xtec.cat\/centresformadors\/wp-json\/wp\/v2\/pages\/11678\/revisions"}],"predecessor-version":[{"id":11684,"href":"https:\/\/projectes.xtec.cat\/centresformadors\/wp-json\/wp\/v2\/pages\/11678\/revisions\/11684"}],"wp:featuredmedia":[{"embeddable":true,"href":"https:\/\/projectes.xtec.cat\/centresformadors\/wp-json\/wp\/v2\/media\/11680"}],"wp:attachment":[{"href":"https:\/\/projectes.xtec.cat\/centresformadors\/wp-json\/wp\/v2\/media?parent=11678"}],"curies":[{"name":"wp","href":"https:\/\/api.w.org\/{rel}","templated":true}]}}