{"id":8324,"date":"2019-11-29T15:58:37","date_gmt":"2019-11-29T14:58:37","guid":{"rendered":"https:\/\/projectes.xtec.cat\/centresformadors\/?page_id=8324"},"modified":"2020-12-18T21:44:39","modified_gmt":"2020-12-18T20:44:39","slug":"col-laboracions","status":"publish","type":"page","link":"https:\/\/projectes.xtec.cat\/centresformadors\/justificacio-del-programa\/col-laboracions\/","title":{"rendered":"Col.laboracions"},"content":{"rendered":"<p><a href=\"https:\/\/projectes.xtec.cat\/centresformadors\/wp-content\/uploads\/usu1341\/2020\/02\/Trash-Recycling-Classroom-Poster.png\"><img loading=\"lazy\" decoding=\"async\" class=\"wp-image-8683 alignleft\" src=\"https:\/\/projectes.xtec.cat\/centresformadors\/wp-content\/uploads\/usu1341\/2020\/02\/Trash-Recycling-Classroom-Poster-724x1024.png\" alt=\"\" width=\"375\" height=\"531\" srcset=\"https:\/\/projectes.xtec.cat\/centresformadors\/wp-content\/uploads\/usu1341\/2020\/02\/Trash-Recycling-Classroom-Poster-724x1024.png 724w, https:\/\/projectes.xtec.cat\/centresformadors\/wp-content\/uploads\/usu1341\/2020\/02\/Trash-Recycling-Classroom-Poster-212x300.png 212w, https:\/\/projectes.xtec.cat\/centresformadors\/wp-content\/uploads\/usu1341\/2020\/02\/Trash-Recycling-Classroom-Poster-768x1086.png 768w, https:\/\/projectes.xtec.cat\/centresformadors\/wp-content\/uploads\/usu1341\/2020\/02\/Trash-Recycling-Classroom-Poster.png 1587w\" sizes=\"auto, (max-width: 375px) 100vw, 375px\" \/><\/a><\/p>\n<p>El model reconeix la funci\u00f3 de la tasca dels agents implicats en el centre formador (el mentor i el tutor) per millorar la qualitat de les pr\u00e0ctiques de l\u2019alumnat universitari i atorgar un valor de pes a l&#8217;estada de l\u2019estudiant en el context educatiu.<\/p>\n<p>Per fer-ho possible, el nou model implica la millora i aven\u00e7 dels plans d\u2019estudis de Graus i M\u00e0sters per afavorir la qualitat de l\u2019oferta i la planificaci\u00f3 de les actuacions als centres formadors intentant afavorir calendaris similars entre universitats i promocionant l\u2019estada al llarg del curs dels estudiants en pr\u00e0ctiques.<\/p>\n<p>Aquesta millora proporciona oportunitats de col\u00b7laboraci\u00f3 als centres formadors amb el m\u00f3n universitari i dels coordinadors i equips de mentors, d\u2019acord amb les prioritats del seu projecte educatiu, i alhora facilita a l\u2019alumnat universitari espais de pr\u00e0ctiques per als processos d\u2019observaci\u00f3, participaci\u00f3 creativa, reflexi\u00f3 i pensament cr\u00edtic que afavoreixin el seu desenvolupament competencial.<\/p>\n<p>Aquest nou model de pr\u00e0ctiques demana la implicaci\u00f3 i corresponsabilitat de diferents agents amb les seves respectives funcions i \u00e9s per aquesta ra\u00f3 que es presenta com un model de concentraci\u00f3 que acull i acompanya al llarg del curs un nombre rellevant d\u2019estudiants en pr\u00e0ctiques.<\/p>\n<p>Aquesta nova perspectiva posa l\u2019accent en l\u2019opci\u00f3 que fa un centre formador de treball col\u00b7legiat i en equip en el marc d\u2019un Projecte Educatiu de Centre (PEC) que incorpora com a valor educatiu la formaci\u00f3 dels estudiants universitaris.<\/p>\n<p><a href=\"https:\/\/projectes.xtec.cat\/centresformadors\/wp-content\/uploads\/usu1341\/2020\/02\/3-boles.jpg\">\u00a0<\/a><\/p>\n","protected":false},"excerpt":{"rendered":"<p><a href=\"https:\/\/projectes.xtec.cat\/centresformadors\/wp-content\/uploads\/usu1341\/2020\/02\/Trash-Recycling-Classroom-Poster.png\"><\/a><br \/>\nEl model reconeix la funci\u00f3 de la tasca dels agents implicats en el centre formador (el mentor i el tutor) per millorar la qualitat de les pr\u00e0ctiques de l\u2019alumnat universitari i atorgar un valor de pes a l&#8217;estada de l\u2019estudiant en el context educatiu.<br \/>\nPer&hellip;  <a href=\"https:\/\/projectes.xtec.cat\/centresformadors\/justificacio-del-programa\/col-laboracions\/\" title=\"Read Col.laboracions\">Llegeix m\u00e9s\u00bb<\/a><\/p>\n","protected":false},"author":1,"featured_media":0,"parent":8707,"menu_order":20,"comment_status":"closed","ping_status":"closed","template":"page-templates\/side-menu.php","meta":{"_bbp_topic_count":0,"_bbp_reply_count":0,"_bbp_total_topic_count":0,"_bbp_total_reply_count":0,"_bbp_voice_count":0,"_bbp_anonymous_reply_count":0,"_bbp_topic_count_hidden":0,"_bbp_reply_count_hidden":0,"_bbp_forum_subforum_count":0,"footnotes":""},"class_list":["post-8324","page","type-page","status-publish","hentry"],"post_mailing_queue_ids":[],"_links":{"self":[{"href":"https:\/\/projectes.xtec.cat\/centresformadors\/wp-json\/wp\/v2\/pages\/8324","targetHints":{"allow":["GET"]}}],"collection":[{"href":"https:\/\/projectes.xtec.cat\/centresformadors\/wp-json\/wp\/v2\/pages"}],"about":[{"href":"https:\/\/projectes.xtec.cat\/centresformadors\/wp-json\/wp\/v2\/types\/page"}],"author":[{"embeddable":true,"href":"https:\/\/projectes.xtec.cat\/centresformadors\/wp-json\/wp\/v2\/users\/1"}],"replies":[{"embeddable":true,"href":"https:\/\/projectes.xtec.cat\/centresformadors\/wp-json\/wp\/v2\/comments?post=8324"}],"version-history":[{"count":3,"href":"https:\/\/projectes.xtec.cat\/centresformadors\/wp-json\/wp\/v2\/pages\/8324\/revisions"}],"predecessor-version":[{"id":8684,"href":"https:\/\/projectes.xtec.cat\/centresformadors\/wp-json\/wp\/v2\/pages\/8324\/revisions\/8684"}],"up":[{"embeddable":true,"href":"https:\/\/projectes.xtec.cat\/centresformadors\/wp-json\/wp\/v2\/pages\/8707"}],"wp:attachment":[{"href":"https:\/\/projectes.xtec.cat\/centresformadors\/wp-json\/wp\/v2\/media?parent=8324"}],"curies":[{"name":"wp","href":"https:\/\/api.w.org\/{rel}","templated":true}]}}