{"id":8652,"date":"2020-02-20T10:04:20","date_gmt":"2020-02-20T09:04:20","guid":{"rendered":"https:\/\/projectes.xtec.cat\/centresformadors\/?page_id=8652"},"modified":"2025-12-01T08:19:40","modified_gmt":"2025-12-01T07:19:40","slug":"comissio-referents-territorials","status":"publish","type":"page","link":"https:\/\/projectes.xtec.cat\/centresformadors\/comissio-pedagogica-2\/comissio-referents-territorials\/","title":{"rendered":"Referents Territorials"},"content":{"rendered":"<div class=\"col-xs-12 columna_esquerra\">\n<div class=\"cos_bloc basic_text_peq pd-15\">\n<p><span style=\"font-weight: 400;\">Els centres formadors disposen <\/span>de l\u2019acompanyament de <strong>la persona referent de pr\u00e0ctiques del seu Servei Territorial\/CEB<\/strong>. Alhora des de Serveis Centrals es coordinen amb totes les persones referents de pr\u00e0ctiques les actuacions conjuntes que es realitzen a tots el Territoris.<\/p>\n<\/div>\n<\/div>\n<p><b>Persona referent de pr\u00e0ctiques del ST\/CEB<\/b><b>\u00a0<\/b><\/p>\n<p><span style=\"font-weight: 400;\">El director\/a de cada servei territorial del Departament d&#8217;Educaci\u00f3 i el gerent del Consorci <\/span><span style=\"font-weight: 400;\">\u00a0<\/span><span style=\"font-weight: 400;\">d&#8217;Educaci\u00f3 de Barcelona designar\u00e0 una persona que ser\u00e0 el referent territorial de les pr\u00e0ctiques i <\/span><span style=\"font-weight: 400;\">que vetllar\u00e0 per l&#8217;adequada coordinaci\u00f3 de les pr\u00e0ctiques entre els centres formadors i les<\/span><span style=\"font-weight: 400;\">\u00a0<\/span><span style=\"font-weight: 400;\">universitats. <\/span><span style=\"font-weight: 400;\">\u00a0<\/span><\/p>\n<p><span style=\"font-weight: 400;\">Els centres s&#8217;adre\u00e7aran al referent de pr\u00e0ctiques del seu servei territorial per a qualsevol incid\u00e8ncia <\/span><span style=\"font-weight: 400;\">\u00a0<\/span><span style=\"font-weight: 400;\">o consulta relacionada amb el desenvolupament de les pr\u00e0ctiques.<\/span><span style=\"font-weight: 400;\">\u00a0<\/span><\/p>\n<p><strong>Quines s\u00f3n les les funcions de les persones referents de pr\u00e0ctiques?\u00a0<\/strong><\/p>\n<ul>\n<li><span style=\"font-weight: 400;\">Formar part de la Comissi\u00f3 Territorial de pr\u00e0ctiques<\/span><span style=\"font-weight: 400;\">\u00a0<\/span><\/li>\n<li><span style=\"font-weight: 400;\">Coordinar la gesti\u00f3 del procediment de pr\u00e0ctiques\u00a0<\/span><\/li>\n<li><span style=\"font-weight: 400;\">Donar suport als centres per a l\u2019elaboraci\u00f3 de l\u2019informe de centre formador<\/span><\/li>\n<li><span style=\"font-weight: 400;\">Gestionar l\u2019aplicaci\u00f3 de pr\u00e0ctiques pel que fa als centres formadors\u00a0<\/span><\/li>\n<li><span style=\"font-weight: 400;\">Assessorar els centres formadors en relaci\u00f3 amb el desenvolupament de les pr\u00e0ctiques\u00a0<\/span><\/li>\n<\/ul>\n<p><span style=\"font-family: inherit; font-size: 1em;\">A continuaci\u00f3 es mostra la relaci\u00f3 de les persones referents de pr\u00e0ctiques de cada Servei Territorial\/CEB i l&#8217;adre\u00e7a de contacte.<\/span><\/p>\n<div class=\"col-xs-12 columna_esquerra\">\n<div class=\"cos_bloc basic_text_peq pd-15\">\n<table style=\"height: 418px; width: 96.5118%;\">\n<tbody>\n<tr style=\"height: 31px;\">\n<td style=\"height: 38px; width: 334.4px;\"><strong>Serveis Territorials\/CEB<\/strong><\/td>\n<td style=\"height: 38px; width: 325.6px;\"><strong>Persones referents de pr\u00e0ctiques\u00a0<\/strong><\/td>\n<td style=\"height: 38px; width: 302.4px;\"><strong>Adre\u00e7a de contacte<\/strong><\/td>\n<\/tr>\n<tr style=\"height: 33px;\">\n<td style=\"width: 334.4px; height: 33px;\"><a href=\"https:\/\/educacio.gencat.cat\/ca\/departament\/serveis-territorials\/alt-pirineu-aran\/index.html\">Alt Pirineu i Aran<\/a><\/td>\n<td style=\"width: 325.6px; height: 33px;\">Josep Maria Mora Verdeny\/Miquel Bringueret<\/td>\n<td style=\"width: 302.4px; height: 33px;\"><a id=\"LPlnk259944\" title=\"practiques_apa.educacio@gencat.cat\" href=\"practiques_apa.educacio@gencat.cat\" data-linkindex=\"0\">practiques_apa.educacio@gencat.cat<\/a><\/td>\n<\/tr>\n<tr style=\"height: 35px;\">\n<td style=\"width: 334.4px; height: 35px;\"><a title=\"Baix Llobregat\" href=\"http:\/\/educacio.gencat.cat\/ca\/departament\/serveis-territorials\/baix-llobregat\/informacio-general\/\" target=\"_blank\" rel=\"noopener noreferrer\">Baix Llobregat<\/a><\/td>\n<td style=\"width: 325.6px; height: 35px;\">Manel Pardo Rienda\/Xavier Ca\u00f1abate Llobet<\/td>\n<td style=\"width: 302.4px; height: 35px;\"><a href=\"mailto:practiques.bll@xtec.cat\" target=\"_blank\" rel=\"noopener noreferrer\">practiques.bll@xtec.cat<\/a><\/td>\n<\/tr>\n<tr style=\"height: 31px;\">\n<td style=\"height: 31px; width: 334.4px;\"><a title=\"Barcelona Comarques\" href=\"https:\/\/educacio.gencat.cat\/ca\/departament\/serveis-territorials\/barcelones\/\" target=\"_blank\" rel=\"noopener noreferrer\">Barcelon\u00e8s<\/a><\/td>\n<td style=\"height: 31px; width: 325.6px;\">Carla Longobuco Gonz\u00e1lez<\/td>\n<td style=\"height: 31px; width: 302.4px;\"><a href=\"mailto:practiques.bns@xtec.cat\">practiques.bns@xtec.cat<\/a><\/td>\n<\/tr>\n<tr style=\"height: 31px;\">\n<td style=\"height: 31px; width: 334.4px;\"><a title=\"Catalunya Central\" href=\"http:\/\/educacio.gencat.cat\/ca\/departament\/serveis-territorials\/catalunya-central\/informacio-general\/\" target=\"_blank\" rel=\"noopener noreferrer\">Catalunya Central<\/a><\/td>\n<td style=\"height: 31px; width: 325.6px;\">Juan Molina Jim\u00e9nez<\/td>\n<td style=\"height: 31px; width: 302.4px;\"><a href=\"mailto:practiques.cce@xtec.cat\" target=\"_blank\" rel=\"noopener noreferrer\">practiques.cce@xtec.cat<\/a><\/td>\n<\/tr>\n<tr style=\"height: 31px;\">\n<td style=\"height: 31px; width: 334.4px;\"><a href=\"http:\/\/www.edubcn.cat\/ca\/el_consorci\/contacta\/on_som\" target=\"_blank\" rel=\"noopener noreferrer\">Consorci d\u2019Educaci\u00f3 de Barcelona<\/a><\/td>\n<td style=\"height: 31px; width: 325.6px;\">Josep Oriol Rodon Estarlich<\/td>\n<td style=\"height: 31px; width: 302.4px;\"><a href=\"mailto:practiques.ceb@gencat.cat\" target=\"_blank\" rel=\"noopener\">practiques.ceb@gencat.<wbr \/>cat<\/a><\/td>\n<\/tr>\n<tr style=\"height: 31px;\">\n<td style=\"height: 31px; width: 334.4px;\"><a title=\"Girona\" href=\"http:\/\/educacio.gencat.cat\/ca\/departament\/serveis-territorials\/girona\/informacio-general\/\" target=\"_blank\" rel=\"noopener noreferrer\">Girona<\/a><\/td>\n<td style=\"height: 31px; width: 325.6px;\">Agustina Roser Puig Guibas<\/td>\n<td style=\"height: 31px; width: 302.4px;\"><a href=\"mailto:practiques.gir@xtec.cat\" target=\"_blank\" rel=\"noopener noreferrer\">practiques.gir@xtec.cat<\/a><\/td>\n<\/tr>\n<tr style=\"height: 31px;\">\n<td style=\"height: 31px; width: 334.4px;\"><a title=\"LLeida\" href=\"http:\/\/educacio.gencat.cat\/ca\/departament\/serveis-territorials\/lleida\/informacio-general\/\" target=\"_blank\" rel=\"noopener noreferrer\">Lleida<\/a><\/td>\n<td style=\"height: 31px; width: 325.6px;\">Maria Jes\u00fas May\u00f3s Abadias<\/td>\n<td style=\"height: 31px; width: 302.4px;\"><a href=\"mailto:practiques.cce@xtec.cat\" target=\"_blank\" rel=\"noopener noreferrer\">practiques.lle@xtec.cat<\/a><\/td>\n<\/tr>\n<tr style=\"height: 31px;\">\n<td style=\"height: 31px; width: 334.4px;\"><a title=\"Maresme-Vall\u00e8s Oriental\" href=\"http:\/\/educacio.gencat.cat\/ca\/departament\/serveis-territorials\/maresme-valles-oriental\/informacio-general\/\" target=\"_blank\" rel=\"noopener noreferrer\">Maresme-Vall\u00e8s Oriental<\/a><\/td>\n<td style=\"height: 31px; width: 325.6px;\">Maria Jos\u00e9 Loscos Aranda<\/td>\n<td style=\"height: 31px; width: 302.4px;\"><a href=\"mailto:practiques.mvo@xtec.cat\" target=\"_blank\" rel=\"noopener noreferrer\">practiques.mvo@xtec.cat<\/a><\/td>\n<\/tr>\n<tr style=\"height: 31px;\">\n<td style=\"height: 31px; width: 334.4px;\"><a title=\"Tarragona\" href=\"http:\/\/educacio.gencat.cat\/ca\/departament\/serveis-territorials\/tarragona\/informacio-general\/\" target=\"_blank\" rel=\"noopener noreferrer\">Tarragona<\/a><\/td>\n<td style=\"height: 31px; width: 325.6px;\">Laia L\u00f3pez Castro\/Adriana Barro Falc\u00f3n<\/td>\n<td style=\"height: 31px; width: 302.4px;\"><a href=\"mailto:practiques.tar@xtec.cat\" target=\"_blank\" rel=\"noopener noreferrer\">practiques.tar@xtec.cat<\/a><\/td>\n<\/tr>\n<tr style=\"height: 33px;\">\n<td style=\"width: 334.4px; height: 33px;\"><a title=\"Terres de l\u2019Ebre\" href=\"https:\/\/educacio.gencat.cat\/ca\/departament\/serveis-territorials\/penedes\/\" target=\"_blank\" rel=\"noopener noreferrer\">Pened\u00e8s<\/a><\/td>\n<td style=\"width: 325.6px; height: 33px;\">Neus S\u00e1nchez Rubio<\/td>\n<td style=\"width: 302.4px; height: 33px;\"><a href=\"practiques_pen.educacio@gencat.cat\" target=\"_blank\" rel=\"noopener\">practiques_pen.<wbr \/>educacio@gencat.cat<\/a><\/td>\n<\/tr>\n<tr style=\"height: 31px;\">\n<td style=\"height: 31px; width: 334.4px;\"><a title=\"Terres de l\u2019Ebre\" href=\"http:\/\/educacio.gencat.cat\/ca\/departament\/serveis-territorials\/terres-ebre\/informacio-general\/\" target=\"_blank\" rel=\"noopener noreferrer\">Terres de l\u2019Ebre<\/a><\/td>\n<td style=\"height: 31px; width: 325.6px;\">Suny Cherm\u00e9s Roige<\/td>\n<td style=\"height: 31px; width: 302.4px;\"><a href=\"mailto:practiques.teb@xtec.cat\" target=\"_blank\" rel=\"noopener noreferrer\">practiques.teb@xtec.cat<\/a><\/td>\n<\/tr>\n<tr style=\"height: 31px;\">\n<td style=\"height: 31px; width: 334.4px;\"><a title=\"Vall\u00e8s Occidental\" href=\"http:\/\/educacio.gencat.cat\/ca\/departament\/serveis-territorials\/valles-occidental\/informacio-general\/\" target=\"_blank\" rel=\"noopener noreferrer\">Vall\u00e8s Occidental<\/a><\/td>\n<td style=\"height: 31px; width: 325.6px;\">N\u00faria Mar\u00edn Realp<\/td>\n<td style=\"height: 31px; width: 302.4px;\"><a href=\"mailto:practiques.voc@xtec.cat\" target=\"_blank\" rel=\"noopener noreferrer\">practiques.voc@xtec.cat<\/a><\/td>\n<\/tr>\n<\/tbody>\n<\/table>\n<p><b>Comissi\u00f3 territorial\u00a0<\/b><\/p>\n<p><span style=\"font-weight: 400;\">Les persones referents de cada Servei Territorial i al Consorci d\u2019Educaci\u00f3 de Barcelona formen part de la<strong> Comissi\u00f3 Territorial de\u00a0 pr\u00e0ctiques, <\/strong>la comissi\u00f3 coordina i gestiona el procediment, selecciona, fa el seguiment i avalua els centres formadors i elabora, en el moment de finalitzaci\u00f3 de les pr\u00e0ctiques, la proposta de certificaci\u00f3 corresponent a les tutories i coordinacions.\u00a0<\/span><\/p>\n<p><b>Quines s\u00f3n les funcions<\/b><b> de la Comissi\u00f3 Territorial?<\/b><\/p>\n<p><span style=\"font-weight: 400;\">a) Estudiar i valorar les sol\u00b7licituds que presenten els centres educatius tenint en compte els <\/span><span style=\"font-weight: 400;\">requisits i aspectes que es detallen en aquesta Ordre per tal de procedir a la seva selecci\u00f3 <\/span><span style=\"font-weight: 400;\">com a centre formador.<\/span><\/p>\n<p><span style=\"font-weight: 400;\">b) Decidir sobre la continu\u00eftat dels centres formadors, valorant al final de cada curs acad\u00e8mic\u00a0 <\/span><span style=\"font-weight: 400;\">les seves actuacions respecte de l&#8217;informe del centre formador a partir dels informes <\/span><span style=\"font-weight: 400;\">d&#8217;avaluaci\u00f3 que fan els centres i les universitats.<\/span><\/p>\n<p><span style=\"font-weight: 400;\">c) Comprovar, a cada curs, que els centres formadors ofereixen places de pr\u00e0ctiques. Els\u00a0 <\/span><span style=\"font-weight: 400;\">centres formadors que no presentin oferta de places en un curs perdran la seva acreditaci\u00f3 <\/span><span style=\"font-weight: 400;\">fins que no tornin a presentar l&#8217;informe del centre formador actualitzat.<\/span><\/p>\n<p><span style=\"font-weight: 400;\">d) Elaborar, en el moment de finalitzaci\u00f3 de les pr\u00e0ctiques, la proposta de certificaci\u00f3\u00a0 <\/span><span style=\"font-weight: 400;\">corresponent a les tutories i coordinacions.<\/span><\/p>\n<p><span style=\"font-weight: 400;\">e) Elaborar, al final de cada curs acad\u00e8mic, l&#8217;acta corresponent amb la relaci\u00f3 de centres\u00a0 <\/span><span style=\"font-weight: 400;\">formadors actualitzada.<\/span><\/p>\n<\/div>\n<\/div>\n","protected":false},"excerpt":{"rendered":"<p>Els centres formadors disposen de l\u2019acompanyament de la persona referent de pr\u00e0ctiques del seu Servei Territorial\/CEB. Alhora des de Serveis Centrals es coordinen amb totes les persones referents de pr\u00e0ctiques les actuacions conjuntes que es realitzen a tots el Territoris.<\/p>\n<p>Persona referent de pr\u00e0ctiques del ST\/CEB\u00a0<br \/>\nEl&hellip;  <a href=\"https:\/\/projectes.xtec.cat\/centresformadors\/comissio-pedagogica-2\/comissio-referents-territorials\/\" title=\"Read Referents Territorials\">Llegeix m\u00e9s\u00bb<\/a><\/p>\n","protected":false},"author":6,"featured_media":0,"parent":8558,"menu_order":0,"comment_status":"closed","ping_status":"closed","template":"","meta":{"_bbp_topic_count":0,"_bbp_reply_count":0,"_bbp_total_topic_count":0,"_bbp_total_reply_count":0,"_bbp_voice_count":0,"_bbp_anonymous_reply_count":0,"_bbp_topic_count_hidden":0,"_bbp_reply_count_hidden":0,"_bbp_forum_subforum_count":0,"footnotes":""},"class_list":["post-8652","page","type-page","status-publish","hentry"],"post_mailing_queue_ids":[],"_links":{"self":[{"href":"https:\/\/projectes.xtec.cat\/centresformadors\/wp-json\/wp\/v2\/pages\/8652","targetHints":{"allow":["GET"]}}],"collection":[{"href":"https:\/\/projectes.xtec.cat\/centresformadors\/wp-json\/wp\/v2\/pages"}],"about":[{"href":"https:\/\/projectes.xtec.cat\/centresformadors\/wp-json\/wp\/v2\/types\/page"}],"author":[{"embeddable":true,"href":"https:\/\/projectes.xtec.cat\/centresformadors\/wp-json\/wp\/v2\/users\/6"}],"replies":[{"embeddable":true,"href":"https:\/\/projectes.xtec.cat\/centresformadors\/wp-json\/wp\/v2\/comments?post=8652"}],"version-history":[{"count":6,"href":"https:\/\/projectes.xtec.cat\/centresformadors\/wp-json\/wp\/v2\/pages\/8652\/revisions"}],"predecessor-version":[{"id":11686,"href":"https:\/\/projectes.xtec.cat\/centresformadors\/wp-json\/wp\/v2\/pages\/8652\/revisions\/11686"}],"up":[{"embeddable":true,"href":"https:\/\/projectes.xtec.cat\/centresformadors\/wp-json\/wp\/v2\/pages\/8558"}],"wp:attachment":[{"href":"https:\/\/projectes.xtec.cat\/centresformadors\/wp-json\/wp\/v2\/media?parent=8652"}],"curies":[{"name":"wp","href":"https:\/\/api.w.org\/{rel}","templated":true}]}}