{"id":8701,"date":"2020-03-02T09:49:26","date_gmt":"2020-03-02T08:49:26","guid":{"rendered":"https:\/\/projectes.xtec.cat\/centresformadors\/?page_id=8701"},"modified":"2025-10-02T14:27:29","modified_gmt":"2025-10-02T12:27:29","slug":"mapa-de-la-innovacio-centres-formadors","status":"publish","type":"page","link":"https:\/\/projectes.xtec.cat\/centresformadors\/comunitat-cf\/mapa-de-la-innovacio-centres-formadors\/","title":{"rendered":"Relaci\u00f3 de centres formadors Programa d&#8217;Innovaci\u00f3 Pedag\u00f2gica de pr\u00e0ctiques del MUFPS"},"content":{"rendered":"<p>Centres formadors ordenats per servei territorial i autoritzats pel Departament d\u2019Educaci\u00f3 que participen en el Programa d\u2019innovaci\u00f3 pedag\u00f2gica de pr\u00e0ctiques del MUFPS, curs 2025-26. Podeu consultar el centres en aquest <a href=\"https:\/\/projectes.xtec.cat\/centresformadors\/wp-content\/uploads\/usu1341\/2025\/10\/Lista-centres-formadors-MUFPS-2025.docx-1-1.pdf\" target=\"_blank\" rel=\"noopener\">enlla\u00e7.<\/a><br \/>\n<!--\nTamb\u00e9 es pot consultar el <a href=\"https:\/\/innovacio.xtec.gencat.cat\/programes\" target=\"_blank\" rel=\"noopener\">mapa<\/a> de la innovaci\u00f3 pedag\u00f2gica.\n<a href=\"https:\/\/projectes.xtec.cat\/centresformadors\/wp-content\/uploads\/usu1341\/2022\/04\/centres-formadors-e1659101151967.jpg\"><img loading=\"lazy\" decoding=\"async\" class=\" wp-image-10527 aligncenter\" src=\"https:\/\/projectes.xtec.cat\/centresformadors\/wp-content\/uploads\/usu1341\/2022\/04\/centres-formadors-e1659101151967.jpg\" alt=\"\" width=\"193\" height=\"274\" \/><\/a>\n\n\n<p id=\"carrega\" style=\"text-align: center;\">Carregant...<\/p>\n\n\n\n--><\/p>\n<p>En aquest mapa podeu trobar m\u00e9s informaci\u00f3 dels centres formadors que participen en el Programa:<\/p>\n<ul>\n<li>Dades de contacte<\/li>\n<li>Web del centre<\/li>\n<li>Enlla\u00e7 al Projecte Educatiu de centre<\/li>\n<li>Enlla\u00e7 al Pla d&#8217;acollida<\/li>\n<li>Relaci\u00f3\u00a0 de programes d&#8217;innovaci\u00f3 i de projectes de centre<\/li>\n<\/ul>\n<p><iframe style=\"width: 100%; height: 800px; border: 1px solid #e0a49d;\" src=\"https:\/\/edumet.cat\/areatac\/presentacions\/index.php?ID=1e60RSfAlNPdWBkhCYFAJm0UYm8xfY9fq2U2XsWix5X8&amp;config=Mapa\"><\/iframe><\/p>\n","protected":false},"excerpt":{"rendered":"<p>Centres formadors ordenats per servei territorial i autoritzats pel Departament d\u2019Educaci\u00f3 que participen en el Programa d\u2019innovaci\u00f3 pedag\u00f2gica de pr\u00e0ctiques del MUFPS, curs 2025-26. Podeu consultar el centres en aquest <a href=\"https:\/\/projectes.xtec.cat\/centresformadors\/wp-content\/uploads\/usu1341\/2025\/10\/Lista-centres-formadors-MUFPS-2025.docx-1-1.pdf\" target=\"_blank\" rel=\"noopener\">enlla\u00e7.<\/a><\/p>\n<p>En aquest mapa podeu trobar m\u00e9s informaci\u00f3 dels centres formadors que participen&hellip;  <a href=\"https:\/\/projectes.xtec.cat\/centresformadors\/comunitat-cf\/mapa-de-la-innovacio-centres-formadors\/\" title=\"Read Relaci\u00f3 de centres formadors Programa d&#8217;Innovaci\u00f3 Pedag\u00f2gica de pr\u00e0ctiques del MUFPS\">Llegeix m\u00e9s\u00bb<\/a><\/p>\n","protected":false},"author":2,"featured_media":0,"parent":8411,"menu_order":0,"comment_status":"closed","ping_status":"closed","template":"","meta":{"_bbp_topic_count":0,"_bbp_reply_count":0,"_bbp_total_topic_count":0,"_bbp_total_reply_count":0,"_bbp_voice_count":0,"_bbp_anonymous_reply_count":0,"_bbp_topic_count_hidden":0,"_bbp_reply_count_hidden":0,"_bbp_forum_subforum_count":0,"footnotes":""},"class_list":["post-8701","page","type-page","status-publish","hentry"],"post_mailing_queue_ids":[],"_links":{"self":[{"href":"https:\/\/projectes.xtec.cat\/centresformadors\/wp-json\/wp\/v2\/pages\/8701","targetHints":{"allow":["GET"]}}],"collection":[{"href":"https:\/\/projectes.xtec.cat\/centresformadors\/wp-json\/wp\/v2\/pages"}],"about":[{"href":"https:\/\/projectes.xtec.cat\/centresformadors\/wp-json\/wp\/v2\/types\/page"}],"author":[{"embeddable":true,"href":"https:\/\/projectes.xtec.cat\/centresformadors\/wp-json\/wp\/v2\/users\/2"}],"replies":[{"embeddable":true,"href":"https:\/\/projectes.xtec.cat\/centresformadors\/wp-json\/wp\/v2\/comments?post=8701"}],"version-history":[{"count":6,"href":"https:\/\/projectes.xtec.cat\/centresformadors\/wp-json\/wp\/v2\/pages\/8701\/revisions"}],"predecessor-version":[{"id":11668,"href":"https:\/\/projectes.xtec.cat\/centresformadors\/wp-json\/wp\/v2\/pages\/8701\/revisions\/11668"}],"up":[{"embeddable":true,"href":"https:\/\/projectes.xtec.cat\/centresformadors\/wp-json\/wp\/v2\/pages\/8411"}],"wp:attachment":[{"href":"https:\/\/projectes.xtec.cat\/centresformadors\/wp-json\/wp\/v2\/media?parent=8701"}],"curies":[{"name":"wp","href":"https:\/\/api.w.org\/{rel}","templated":true}]}}