{"id":8741,"date":"2020-03-04T13:30:37","date_gmt":"2020-03-04T12:30:37","guid":{"rendered":"https:\/\/projectes.xtec.cat\/centresformadors\/?page_id=8741"},"modified":"2025-06-26T13:16:56","modified_gmt":"2025-06-26T11:16:56","slug":"marc-normatiu-2","status":"publish","type":"page","link":"https:\/\/projectes.xtec.cat\/centresformadors\/comissio-pedagogica-2\/marc-normatiu-2\/","title":{"rendered":"Marc normatiu Centres Formadors"},"content":{"rendered":"<ul class=\"spip\">\n<li><a class=\"spip_out\" href=\"http:\/\/www.boe.es\/diario_boe\/txt.php?id=BOE-A-2014-8138\" target=\"_blank\" rel=\"external noopener noreferrer\">Decret de pr\u00e0ctiques<\/a><\/li>\n<li><a href=\"https:\/\/projectes.xtec.cat\/centresformadors\/wp-content\/uploads\/usu1341\/2021\/02\/NovaOrdre.pdf\" target=\"_blank\" rel=\"noopener noreferrer\">Ordre de pr\u00e0ctiques EDU\/39\/2021<\/a>, de 16 de febrer<\/li>\n<li><a href=\"https:\/\/espai.educacio.gencat.cat\/Normativa\/DOIGC\/Cercador-pdf\/Documents\/GEST_Formacio_personal.pdf\" target=\"_blank\" rel=\"noopener noreferrer\">Documents per a l\u2019organitzaci\u00f3 i gesti\u00f3 dels centres. Formaci\u00f3 del personal dels centres i serveis educatius i formaci\u00f3 inicial d\u2019estudiants universitaris en pr\u00e0ctiques.\u00a0<\/a>\n<div><\/div>\n<div><\/div>\n<\/li>\n<\/ul>\n","protected":false},"excerpt":{"rendered":"<ul class=\"spip\">\n<li><a class=\"spip_out\" href=\"http:\/\/www.boe.es\/diario_boe\/txt.php?id=BOE-A-2014-8138\" target=\"_blank\" rel=\"external noopener noreferrer\">Decret de pr\u00e0ctiques<\/a><\/li>\n<li><a href=\"https:\/\/projectes.xtec.cat\/centresformadors\/wp-content\/uploads\/usu1341\/2021\/02\/NovaOrdre.pdf\" target=\"_blank\" rel=\"noopener noreferrer\">Ordre de pr\u00e0ctiques EDU\/39\/2021<\/a>, de 16 de febrer<\/li>\n<li><a href=\"https:\/\/espai.educacio.gencat.cat\/Normativa\/DOIGC\/Cercador-pdf\/Documents\/GEST_Formacio_personal.pdf\" target=\"_blank\" rel=\"noopener noreferrer\">Documents per a l\u2019organitzaci\u00f3 i gesti\u00f3 dels centres. Formaci\u00f3 del personal dels centres i serveis educatius i formaci\u00f3 inicial d\u2019estudiants universitaris&hellip;  <a href=\"https:\/\/projectes.xtec.cat\/centresformadors\/comissio-pedagogica-2\/marc-normatiu-2\/\" title=\"Read Marc normatiu Centres Formadors\">Llegeix m\u00e9s\u00bb<\/a><br \/>\n","protected":false},"author":6,"featured_media":0,"parent":8558,"menu_order":0,"comment_status":"closed","ping_status":"closed","template":"","meta":{"_bbp_topic_count":0,"_bbp_reply_count":0,"_bbp_total_topic_count":0,"_bbp_total_reply_count":0,"_bbp_voice_count":0,"_bbp_anonymous_reply_count":0,"_bbp_topic_count_hidden":0,"_bbp_reply_count_hidden":0,"_bbp_forum_subforum_count":0,"footnotes":""},"class_list":["post-8741","page","type-page","status-publish","hentry"],"post_mailing_queue_ids":[],"_links":{"self":[{"href":"https:\/\/projectes.xtec.cat\/centresformadors\/wp-json\/wp\/v2\/pages\/8741","targetHints":{"allow":["GET"]}}],"collection":[{"href":"https:\/\/projectes.xtec.cat\/centresformadors\/wp-json\/wp\/v2\/pages"}],"about":[{"href":"https:\/\/projectes.xtec.cat\/centresformadors\/wp-json\/wp\/v2\/types\/page"}],"author":[{"embeddable":true,"href":"https:\/\/projectes.xtec.cat\/centresformadors\/wp-json\/wp\/v2\/users\/6"}],"replies":[{"embeddable":true,"href":"https:\/\/projectes.xtec.cat\/centresformadors\/wp-json\/wp\/v2\/comments?post=8741"}],"version-history":[{"count":6,"href":"https:\/\/projectes.xtec.cat\/centresformadors\/wp-json\/wp\/v2\/pages\/8741\/revisions"}],"predecessor-version":[{"id":11632,"href":"https:\/\/projectes.xtec.cat\/centresformadors\/wp-json\/wp\/v2\/pages\/8741\/revisions\/11632"}],"up":[{"embeddable":true,"href":"https:\/\/projectes.xtec.cat\/centresformadors\/wp-json\/wp\/v2\/pages\/8558"}],"wp:attachment":[{"href":"https:\/\/projectes.xtec.cat\/centresformadors\/wp-json\/wp\/v2\/media?parent=8741"}],"curies":[{"name":"wp","href":"https:\/\/api.w.org\/{rel}","templated":true}]}}