{"id":8752,"date":"2020-03-04T14:17:27","date_gmt":"2020-03-04T13:17:27","guid":{"rendered":"https:\/\/projectes.xtec.cat\/centresformadors\/?page_id=8752"},"modified":"2021-02-24T10:30:44","modified_gmt":"2021-02-24T09:30:44","slug":"marc-normatiu-programa-dinnovacio-de-centres-formadors","status":"publish","type":"page","link":"https:\/\/projectes.xtec.cat\/centresformadors\/justificacio-del-programa\/marc-normatiu-programa-dinnovacio-de-centres-formadors\/","title":{"rendered":"Marc Normatiu Programa d&#8217;Innovaci\u00f3 de Centres Formadors"},"content":{"rendered":"<p><img loading=\"lazy\" decoding=\"async\" class=\"aligncenter wp-image-8733\" src=\"https:\/\/projectes.xtec.cat\/centresformadors\/wp-content\/uploads\/usu1341\/2020\/03\/marc-normatiu.jpg\" alt=\"\" width=\"529\" height=\"284\" srcset=\"https:\/\/projectes.xtec.cat\/centresformadors\/wp-content\/uploads\/usu1341\/2020\/03\/marc-normatiu.jpg 983w, https:\/\/projectes.xtec.cat\/centresformadors\/wp-content\/uploads\/usu1341\/2020\/03\/marc-normatiu-300x161.jpg 300w, https:\/\/projectes.xtec.cat\/centresformadors\/wp-content\/uploads\/usu1341\/2020\/03\/marc-normatiu-768x413.jpg 768w\" sizes=\"auto, (max-width: 529px) 100vw, 529px\" \/><\/p>\n<div class=\"mYVXT\">\n<div class=\"LS81yb VICjCf\" tabindex=\"-1\">\n<div class=\"hJDwNd-AhqUyc-uQSCkd purZT-AhqUyc-II5mzb pSzOP-AhqUyc-qWD73c JNdkSc\">\n<div class=\"JNdkSc-SmKAyb\">\n<div class=\"\">\n<div class=\"oKdM2c Kzv0Me\">\n<div id=\"h.p_SX_J5-DdbjeS\" class=\"hJDwNd-AhqUyc-uQSCkd jXK9ad D2fZ2 OjCsFc wHaque GNzUNc\">\n<div class=\"jXK9ad-SmKAyb\">\n<div class=\"tyJCtd mGzaTb baZpAe\">\n<p id=\"h.p_RC9vp5ldbjeb\" class=\"zfr3Q\"><strong><a href=\"https:\/\/projectes.xtec.cat\/centresformadors\/wp-content\/uploads\/usu1341\/2021\/02\/NovaOrdre.pdf\" target=\"_blank\" rel=\"noopener noreferrer\">ORDRE EDU\/39\/2021<\/a>, de 16 de febrer<\/strong><\/p>\n<p class=\"zfr3Q\">per la qual s&#8217;estableix el procediment per a la selecci\u00f3 i acreditaci\u00f3 de centres formadors i es regula el desenvolupament de les pr\u00e0ctiques acad\u00e8miques externes en aquests centres.<\/p>\n<p id=\"h.p_POaK3FLnLFLg\" class=\"zfr3Q\"><a href=\"https:\/\/portaldogc.gencat.cat\/utilsEADOP\/PDF\/7923\/1754917.pdf\" target=\"_blank\" rel=\"noopener noreferrer\"><strong>RESOLUCI\u00d3 EDU\/2000\/2019<\/strong><\/a><strong>, de 17 de juliol<\/strong><\/p>\n<p id=\"h.p_TH7stZM2bm-C\" class=\"zfr3Q\">per la qual es crea el Programa d&#8217;innovaci\u00f3 pedag\u00f2gica de pr\u00e0ctiques del m\u00e0ster universitari de Formaci\u00f3 del Professorat d&#8217;Educaci\u00f3 Secund\u00e0ria Obligat\u00f2ria i Batxillerat, Formaci\u00f3 Professional i Ensenyament d&#8217;Idiomes en Centres Educatius i s&#8217;obre convocat\u00f2ria p\u00fablica per a la selecci\u00f3 de centres educatius que imparteixen ensenyaments secundaris interessats a formar-ne part a partir del curs 2019-2020.<\/p>\n<p id=\"h.p_ioEvZ84Wb7iV\" class=\"zfr3Q\"><a href=\"https:\/\/dogc.gencat.cat\/ca\/pdogc_canals_interns\/pdogc_resultats_fitxa\/?action=fitxa&amp;documentId=855661&amp;language=ca_ES\" target=\"_blank\" rel=\"noopener noreferrer\"><strong>RESOLUCI\u00d3 EDU\/2189\/2019<\/strong><\/a><strong>, de 31 de juliol <\/strong><\/p>\n<p id=\"h.p_jL_whBygb_zq\" class=\"zfr3Q\">de modificaci\u00f3 de la Resoluci\u00f3 EDU\/2000\/2019, de 17 de juliol, per la qual es crea el Programa d&#8217;innovaci\u00f3 pedag\u00f2gica de pr\u00e0ctiques del m\u00e0ster universitari de Formaci\u00f3 del Professorat d&#8217;Educaci\u00f3 Secund\u00e0ria Obligat\u00f2ria i Batxillerat, Formaci\u00f3 Professional i Ensenyament d&#8217;Idiomes en Centres Educatius i s&#8217;obre convocat\u00f2ria p\u00fablica per a la selecci\u00f3 de centres educatius que imparteixen ensenyaments secundaris interessats a formar-ne part a partir del curs 2019-2020.<\/p>\n<p id=\"h.p_NYPA0naKnk1U\" class=\"zfr3Q\"><a href=\"https:\/\/dogc.gencat.cat\/ca\/pdogc_canals_interns\/pdogc_resultats_fitxa\/?action=fitxa&amp;documentId=857586&amp;language=ca_ES\" target=\"_blank\" rel=\"noopener noreferrer\"><strong>RESOLUCI\u00d3 EDU\/2405\/2019<\/strong><\/a><strong>, de 18 de setembre, <\/strong><\/p>\n<p id=\"h.p_F7n6_KWcnqfb\" class=\"zfr3Q\">d&#8217;ampliaci\u00f3 del termini per a la presentaci\u00f3 de sol\u00b7licituds establert a la Resoluci\u00f3 EDU\/2000\/2019, de 17 de juliol, per la qual es crea el Programa d&#8217;innovaci pedag\u00f2gica de pr\u00e0ctiques del m\u00e0ster universitari de Formaci\u00f3 del Professorat d&#8217;Educaci\u00f3 Secund\u00e0ria Obligat\u00f2ria i Batxillerat, Formaci\u00f3 Professional i Ensenyament d&#8217;Idiomes en Centres Educatius i s&#8217;obre convocat\u00f2ria p\u00fablica per a la selecci\u00f3 de centres educatius que imparteixen ensenyaments secundaris interessats a formar-ne part a partir del curs 2019-2020.<\/p>\n<p id=\"h.p_6LV48V0ljTb9\" class=\"zfr3Q\"><a href=\"https:\/\/projectes.xtec.cat\/centresformadors\/wp-content\/uploads\/usu1341\/2021\/02\/1.pdf\" target=\"_blank\" rel=\"noopener noreferrer\"><strong>RESOLUCI\u00d3 ENS\/1638\/2013<\/strong><\/a><strong>, de 22 de juliol, <\/strong><\/p>\n<p id=\"h.p_cjLeFANGjVgB\" class=\"zfr3Q\">per la qual es fa p\u00fablica la relaci\u00f3 de centres educatius sostinguts amb fons p\u00fablics seleccionats com a centres formadors ;estudiants en pr\u00e0ctiques dels graus de mestre i del m\u00e0ster del professorat de secund\u00e0ria (DOGC n\u00fam. 6426, de 26.7.2013)<\/p>\n<p id=\"h.p_KutMMf1Hj71g\" class=\"zfr3Q\"><a href=\"https:\/\/projectes.xtec.cat\/centresformadors\/wp-content\/uploads\/usu1341\/2021\/02\/3.pdf\" target=\"_blank\" rel=\"noopener noreferrer\"><strong>ORDRE ENS\/85\/2013<\/strong><\/a><strong>, de 7 de maig, <\/strong><\/p>\n<p id=\"h.p_SlgrZ_-pkBDA\" class=\"zfr3Q\">per la qual es regula el procediment per a la gesti\u00f3 de les pr\u00e0ctiques dels estudiants dels graus de mestre i del m\u00e0ster del professorat de secund\u00e0ria, i s&amp;#39;obre la convocat\u00f2ria per a la selecci\u00f3 de centres educatius sostinguts amb fons p\u00fablics per al per\u00edode 2013 al 2017 (DOGC n\u00fam. 6377, de 16.5.2013)<\/p>\n<p id=\"h.p_qHO4_A4NkpxO\" class=\"zfr3Q\"><a href=\"https:\/\/projectes.xtec.cat\/centresformadors\/wp-content\/uploads\/usu1341\/2021\/02\/2.pdf\" target=\"_blank\" rel=\"noopener noreferrer\"><strong>REIAL DECRET 592\/2014<\/strong><\/a><strong>, de 11 de juliol, <\/strong><\/p>\n<p id=\"h.p_-GDs0GfDkXdM\" class=\"zfr3Q\">pel qual es regulen les pr\u00e0ctiques acad\u00e8miques externes dels estudiants universitaris. (BOE n\u00fam. 184, de 30 de julio de 2014, p\u00e1ginas 60502 a 60511 (10 p\u00e1gs.) -on s&#8217;especifica que no es poden fer pr\u00e0ctiques en el lloc de treball-.<\/p>\n<\/div>\n<\/div>\n<\/div>\n<\/div>\n<\/div>\n<\/div>\n<\/div>\n<\/div>\n<\/div>\n","protected":false},"excerpt":{"rendered":"<p><a href=\"https:\/\/projectes.xtec.cat\/centresformadors\/wp-content\/uploads\/usu1341\/2021\/02\/NovaOrdre.pdf\" target=\"_blank\" rel=\"noopener noreferrer\">ORDRE EDU\/39\/2021<\/a>, de 16 de febrer<br \/>\nper la qual s&#8217;estableix el procediment per a la selecci\u00f3 i acreditaci\u00f3 de centres formadors i es regula el desenvolupament de les pr\u00e0ctiques acad\u00e8miques externes en aquests centres.<br \/>\n<a href=\"https:\/\/portaldogc.gencat.cat\/utilsEADOP\/PDF\/7923\/1754917.pdf\" target=\"_blank\" rel=\"noopener noreferrer\">RESOLUCI\u00d3 EDU\/2000\/2019<\/a>, de 17 de&hellip;  <a href=\"https:\/\/projectes.xtec.cat\/centresformadors\/justificacio-del-programa\/marc-normatiu-programa-dinnovacio-de-centres-formadors\/\" title=\"Read Marc Normatiu Programa d&#8217;Innovaci\u00f3 de Centres Formadors\">Llegeix m\u00e9s\u00bb<\/a><\/p>\n","protected":false},"author":6,"featured_media":0,"parent":8707,"menu_order":40,"comment_status":"closed","ping_status":"closed","template":"page-templates\/side-menu.php","meta":{"_bbp_topic_count":0,"_bbp_reply_count":0,"_bbp_total_topic_count":0,"_bbp_total_reply_count":0,"_bbp_voice_count":0,"_bbp_anonymous_reply_count":0,"_bbp_topic_count_hidden":0,"_bbp_reply_count_hidden":0,"_bbp_forum_subforum_count":0,"footnotes":""},"class_list":["post-8752","page","type-page","status-publish","hentry"],"post_mailing_queue_ids":[],"_links":{"self":[{"href":"https:\/\/projectes.xtec.cat\/centresformadors\/wp-json\/wp\/v2\/pages\/8752","targetHints":{"allow":["GET"]}}],"collection":[{"href":"https:\/\/projectes.xtec.cat\/centresformadors\/wp-json\/wp\/v2\/pages"}],"about":[{"href":"https:\/\/projectes.xtec.cat\/centresformadors\/wp-json\/wp\/v2\/types\/page"}],"author":[{"embeddable":true,"href":"https:\/\/projectes.xtec.cat\/centresformadors\/wp-json\/wp\/v2\/users\/6"}],"replies":[{"embeddable":true,"href":"https:\/\/projectes.xtec.cat\/centresformadors\/wp-json\/wp\/v2\/comments?post=8752"}],"version-history":[{"count":3,"href":"https:\/\/projectes.xtec.cat\/centresformadors\/wp-json\/wp\/v2\/pages\/8752\/revisions"}],"predecessor-version":[{"id":9527,"href":"https:\/\/projectes.xtec.cat\/centresformadors\/wp-json\/wp\/v2\/pages\/8752\/revisions\/9527"}],"up":[{"embeddable":true,"href":"https:\/\/projectes.xtec.cat\/centresformadors\/wp-json\/wp\/v2\/pages\/8707"}],"wp:attachment":[{"href":"https:\/\/projectes.xtec.cat\/centresformadors\/wp-json\/wp\/v2\/media?parent=8752"}],"curies":[{"name":"wp","href":"https:\/\/api.w.org\/{rel}","templated":true}]}}