{"id":8762,"date":"2020-03-04T15:31:45","date_gmt":"2020-03-04T14:31:45","guid":{"rendered":"https:\/\/projectes.xtec.cat\/centresformadors\/?page_id=8762"},"modified":"2023-07-09T19:48:07","modified_gmt":"2023-07-09T17:48:07","slug":"ii-jornada-de-centres-formadors","status":"publish","type":"page","link":"https:\/\/projectes.xtec.cat\/centresformadors\/comunitat-cf\/ii-jornada-de-centres-formadors\/","title":{"rendered":"I Jornada VIRTUAL de pr\u00e0ctiques PINN MUFPS"},"content":{"rendered":"<p><a href=\"https:\/\/projectes.xtec.cat\/centresformadors\/wp-content\/uploads\/usu1341\/2020\/09\/Captura-1.png\"> \u00a0<\/a><a href=\"https:\/\/sites.google.com\/xtec.cat\/ia-jornada-virtual-de-centres-\/p%C3%A0gina-principal\" target=\"_blank\" rel=\"noopener noreferrer\"><img loading=\"lazy\" decoding=\"async\" class=\"alignleft wp-image-8981 size-medium\" src=\"https:\/\/projectes.xtec.cat\/centresformadors\/wp-content\/uploads\/usu1341\/2020\/09\/Captura-1-300x214.png\" alt=\"\" width=\"300\" height=\"214\" srcset=\"https:\/\/projectes.xtec.cat\/centresformadors\/wp-content\/uploads\/usu1341\/2020\/09\/Captura-1-300x214.png 300w, https:\/\/projectes.xtec.cat\/centresformadors\/wp-content\/uploads\/usu1341\/2020\/09\/Captura-1-768x548.png 768w, https:\/\/projectes.xtec.cat\/centresformadors\/wp-content\/uploads\/usu1341\/2020\/09\/Captura-1.png 777w\" sizes=\"auto, (max-width: 300px) 100vw, 300px\" \/><\/a><strong>I<\/strong> <strong>JORNADA VIRTUAL de Centres Formadors de pr\u00e0ctiques del PINN MUFPS<\/strong><\/p>\n<p><b>&#8220;La formaci\u00f3 inicial en temps d&#8217;incertesa. El repte dels centres formadors&#8221;<\/b><\/p>\n<p><strong>Dia:<\/strong> Dimecres 7 d&#8217;octubre de 2020<\/p>\n<p><strong>Hora: <\/strong>de 16 a 19h en Modalitat Virtual<\/p>\n<p><b>Lloc: <\/b>Xarxa -Internet<\/p>\n<p><em>Clicant en aquesta imatge trobareu el <strong>programa<\/strong> i les <strong>persones ponents<\/strong> convidades.<\/em><\/p>\n<p style=\"font-family: 'Helvetica Neue', Helvetica, Helvetica, Arial, sans-serif; font-size: 16px;\"><a href=\"https:\/\/projectes.xtec.cat\/centresformadors\/wp-content\/uploads\/usu1341\/2020\/10\/Infografia_jornada.pptx.pdf\" target=\"_blank\" rel=\"noopener noreferrer\"><img loading=\"lazy\" decoding=\"async\" class=\"alignleft wp-image-9034\" src=\"https:\/\/projectes.xtec.cat\/centresformadors\/wp-content\/uploads\/usu1341\/2020\/10\/IMATGE-CF-1-1-300x169.jpg\" alt=\"\" width=\"297\" height=\"168\" srcset=\"https:\/\/projectes.xtec.cat\/centresformadors\/wp-content\/uploads\/usu1341\/2020\/10\/IMATGE-CF-1-1-300x169.jpg 300w, https:\/\/projectes.xtec.cat\/centresformadors\/wp-content\/uploads\/usu1341\/2020\/10\/IMATGE-CF-1-1-768x432.jpg 768w, https:\/\/projectes.xtec.cat\/centresformadors\/wp-content\/uploads\/usu1341\/2020\/10\/IMATGE-CF-1-1.jpg 960w\" sizes=\"auto, (max-width: 297px) 100vw, 297px\" \/><\/a><\/p>\n<p>&nbsp;<\/p>\n<p><span style=\"font-weight: 400;\">La finalitat del Programa d&#8217;innovaci\u00f3 pedag\u00f2gica de Pr\u00e0ctiques del MUFPS en centres educatius \u00e9s millorar i avan\u00e7ar en el model de pr\u00e0ctiques dels estudiants universitaris en centres educatius amb la implicaci\u00f3 directa de la universitat i del centre formador en relaci\u00f3 als aspectes qualitatius que caracteritzen la formaci\u00f3 inicial dels nous docents.\u00a0<\/span><\/p>\n<p>&nbsp;<\/p>\n<p><span style=\"font-weight: 400;\">En aquest context es desenvolupa la 1a jornada de centres formadors del PINN CF MUFPS que t\u00e9 per objectius:<\/span><\/p>\n<p style=\"font-family: 'Helvetica Neue', Helvetica, Helvetica, Arial, sans-serif; font-size: 16px;\"><span style=\"font-family: inherit; font-size: 1em;\">1. <strong>Assignar valor als centres formadors com a institucions clau en la formaci\u00f3 inicial.<\/strong><\/span><\/p>\n<p><strong>2. Crear entorns de debat pedag\u00f2gic per millorar la formaci\u00f3 inicial de l\u2019estudiant universitari.<\/strong><\/p>\n<p><strong>3.<span style=\"font-family: inherit; font-size: 1em;\">Professionalitzar i recon\u00e8ixer la tasca d\u2019acompanyament de les persones mentores de\u00a0<\/span><span style=\"font-family: inherit; font-size: 1em;\">centre i dels tutors\/es de les universitats.<\/span><\/strong><\/p>\n<p style=\"font-family: 'Helvetica Neue', Helvetica, Helvetica, Arial, sans-serif; font-size: 16px;\"><em><span style=\"font-family: inherit; font-size: 1em;\">Clicant en aquesta imatge podreu trobar la <strong>retransmissi\u00f3 en diferit<\/strong> de les diferents sales de tota la Jornada.<\/span><\/em><\/p>\n<hr \/>\n<p>Sala 1: <em><strong>Acollida, acompanyament i comunicaci\u00f3 <a href=\"https:\/\/projectes.xtec.cat\/centresformadors\/wp-content\/uploads\/usu1341\/2023\/07\/acollida.jpg\"><img loading=\"lazy\" decoding=\"async\" class=\"wp-image-11055 alignright\" src=\"https:\/\/projectes.xtec.cat\/centresformadors\/wp-content\/uploads\/usu1341\/2023\/07\/acollida.jpg\" alt=\"\" width=\"114\" height=\"94\" \/><\/a><\/strong><\/em><\/p>\n<p><strong>Contextualitzaci\u00f3 de l\u2019\u00e0mbit.<\/strong><\/p>\n<p><em><span style=\"font-weight: 400;\">L\u2019acollida i l\u2019acompanyament de l\u2019estudiant en pr\u00e0ctiques fa refer\u00e8ncia al <strong>conjunt d\u2019accions i actuacions que el centre formador posa en funcionament per tal de garantir una visi\u00f3 global i hol\u00edstica<\/strong> del centre: els seus principis i valors institucionals (coneixement de la documentaci\u00f3 a llarg, mitj\u00e0 o curt termini), organitzatius i pedag\u00f2gics i tamb\u00e9 relacionals.\u00a0<\/span><\/em><\/p>\n<p><em><span style=\"font-weight: 400;\">El centre formador ha de tenir consci\u00e8ncia de la seva implicaci\u00f3 en tot el proc\u00e9s formatiu de l\u2019estudiant de grau o m\u00e0ster. Per dur-ho a terme ha d\u2019activar totes les eines al seu abast, eines adre\u00e7ades al seguiment, l\u2019acompanyament i l\u2019avaluaci\u00f3 continuada de l\u2019estudiant.<\/span><\/em><\/p>\n<p><em><span style=\"font-weight: 400;\">Disposar d\u2019un<strong> protocol d\u2019acollida i acompanyament<\/strong> de l\u2019estudiant en pr\u00e0ctiques \u00e9s fonamental per a tots els centres formadors. L\u2019elaboraci\u00f3 d\u2019aquest protocol i la concreci\u00f3 de les accions a fer posa en valor la predisposici\u00f3 a tenir un paper actiu en la formaci\u00f3 de l\u2019estudiant al llarg de tota l\u2019estada formativa i a contribuir a la seva formaci\u00f3 integral. Mostra tamb\u00e9 una voluntat col\u00b7lectiva que va m\u00e9s enll\u00e0 de les possibles accions individuals de cada professor\/mentor traslladant aquesta responsabilitat a la totalitat del claustre.<\/span><\/em><\/p>\n<p><em><span style=\"font-weight: 400;\">Preparar un <strong>pla d`acollida implica preveure tots els processos a segui<\/strong>r des dels primers contactes previs amb els responsables de la universitat, fins el mateix moment del primer contacte de l\u2019estudiant amb el centre, tot passant per tot all\u00f2 que ser\u00e0 necessari fins a l\u2019acabament de les pr\u00e0ctiques tenint en compte que l\u2019acollida \u00e9s un proc\u00e9s gradual i seq\u00fcenciat en el temps. Sense oblidar l\u2019establiment de canals de comunicaci\u00f3 entre el centre i l\u2019estudiant que garanteixin un intercanvi continu. En definitiva, el pla d\u2019acollida ha de garantir que l\u2019estada al centre ha de ser efica\u00e7 i eficient, tant per a l\u2019estudiant com per al propi centre.<\/span><\/em><\/p>\n<hr \/>\n<p>Sala 2<strong>: Participaci\u00f3 dels estudiants en pr\u00e0ctiques<\/strong><\/p>\n<p><span style=\"font-weight: 400;\"><a href=\"https:\/\/projectes.xtec.cat\/centresformadors\/wp-content\/uploads\/usu1341\/2022\/04\/estudiants.gif\"><img loading=\"lazy\" decoding=\"async\" class=\"size-full wp-image-10515 alignleft\" src=\"https:\/\/projectes.xtec.cat\/centresformadors\/wp-content\/uploads\/usu1341\/2022\/04\/estudiants.gif\" alt=\"\" width=\"154\" height=\"127\" \/><\/a><strong>Contextualitzaci\u00f3 de l\u2019\u00e0mbit<\/strong><\/span><\/p>\n<p><em><span style=\"font-weight: 400;\">En l\u2019escola del segle XXI, les responsabilitats i compet\u00e8ncies que es demanen a les persones que formen nens i joves es multipliquen: <strong>els professionals de l\u2019educaci\u00f3 han de potenciar les capacitats, destreses, actituds i valors que facilitin una formaci\u00f3 competencial<\/strong> que estigui a l\u2019al\u00e7ada de les transformacions socials, tecnol\u00f2giques i econ\u00f2miques d\u2019un m\u00f3n en continu canvi. \u00c9s per aix\u00f2 que cal revisar les funcions i tasques que s\u2019esperen i\u00a0 requereixen del professorat; l\u2019acord un\u00e0nime en adjudicar al professorat un paper clau en el proc\u00e9s educatiu ha d\u2019utilitzar-se com a argument per reclamar m\u00e9s i millor formaci\u00f3.<\/span><\/em><\/p>\n<p><em><span style=\"font-weight: 400;\">Si partim de la idea de considerar la formaci\u00f3 inicial com un primer pas en el proc\u00e9s d\u2019aprenentatge i professionalitzaci\u00f3, <strong>recon\u00e8ixer els aprenentatges imprescindibles<\/strong> que necessita un futur docent ens permet establir mesures que ens ajudin a intervenir en la configuraci\u00f3 de la identitat professional docent. Identitat que ha de contribuir a la percepci\u00f3 d\u2019autoefic\u00e0cia, motivaci\u00f3, comprom\u00eds i satisfacci\u00f3 en el treball del professorat.<\/span><\/em><\/p>\n<p><em><span style=\"font-weight: 400;\">\u00c9s obvi que en la pr\u00e0ctica a l\u2019aula no n\u2019hi ha prou en dominar els continguts i objectius del curr\u00edculum; invertir temps i esfor\u00e7os en que l\u2019estudiant en pr\u00e0ctiques conegui, comparteixi i experimenti amb el professor tutor ha de generar un espai de reflexi\u00f3 pedag\u00f2gica proactiu, on plantejar aquells dubtes i incerteses que emergeixen de l\u2019an\u00e0lisi i avaluaci\u00f3 de\u00a0 metodologies, activitats i recursos, de la quantitat de factors relacionals, socials i emocionals que conviuen a l\u2019aula i d\u2019atenci\u00f3 a la diversitat de l\u2019alumnat. Cercar com\u00a0 millorar la pr\u00e0ctica educativa quotidiana aconseguint augmentar la motivaci\u00f3 i l\u2019aprenentatge del nostre alumnat per tal de fer-lo cada cop m\u00e9s competent esdev\u00e9 un principi b\u00e0sic a seguir en l\u2019acompanyament per a la formaci\u00f3 de l\u2019estudiant en pr\u00e0ctiques.\u00a0<\/span><\/em><\/p>\n<p><em><span style=\"font-weight: 400;\">En aquest sentit i des del rol del tutor-mentor, aprofitarem aquest espai per tal d\u2019empoderar al futur docent en la tasca que est\u00e0 realitzant, evidenciant els aspectes positius derivats de l\u2019acci\u00f3 d\u2019aquesta. Potenciarem el<strong> paper actiu de l\u2019estudiant implicant-lo tant com es pugui en el funcionament del centre;<\/strong> treballant en equip, d\u2019una forma motivada i coordinada i augmentant l\u2019autonomia pedag\u00f2gica i personal.\u00a0 Aquest espai ens obrir\u00e0 les portes a un debat i interacci\u00f3 pedag\u00f2gics, en el si de la comunitat escolar, on la comunicaci\u00f3 i observaci\u00f3 entre iguals crear\u00e0 unes oportunitats immillorables d\u2019aprenentatge.\u00a0<\/span><\/em><\/p>\n<hr \/>\n<p>Sala 3<strong>: Millora cont\u00ednua i transformaci\u00f3 educativa del centre formador<\/strong><\/p>\n<p><a href=\"https:\/\/projectes.xtec.cat\/centresformadors\/wp-content\/uploads\/usu1341\/2023\/07\/Millora-continua.jpg\"><img loading=\"lazy\" decoding=\"async\" class=\"wp-image-11058 aligncenter\" src=\"https:\/\/projectes.xtec.cat\/centresformadors\/wp-content\/uploads\/usu1341\/2023\/07\/Millora-continua.jpg\" alt=\"\" width=\"91\" height=\"143\" \/><\/a><\/p>\n<p><span style=\"font-weight: 400;\"><strong>Contextualitzaci\u00f3 de l\u2019\u00e0mbit<\/strong><\/span><\/p>\n<p><em><span style=\"font-weight: 400;\">Diferents estudis sobre qualitat i did\u00e0ctica en educaci\u00f3 mostren emp\u00edricament la incid\u00e8ncia de la formaci\u00f3 permanent i el desenvolupament personal i professional del professorat en els processos d\u2019ensenyament-aprenentatge i en la transformaci\u00f3 i millora educatives. \u00c9s per aix\u00f2 que \u00e9s important considerar el <strong>proc\u00e9s d\u2019aprendre a ensenyar com un dels elements de m\u00e0xima atenci\u00f3 per generar canvis substancials i generalitzats a les aules.<\/strong><\/span><\/em><\/p>\n<p><em><span style=\"font-weight: 400;\">L\u2019inter\u00e8s per <strong>generar estrat\u00e8gies de professionalitzaci\u00f3 de la doc\u00e8ncia<\/strong> ha perm\u00e8s crear un marc per a l\u2019avaluaci\u00f3 i el disseny de programes de formaci\u00f3 dins del context real de l\u2019aula. Superar les in\u00e8rcies dels m\u00e8todes culturals i tradicionals de transmissi\u00f3 de coneixements i de l\u2019ensenyament centrat en el docent ha posat sobre la taula l\u2019aprenentatge i l\u2019autoregulaci\u00f3 d\u2019aquest com a eixos centrals del canvi metodol\u00f2gic. Tan important \u00e9s el que el professorat sap i fa com el que l&#8217;alumnat apr\u00e8n i com ho apr\u00e8n.\u00a0<\/span><\/em><\/p>\n<p><a href=\"https:\/\/projectes.xtec.cat\/centresformadors\/wp-content\/uploads\/usu1341\/2021\/07\/Centre-formador-2-e1668093329303.jpg\"><img loading=\"lazy\" decoding=\"async\" class=\" wp-image-10064 aligncenter\" src=\"https:\/\/projectes.xtec.cat\/centresformadors\/wp-content\/uploads\/usu1341\/2021\/07\/Centre-formador-2-498x1024.jpg\" alt=\"\" width=\"442\" height=\"909\" \/><\/a><\/p>\n","protected":false},"excerpt":{"rendered":"<p><a href=\"https:\/\/projectes.xtec.cat\/centresformadors\/wp-content\/uploads\/usu1341\/2020\/09\/Captura-1.png\"> \u00a0<\/a><a href=\"https:\/\/sites.google.com\/xtec.cat\/ia-jornada-virtual-de-centres-\/p%C3%A0gina-principal\" target=\"_blank\" rel=\"noopener noreferrer\"><\/a>I JORNADA VIRTUAL de Centres Formadors de pr\u00e0ctiques del PINN MUFPS<br \/>\n&#8220;La formaci\u00f3 inicial en temps d&#8217;incertesa. El repte dels centres formadors&#8221;<br \/>\nDia: Dimecres 7 d&#8217;octubre de 2020<br \/>\nHora: de 16 a 19h en Modalitat Virtual<br \/>\nLloc: Xarxa -Internet<br \/>\nClicant en aquesta imatge trobareu&hellip;  <a href=\"https:\/\/projectes.xtec.cat\/centresformadors\/comunitat-cf\/ii-jornada-de-centres-formadors\/\" title=\"Read I Jornada VIRTUAL de pr\u00e0ctiques PINN MUFPS\">Llegeix m\u00e9s\u00bb<\/a><\/p>\n","protected":false},"author":6,"featured_media":0,"parent":8411,"menu_order":2,"comment_status":"closed","ping_status":"closed","template":"","meta":{"_bbp_topic_count":0,"_bbp_reply_count":0,"_bbp_total_topic_count":0,"_bbp_total_reply_count":0,"_bbp_voice_count":0,"_bbp_anonymous_reply_count":0,"_bbp_topic_count_hidden":0,"_bbp_reply_count_hidden":0,"_bbp_forum_subforum_count":0,"footnotes":""},"class_list":["post-8762","page","type-page","status-publish","hentry"],"post_mailing_queue_ids":[],"_links":{"self":[{"href":"https:\/\/projectes.xtec.cat\/centresformadors\/wp-json\/wp\/v2\/pages\/8762","targetHints":{"allow":["GET"]}}],"collection":[{"href":"https:\/\/projectes.xtec.cat\/centresformadors\/wp-json\/wp\/v2\/pages"}],"about":[{"href":"https:\/\/projectes.xtec.cat\/centresformadors\/wp-json\/wp\/v2\/types\/page"}],"author":[{"embeddable":true,"href":"https:\/\/projectes.xtec.cat\/centresformadors\/wp-json\/wp\/v2\/users\/6"}],"replies":[{"embeddable":true,"href":"https:\/\/projectes.xtec.cat\/centresformadors\/wp-json\/wp\/v2\/comments?post=8762"}],"version-history":[{"count":7,"href":"https:\/\/projectes.xtec.cat\/centresformadors\/wp-json\/wp\/v2\/pages\/8762\/revisions"}],"predecessor-version":[{"id":11096,"href":"https:\/\/projectes.xtec.cat\/centresformadors\/wp-json\/wp\/v2\/pages\/8762\/revisions\/11096"}],"up":[{"embeddable":true,"href":"https:\/\/projectes.xtec.cat\/centresformadors\/wp-json\/wp\/v2\/pages\/8411"}],"wp:attachment":[{"href":"https:\/\/projectes.xtec.cat\/centresformadors\/wp-json\/wp\/v2\/media?parent=8762"}],"curies":[{"name":"wp","href":"https:\/\/api.w.org\/{rel}","templated":true}]}}