{"id":8813,"date":"2020-03-18T10:05:11","date_gmt":"2020-03-18T09:05:11","guid":{"rendered":"https:\/\/projectes.xtec.cat\/centresformadors\/?page_id=8813"},"modified":"2021-04-25T21:24:18","modified_gmt":"2021-04-25T19:24:18","slug":"formacio-pels-mentors-com-impulsors","status":"publish","type":"page","link":"https:\/\/projectes.xtec.cat\/centresformadors\/formacio-pels-mentors-com-impulsors\/","title":{"rendered":"L&#8217;equip impulsor transfer\u00e8ncia del model d&#8217;acompanyament"},"content":{"rendered":"<p><span style=\"font-weight: 400;\"><a href=\"https:\/\/projectes.xtec.cat\/centresformadors\/wp-content\/uploads\/usu1341\/2021\/04\/Itinerari-Formatiu_nivell-2.1a.png\"><img loading=\"lazy\" decoding=\"async\" class=\" wp-image-9791 alignleft\" src=\"https:\/\/projectes.xtec.cat\/centresformadors\/wp-content\/uploads\/usu1341\/2021\/04\/Itinerari-Formatiu_nivell-2.1a.png\" alt=\"\" width=\"173\" height=\"228\" \/><\/a><\/span><\/p>\n<p>&nbsp;<\/p>\n<p><span style=\"font-weight: 400;\">Les persones mentores que acompanyen el proc\u00e9s d\u2019aprenentatge de futurs docents\u00a0 en el per\u00edode del pr\u00e0cticum s\u00f3n referents principals com a model d\u00b4actuaci\u00f3 a l\u2019aula, de connexi\u00f3 amb la pr\u00e0ctica educativa, i alhora, per la seva capacitat d\u2019analitzar les situacions d\u2019aprenentatge exercint una autocr\u00edtica orientada a la millora. Aix\u00ed mateix, \u00e9s e<\/span><span style=\"font-weight: 400;\">l centre formador en la seva globalitat que en el marc del seu projecte educatiu incorpora el desenvolupament professional dels futurs docents en el propi context.<\/span><\/p>\n<p><span style=\"font-weight: 400;\">En aquest sentit, \u00e9s el centre formador que manifesta la seva voluntat per contribuir a la professionalitzaci\u00f3 de la doc\u00e8ncia des de l\u2019experi\u00e8ncia, en una reflexi\u00f3 dirigida a la millora i la innovaci\u00f3 i considera la formaci\u00f3 com un element clau de millora. <\/span><\/p>\n<p><span style=\"font-weight: 400;\">Aquest canvi de paradigma en la professionalitzaci\u00f3 de futurs docents en el per\u00edodo de pr\u00e0ctiques fa necessari no nom\u00e9s la capacitaci\u00f3 de les persones mentores en estrat\u00e8gies d\u2019acompanyament constructiu sin\u00f3 tamb\u00e9 que el centre formador estableixi un pla de treball conjunt, compartit per tots els membres del claustre \u2013amb tasca espec\u00edfica de mentoria o no\u2013 per guiar i acompanyar els estudiants en pr\u00e0ctiques de manera efica\u00e7 i constructiva i, sobretot, seguint una l\u00ednea pedag\u00f2gica comuna per a l\u2019acompanyament.\u00a0<\/span><\/p>\n<p><span style=\"font-weight: 400;\">Per assolir aquest repte, les estrat\u00e8gies treballades aix\u00ed com la reflexi\u00f3 duta a terme al voltant de l\u2019acompanyament constructiu en el primer nivell de formaci\u00f3 poden esdevenir una eina per als membres del claustre i el guiatge per part del centre formador.\u00a0<\/span><\/p>\n<p><span style=\"font-weight: 400;\">Transferir, per\u00f2, els aprenentatges realitzats en el primer nivell de formaci\u00f3 al centre formador no \u00e9s una tasca mec\u00e0nica ni senzilla perqu\u00e8 t\u00e9 a veure amb la concepci\u00f3 pedag\u00f2gica que el conjunt dels membres del claustre tingui sobre el que \u00e9s i implica acompanyar\u00a0 estudiants de pr\u00e0ctiques: Tots els membres del claustre comparteixen una mateixa visi\u00f3 de la tasca d\u2019acompanyament i mentoratge? Si no \u00e9s aix\u00ed, com es pot arribar a desenvolupar una mirada compartida que permeti una actuaci\u00f3 coherent i cohesionada envers l\u2019acompanyament deles estudiants de pr\u00e0ctiques?\u00a0<\/span><\/p>\n<p><span style=\"font-weight: 400;\">Aquesta formaci\u00f3 pret\u00e9n donar resposta a aquestes preguntes i capacitar les persones mentores perqu\u00e8 facilitin en el seu centre el debat pedag\u00f2gic al voltant de l\u2019acompanyament d\u2019estudiants de pr\u00e0ctiques i ajudin al centre a construir una l\u00ednia pedag\u00f2gica pr\u00f2pia per a l\u2019acompanyament, a partir del treball conjunt i les bases del model d\u2019acompanyament constructiu treballades en la formaci\u00f3 de primer nivell.\u00a0<\/span><\/p>\n<p><b><a href=\"https:\/\/projectes.xtec.cat\/centresformadors\/wp-content\/uploads\/usu1341\/2021\/04\/Itinerari-Formatiu-nivell2.2a.png\"><img loading=\"lazy\" decoding=\"async\" class=\"wp-image-9789 alignleft\" src=\"https:\/\/projectes.xtec.cat\/centresformadors\/wp-content\/uploads\/usu1341\/2021\/04\/Itinerari-Formatiu-nivell2.2a.png\" alt=\"\" width=\"187\" height=\"187\" \/><\/a><\/b><\/p>\n<p><b>Objectiu\u00a0<\/b><\/p>\n<p><span style=\"font-weight: 400;\">Capacitar les persones mentores perqu\u00e8 ajudin el propi centre a esdevenir un centre formador de refer\u00e8ncia, tot dotant-los d\u2019estrat\u00e8gies per a una transfer\u00e8ncia significativa del model d\u2019acompanyament constructiu treballat.<\/span><\/p>\n<p>&nbsp;<\/p>\n<p>&nbsp;<\/p>\n<p><span style=\"font-weight: 400;\">Aquest objectiu global implica:<\/span><\/p>\n<ul style=\"list-style-type: square;\">\n<li><span style=\"font-weight: 400;\">Definir conjuntament l\u2019especificitat de la\u00a0 funci\u00f3 de la persona mentora en el rol d\u2019impulsor\/a d\u2019un debat pedag\u00f2gic en el s\u00ed del centre al voltant de l\u2019acompanyament d\u2019estudiants de pr\u00e0ctiques.<\/span><\/li>\n<li>Identificar les capacitats i funcions de les persones que impulsen i dinamitzen transfer\u00e8ncia d\u2019aprenentatges.<\/li>\n<li>Identificar i saber aplicar estrat\u00e8gies de construcci\u00f3 conjunta i guiada de coneixement.<\/li>\n<li>Identificar i saber aplicar estrat\u00e8gies dial\u00f2giques per facilitar la transfer\u00e8ncia.<\/li>\n<\/ul>\n<p><b>Continguts<\/b><\/p>\n<ul>\n<li style=\"font-weight: 400;\" aria-level=\"1\"><span style=\"font-weight: 400;\">Eines per facilitar debats pedag\u00f2gics constructius al voltant de l\u2019acompanyament d\u2019estudiants de pr\u00e0ctiques.\u00a0<\/span><\/li>\n<li style=\"font-weight: 400;\" aria-level=\"1\"><span style=\"font-weight: 400;\">Eines per facilitar la construcci\u00f3 conjunta de coneixement fonamentat sobre l\u2019acompanyament.<\/span><\/li>\n<li style=\"font-weight: 400;\" aria-level=\"1\"><span style=\"font-weight: 400;\">Eines de construcci\u00f3 guiada de coneixement.<\/span><\/li>\n<li style=\"font-weight: 400;\" aria-level=\"1\"><span style=\"font-weight: 400;\">Eines de dinamitzaci\u00f3 interna d\u2019equips docents per a la transformaci\u00f3.<\/span><\/li>\n<\/ul>\n<p>&nbsp;<\/p>\n","protected":false},"excerpt":{"rendered":"<p><a href=\"https:\/\/projectes.xtec.cat\/centresformadors\/wp-content\/uploads\/usu1341\/2021\/04\/Itinerari-Formatiu_nivell-2.1a.png\"><\/a><br \/>\n&nbsp;<br \/>\nLes persones mentores que acompanyen el proc\u00e9s d\u2019aprenentatge de futurs docents\u00a0 en el per\u00edode del pr\u00e0cticum s\u00f3n referents principals com a model d\u00b4actuaci\u00f3 a l\u2019aula, de connexi\u00f3 amb la pr\u00e0ctica educativa, i alhora, per la seva capacitat d\u2019analitzar les situacions d\u2019aprenentatge exercint una autocr\u00edtica&hellip;  <a href=\"https:\/\/projectes.xtec.cat\/centresformadors\/formacio-pels-mentors-com-impulsors\/\" title=\"Read L&#8217;equip impulsor transfer\u00e8ncia del model d&#8217;acompanyament\">Llegeix m\u00e9s\u00bb<\/a><\/p>\n","protected":false},"author":6,"featured_media":0,"parent":0,"menu_order":0,"comment_status":"closed","ping_status":"closed","template":"","meta":{"_bbp_topic_count":0,"_bbp_reply_count":0,"_bbp_total_topic_count":0,"_bbp_total_reply_count":0,"_bbp_voice_count":0,"_bbp_anonymous_reply_count":0,"_bbp_topic_count_hidden":0,"_bbp_reply_count_hidden":0,"_bbp_forum_subforum_count":0,"footnotes":""},"class_list":["post-8813","page","type-page","status-publish","hentry"],"post_mailing_queue_ids":[],"_links":{"self":[{"href":"https:\/\/projectes.xtec.cat\/centresformadors\/wp-json\/wp\/v2\/pages\/8813","targetHints":{"allow":["GET"]}}],"collection":[{"href":"https:\/\/projectes.xtec.cat\/centresformadors\/wp-json\/wp\/v2\/pages"}],"about":[{"href":"https:\/\/projectes.xtec.cat\/centresformadors\/wp-json\/wp\/v2\/types\/page"}],"author":[{"embeddable":true,"href":"https:\/\/projectes.xtec.cat\/centresformadors\/wp-json\/wp\/v2\/users\/6"}],"replies":[{"embeddable":true,"href":"https:\/\/projectes.xtec.cat\/centresformadors\/wp-json\/wp\/v2\/comments?post=8813"}],"version-history":[{"count":4,"href":"https:\/\/projectes.xtec.cat\/centresformadors\/wp-json\/wp\/v2\/pages\/8813\/revisions"}],"predecessor-version":[{"id":9800,"href":"https:\/\/projectes.xtec.cat\/centresformadors\/wp-json\/wp\/v2\/pages\/8813\/revisions\/9800"}],"wp:attachment":[{"href":"https:\/\/projectes.xtec.cat\/centresformadors\/wp-json\/wp\/v2\/media?parent=8813"}],"curies":[{"name":"wp","href":"https:\/\/api.w.org\/{rel}","templated":true}]}}