{"id":9116,"date":"2020-12-01T13:12:24","date_gmt":"2020-12-01T12:12:24","guid":{"rendered":"https:\/\/projectes.xtec.cat\/centresformadors\/?page_id=9116"},"modified":"2021-04-16T21:08:36","modified_gmt":"2021-04-16T19:08:36","slug":"objectius-del-programa-2","status":"publish","type":"page","link":"https:\/\/projectes.xtec.cat\/centresformadors\/justificacio-del-programa\/objectius-del-programa-2\/","title":{"rendered":"Finalitat i objectius del programa"},"content":{"rendered":"<p>El document <u><a href=\"https:\/\/documents.espai.educacio.gencat.cat\/PC\/GestioAcademica\/Practiques_universitaries.pdf\" target=\"_blank\" rel=\"noopener noreferrer\">Pr\u00e0ctiques universit\u00e0ries en centres educatius formadors<\/a><\/u> defineix el nou model de pr\u00e0ctiques que \u00e9s el resultat del treball conjunt entre la Secretaria d\u2019Universitats i Recerca i la Secretaria de Pol\u00edtiques Educatives. Per posar en marxa aquest model, el Departament d\u2019Educaci\u00f3 crea el <a href=\"https:\/\/portaldogc.gencat.cat\/utilsEADOP\/PDF\/7923\/1754917.pdf\" target=\"_blank\" rel=\"noopener noreferrer\">Programa d&#8217;innovaci\u00f3 pedag\u00f2gica de Pr\u00e0ctiques<\/a> del M\u00e0ster Universitari de Formaci\u00f3 del Professorat d&#8217;educaci\u00f3 secund\u00e0ria obligat\u00f2ria i batxillerat, Formaci\u00f3 professional i Ensenyament d&#8217;idiomes (MUFPS) en centres educatius.<\/p>\n<p>Aquest programa t\u00e9 com a objectius<\/p>\n<p><img loading=\"lazy\" decoding=\"async\" class=\"alignleft\" src=\"https:\/\/projectes.xtec.cat\/centresformadors\/wp-content\/uploads\/usu1341\/2019\/12\/obj-prals-CF.png\" width=\"449\" height=\"334\" \/><\/p>\n<p><img loading=\"lazy\" decoding=\"async\" class=\"wp-image-8506 alignleft\" src=\"https:\/\/projectes.xtec.cat\/centresformadors\/wp-content\/uploads\/usu1341\/2019\/12\/diana.png\" alt=\"\" width=\"36\" height=\"36\" \/><span style=\"font-family: inherit; font-size: 1em;\">Assignar valor als centres formadors com a institucions <\/span><span style=\"font-family: inherit; font-size: 1em;\">clau en la formaci\u00f3 inicial de la funci\u00f3 docent.<\/span><\/p>\n<p><a href=\"https:\/\/projectes.xtec.cat\/centresformadors\/acompanyament-2\/\"><img loading=\"lazy\" decoding=\"async\" class=\" wp-image-8505 alignleft\" src=\"https:\/\/projectes.xtec.cat\/centresformadors\/wp-content\/uploads\/usu1341\/2019\/12\/acompanyament.png\" alt=\"\" width=\"45\" height=\"43\" \/><\/a>Professionalitzar i recon\u00e8ixer la tasca d\u2019acompanyament dels mentors de centre i dels tutors de les universitats.<\/p>\n<p><a href=\"https:\/\/projectes.xtec.cat\/centresformadors\/icona3\/\"><img loading=\"lazy\" decoding=\"async\" class=\"alignnone wp-image-8507\" src=\"https:\/\/projectes.xtec.cat\/centresformadors\/wp-content\/uploads\/usu1341\/2019\/12\/icona3.png\" alt=\"\" width=\"44\" height=\"46\" \/><\/a> Incorporar l\u2019estudiant universitari al centre formador com a agent actiu que col\u00b7labora en el desenvolupament del projecte educatiu\u00a0 de centre, alhora qu<span style=\"font-family: inherit; font-size: 1em;\">e es retro<\/span><span style=\"font-family: inherit; font-size: 1em;\">alimenta per millorar el desenvolupament professional i personal.<\/span><\/p>\n<p>Promoure la col\u00b7labo<a href=\"https:\/\/projectes.xtec.cat\/centresformadors\/icona4\/\"><img loading=\"lazy\" decoding=\"async\" class=\"wp-image-8508 alignleft\" src=\"https:\/\/projectes.xtec.cat\/centresformadors\/wp-content\/uploads\/usu1341\/2019\/12\/icona4.png\" alt=\"\" width=\"52\" height=\"47\" \/><\/a>raci\u00f3 en projectes de recerca i de transformaci\u00f3 educativa entre les universitats i els centres formadors.<\/p>\n<p>&nbsp;<\/p>\n<p>El nou model de pr\u00e0ctiques \u00e9s un model de concentraci\u00f3, de treball en equip i de qualitat.<\/p>\n<p>&nbsp;<\/p>\n","protected":false},"excerpt":{"rendered":"<p>El document <a href=\"https:\/\/documents.espai.educacio.gencat.cat\/PC\/GestioAcademica\/Practiques_universitaries.pdf\" target=\"_blank\" rel=\"noopener noreferrer\">Pr\u00e0ctiques universit\u00e0ries en centres educatius formadors<\/a> defineix el nou model de pr\u00e0ctiques que \u00e9s el resultat del treball conjunt entre la Secretaria d\u2019Universitats i Recerca i la Secretaria de Pol\u00edtiques Educatives. Per posar en marxa aquest model, el Departament&hellip;  <a href=\"https:\/\/projectes.xtec.cat\/centresformadors\/justificacio-del-programa\/objectius-del-programa-2\/\" title=\"Read Finalitat i objectius del programa\">Llegeix m\u00e9s\u00bb<\/a><\/p>\n","protected":false},"author":13,"featured_media":0,"parent":8707,"menu_order":10,"comment_status":"closed","ping_status":"closed","template":"page-templates\/side-menu.php","meta":{"_bbp_topic_count":0,"_bbp_reply_count":0,"_bbp_total_topic_count":0,"_bbp_total_reply_count":0,"_bbp_voice_count":0,"_bbp_anonymous_reply_count":0,"_bbp_topic_count_hidden":0,"_bbp_reply_count_hidden":0,"_bbp_forum_subforum_count":0,"footnotes":""},"class_list":["post-9116","page","type-page","status-publish","hentry"],"post_mailing_queue_ids":[],"_links":{"self":[{"href":"https:\/\/projectes.xtec.cat\/centresformadors\/wp-json\/wp\/v2\/pages\/9116","targetHints":{"allow":["GET"]}}],"collection":[{"href":"https:\/\/projectes.xtec.cat\/centresformadors\/wp-json\/wp\/v2\/pages"}],"about":[{"href":"https:\/\/projectes.xtec.cat\/centresformadors\/wp-json\/wp\/v2\/types\/page"}],"author":[{"embeddable":true,"href":"https:\/\/projectes.xtec.cat\/centresformadors\/wp-json\/wp\/v2\/users\/13"}],"replies":[{"embeddable":true,"href":"https:\/\/projectes.xtec.cat\/centresformadors\/wp-json\/wp\/v2\/comments?post=9116"}],"version-history":[{"count":3,"href":"https:\/\/projectes.xtec.cat\/centresformadors\/wp-json\/wp\/v2\/pages\/9116\/revisions"}],"predecessor-version":[{"id":9717,"href":"https:\/\/projectes.xtec.cat\/centresformadors\/wp-json\/wp\/v2\/pages\/9116\/revisions\/9717"}],"up":[{"embeddable":true,"href":"https:\/\/projectes.xtec.cat\/centresformadors\/wp-json\/wp\/v2\/pages\/8707"}],"wp:attachment":[{"href":"https:\/\/projectes.xtec.cat\/centresformadors\/wp-json\/wp\/v2\/media?parent=9116"}],"curies":[{"name":"wp","href":"https:\/\/api.w.org\/{rel}","templated":true}]}}