{"id":9152,"date":"2020-12-01T16:31:29","date_gmt":"2020-12-01T15:31:29","guid":{"rendered":"https:\/\/projectes.xtec.cat\/centresformadors\/?page_id=9152"},"modified":"2024-04-05T13:39:46","modified_gmt":"2024-04-05T11:39:46","slug":"linies-de-treball","status":"publish","type":"page","link":"https:\/\/projectes.xtec.cat\/centresformadors\/comissio-pedagogica\/linies-de-treball\/","title":{"rendered":"L\u00ednies de treball"},"content":{"rendered":"<p>Les l\u00ednies de treball en qu\u00e8 s&#8217;emmarquen les actuacions de la Comissi\u00f3 Pedag\u00f2gica d&#8217;aquest curs tenen com a objectiu:<\/p>\n<p><a href=\"https:\/\/projectes.xtec.cat\/centresformadors\/wp-content\/uploads\/usu1341\/2021\/07\/Centre-formador-3.jpg\"><img loading=\"lazy\" decoding=\"async\" class=\"alignright wp-image-10065\" src=\"https:\/\/projectes.xtec.cat\/centresformadors\/wp-content\/uploads\/usu1341\/2021\/07\/Centre-formador-3.jpg\" alt=\"\" width=\"539\" height=\"230\" srcset=\"https:\/\/projectes.xtec.cat\/centresformadors\/wp-content\/uploads\/usu1341\/2021\/07\/Centre-formador-3.jpg 666w, https:\/\/projectes.xtec.cat\/centresformadors\/wp-content\/uploads\/usu1341\/2021\/07\/Centre-formador-3-300x128.jpg 300w\" sizes=\"auto, (max-width: 539px) 100vw, 539px\" \/><\/a><\/p>\n<ol>\n<li><strong>Aprofundir en els \u00e0mbits de treball de la Comissi\u00f3<\/strong>:<\/li>\n<\/ol>\n<p>&#8211; La identitat del centre formador.<\/p>\n<p>&#8211; La professionalitzaci\u00f3 de la coordinaci\u00f3 i mentoria de centre i de la tutoria d&#8217;universitat.<\/p>\n<p>&#8211; La col\u00b7laboraci\u00f3, coresponsabilitat i enriquiment entre centres formadors i universitats.<\/p>\n<p><strong>2. Acompanyar el desenvolupament del nou model de pr\u00e0ctiques<\/strong>.<\/p>\n<p><span style=\"font-family: inherit; font-size: 1em;\">En aquestes presentacions trobare<\/span><span style=\"font-family: inherit; font-size: 1em;\">u les l\u00ednies estrat\u00e8giques per al desenvolupament del nou <\/span><span style=\"font-family: inherit; font-size: 1em;\">model de practiques, la s<\/span><span style=\"font-family: inherit; font-size: 1em;\">\u00ed<\/span><span style=\"font-family: inherit; font-size: 1em;\">ntesi de les dades del pr\u00e0cticum dels <\/span><span style=\"font-family: inherit; font-size: 1em;\">diferents <\/span><span style=\"font-family: inherit; font-size: 1em;\">estudis <\/span><span style=\"font-family: inherit; font-size: 1em;\">i les propostes per avan\u00e7ar en aquest model de pr\u00e0ctiques.<\/span><\/p>\n<p><a href=\"https:\/\/projectes.xtec.cat\/centresformadors\/wp-content\/uploads\/usu1341\/2024\/04\/20231018-Reunio-Comissio-pedagogica_vd.pdf\" target=\"_blank\" rel=\"noopener\"><img loading=\"lazy\" decoding=\"async\" class=\"alignnone wp-image-11370\" src=\"https:\/\/projectes.xtec.cat\/centresformadors\/wp-content\/uploads\/usu1341\/2024\/04\/Octubre-2023-1024x569.png\" alt=\"\" width=\"471\" height=\"262\" srcset=\"https:\/\/projectes.xtec.cat\/centresformadors\/wp-content\/uploads\/usu1341\/2024\/04\/Octubre-2023-1024x569.png 1024w, https:\/\/projectes.xtec.cat\/centresformadors\/wp-content\/uploads\/usu1341\/2024\/04\/Octubre-2023-300x167.png 300w, https:\/\/projectes.xtec.cat\/centresformadors\/wp-content\/uploads\/usu1341\/2024\/04\/Octubre-2023-768x427.png 768w, https:\/\/projectes.xtec.cat\/centresformadors\/wp-content\/uploads\/usu1341\/2024\/04\/Octubre-2023.png 1412w\" sizes=\"auto, (max-width: 471px) 100vw, 471px\" \/><\/a><\/p>\n<p><a href=\"https:\/\/projectes.xtec.cat\/centresformadors\/wp-content\/uploads\/usu1341\/2023\/01\/20221214-Reunio-Comissio-pedagogica-vdef.pdf\" target=\"_blank\" rel=\"noopener\"><img loading=\"lazy\" decoding=\"async\" class=\"wp-image-10765 aligncenter\" src=\"https:\/\/projectes.xtec.cat\/centresformadors\/wp-content\/uploads\/usu1341\/2023\/01\/Portada-1024x576.jpg\" alt=\"\" width=\"474\" height=\"266\" srcset=\"https:\/\/projectes.xtec.cat\/centresformadors\/wp-content\/uploads\/usu1341\/2023\/01\/Portada-1024x576.jpg 1024w, https:\/\/projectes.xtec.cat\/centresformadors\/wp-content\/uploads\/usu1341\/2023\/01\/Portada-300x169.jpg 300w, https:\/\/projectes.xtec.cat\/centresformadors\/wp-content\/uploads\/usu1341\/2023\/01\/Portada-768x432.jpg 768w, https:\/\/projectes.xtec.cat\/centresformadors\/wp-content\/uploads\/usu1341\/2023\/01\/Portada.jpg 1416w\" sizes=\"auto, (max-width: 474px) 100vw, 474px\" \/><\/a><\/p>\n<p><img loading=\"lazy\" decoding=\"async\" class=\"wp-image-10763 alignright\" style=\"border: none; color: #2795b6;\" src=\"https:\/\/projectes.xtec.cat\/centresformadors\/wp-content\/uploads\/usu1341\/2023\/01\/1a-reunio-Comissio-pedagogica-curs-21-22.emf_-1024x578.png\" alt=\"\" width=\"475\" height=\"268\" srcset=\"https:\/\/projectes.xtec.cat\/centresformadors\/wp-content\/uploads\/usu1341\/2023\/01\/1a-reunio-Comissio-pedagogica-curs-21-22.emf_-1024x578.png 1024w, https:\/\/projectes.xtec.cat\/centresformadors\/wp-content\/uploads\/usu1341\/2023\/01\/1a-reunio-Comissio-pedagogica-curs-21-22.emf_-300x169.png 300w, https:\/\/projectes.xtec.cat\/centresformadors\/wp-content\/uploads\/usu1341\/2023\/01\/1a-reunio-Comissio-pedagogica-curs-21-22.emf_-768x433.png 768w, https:\/\/projectes.xtec.cat\/centresformadors\/wp-content\/uploads\/usu1341\/2023\/01\/1a-reunio-Comissio-pedagogica-curs-21-22.emf_.png 1416w\" sizes=\"auto, (max-width: 475px) 100vw, 475px\" \/><\/p>\n<p>&nbsp;<\/p>\n<p>&nbsp;<\/p>\n<p>&nbsp;<\/p>\n<p>&nbsp;<\/p>\n<p>&nbsp;<\/p>\n<p>&nbsp;<\/p>\n<p>&nbsp;<\/p>\n<p><a href=\"https:\/\/projectes.xtec.cat\/centresformadors\/wp-content\/uploads\/usu1341\/2021\/01\/L%C3%ADnies-estrat%C3%A8giques-per-al-desenvolupament.pdf\" target=\"_blank\" rel=\"noopener noreferrer\"><img loading=\"lazy\" decoding=\"async\" class=\"alignleft wp-image-9156\" src=\"https:\/\/projectes.xtec.cat\/centresformadors\/wp-content\/uploads\/usu1341\/2020\/12\/captur.jpg\" alt=\"\" width=\"485\" height=\"270\" srcset=\"https:\/\/projectes.xtec.cat\/centresformadors\/wp-content\/uploads\/usu1341\/2020\/12\/captur.jpg 950w, https:\/\/projectes.xtec.cat\/centresformadors\/wp-content\/uploads\/usu1341\/2020\/12\/captur-300x167.jpg 300w, https:\/\/projectes.xtec.cat\/centresformadors\/wp-content\/uploads\/usu1341\/2020\/12\/captur-768x428.jpg 768w\" sizes=\"auto, (max-width: 485px) 100vw, 485px\" \/><\/a><\/p>\n<p><a href=\"https:\/\/projectes.xtec.cat\/centresformadors\/wp-content\/uploads\/usu1341\/2021\/07\/20210712-Presentaci\u00f3-CP_vd-2.pdf\" target=\"_blank\" rel=\"noopener noreferrer\"><img loading=\"lazy\" decoding=\"async\" class=\"wp-image-10013 alignleft\" src=\"https:\/\/projectes.xtec.cat\/centresformadors\/wp-content\/uploads\/usu1341\/2021\/07\/Captura-de-pantalla-2021-07-14-a-las-12.11.45.png\" alt=\"\" width=\"466\" height=\"255\" srcset=\"https:\/\/projectes.xtec.cat\/centresformadors\/wp-content\/uploads\/usu1341\/2021\/07\/Captura-de-pantalla-2021-07-14-a-las-12.11.45.png 955w, https:\/\/projectes.xtec.cat\/centresformadors\/wp-content\/uploads\/usu1341\/2021\/07\/Captura-de-pantalla-2021-07-14-a-las-12.11.45-300x164.png 300w, https:\/\/projectes.xtec.cat\/centresformadors\/wp-content\/uploads\/usu1341\/2021\/07\/Captura-de-pantalla-2021-07-14-a-las-12.11.45-768x421.png 768w\" sizes=\"auto, (max-width: 466px) 100vw, 466px\" \/><\/a><\/p>\n<p>&nbsp;<\/p>\n<hr \/>\n<p>&nbsp;<\/p>\n<p>D&#8217;altra banda, i a continuaci\u00f3 es mostra el resultat del treball dels diferents equips multidisciplinaris de la Comissi\u00f3 Pedag\u00f2gica de pr\u00e0ctiques. Aquests equips comparteixen com a finalitat fonamentar una base s\u00f2lida i amb evid\u00e8ncia cient\u00edfica per garantir el treball en equip, la qualitat i la professionalitzaci\u00f3 de la formaci\u00f3 inicial dels futurs docents. Cada equip de la Comissi\u00f3 Pedag\u00f2gica es constitueix com una comunitat professional que reflexiona i construeix nou coneixement.<\/p>\n<ul style=\"list-style-type: circle;\">\n<li>Curs 2020-2021<\/li>\n<\/ul>\n<p><a href=\"https:\/\/projectes.xtec.cat\/centresformadors\/wp-content\/uploads\/usu1341\/2021\/03\/Eina-dautoavaluacio\u0301.pdf\" target=\"_blank\" rel=\"noopener noreferrer\"><img loading=\"lazy\" decoding=\"async\" class=\"alignleft wp-image-9594\" src=\"https:\/\/projectes.xtec.cat\/centresformadors\/wp-content\/uploads\/usu1341\/2021\/03\/eina-dautoavaluaci\u00f3-din\u00e0mica.png\" alt=\"\" width=\"299\" height=\"213\" srcset=\"https:\/\/projectes.xtec.cat\/centresformadors\/wp-content\/uploads\/usu1341\/2021\/03\/eina-dautoavaluaci\u00f3-din\u00e0mica.png 836w, https:\/\/projectes.xtec.cat\/centresformadors\/wp-content\/uploads\/usu1341\/2021\/03\/eina-dautoavaluaci\u00f3-din\u00e0mica-300x214.png 300w, https:\/\/projectes.xtec.cat\/centresformadors\/wp-content\/uploads\/usu1341\/2021\/03\/eina-dautoavaluaci\u00f3-din\u00e0mica-768x548.png 768w\" sizes=\"auto, (max-width: 299px) 100vw, 299px\" \/><\/a><a href=\"https:\/\/projectes.xtec.cat\/centresformadors\/wp-content\/uploads\/usu1341\/2021\/03\/Orientacions.pdf\" target=\"_blank\" rel=\"noopener noreferrer\"><img loading=\"lazy\" decoding=\"async\" class=\"alignleft wp-image-9556\" src=\"https:\/\/projectes.xtec.cat\/centresformadors\/wp-content\/uploads\/usu1341\/2021\/03\/Orientacions.png\" alt=\"\" width=\"303\" height=\"213\" srcset=\"https:\/\/projectes.xtec.cat\/centresformadors\/wp-content\/uploads\/usu1341\/2021\/03\/Orientacions.png 852w, https:\/\/projectes.xtec.cat\/centresformadors\/wp-content\/uploads\/usu1341\/2021\/03\/Orientacions-300x211.png 300w, https:\/\/projectes.xtec.cat\/centresformadors\/wp-content\/uploads\/usu1341\/2021\/03\/Orientacions-768x541.png 768w\" sizes=\"auto, (max-width: 303px) 100vw, 303px\" \/><\/a><\/p>\n<p><img loading=\"lazy\" decoding=\"async\" class=\"wp-image-9611 alignleft\" src=\"https:\/\/projectes.xtec.cat\/centresformadors\/wp-content\/uploads\/usu1341\/2021\/03\/El-centre-formador.png\" alt=\"\" width=\"298\" height=\"212\" srcset=\"https:\/\/projectes.xtec.cat\/centresformadors\/wp-content\/uploads\/usu1341\/2021\/03\/El-centre-formador.png 840w, https:\/\/projectes.xtec.cat\/centresformadors\/wp-content\/uploads\/usu1341\/2021\/03\/El-centre-formador-300x214.png 300w, https:\/\/projectes.xtec.cat\/centresformadors\/wp-content\/uploads\/usu1341\/2021\/03\/El-centre-formador-768x547.png 768w\" sizes=\"auto, (max-width: 298px) 100vw, 298px\" \/><\/p>\n<p>&nbsp;<\/p>\n<p>&nbsp;<\/p>\n<p>&nbsp;<\/p>\n<p>&nbsp;<\/p>\n<p>&nbsp;<\/p>\n<p>&nbsp;<\/p>\n<ul style=\"list-style-type: circle;\">\n<li>Curs 2021-2022 i curs 2022- 2023<\/li>\n<\/ul>\n<h4>Identificaci\u00f3 i reconeixement de <a href=\"https:\/\/projectes.xtec.cat\/centresformadors\/wp-content\/uploads\/usu1341\/2021\/12\/Identificacio-i-reconeixement-de-practiques-de-referencia.pdf\" target=\"_blank\" rel=\"noopener\">pr\u00e0ctiques de refer\u00e8ncia<\/a><\/h4>\n<p>Els objectius d&#8217;aquest equip de treball s\u00f3n:<\/p>\n<ul>\n<li style=\"font-weight: 400;\" aria-level=\"1\"><span style=\"font-weight: 400;\">Establir un nivell de concreci\u00f3 \u201cmicro\u201d del <\/span><b>nivell de refer\u00e8ncia<\/b><span style=\"font-weight: 400;\"> de cada dimensi\u00f3 de l&#8217;<a href=\"https:\/\/projectes.xtec.cat\/centresformadors\/documents\/eina-dautoavaluacio-dinamica-de-centres-formadors\/\" target=\"_blank\" rel=\"noopener\">eina<\/a> d&#8217;autoavaluaci\u00f3 din\u00e0mica de centres formadors.<\/span><\/li>\n<li style=\"font-weight: 400;\" aria-level=\"1\"><span style=\"font-weight: 400;\">Identificar i recon\u00e8ixer bones pr\u00e0ctiques en centres de Prim\u00e0ria i Secund\u00e0ria.<\/span>\n<ul>\n<li style=\"font-weight: 400;\" aria-level=\"2\"><span style=\"font-weight: 400;\">Q\u00fcestionari per identificar centres i bones pr\u00e0ctiques<\/span><\/li>\n<li style=\"font-weight: 400;\" aria-level=\"2\"><span style=\"font-weight: 400;\">Jornada per mostrar bones pr\u00e0ctiques \/ curs 2021-22<\/span><\/li>\n<li style=\"font-weight: 400;\" aria-level=\"2\"><span style=\"font-weight: 400;\">C\u00e0psules de bones pr\u00e0ctiques (com a banc de recursos) \/ curs 2021-22<\/span><\/li>\n<\/ul>\n<\/li>\n<\/ul>\n<h4><a href=\"https:\/\/projectes.xtec.cat\/centresformadors\/wp-content\/uploads\/usu1341\/2021\/12\/Identificacio-i-reconeixement-de-practiques-de-referencia.pdf\" target=\"_blank\" rel=\"noopener\"><img loading=\"lazy\" decoding=\"async\" class=\"alignleft wp-image-10293\" src=\"https:\/\/projectes.xtec.cat\/centresformadors\/wp-content\/uploads\/usu1341\/2021\/12\/Identificacio-i-reconeixement-de-practiques-de-referencia-1024x904.png\" alt=\"\" width=\"417\" height=\"369\" srcset=\"https:\/\/projectes.xtec.cat\/centresformadors\/wp-content\/uploads\/usu1341\/2021\/12\/Identificacio-i-reconeixement-de-practiques-de-referencia-1024x904.png 1024w, https:\/\/projectes.xtec.cat\/centresformadors\/wp-content\/uploads\/usu1341\/2021\/12\/Identificacio-i-reconeixement-de-practiques-de-referencia-300x265.png 300w, https:\/\/projectes.xtec.cat\/centresformadors\/wp-content\/uploads\/usu1341\/2021\/12\/Identificacio-i-reconeixement-de-practiques-de-referencia-768x678.png 768w, https:\/\/projectes.xtec.cat\/centresformadors\/wp-content\/uploads\/usu1341\/2021\/12\/Identificacio-i-reconeixement-de-practiques-de-referencia.png 1219w\" sizes=\"auto, (max-width: 417px) 100vw, 417px\" \/><\/a><\/h4>\n<h4><\/h4>\n<h4><\/h4>\n<p>&nbsp;<\/p>\n<p>&nbsp;<\/p>\n<p>&nbsp;<\/p>\n<p>&nbsp;<\/p>\n<p>&nbsp;<\/p>\n<p>&nbsp;<\/p>\n<p>&nbsp;<\/p>\n<hr \/>\n<h4>L&#8217;estudiant agent actiu en la formaci\u00f3<\/h4>\n<p>Incorporar l\u2019estudiant universitari al centre formador, com a <a href=\"https:\/\/projectes.xtec.cat\/centresformadors\/wp-content\/uploads\/usu1341\/2021\/12\/Lestudiant-com-a-agent-actiu.pdf\" target=\"_blank\" rel=\"noopener\">agent actiu<\/a> que col\u00b7labora en el desenvolupament del projecte educatiu de centre, alhora que millora el desenvolupament professional i personal, \u00e9s un dels objectius del nou model de pr\u00e0ctiques. En aquest sentit, per tal que <span style=\"font-weight: 400;\">l\u2019estudiant esdevingui un agent actiu de l\u2019aprenentatge cal que s\u2019involucri en el proc\u00e9s, que conegui les expectatives d\u2019aprenentatge de la funci\u00f3 docent, i tingui autoconeixement. A continuaci\u00f3 es mostren un seguit d&#8217;actuacions que han d&#8217;afavorir aquesta participaci\u00f3.<\/span><\/p>\n<p style=\"text-align: left;\"><a href=\"https:\/\/projectes.xtec.cat\/centresformadors\/wp-content\/uploads\/usu1341\/2021\/12\/Objectiu-1.png\">\r\n\t<div class=\"slideshow_container slideshow_container_style-light\" style=\"height: 300px; \" data-slideshow-id=\"10336\" data-style-name=\"style-light\" data-style-version=\"2.3.1\" >\r\n\r\n\t\t\t\t\t<div class=\"slideshow_loading_icon\"><\/div>\r\n\t\t\r\n\t\t<div class=\"slideshow_content\" style=\"display: none;\">\r\n\r\n\t\t\t<div class=\"slideshow_view\">\r\n\t\t\t\t<div class=\"slideshow_slide slideshow_slide_image\">\r\n\t\t\t\t\t\t\t\t\t\t\t<img src=\"https:\/\/projectes.xtec.cat\/centresformadors\/wp-content\/uploads\/usu1341\/2021\/12\/Objectiu-1.png\" alt=\"Objectiu 1\" width=\"1974\" height=\"989\" \/>\r\n\t\t\t\t\t\t\t\t\t\t<div class=\"slideshow_description_box slideshow_transparent\">\r\n\t\t\t\t\t\t<div class=\"slideshow_title\">Objectiu 1<\/div>\t\t\t\t\t\t\t\t\t\t\t<\/div>\r\n\t\t\t\t<\/div>\r\n\r\n\t\t\t\t\t\t<div style=\"clear: both;\"><\/div><\/div><div class=\"slideshow_view\">\r\n\t\t\t\t<div class=\"slideshow_slide slideshow_slide_image\">\r\n\t\t\t\t\t\t\t\t\t\t\t<img src=\"https:\/\/projectes.xtec.cat\/centresformadors\/wp-content\/uploads\/usu1341\/2021\/12\/Objectiu-2.png\" alt=\"Objectiu 2\" width=\"1786\" height=\"745\" \/>\r\n\t\t\t\t\t\t\t\t\t\t<div class=\"slideshow_description_box slideshow_transparent\">\r\n\t\t\t\t\t\t<div class=\"slideshow_title\">Objectiu 2<\/div>\t\t\t\t\t\t\t\t\t\t\t<\/div>\r\n\t\t\t\t<\/div>\r\n\r\n\t\t\t\t\t\t<div style=\"clear: both;\"><\/div><\/div><div class=\"slideshow_view\">\r\n\t\t\t\t<div class=\"slideshow_slide slideshow_slide_image\">\r\n\t\t\t\t\t\t\t\t\t\t\t<img src=\"https:\/\/projectes.xtec.cat\/centresformadors\/wp-content\/uploads\/usu1341\/2021\/12\/Objectiu-3.png\" alt=\"Objectiu 3\" width=\"1874\" height=\"741\" \/>\r\n\t\t\t\t\t\t\t\t\t\t<div class=\"slideshow_description_box slideshow_transparent\">\r\n\t\t\t\t\t\t<div class=\"slideshow_title\">Objectiu 3<\/div>\t\t\t\t\t\t\t\t\t\t\t<\/div>\r\n\t\t\t\t<\/div>\r\n\r\n\t\t\t\t\t\t<div style=\"clear: both;\"><\/div><\/div>\r\n\t\t<\/div>\r\n\r\n\t\t<div class=\"slideshow_controlPanel slideshow_transparent\" style=\"display: none;\"><ul><li class=\"slideshow_togglePlay\" data-play-text=\"Visualitza\" data-pause-text=\"Pausa\"><\/li><\/ul><\/div>\r\n\r\n\t\t<div class=\"slideshow_button slideshow_previous slideshow_transparent\" role=\"button\" data-previous-text=\"Anterior\" style=\"display: none;\"><\/div>\r\n\t\t<div class=\"slideshow_button slideshow_next slideshow_transparent\" role=\"button\" data-next-text=\"Seg\u00fcent\" style=\"display: none;\"><\/div>\r\n\r\n\t\t<div class=\"slideshow_pagination\" style=\"display: none;\" data-go-to-text=\"V\u00e9s a la diapositiva\"><div class=\"slideshow_pagination_center\"><\/div><\/div>\r\n\r\n\t\t<!-- WordPress Slideshow Version 2.3.1 -->\r\n\r\n\t\t\t<\/div>\r\n\r\n<\/a><\/p>\n<hr \/>\n<h4>Interacci\u00f3 i intercanvi centre formador &#8211; universitat<\/h4>\n<p>Sistematitzar les accions pr\u00f2pies relacionades amb l&#8217;acompanyament dels estudiants entre el centre formador i la universitat \u00e9s clau per garantir un correcte desenvolupament de les pr\u00e0ctiques. En aquest sentit, els objectius d&#8217;aquest equip de treball s\u00f3n:<\/p>\n<p>1.Consensuar un protocol de relacions: els diferents actors implicats han de saber a qui i quan s\u2019han de dirigir. Acc\u00e9s al <a href=\"https:\/\/projectes.xtec.cat\/centresformadors\/wp-content\/uploads\/usu1341\/2021\/12\/Interaccio-i-intercanvi-centre-universitat.pdf\" target=\"_blank\" rel=\"noopener\">protocol<\/a>.<\/p>\n<p>2.Millorar l\u2019intercanvi pedag\u00f2gic entre el centre i la universitat, mitjan\u00e7ant els treballs de final de m\u00e0ster.<\/p>\n<p><a href=\"https:\/\/projectes.xtec.cat\/centresformadors\/wp-content\/uploads\/usu1341\/2021\/12\/Intercanvi-i-interaccio1-1.png\"><img loading=\"lazy\" decoding=\"async\" class=\"wp-image-10352 alignnone\" src=\"https:\/\/projectes.xtec.cat\/centresformadors\/wp-content\/uploads\/usu1341\/2021\/12\/Intercanvi-i-interaccio1-1-1024x584.png\" alt=\"\" width=\"419\" height=\"239\" srcset=\"https:\/\/projectes.xtec.cat\/centresformadors\/wp-content\/uploads\/usu1341\/2021\/12\/Intercanvi-i-interaccio1-1-1024x584.png 1024w, https:\/\/projectes.xtec.cat\/centresformadors\/wp-content\/uploads\/usu1341\/2021\/12\/Intercanvi-i-interaccio1-1-300x171.png 300w, https:\/\/projectes.xtec.cat\/centresformadors\/wp-content\/uploads\/usu1341\/2021\/12\/Intercanvi-i-interaccio1-1-768x438.png 768w, https:\/\/projectes.xtec.cat\/centresformadors\/wp-content\/uploads\/usu1341\/2021\/12\/Intercanvi-i-interaccio1-1.png 1432w\" sizes=\"auto, (max-width: 419px) 100vw, 419px\" \/><\/a><img loading=\"lazy\" decoding=\"async\" class=\"wp-image-10353 alignright\" src=\"https:\/\/projectes.xtec.cat\/centresformadors\/wp-content\/uploads\/usu1341\/2021\/12\/Intercanvi-i-interaccio2-1024x593.png\" alt=\"\" width=\"434\" height=\"252\" srcset=\"https:\/\/projectes.xtec.cat\/centresformadors\/wp-content\/uploads\/usu1341\/2021\/12\/Intercanvi-i-interaccio2-1024x593.png 1024w, https:\/\/projectes.xtec.cat\/centresformadors\/wp-content\/uploads\/usu1341\/2021\/12\/Intercanvi-i-interaccio2-300x174.png 300w, https:\/\/projectes.xtec.cat\/centresformadors\/wp-content\/uploads\/usu1341\/2021\/12\/Intercanvi-i-interaccio2-768x445.png 768w, https:\/\/projectes.xtec.cat\/centresformadors\/wp-content\/uploads\/usu1341\/2021\/12\/Intercanvi-i-interaccio2.png 1432w\" sizes=\"auto, (max-width: 434px) 100vw, 434px\" \/><\/p>\n<p>&nbsp;<\/p>\n<h4><a href=\"https:\/\/projectes.xtec.cat\/centresformadors\/wp-content\/uploads\/usu1341\/2021\/12\/Intercanvi-i-interaccio3.png\"><img loading=\"lazy\" decoding=\"async\" class=\"wp-image-10354 aligncenter\" src=\"https:\/\/projectes.xtec.cat\/centresformadors\/wp-content\/uploads\/usu1341\/2021\/12\/Intercanvi-i-interaccio3-1024x582.png\" alt=\"\" width=\"476\" height=\"270\" srcset=\"https:\/\/projectes.xtec.cat\/centresformadors\/wp-content\/uploads\/usu1341\/2021\/12\/Intercanvi-i-interaccio3-1024x582.png 1024w, https:\/\/projectes.xtec.cat\/centresformadors\/wp-content\/uploads\/usu1341\/2021\/12\/Intercanvi-i-interaccio3-300x171.png 300w, https:\/\/projectes.xtec.cat\/centresformadors\/wp-content\/uploads\/usu1341\/2021\/12\/Intercanvi-i-interaccio3-768x437.png 768w, https:\/\/projectes.xtec.cat\/centresformadors\/wp-content\/uploads\/usu1341\/2021\/12\/Intercanvi-i-interaccio3.png 1402w\" sizes=\"auto, (max-width: 476px) 100vw, 476px\" \/><\/a><\/h4>\n<h4><\/h4>\n<h4>Plans de treball\/ Avaluaci\u00f3 del pr\u00e0cticum<\/h4>\n<p>La finalitat d&#8217;aquest equip de treball \u00e9s compartir eines d&#8217;avaluaci\u00f3 que facilitin la recollida d&#8217;evid\u00e8ncies, el seu an\u00e0lisi i la presa de decisions.<\/p>\n<p>El resultat del seu treball es pot consultar en aquest <a href=\"https:\/\/projectes.xtec.cat\/centresformadors\/wp-content\/uploads\/usu1341\/2021\/12\/Una-mirada-a-les-competencies-professionals.pdf\" target=\"_blank\" rel=\"noopener\">document<\/a>.<\/p>\n<h4><\/h4>\n<h4>Compet\u00e8ncia digital docent en el pr\u00e0cticum<\/h4>\n<p>L&#8217;equip de treball sobre la compet\u00e8ncia digital docent en el pr\u00e0cticum de la formaci\u00f3 inicial del professorat de prim\u00e0ria i secund\u00e0ria t\u00e9 com a objectius generals:<\/p>\n<ul>\n<li>Incorporar la compet\u00e8ncia digital en graus i pr\u00e0cticums relacionats amb els ensenyaments de prim\u00e0ria i secund\u00e0ria.<\/li>\n<li>Desenvolupar la compet\u00e8ncia digital docent dels estudiants durant el pr\u00e0cticum<\/li>\n<\/ul>\n<p>A partir d&#8217;aquests objectius, l&#8217;equip de treball defineix els objectius espec\u00edfics seg\u00fcents:<\/p>\n<ul>\n<li>Seleccionar els descriptors i indicadors de la compet\u00e8ncia digital docent, que poden ser assumibles pels estudiants.<\/li>\n<li>Dissenyar propostes d\u2019activitats que l\u2019estudiantat pot incorporar al seu pla de treball del pr\u00e0cticum.<\/li>\n<\/ul>\n<p>El desenvolupament del treball del grup es recull en aquest <a href=\"https:\/\/projectes.xtec.cat\/centresformadors\/propostes-per-al-desenvolupament-de-la-competencia-digital-en-el-practicum\/\" target=\"_blank\" rel=\"noopener\">document<\/a>.<\/p>\n<p>&nbsp;<\/p>\n","protected":false},"excerpt":{"rendered":"<p>Les l\u00ednies de treball en qu\u00e8 s&#8217;emmarquen les actuacions de la Comissi\u00f3 Pedag\u00f2gica d&#8217;aquest curs tenen com a objectiu:<br \/>\n<a href=\"https:\/\/projectes.xtec.cat\/centresformadors\/wp-content\/uploads\/usu1341\/2021\/07\/Centre-formador-3.jpg\"><\/a><\/p>\n<ol>\n<li>Aprofundir en els \u00e0mbits de treball de la Comissi\u00f3:<\/li>\n<\/ol>\n<p>&#8211; La identitat del centre formador.<br \/>\n&#8211; La professionalitzaci\u00f3 de la coordinaci\u00f3 i mentoria de centre i de la&hellip;  <a href=\"https:\/\/projectes.xtec.cat\/centresformadors\/comissio-pedagogica\/linies-de-treball\/\" title=\"Read L\u00ednies de treball\">Llegeix m\u00e9s\u00bb<\/a><\/p>\n","protected":false},"author":1,"featured_media":0,"parent":8557,"menu_order":0,"comment_status":"closed","ping_status":"closed","template":"","meta":{"_bbp_topic_count":0,"_bbp_reply_count":0,"_bbp_total_topic_count":0,"_bbp_total_reply_count":0,"_bbp_voice_count":0,"_bbp_anonymous_reply_count":0,"_bbp_topic_count_hidden":0,"_bbp_reply_count_hidden":0,"_bbp_forum_subforum_count":0,"footnotes":""},"class_list":["post-9152","page","type-page","status-publish","hentry"],"post_mailing_queue_ids":[],"_links":{"self":[{"href":"https:\/\/projectes.xtec.cat\/centresformadors\/wp-json\/wp\/v2\/pages\/9152","targetHints":{"allow":["GET"]}}],"collection":[{"href":"https:\/\/projectes.xtec.cat\/centresformadors\/wp-json\/wp\/v2\/pages"}],"about":[{"href":"https:\/\/projectes.xtec.cat\/centresformadors\/wp-json\/wp\/v2\/types\/page"}],"author":[{"embeddable":true,"href":"https:\/\/projectes.xtec.cat\/centresformadors\/wp-json\/wp\/v2\/users\/1"}],"replies":[{"embeddable":true,"href":"https:\/\/projectes.xtec.cat\/centresformadors\/wp-json\/wp\/v2\/comments?post=9152"}],"version-history":[{"count":9,"href":"https:\/\/projectes.xtec.cat\/centresformadors\/wp-json\/wp\/v2\/pages\/9152\/revisions"}],"predecessor-version":[{"id":11375,"href":"https:\/\/projectes.xtec.cat\/centresformadors\/wp-json\/wp\/v2\/pages\/9152\/revisions\/11375"}],"up":[{"embeddable":true,"href":"https:\/\/projectes.xtec.cat\/centresformadors\/wp-json\/wp\/v2\/pages\/8557"}],"wp:attachment":[{"href":"https:\/\/projectes.xtec.cat\/centresformadors\/wp-json\/wp\/v2\/media?parent=9152"}],"curies":[{"name":"wp","href":"https:\/\/api.w.org\/{rel}","templated":true}]}}