{"id":9178,"date":"2020-12-02T15:03:40","date_gmt":"2020-12-02T14:03:40","guid":{"rendered":"https:\/\/projectes.xtec.cat\/centresformadors\/?page_id=9178"},"modified":"2022-03-09T12:32:49","modified_gmt":"2022-03-09T11:32:49","slug":"i-jornada-de-practiques-de-centres-formadors","status":"publish","type":"page","link":"https:\/\/projectes.xtec.cat\/centresformadors\/comunitat-cf\/i-jornada-de-practiques-de-centres-formadors\/","title":{"rendered":"I Jornada PRESENCIAL de pr\u00e0ctiques"},"content":{"rendered":"<h6><strong><em>El centre formador, un\u00a0 mirall per als futurs docents<\/em>.<\/strong><\/h6>\n<p><a href=\"https:\/\/projectes.xtec.cat\/centresformadors\/wp-content\/uploads\/usu1341\/2019\/12\/IJ1-e1617988500651.png\" target=\"_blank\" rel=\"noopener noreferrer\"><img loading=\"lazy\" decoding=\"async\" class=\"wp-image-8466 alignleft\" src=\"https:\/\/projectes.xtec.cat\/centresformadors\/wp-content\/uploads\/usu1341\/2019\/12\/IJ1-e1617988500651.png\" alt=\"\" width=\"326\" height=\"462\" srcset=\"https:\/\/projectes.xtec.cat\/centresformadors\/wp-content\/uploads\/usu1341\/2019\/12\/IJ1-e1617988500651.png 630w, https:\/\/projectes.xtec.cat\/centresformadors\/wp-content\/uploads\/usu1341\/2019\/12\/IJ1-e1617988500651-212x300.png 212w\" sizes=\"auto, (max-width: 326px) 100vw, 326px\" \/><\/a>Dissabte dia 4 de novembre del 2017, aproximadament 250 docents varen celebrar la I Jornada de pr\u00e0ctiques, El centre formador, un mirall per als futurs docents, a la Universitat Aut\u00f2noma de Barcelona. L\u2019objectiu de la trobada va \u00e9sser el de posar en valor el desenvolupament de les pr\u00e0ctiques dels estudiants universitaris en els centres formadors.<\/p>\n<p>Un dels nuclis de treball de la Jornada va ser l\u2019espai del Work-caf\u00e8 des d\u2019on es recolliren aportacions de professionals de diferents etapes educatives.<br \/>\nEn aquest document es mostren les idees for\u00e7a, resumides pels relators i relatores de les taules de treball composades per directors, coordinadors, tutors de pr\u00e0ctiques de centres d&#8217;educaci\u00f3 infantil, prim\u00e0ria, secund\u00e0ria, formaci\u00f3 professional, formaci\u00f3 d&#8217;adults, universitats i algun<br \/>\nestudiant universitari en pr\u00e0ctiques. Es recullen les respostes a les tres q\u00fcestions plantejades a cada taula de treball:<\/p>\n<p>&#8211; Bon funcionament i fortaleses de les pr\u00e0ctiques en els centres formadors.<br \/>\n&#8211; Aspectes a replantejar-nos.<br \/>\n&#8211; Selecci\u00f3 d\u2019accions de millora.<\/p>\n<p>Com a primera trobada de centres formadors d\u2019estudiants universitaris en pr\u00e0ctiques i universitats l\u2019esdeveniment s\u2019ha dirigit a directors, coordinadors, tutors de pr\u00e0ctiques de centres d\u2019educaci\u00f3 infantil, prim\u00e0ria, secund\u00e0ria, formaci\u00f3 professional, formaci\u00f3 d\u2019adults i universitats.<\/p>\n<p>Tot seguit trobareu el\u00a0<a href=\"https:\/\/drive.google.com\/file\/d\/0B7h1mKS8vO2-QWtzVFplc2VSekE\/view?resourcekey=0-0INMKMOWIENK7ll8fVBCVw\">programa<\/a>\u00a0de la jornada, adjuntem els v\u00eddeos i materials de la mateixa. Per m\u00e9s informaci\u00f3 podeu accedir\u00a0 al seg\u00fcent\u00a0<a href=\"https:\/\/sites.google.com\/xtec.cat\/primerajornadadepractiques2017\">link<\/a>.<\/p>\n<table>\n<tbody>\n<tr>\n<td><strong>Benvinguda a la Jornada<\/strong><\/p>\n<p>Sra. Joana Ferrer. Cap del Servei d\u2019Orientaci\u00f3 i Serveis Educatius del Departament d\u2019Ensenyament.<\/p>\n<p>Sr. Joaqu\u00edn Gair\u00edn. Deg\u00e0 de la Facultat de Ci\u00e8ncies de l\u2019Educaci\u00f3 de la UAB.<\/td>\n<td><a href=\"https:\/\/drive.google.com\/file\/d\/18kjrJSAUwfz6m8iXqTWTTtSWq8adckF-\/view?usp=sharing\"><img loading=\"lazy\" decoding=\"async\" class=\"alignnone wp-image-10182\" src=\"https:\/\/projectes.xtec.cat\/secrp\/wp-content\/uploads\/usu2432\/2021\/07\/camera_2-2.png\" alt=\"\" width=\"41\" height=\"35\" \/><\/a><\/td>\n<\/tr>\n<tr>\n<td><strong>Pon\u00e8ncia inaugural. Pr\u00e0ctiques comparades europees.<\/strong><\/p>\n<p>Sr. Francesc Pedr\u00f3. Director de pol\u00edtiques educatives a la UNESCO<\/td>\n<td><a href=\"https:\/\/drive.google.com\/file\/d\/13gvU3P0ws0sMMsNOc-U9ElAWIKh_BhcO\/view?usp=sharing\">\u00a0<\/a><a href=\"https:\/\/drive.google.com\/file\/d\/13gvU3P0ws0sMMsNOc-U9ElAWIKh_BhcO\/view?usp=sharing\"><img loading=\"lazy\" decoding=\"async\" class=\"alignnone wp-image-10182\" src=\"https:\/\/projectes.xtec.cat\/secrp\/wp-content\/uploads\/usu2432\/2021\/07\/camera_2-2.png\" alt=\"\" width=\"41\" height=\"35\" \/><\/a><a href=\"https:\/\/drive.google.com\/file\/d\/12juw0FtZSCS1jRNv2wvzqGJYNGWq1tZo\/view?usp=sharing\"><img loading=\"lazy\" decoding=\"async\" class=\"alignnone wp-image-10186\" src=\"https:\/\/projectes.xtec.cat\/secrp\/wp-content\/uploads\/usu2432\/2021\/07\/1200x630wa-3-1024x538.png\" sizes=\"auto, (max-width: 67px) 100vw, 67px\" srcset=\"https:\/\/projectes.xtec.cat\/secrp\/wp-content\/uploads\/usu2432\/2021\/07\/1200x630wa-3-1024x538.png 1024w, https:\/\/projectes.xtec.cat\/secrp\/wp-content\/uploads\/usu2432\/2021\/07\/1200x630wa-3-300x158.png 300w, https:\/\/projectes.xtec.cat\/secrp\/wp-content\/uploads\/usu2432\/2021\/07\/1200x630wa-3-768x403.png 768w, https:\/\/projectes.xtec.cat\/secrp\/wp-content\/uploads\/usu2432\/2021\/07\/1200x630wa-3.png 1200w\" alt=\"\" width=\"67\" height=\"35\" \/><\/a><\/td>\n<\/tr>\n<tr>\n<td><strong>Esmorzar de treball<\/strong><\/p>\n<p>Taules: Infantil, Prim\u00e0ria, Secund\u00e0ria, Formaci\u00f3 Professional i Formaci\u00f3 d\u2019adults<br \/>\nLloc: Aulari de la Facultat de Ci\u00e8ncies de l\u2019Educaci\u00f3.<\/td>\n<td><a href=\"https:\/\/drive.google.com\/file\/d\/1nzgT4QS_9jFkrAJhSLYzrhpK-njBoa9w\/view?usp=sharing\"><img loading=\"lazy\" decoding=\"async\" class=\"alignnone wp-image-10182\" src=\"https:\/\/projectes.xtec.cat\/secrp\/wp-content\/uploads\/usu2432\/2021\/07\/camera_2-2.png\" alt=\"\" width=\"41\" height=\"35\" \/><\/a><\/td>\n<\/tr>\n<tr>\n<td><strong>Veus dels centres formadors. Visionat.<\/strong><\/td>\n<td><a href=\"https:\/\/drive.google.com\/file\/d\/1KlyGYl9Tht9_IuTmN2R_i5EHGQR7FE4V\/view?usp=sharing\"><img loading=\"lazy\" decoding=\"async\" class=\"alignnone wp-image-10182\" src=\"https:\/\/projectes.xtec.cat\/secrp\/wp-content\/uploads\/usu2432\/2021\/07\/camera_2-2.png\" alt=\"\" width=\"41\" height=\"35\" \/><\/a><\/td>\n<\/tr>\n<tr>\n<td><strong>Relat de les taules de treball<\/strong><\/p>\n<p>Sr. \u00c0ngel Domingo, subdirector general d\u2019Innovaci\u00f3, Formaci\u00f3 i Orientaci\u00f3<\/td>\n<td><a href=\"https:\/\/drive.google.com\/file\/d\/16WLfqh8VhiniYGnDJTvZCbzGcHlcqyvz\/view?usp=sharing\"><img loading=\"lazy\" decoding=\"async\" class=\"alignnone wp-image-10182\" src=\"https:\/\/projectes.xtec.cat\/secrp\/wp-content\/uploads\/usu2432\/2021\/07\/camera_2-2.png\" alt=\"\" width=\"41\" height=\"35\" \/><\/a><\/td>\n<\/tr>\n<tr>\n<td><strong>Idees for\u00e7a de la Jornada<\/strong><\/p>\n<p>Sr. Miquel Mart\u00ednez. Catedr\u00e0tic de Pedagogia de la Universitat de Barcelona i coordinador del Programa de Millora i Innovaci\u00f3 en la formaci\u00f3 de mestres MIF del Consell Interuniversitari de Catalunya.<\/td>\n<td><a href=\"https:\/\/drive.google.com\/file\/d\/12A1WGcB-E5tSKPfRxBY3MMK93CfCeop8\/view?usp=sharing\"><img loading=\"lazy\" decoding=\"async\" class=\"alignnone wp-image-10182\" src=\"https:\/\/projectes.xtec.cat\/secrp\/wp-content\/uploads\/usu2432\/2021\/07\/camera_2-2.png\" alt=\"\" width=\"41\" height=\"35\" \/><\/a><\/td>\n<\/tr>\n<tr>\n<td><strong>Conclusions a<\/strong><strong>mb l\u2019acompanyament musical de Carles Belda<\/strong><\/td>\n<td><a href=\"https:\/\/drive.google.com\/file\/d\/10kZL-fInvDfaUgEmCESDx9_oUCA9Nlg6\/view?usp=sharing\"><img loading=\"lazy\" decoding=\"async\" class=\"alignnone wp-image-10182\" src=\"https:\/\/projectes.xtec.cat\/secrp\/wp-content\/uploads\/usu2432\/2021\/07\/camera_2-2.png\" alt=\"\" width=\"41\" height=\"35\" \/>\u00a0\u00a0<\/a>\u00a0 \u00a0\u00a0\u00a0<a href=\"https:\/\/drive.google.com\/file\/d\/16THqKNGw2S9Z7TrxcG6WzUgbl89GtJLT\/view?usp=sharing\"><img loading=\"lazy\" decoding=\"async\" class=\"alignnone wp-image-10182\" src=\"https:\/\/projectes.xtec.cat\/secrp\/wp-content\/uploads\/usu2432\/2021\/07\/camera_2-2.png\" alt=\"\" width=\"41\" height=\"35\" \/><\/a><\/td>\n<\/tr>\n<tr>\n<td><strong>Cloenda de la Jornada<\/strong><\/p>\n<p>Sr. Albert Casals. Vicedeg\u00e0 de Pr\u00e0ctiques de la Facultat de Ci\u00e8ncies de l\u2019Educaci\u00f3 de la UAB.<\/p>\n<p>Sra. Anna de Monserrat. Vicedegana d\u2019Educaci\u00f3 i de Programes Internacionals de la FPCEE Blanquerna \u2013URL.<\/p>\n<p>Sra. Joana Ferrer. Cap del Servei d\u2019Orientaci\u00f3 i Serveis Educatius del Departament d\u2019Ensenyament.<\/td>\n<td><a href=\"https:\/\/drive.google.com\/file\/d\/1_nlQNSIM1pDJYkeH38Q0cYLhZHB72NE4\/view?usp=sharing\"><img loading=\"lazy\" decoding=\"async\" class=\"alignnone wp-image-10182\" src=\"https:\/\/projectes.xtec.cat\/secrp\/wp-content\/uploads\/usu2432\/2021\/07\/camera_2-2.png\" alt=\"\" width=\"41\" height=\"35\" \/><\/a><\/td>\n<\/tr>\n<\/tbody>\n<\/table>\n<p>&nbsp;<\/p>\n","protected":false},"excerpt":{"rendered":"<p>El centre formador, un\u00a0 mirall per als futurs docents.<br \/>\n<a href=\"https:\/\/projectes.xtec.cat\/centresformadors\/wp-content\/uploads\/usu1341\/2019\/12\/IJ1-e1617988500651.png\" target=\"_blank\" rel=\"noopener noreferrer\"><\/a>Dissabte dia 4 de novembre del 2017, aproximadament 250 docents varen celebrar la I Jornada de pr\u00e0ctiques, El centre formador, un mirall per als futurs docents, a la Universitat Aut\u00f2noma de Barcelona. L\u2019objectiu&hellip;  <a href=\"https:\/\/projectes.xtec.cat\/centresformadors\/comunitat-cf\/i-jornada-de-practiques-de-centres-formadors\/\" title=\"Read I Jornada PRESENCIAL de pr\u00e0ctiques\">Llegeix m\u00e9s\u00bb<\/a><\/p>\n","protected":false},"author":1,"featured_media":0,"parent":8411,"menu_order":0,"comment_status":"closed","ping_status":"closed","template":"","meta":{"_bbp_topic_count":0,"_bbp_reply_count":0,"_bbp_total_topic_count":0,"_bbp_total_reply_count":0,"_bbp_voice_count":0,"_bbp_anonymous_reply_count":0,"_bbp_topic_count_hidden":0,"_bbp_reply_count_hidden":0,"_bbp_forum_subforum_count":0,"footnotes":""},"class_list":["post-9178","page","type-page","status-publish","hentry"],"post_mailing_queue_ids":[],"_links":{"self":[{"href":"https:\/\/projectes.xtec.cat\/centresformadors\/wp-json\/wp\/v2\/pages\/9178","targetHints":{"allow":["GET"]}}],"collection":[{"href":"https:\/\/projectes.xtec.cat\/centresformadors\/wp-json\/wp\/v2\/pages"}],"about":[{"href":"https:\/\/projectes.xtec.cat\/centresformadors\/wp-json\/wp\/v2\/types\/page"}],"author":[{"embeddable":true,"href":"https:\/\/projectes.xtec.cat\/centresformadors\/wp-json\/wp\/v2\/users\/1"}],"replies":[{"embeddable":true,"href":"https:\/\/projectes.xtec.cat\/centresformadors\/wp-json\/wp\/v2\/comments?post=9178"}],"version-history":[{"count":4,"href":"https:\/\/projectes.xtec.cat\/centresformadors\/wp-json\/wp\/v2\/pages\/9178\/revisions"}],"predecessor-version":[{"id":10460,"href":"https:\/\/projectes.xtec.cat\/centresformadors\/wp-json\/wp\/v2\/pages\/9178\/revisions\/10460"}],"up":[{"embeddable":true,"href":"https:\/\/projectes.xtec.cat\/centresformadors\/wp-json\/wp\/v2\/pages\/8411"}],"wp:attachment":[{"href":"https:\/\/projectes.xtec.cat\/centresformadors\/wp-json\/wp\/v2\/media?parent=9178"}],"curies":[{"name":"wp","href":"https:\/\/api.w.org\/{rel}","templated":true}]}}