{"id":9341,"date":"2020-12-22T11:54:47","date_gmt":"2020-12-22T10:54:47","guid":{"rendered":"https:\/\/projectes.xtec.cat\/centresformadors\/?page_id=9341"},"modified":"2021-03-25T14:06:58","modified_gmt":"2021-03-25T13:06:58","slug":"practiques-educatives-en-centres-formador","status":"publish","type":"page","link":"https:\/\/projectes.xtec.cat\/centresformadors\/practiques-educatives-en-centres-formador\/","title":{"rendered":"Orientacions per al curs 2020 &#8211; 2021"},"content":{"rendered":"<p><a href=\"https:\/\/projectes.xtec.cat\/centresformadors\/wp-content\/uploads\/usu1341\/2021\/03\/Orientacions.pdf\" target=\"_blank\" rel=\"https:\/\/projectes.xtec.cat\/centresformadors\/wp-content\/uploads\/usu1341\/2021\/03\/PECF.orientacions2021-2.pdf noopener noreferrer\"><img loading=\"lazy\" decoding=\"async\" class=\"alignleft wp-image-9556\" src=\"https:\/\/projectes.xtec.cat\/centresformadors\/wp-content\/uploads\/usu1341\/2021\/03\/Orientacions.png\" alt=\"\" width=\"411\" height=\"289\" srcset=\"https:\/\/projectes.xtec.cat\/centresformadors\/wp-content\/uploads\/usu1341\/2021\/03\/Orientacions.png 852w, https:\/\/projectes.xtec.cat\/centresformadors\/wp-content\/uploads\/usu1341\/2021\/03\/Orientacions-300x211.png 300w, https:\/\/projectes.xtec.cat\/centresformadors\/wp-content\/uploads\/usu1341\/2021\/03\/Orientacions-768x541.png 768w\" sizes=\"auto, (max-width: 411px) 100vw, 411px\" \/><\/a><\/p>\n<p>Les pr\u00e0ctiques dels estudiants universitaris en centres formadors constitueixen una activitat de naturalesa formativa que contribueix a la professionalitzaci\u00f3 de la doc\u00e8ncia. La vinculaci\u00f3 de la teoria amb la pr\u00e0ctica permet als estudiants l\u2019adquisici\u00f3 i el desenvolupament de les compet\u00e8ncies docents, des de l\u2019acci\u00f3 i la reflexi\u00f3, en el centre formador.<\/p>\n<p>Aquest<a href=\"https:\/\/projectes.xtec.cat\/centresformadors\/wp-content\/uploads\/usu1341\/2021\/03\/Orientacions.pdf\" target=\"_blank\" rel=\"noopener noreferrer\"> document <\/a>presenta unes orientacions i propostes per al desenvolupament de les pr\u00e0ctiques dels estudiants amb l\u2019objectiu de contribuir i facilitar la planificaci\u00f3 de les accions formatives en diferents escenaris. Algunes d\u2019aquestes propostes s\u00f3n fruit d\u2019un recull de pr\u00e0ctiques de refer\u00e8ncia en centres formadors durant el confinament en qu\u00e8 la resposta davant el repte complex s\u2019ha transformat en oportunitats educatives per als estudiants.<\/p>\n<p>&nbsp;<\/p>\n<p>&nbsp;<\/p>\n<p>El document posa el focus en quatre dels \u00e0mbits de l\u2019eina d\u2019autoavaluaci\u00f3 din\u00e0mica de centres formadors que estan relacionats amb l\u2019acollida, la participaci\u00f3 i la interacci\u00f3 estudiant\u2013persona mentora\u2013persona tutora.<\/p>\n<p>&nbsp;<\/p>\n<p><a href=\"https:\/\/projectes.xtec.cat\/centresformadors\/wp-content\/uploads\/usu1341\/2021\/03\/\u00c2mbit-eina-doc-1.png\"><img loading=\"lazy\" decoding=\"async\" class=\" wp-image-9563 aligncenter\" src=\"https:\/\/projectes.xtec.cat\/centresformadors\/wp-content\/uploads\/usu1341\/2021\/03\/\u00c2mbit-eina-doc-1.png\" alt=\"\" width=\"828\" height=\"551\" srcset=\"https:\/\/projectes.xtec.cat\/centresformadors\/wp-content\/uploads\/usu1341\/2021\/03\/\u00c2mbit-eina-doc-1.png 804w, https:\/\/projectes.xtec.cat\/centresformadors\/wp-content\/uploads\/usu1341\/2021\/03\/\u00c2mbit-eina-doc-1-300x200.png 300w, https:\/\/projectes.xtec.cat\/centresformadors\/wp-content\/uploads\/usu1341\/2021\/03\/\u00c2mbit-eina-doc-1-768x511.png 768w\" sizes=\"auto, (max-width: 828px) 100vw, 828px\" \/><\/a><\/p>\n<p>D\u2019altra banda, amb la finalitat d\u2019assegurar la realitzaci\u00f3 de les pr\u00e0ctiques dels estudiants en els centres educatius i donar resposta a situacions extraordin\u00e0ries sobrevingudes, els agents implicats en la formaci\u00f3 dels futurs docents han de treballar conjuntament per tal de garantir un acompanyament constructiu per a l\u2019aprenentatge de l\u2019estudiant en el per\u00edode de pr\u00e0ctiques en aquest context extraordinari.<\/p>\n","protected":false},"excerpt":{"rendered":"<p><a href=\"https:\/\/projectes.xtec.cat\/centresformadors\/wp-content\/uploads\/usu1341\/2021\/03\/Orientacions.pdf\" target=\"_blank\" rel=\"https:\/\/projectes.xtec.cat\/centresformadors\/wp-content\/uploads\/usu1341\/2021\/03\/PECF.orientacions2021-2.pdf noopener noreferrer\"><\/a><br \/>\nLes pr\u00e0ctiques dels estudiants universitaris en centres formadors constitueixen una activitat de naturalesa formativa que contribueix a la professionalitzaci\u00f3 de la doc\u00e8ncia. La vinculaci\u00f3 de la teoria amb la pr\u00e0ctica permet als estudiants l\u2019adquisici\u00f3 i el desenvolupament de les compet\u00e8ncies&hellip;  <a href=\"https:\/\/projectes.xtec.cat\/centresformadors\/practiques-educatives-en-centres-formador\/\" title=\"Read Orientacions per al curs 2020 &#8211; 2021\">Llegeix m\u00e9s\u00bb<\/a><\/p>\n","protected":false},"author":13,"featured_media":0,"parent":0,"menu_order":0,"comment_status":"closed","ping_status":"closed","template":"","meta":{"_bbp_topic_count":0,"_bbp_reply_count":0,"_bbp_total_topic_count":0,"_bbp_total_reply_count":0,"_bbp_voice_count":0,"_bbp_anonymous_reply_count":0,"_bbp_topic_count_hidden":0,"_bbp_reply_count_hidden":0,"_bbp_forum_subforum_count":0,"footnotes":""},"class_list":["post-9341","page","type-page","status-publish","hentry"],"post_mailing_queue_ids":[],"_links":{"self":[{"href":"https:\/\/projectes.xtec.cat\/centresformadors\/wp-json\/wp\/v2\/pages\/9341","targetHints":{"allow":["GET"]}}],"collection":[{"href":"https:\/\/projectes.xtec.cat\/centresformadors\/wp-json\/wp\/v2\/pages"}],"about":[{"href":"https:\/\/projectes.xtec.cat\/centresformadors\/wp-json\/wp\/v2\/types\/page"}],"author":[{"embeddable":true,"href":"https:\/\/projectes.xtec.cat\/centresformadors\/wp-json\/wp\/v2\/users\/13"}],"replies":[{"embeddable":true,"href":"https:\/\/projectes.xtec.cat\/centresformadors\/wp-json\/wp\/v2\/comments?post=9341"}],"version-history":[{"count":5,"href":"https:\/\/projectes.xtec.cat\/centresformadors\/wp-json\/wp\/v2\/pages\/9341\/revisions"}],"predecessor-version":[{"id":9689,"href":"https:\/\/projectes.xtec.cat\/centresformadors\/wp-json\/wp\/v2\/pages\/9341\/revisions\/9689"}],"wp:attachment":[{"href":"https:\/\/projectes.xtec.cat\/centresformadors\/wp-json\/wp\/v2\/media?parent=9341"}],"curies":[{"name":"wp","href":"https:\/\/api.w.org\/{rel}","templated":true}]}}