{"id":9353,"date":"2021-01-22T13:20:40","date_gmt":"2021-01-22T12:20:40","guid":{"rendered":"https:\/\/projectes.xtec.cat\/centresformadors\/?page_id=9353"},"modified":"2023-12-18T12:04:20","modified_gmt":"2023-12-18T11:04:20","slug":"manuals-aplicacio-practicum","status":"publish","type":"page","link":"https:\/\/projectes.xtec.cat\/centresformadors\/aplicatiu\/manuals-aplicacio-practicum\/","title":{"rendered":"Manuals aplicaci\u00f3 pr\u00e0cticum"},"content":{"rendered":"<p><a href=\"https:\/\/projectes.xtec.cat\/centresformadors\/wp-content\/uploads\/usu1341\/2021\/02\/01-P2013-PRACTICUM-PD3-MUS-V1-3-Manual_dusuari-Centre.doc.pdf\" target=\"_blank\" rel=\"noopener noreferrer\">Manual d&#8217;usuari per a centres educatius\u00a0<\/a><\/p>\n<p><a href=\"https:\/\/dochub.com\/respinos\/EB5r38Awl0eJ4zpwXzZ1kD\/instituci%C3%B3-formadora-pdf\">Manual d&#8217;usuari per a institucions formadores<\/a><\/p>\n<p><a href=\"https:\/\/docs.google.com\/document\/d\/13CtxW5ldDAXcKtlfG8Zu1ZcRFYueMjTR6ZyosI_v6hk\/edit?usp=sharing\">Manual aplicaci\u00f3n Practicum de usuarios para instituciones formadoras<\/a><\/p>\n<ul style=\"list-style-type: circle;\">\n<li><a href=\"https:\/\/projectes.xtec.cat\/centresformadors\/wp-content\/uploads\/usu1341\/2022\/07\/MASTER-1.pdf\">Infografia per a l&#8217;estudi del M\u00c0STER<\/a><\/li>\n<li><a href=\"https:\/\/projectes.xtec.cat\/centresformadors\/wp-content\/uploads\/usu1341\/2022\/07\/GRAU-DE-MESTRE-1.pdf\">infografia per a l&#8217;estudi del GRAU DE MESTRE<\/a><\/li>\n<li><a href=\"https:\/\/projectes.xtec.cat\/centresformadors\/wp-content\/uploads\/usu1341\/2022\/07\/FORMACIO-PEDAGOGICA-I-DIDACTICA-1.pdf\">Infografia per l&#8217;estudi del la FORMACI\u00d3 PEDAG\u00d2GICA I DID\u00c0CTICA<\/a><\/li>\n<li><a href=\"https:\/\/projectes.xtec.cat\/centresformadors\/wp-content\/uploads\/usu1341\/2022\/07\/ESTUDIS-QUE-NO-CAPACITEN-PER-A-LA-DOCENCIA.pdf\">Infografia per als ESTUDIS QUE NO CAPACITEN PER A LA DOC\u00c8NCIA<\/a><\/li>\n<\/ul>\n","protected":false},"excerpt":{"rendered":"<p><a href=\"https:\/\/projectes.xtec.cat\/centresformadors\/wp-content\/uploads\/usu1341\/2021\/02\/01-P2013-PRACTICUM-PD3-MUS-V1-3-Manual_dusuari-Centre.doc.pdf\" target=\"_blank\" rel=\"noopener noreferrer\">Manual d&#8217;usuari per a centres educatius\u00a0<\/a><br \/>\n<a href=\"https:\/\/dochub.com\/respinos\/EB5r38Awl0eJ4zpwXzZ1kD\/instituci%C3%B3-formadora-pdf\">Manual d&#8217;usuari per a institucions formadores<\/a><br \/>\n<a href=\"https:\/\/docs.google.com\/document\/d\/13CtxW5ldDAXcKtlfG8Zu1ZcRFYueMjTR6ZyosI_v6hk\/edit?usp=sharing\">Manual aplicaci\u00f3n Practicum de usuarios para instituciones formadoras<\/a><\/p>\n<ul style=\"list-style-type: circle;\">\n<li><a href=\"https:\/\/projectes.xtec.cat\/centresformadors\/wp-content\/uploads\/usu1341\/2022\/07\/MASTER-1.pdf\">Infografia per a l&#8217;estudi del M\u00c0STER<\/a><\/li>\n<li><a href=\"https:\/\/projectes.xtec.cat\/centresformadors\/wp-content\/uploads\/usu1341\/2022\/07\/GRAU-DE-MESTRE-1.pdf\">infografia per a l&#8217;estudi del GRAU DE MESTRE<\/a><\/li>\n<li><a href=\"https:\/\/projectes.xtec.cat\/centresformadors\/wp-content\/uploads\/usu1341\/2022\/07\/FORMACIO-PEDAGOGICA-I-DIDACTICA-1.pdf\">Infografia per l&#8217;estudi del la&hellip;  <a href=\"https:\/\/projectes.xtec.cat\/centresformadors\/aplicatiu\/manuals-aplicacio-practicum\/\" title=\"Read Manuals aplicaci\u00f3 pr\u00e0cticum\">Llegeix m\u00e9s\u00bb<\/a><br \/>\n","protected":false},"author":1,"featured_media":0,"parent":8351,"menu_order":0,"comment_status":"closed","ping_status":"closed","template":"","meta":{"_bbp_topic_count":0,"_bbp_reply_count":0,"_bbp_total_topic_count":0,"_bbp_total_reply_count":0,"_bbp_voice_count":0,"_bbp_anonymous_reply_count":0,"_bbp_topic_count_hidden":0,"_bbp_reply_count_hidden":0,"_bbp_forum_subforum_count":0,"footnotes":""},"class_list":["post-9353","page","type-page","status-publish","hentry"],"post_mailing_queue_ids":[],"_links":{"self":[{"href":"https:\/\/projectes.xtec.cat\/centresformadors\/wp-json\/wp\/v2\/pages\/9353","targetHints":{"allow":["GET"]}}],"collection":[{"href":"https:\/\/projectes.xtec.cat\/centresformadors\/wp-json\/wp\/v2\/pages"}],"about":[{"href":"https:\/\/projectes.xtec.cat\/centresformadors\/wp-json\/wp\/v2\/types\/page"}],"author":[{"embeddable":true,"href":"https:\/\/projectes.xtec.cat\/centresformadors\/wp-json\/wp\/v2\/users\/1"}],"replies":[{"embeddable":true,"href":"https:\/\/projectes.xtec.cat\/centresformadors\/wp-json\/wp\/v2\/comments?post=9353"}],"version-history":[{"count":7,"href":"https:\/\/projectes.xtec.cat\/centresformadors\/wp-json\/wp\/v2\/pages\/9353\/revisions"}],"predecessor-version":[{"id":11333,"href":"https:\/\/projectes.xtec.cat\/centresformadors\/wp-json\/wp\/v2\/pages\/9353\/revisions\/11333"}],"up":[{"embeddable":true,"href":"https:\/\/projectes.xtec.cat\/centresformadors\/wp-json\/wp\/v2\/pages\/8351"}],"wp:attachment":[{"href":"https:\/\/projectes.xtec.cat\/centresformadors\/wp-json\/wp\/v2\/media?parent=9353"}],"curies":[{"name":"wp","href":"https:\/\/api.w.org\/{rel}","templated":true}]}}