{"id":9403,"date":"2021-02-15T13:47:35","date_gmt":"2021-02-15T12:47:35","guid":{"rendered":"https:\/\/projectes.xtec.cat\/centresformadors\/?page_id=9403"},"modified":"2025-07-25T08:51:14","modified_gmt":"2025-07-25T06:51:14","slug":"aplicacio","status":"publish","type":"page","link":"https:\/\/projectes.xtec.cat\/centresformadors\/aplicacio\/","title":{"rendered":"APLICACI\u00d3 PR\u00c0CTICUM"},"content":{"rendered":"<p><span style=\"font-weight: 400;\">L&#8217;aplicaci\u00f3 <\/span><b>PRACTICUM<\/b><span style=\"font-weight: 400;\"> est\u00e0 destinada a gestionar les pr\u00e0ctiques d&#8217;estudiants universitaris en els centres, serveis educatius o unitats del Departament d&#8217;educaci\u00f3 i les institucions formadores. Mitjan\u00e7ant aquesta aplicaci\u00f3 els centres han de manifestar i concretar l&#8217;oferta de pr\u00e0ctiques, i les universitats han distribuir els estudiants en pr\u00e0ctiques en funci\u00f3 de les necessitats.<\/span><\/p>\n<p>La Universitat o Instituci\u00f3 Formadora haur\u00e0 d&#8217;assignar i crear les mat\u00e8ries dels estudiants a les pr\u00e0ctiques ofertades pels centres formadors. Sense el proc\u00e9s d&#8217;assignaci\u00f3, l&#8217;estudiant en pr\u00e0ctiques no podr\u00e0 iniciar la pr\u00e0ctica en el Centre formador.<\/p>\n<p><span style=\"font-weight: 400;\">\u200bEl <\/span><b>procediment <\/b><span style=\"font-weight: 400;\">per gestionar les pr\u00e0ctiques \u00e9s el seg\u00fcent:<\/span><\/p>\n<ol>\n<li style=\"font-weight: 400;\" aria-level=\"1\"><span style=\"font-weight: 400;\">Els referents de pr\u00e0ctiques dels Serveis Territorials i Consorci d&#8217;Educaci\u00f3 de Barcelona actualitzen la llista dels centres formadors del curs i les institucions formadores en defineixen les mat\u00e8ries de pr\u00e0ctiques (nom, hores i contingut).<\/span><\/li>\n<li style=\"font-weight: 400;\" aria-level=\"1\"><span style=\"font-weight: 400;\">Els centres indiquen l&#8217;oferta de places i els\/les tutors\/es de pr\u00e0ctiques. Les places poden ser lliures o reservades per a una instituci\u00f3 formadora concreta.<\/span><\/li>\n<li style=\"font-weight: 400;\" aria-level=\"1\"><span style=\"font-weight: 400;\">Les pr\u00e0ctiques es creen quan les institucions formadores assignen els\/les estudiants a les places vacants o reservades dels centres en funci\u00f3 de les mat\u00e8ries de pr\u00e0ctiques, creades per les Institucions Formadores.<\/span><\/li>\n<li style=\"font-weight: 400;\" aria-level=\"1\"><span style=\"font-weight: 400;\">La direcci\u00f3 del centre formador assigna a la persona coordinadora de pr\u00e0ctiques.<\/span><\/li>\n<li style=\"font-weight: 400;\" aria-level=\"1\"><span style=\"font-weight: 400;\">La persona coordinadora del centre formador ho indica a l&#8217;aplicaci\u00f3 quan finalitza la pr\u00e0ctica.<\/span><\/li>\n<li style=\"font-weight: 400;\" aria-level=\"1\"><span style=\"font-weight: 400;\">El centre formador i la instituci\u00f3 formadora realitzen l&#8217;avaluaci\u00f3 de la pr\u00e0ctica.\u200b<\/span><\/li>\n<\/ol>\n<p>Per a la gesti\u00f3 i creaci\u00f3 de les pr\u00e0ctiques <span style=\"text-decoration: underline;\"><strong>consulteu les seg\u00fcents infografies per a cada estudi:<\/strong><\/span><\/p>\n<ul>\n<li><a href=\"https:\/\/projectes.xtec.cat\/centresformadors\/wp-content\/uploads\/usu1341\/2025\/06\/Infografia-de-procesos-conceptos-ordenado-colores-pastel-2.pdf\" target=\"_blank\" rel=\"noopener\">M\u00c0STER DEL PROFESSORAT DE SECUND\u00c0RIA I BATXILLERAT, FORMACI\u00d3 PROFESSIONAL I ENSENYAMENTS<\/a><\/li>\n<li><a href=\"https:\/\/projectes.xtec.cat\/centresformadors\/wp-content\/uploads\/usu1341\/2025\/04\/Infografia-ESTUDI-DE-GRAU.pdf\" target=\"_blank\" rel=\"noopener\">GRAU DE MESTRE<\/a><\/li>\n<li><a href=\"https:\/\/projectes.xtec.cat\/centresformadors\/wp-content\/uploads\/usu1341\/2025\/04\/Infografia-FORMACIO-PEDAGOGICA-I-DIDACTICA-EQUIVALENT-A-EFECTES-DE-DOCENCIA.pdf\" target=\"_blank\" rel=\"noopener\">FORMACI\u00d3 PEDAG\u00d2GICA I DID\u00c0CTICA EQUIVALENT A EFECTES DE DOC\u00c8NCIA<\/a><\/li>\n<li><a href=\"https:\/\/projectes.xtec.cat\/centresformadors\/wp-content\/uploads\/usu1341\/2025\/07\/ESTUDIS-QUE-NO-CAPACITEN-PER-A-LA-DOCENCIA.pdf\" target=\"_blank\" rel=\"noopener\">ESTUDIS QUE NO CAPACITEN PER A LA DOC\u00c8NCIA<\/a><\/li>\n<\/ul>\n\n\n<p><\/p>\n","protected":false},"excerpt":{"rendered":"<p>L&#8217;aplicaci\u00f3 PRACTICUM est\u00e0 destinada a gestionar les pr\u00e0ctiques d&#8217;estudiants universitaris en els centres, serveis educatius o unitats del Departament d&#8217;educaci\u00f3 i les institucions formadores. Mitjan\u00e7ant aquesta aplicaci\u00f3 els centres han de manifestar i concretar l&#8217;oferta de pr\u00e0ctiques, i les universitats han distribuir els estudiants en&hellip;  <a href=\"https:\/\/projectes.xtec.cat\/centresformadors\/aplicacio\/\" title=\"Read APLICACI\u00d3 PR\u00c0CTICUM\">Llegeix m\u00e9s\u00bb<\/a><\/p>\n","protected":false},"author":1,"featured_media":0,"parent":0,"menu_order":0,"comment_status":"closed","ping_status":"closed","template":"","meta":{"_bbp_topic_count":0,"_bbp_reply_count":0,"_bbp_total_topic_count":0,"_bbp_total_reply_count":0,"_bbp_voice_count":0,"_bbp_anonymous_reply_count":0,"_bbp_topic_count_hidden":0,"_bbp_reply_count_hidden":0,"_bbp_forum_subforum_count":0,"footnotes":""},"class_list":["post-9403","page","type-page","status-publish","hentry"],"post_mailing_queue_ids":[],"_links":{"self":[{"href":"https:\/\/projectes.xtec.cat\/centresformadors\/wp-json\/wp\/v2\/pages\/9403","targetHints":{"allow":["GET"]}}],"collection":[{"href":"https:\/\/projectes.xtec.cat\/centresformadors\/wp-json\/wp\/v2\/pages"}],"about":[{"href":"https:\/\/projectes.xtec.cat\/centresformadors\/wp-json\/wp\/v2\/types\/page"}],"author":[{"embeddable":true,"href":"https:\/\/projectes.xtec.cat\/centresformadors\/wp-json\/wp\/v2\/users\/1"}],"replies":[{"embeddable":true,"href":"https:\/\/projectes.xtec.cat\/centresformadors\/wp-json\/wp\/v2\/comments?post=9403"}],"version-history":[{"count":6,"href":"https:\/\/projectes.xtec.cat\/centresformadors\/wp-json\/wp\/v2\/pages\/9403\/revisions"}],"predecessor-version":[{"id":11636,"href":"https:\/\/projectes.xtec.cat\/centresformadors\/wp-json\/wp\/v2\/pages\/9403\/revisions\/11636"}],"wp:attachment":[{"href":"https:\/\/projectes.xtec.cat\/centresformadors\/wp-json\/wp\/v2\/media?parent=9403"}],"curies":[{"name":"wp","href":"https:\/\/api.w.org\/{rel}","templated":true}]}}