{"id":9406,"date":"2021-02-12T13:26:23","date_gmt":"2021-02-12T12:26:23","guid":{"rendered":"https:\/\/projectes.xtec.cat\/centresformadors\/?page_id=9406"},"modified":"2022-11-03T08:17:23","modified_gmt":"2022-11-03T07:17:23","slug":"que-es","status":"publish","type":"page","link":"https:\/\/projectes.xtec.cat\/centresformadors\/comissio-pedagogica\/que-es\/","title":{"rendered":"Qu\u00e8 \u00e9s?"},"content":{"rendered":"<p>La Comissi\u00f3 Pedag\u00f2gica \u00e9s un \u00f2rgan de coordinaci\u00f3 que est\u00e0 format per representants de diferents universitats catalanes, de centres formadors i de serveis del Departament. Aquesta Comissi\u00f3 est\u00e0 liderada pel Servei de Formaci\u00f3 i Desenvolupament Professional del Professorat de la Direcci\u00f3 General d&#8217;Innovaci\u00f3, Recerca i Cultura Digital.<\/p>\n<p>T\u00e9 la finalitat de tractar temes d\u2019acci\u00f3 organitzativa i pedag\u00f2gica per a la millora del desenvolupament de les pr\u00e0ctiques dels estudiants universitaris als centres formadors. Es treballen aspectes concrets que es volen desenvolupar per implementar en el marc de les pr\u00e0ctiques com ha estat la I Jornada de pr\u00e0ctiques, la redacci\u00f3 de\u00a0<a href=\"https:\/\/documents.espai.educacio.gencat.cat\/FormularisModels\/CentresGestioAcademica\/A330.pdf\" target=\"_blank\" rel=\"noopener noreferrer\">l\u2019informe formador<\/a>\u00a0o la redacci\u00f3 de la nova\u00a0<a href=\"https:\/\/projectes.xtec.cat\/centresformadors\/wp-content\/uploads\/usu1341\/2021\/02\/NovaOrdre.pdf\" target=\"_blank\" rel=\"noopener noreferrer\">Ordre de pr\u00e0ctiques EDU\/39\/2021<\/a><strong>.<\/strong><\/p>\n<p><a href=\"https:\/\/projectes.xtec.cat\/centresformadors\/wp-content\/uploads\/usu1341\/2021\/07\/Comissi\u00f3-Pedag\u00f2gica-1.png\"><img loading=\"lazy\" decoding=\"async\" class=\"wp-image-10053 alignleft\" src=\"https:\/\/projectes.xtec.cat\/centresformadors\/wp-content\/uploads\/usu1341\/2021\/07\/Comissi\u00f3-Pedag\u00f2gica-1.png\" alt=\"\" width=\"331\" height=\"343\" srcset=\"https:\/\/projectes.xtec.cat\/centresformadors\/wp-content\/uploads\/usu1341\/2021\/07\/Comissi\u00f3-Pedag\u00f2gica-1.png 787w, https:\/\/projectes.xtec.cat\/centresformadors\/wp-content\/uploads\/usu1341\/2021\/07\/Comissi\u00f3-Pedag\u00f2gica-1-290x300.png 290w, https:\/\/projectes.xtec.cat\/centresformadors\/wp-content\/uploads\/usu1341\/2021\/07\/Comissi\u00f3-Pedag\u00f2gica-1-768x793.png 768w\" sizes=\"auto, (max-width: 331px) 100vw, 331px\" \/><\/a><\/p>\n<p>&nbsp;<\/p>\n<p>&nbsp;<\/p>\n<p>La Comissi\u00f3 es reuneix al llarg del curs per anar definint i revisant aspectes que es prioritzen en el camp de l\u2019acci\u00f3 formativa.<\/p>\n<p>A l&#8217;inici de cada curs es defineixen les l\u00ednies de treballen i es formen diferents equips multidisciplinaris per avan\u00e7ar en el desenvolupament d&#8217;aquestes l\u00ednies. Els equips comparteixen com a finalitat fonamentar una base s\u00f2lida i amb evid\u00e8ncia cient\u00edfica per garantir el treball en equip, la qualitat i la professionalitzaci\u00f3 de la formaci\u00f3 inicial dels futurs docents. Cada equip de la Comissi\u00f3 Pedag\u00f2gica es constitueix com una comunitat professional que reflexiona i construeix nou coneixement.<\/p>\n<p>&nbsp;<\/p>\n<h3><\/h3>\n<h3><\/h3>\n<p>&nbsp;<\/p>\n<h3><\/h3>\n<p>&nbsp;<\/p>\n<h3><\/h3>\n<h3>Composici\u00f3<\/h3>\n<p>Aquest curs la Comissi\u00f3 Pedag\u00f2gica est\u00e0 composada per un equip de 21 representants de 13 universitats catalanes i 25 representants dels centres formadors de pr\u00e0ctiques.<\/p>\n<p><a href=\"https:\/\/projectes.xtec.cat\/centresformadors\/wp-content\/uploads\/usu1341\/2020\/11\/CP1.jpg\"><img loading=\"lazy\" decoding=\"async\" class=\"alignleft wp-image-9082 size-full\" src=\"https:\/\/projectes.xtec.cat\/centresformadors\/wp-content\/uploads\/usu1341\/2020\/11\/CP1.jpg\" alt=\"\" width=\"394\" height=\"556\" srcset=\"https:\/\/projectes.xtec.cat\/centresformadors\/wp-content\/uploads\/usu1341\/2020\/11\/CP1.jpg 394w, https:\/\/projectes.xtec.cat\/centresformadors\/wp-content\/uploads\/usu1341\/2020\/11\/CP1-213x300.jpg 213w\" sizes=\"auto, (max-width: 394px) 100vw, 394px\" \/><\/a> <a href=\"https:\/\/projectes.xtec.cat\/centresformadors\/wp-content\/uploads\/usu1341\/2020\/11\/cp2.jpg\"><img loading=\"lazy\" decoding=\"async\" class=\"alignleft wp-image-9084 size-full\" src=\"https:\/\/projectes.xtec.cat\/centresformadors\/wp-content\/uploads\/usu1341\/2020\/11\/cp2.jpg\" alt=\"\" width=\"393\" height=\"557\" srcset=\"https:\/\/projectes.xtec.cat\/centresformadors\/wp-content\/uploads\/usu1341\/2020\/11\/cp2.jpg 393w, https:\/\/projectes.xtec.cat\/centresformadors\/wp-content\/uploads\/usu1341\/2020\/11\/cp2-212x300.jpg 212w\" sizes=\"auto, (max-width: 393px) 100vw, 393px\" \/><\/a> <a href=\"https:\/\/projectes.xtec.cat\/centresformadors\/wp-content\/uploads\/usu1341\/2020\/11\/cp3.jpg\"><img loading=\"lazy\" decoding=\"async\" class=\"aligncenter size-full wp-image-9085\" src=\"https:\/\/projectes.xtec.cat\/centresformadors\/wp-content\/uploads\/usu1341\/2020\/11\/cp3.jpg\" alt=\"\" width=\"393\" height=\"558\" data-wp-editing=\"1\" srcset=\"https:\/\/projectes.xtec.cat\/centresformadors\/wp-content\/uploads\/usu1341\/2020\/11\/cp3.jpg 393w, https:\/\/projectes.xtec.cat\/centresformadors\/wp-content\/uploads\/usu1341\/2020\/11\/cp3-211x300.jpg 211w\" sizes=\"auto, (max-width: 393px) 100vw, 393px\" \/><\/a><\/p>\n<p>&nbsp;<\/p>\n<p>&nbsp;<\/p>\n<p>&nbsp;<\/p>\n<p>&nbsp;<\/p>\n","protected":false},"excerpt":{"rendered":"<p>La Comissi\u00f3 Pedag\u00f2gica \u00e9s un \u00f2rgan de coordinaci\u00f3 que est\u00e0 format per representants de diferents universitats catalanes, de centres formadors i de serveis del Departament. Aquesta Comissi\u00f3 est\u00e0 liderada pel Servei de Formaci\u00f3 i Desenvolupament Professional del Professorat de la Direcci\u00f3 General d&#8217;Innovaci\u00f3, Recerca i&hellip;  <a href=\"https:\/\/projectes.xtec.cat\/centresformadors\/comissio-pedagogica\/que-es\/\" title=\"Read Qu\u00e8 \u00e9s?\">Llegeix m\u00e9s\u00bb<\/a><\/p>\n","protected":false},"author":1,"featured_media":0,"parent":8557,"menu_order":0,"comment_status":"closed","ping_status":"closed","template":"","meta":{"_bbp_topic_count":0,"_bbp_reply_count":0,"_bbp_total_topic_count":0,"_bbp_total_reply_count":0,"_bbp_voice_count":0,"_bbp_anonymous_reply_count":0,"_bbp_topic_count_hidden":0,"_bbp_reply_count_hidden":0,"_bbp_forum_subforum_count":0,"footnotes":""},"class_list":["post-9406","page","type-page","status-publish","hentry"],"post_mailing_queue_ids":[],"_links":{"self":[{"href":"https:\/\/projectes.xtec.cat\/centresformadors\/wp-json\/wp\/v2\/pages\/9406","targetHints":{"allow":["GET"]}}],"collection":[{"href":"https:\/\/projectes.xtec.cat\/centresformadors\/wp-json\/wp\/v2\/pages"}],"about":[{"href":"https:\/\/projectes.xtec.cat\/centresformadors\/wp-json\/wp\/v2\/types\/page"}],"author":[{"embeddable":true,"href":"https:\/\/projectes.xtec.cat\/centresformadors\/wp-json\/wp\/v2\/users\/1"}],"replies":[{"embeddable":true,"href":"https:\/\/projectes.xtec.cat\/centresformadors\/wp-json\/wp\/v2\/comments?post=9406"}],"version-history":[{"count":3,"href":"https:\/\/projectes.xtec.cat\/centresformadors\/wp-json\/wp\/v2\/pages\/9406\/revisions"}],"predecessor-version":[{"id":10710,"href":"https:\/\/projectes.xtec.cat\/centresformadors\/wp-json\/wp\/v2\/pages\/9406\/revisions\/10710"}],"up":[{"embeddable":true,"href":"https:\/\/projectes.xtec.cat\/centresformadors\/wp-json\/wp\/v2\/pages\/8557"}],"wp:attachment":[{"href":"https:\/\/projectes.xtec.cat\/centresformadors\/wp-json\/wp\/v2\/media?parent=9406"}],"curies":[{"name":"wp","href":"https:\/\/api.w.org\/{rel}","templated":true}]}}