{"id":9470,"date":"2021-02-17T09:45:52","date_gmt":"2021-02-17T08:45:52","guid":{"rendered":"https:\/\/projectes.xtec.cat\/centresformadors\/?page_id=9470"},"modified":"2025-04-07T14:59:17","modified_gmt":"2025-04-07T12:59:17","slug":"relacio-de-centres-formadors","status":"publish","type":"page","link":"https:\/\/projectes.xtec.cat\/centresformadors\/relacio-de-centres-formadors\/","title":{"rendered":"Relaci\u00f3 de centres formadors"},"content":{"rendered":"<p>El Departament d&#8217;Educaci\u00f3 i Formaci\u00f3 Professional considera fonamental que els futurs mestres i professors facin les pr\u00e0ctiques en centres educatius sostinguts amb fons p\u00fablics, per tal que puguin assolir les compet\u00e8ncies necess\u00e0ries per exercir una doc\u00e8ncia de qualitat. L&#8217;organitzaci\u00f3 de les pr\u00e0ctiques en centres formadors ha de permetre la simultane\u00eftat entre la teoria i la pr\u00e0ctica, i ha de facilitar l&#8217;acompanyament professional des de la universitat i des del centre educatiu.<\/p>\n<p>Aquestes pr\u00e0ctiques es realitzen en el marc de convenis de col\u00b7laboraci\u00f3 entre el Departament d&#8217;Educaci\u00f3 i les universitats per una durada de quatre anys amb possibilitat de renovaci\u00f3.<\/p>\n<p>Per aquest motiu, el Departament estableix el procediment per a la selecci\u00f3 i acreditaci\u00f3 de centres educatius sostinguts amb fons p\u00fablics, aix\u00ed com de serveis educatius i les pr\u00f2pies depend\u00e8ncies del Departament d&#8217;Educaci\u00f3 i Formaci\u00f3 Professional, com a centres formadors de les pr\u00e0ctiques acad\u00e8miques externes dels estudiants universitaris i d&#8217;altres institucions formadores, i regula el desenvolupament de les pr\u00e0ctiques als centres formadors.<\/p>\n<div class=\"col-sm-12\">\n<div class=\"inform_relacionada\">\n<div>\n<div class=\"llistat_enllacos_filet\">\n<div class=\"col-sm-4 columna_destacats\"><\/div>\n<div class=\"col-sm-12\">\n<div class=\"inform_relacionada\">\n<div>\n<div class=\"llistat_enllacos_filet\">\n<div class=\"col-xs-12 columna_esquerra\">\n<div class=\"cos_bloc basic_text_peq pd-15\">\n<p>Centres formadors autoritzats pel Departament d&#8217;Educaci\u00f3 i Formaci\u00f3 Professional, per serveis territorials:<\/p>\n<\/div>\n<\/div>\n<div class=\"col-sm-4 columna_destacats\"><\/div>\n<\/div>\n<\/div>\n<\/div>\n<\/div>\n<\/div>\n<\/div>\n<\/div>\n<\/div>\n<p><a href=\"https:\/\/projectes.xtec.cat\/centresformadors\/wp-content\/uploads\/usu1341\/2025\/03\/centres-alt-pirineu-aran-1.pdf\" target=\"_blank\" rel=\"noopener\">Al Pirineu i Aran<\/a><\/p>\n<p><a href=\"https:\/\/projectes.xtec.cat\/centresformadors\/wp-content\/uploads\/usu1341\/2025\/03\/centres-baix-llobregat-5.pdf\" target=\"_blank\" rel=\"noopener noreferrer\">B<\/a><a href=\"https:\/\/projectes.xtec.cat\/centresformadors\/wp-content\/uploads\/usu1341\/2025\/03\/centres-baix-llobregat-5.pdf\" target=\"_blank\" rel=\"noopener noreferrer\">aix Llobregat<\/a><\/p>\n<p><a href=\"https:\/\/projectes.xtec.cat\/centresformadors\/wp-content\/uploads\/usu1341\/2025\/03\/centres-barcelones.pdf\" target=\"_blank\" rel=\"noopener noreferrer\">Barcelon\u00e8s<\/a><\/p>\n<p><a href=\"https:\/\/projectes.xtec.cat\/centresformadors\/wp-content\/uploads\/usu1341\/2025\/03\/centres-catalunya-central-2.pdf\" target=\"_blank\" rel=\"noopener noreferrer\">Catalunya Central<\/a><\/p>\n<p><a href=\"https:\/\/projectes.xtec.cat\/centresformadors\/wp-content\/uploads\/usu1341\/2025\/04\/GIR_Relacio-de-centres-formadors-autoritzats-pel-Departament-dEducacio-2024-2025-1.pdf\" target=\"_blank\" rel=\"noopener\">Girona<\/a><\/p>\n<p><a href=\"https:\/\/projectes.xtec.cat\/centresformadors\/wp-content\/uploads\/usu1341\/2025\/03\/centres-lleida-1.pdf\" target=\"_blank\" rel=\"noopener noreferrer\">Lleida<\/a><\/p>\n<p><a href=\"https:\/\/projectes.xtec.cat\/centresformadors\/wp-content\/uploads\/usu1341\/2025\/03\/centres-maresme-vall-oriental-1.pdf\" target=\"_blank\" rel=\"noopener noreferrer\">Maresme-Vall\u00e8s Oriental<\/a><\/p>\n<p><a href=\"https:\/\/projectes.xtec.cat\/centresformadors\/wp-content\/uploads\/usu1341\/2025\/03\/centres-tarragona-1.pdf\" target=\"_blank\" rel=\"noopener noreferrer\">Tarragona<\/a><\/p>\n<p><a href=\"https:\/\/projectes.xtec.cat\/centresformadors\/wp-content\/uploads\/usu1341\/2025\/03\/centres-penedes.pdf\">Pened\u00e8s<\/a><\/p>\n<p><a href=\"https:\/\/projectes.xtec.cat\/centresformadors\/wp-content\/uploads\/usu1341\/2025\/03\/centres-terres-ebre.pdf\" target=\"_blank\" rel=\"noopener noreferrer\">Terres de l&#8217;Ebre<\/a><\/p>\n<p><a href=\"https:\/\/projectes.xtec.cat\/centresformadors\/wp-content\/uploads\/usu1341\/2025\/03\/centres-valles-occidental-3.pdf\" target=\"_blank\" rel=\"noopener noreferrer\">Vall\u00e8s Occidental<\/a><\/p>\n<p><a href=\"https:\/\/projectes.xtec.cat\/centresformadors\/wp-content\/uploads\/usu1341\/2025\/03\/centres-consorci-3.pdf\" target=\"_blank\" rel=\"noopener noreferrer\">Consorci d&#8217;Educaci\u00f3 de Barcelona (CEB)<\/a><\/p>\n","protected":false},"excerpt":{"rendered":"<p>El Departament d&#8217;Educaci\u00f3 i Formaci\u00f3 Professional considera fonamental que els futurs mestres i professors facin les pr\u00e0ctiques en centres educatius sostinguts amb fons p\u00fablics, per tal que puguin assolir les compet\u00e8ncies necess\u00e0ries per exercir una doc\u00e8ncia de qualitat. L&#8217;organitzaci\u00f3 de les pr\u00e0ctiques en centres formadors&hellip;  <a href=\"https:\/\/projectes.xtec.cat\/centresformadors\/relacio-de-centres-formadors\/\" title=\"Read Relaci\u00f3 de centres formadors\">Llegeix m\u00e9s\u00bb<\/a><\/p>\n","protected":false},"author":13,"featured_media":0,"parent":0,"menu_order":0,"comment_status":"closed","ping_status":"closed","template":"","meta":{"_bbp_topic_count":0,"_bbp_reply_count":0,"_bbp_total_topic_count":0,"_bbp_total_reply_count":0,"_bbp_voice_count":0,"_bbp_anonymous_reply_count":0,"_bbp_topic_count_hidden":0,"_bbp_reply_count_hidden":0,"_bbp_forum_subforum_count":0,"footnotes":""},"class_list":["post-9470","page","type-page","status-publish","hentry"],"post_mailing_queue_ids":[],"_links":{"self":[{"href":"https:\/\/projectes.xtec.cat\/centresformadors\/wp-json\/wp\/v2\/pages\/9470","targetHints":{"allow":["GET"]}}],"collection":[{"href":"https:\/\/projectes.xtec.cat\/centresformadors\/wp-json\/wp\/v2\/pages"}],"about":[{"href":"https:\/\/projectes.xtec.cat\/centresformadors\/wp-json\/wp\/v2\/types\/page"}],"author":[{"embeddable":true,"href":"https:\/\/projectes.xtec.cat\/centresformadors\/wp-json\/wp\/v2\/users\/13"}],"replies":[{"embeddable":true,"href":"https:\/\/projectes.xtec.cat\/centresformadors\/wp-json\/wp\/v2\/comments?post=9470"}],"version-history":[{"count":6,"href":"https:\/\/projectes.xtec.cat\/centresformadors\/wp-json\/wp\/v2\/pages\/9470\/revisions"}],"predecessor-version":[{"id":11555,"href":"https:\/\/projectes.xtec.cat\/centresformadors\/wp-json\/wp\/v2\/pages\/9470\/revisions\/11555"}],"wp:attachment":[{"href":"https:\/\/projectes.xtec.cat\/centresformadors\/wp-json\/wp\/v2\/media?parent=9470"}],"curies":[{"name":"wp","href":"https:\/\/api.w.org\/{rel}","templated":true}]}}