{"id":9816,"date":"2021-05-07T09:58:31","date_gmt":"2021-05-07T07:58:31","guid":{"rendered":"https:\/\/projectes.xtec.cat\/centresformadors\/?page_id=9816"},"modified":"2022-03-17T09:28:50","modified_gmt":"2022-03-17T08:28:50","slug":"formacio-i-acompanyament","status":"publish","type":"page","link":"https:\/\/projectes.xtec.cat\/centresformadors\/formacio-i-acompanyament\/","title":{"rendered":"Formaci\u00f3 i acompanyament"},"content":{"rendered":"<p><span style=\"font-weight: 400;\">El centre formador es defineix com a model i referent en la pr\u00e0ctica pedag\u00f2gica, que incorpora com a valor educatiu el <strong>desenvolupament personal i professional<\/strong> de tots els docents, aix\u00ed com la formaci\u00f3 dels futurs docents, acollint-los i fent-los part\u00edcips de l\u2018activitat educativa i la vida escolar.<\/span><\/p>\n<p><span style=\"font-weight: 400;\">Aquestes propostes formatives, adre\u00e7ades a l\u2019equip impulsor de mentoria de centre i a persones tutores de pr\u00e0ctiques de la universitat, afavoreix l\u2019adquisici\u00f3 d\u2019habilitats <strong>d\u2019acompanyament constructiu<\/strong> dels estudiants en pr\u00e0ctiques. Les formacions promouen la pr\u00e0ctica reflexiva i el debat i l\u2019intercanvi pedag\u00f2gic, ajudant al centre a construir una l\u00ednia pedag\u00f2gica pr\u00f2pia per al desenvolupament professional docent.<\/span><\/p>\n<p><a href=\"https:\/\/projectes.xtec.cat\/centresformadors\/wp-content\/uploads\/usu1341\/2021\/12\/GRAUS2.jpg\"><img loading=\"lazy\" decoding=\"async\" class=\" wp-image-10369 alignleft\" src=\"https:\/\/projectes.xtec.cat\/centresformadors\/wp-content\/uploads\/usu1341\/2021\/12\/GRAUS2.jpg\" alt=\"\" width=\"455\" height=\"421\" srcset=\"https:\/\/projectes.xtec.cat\/centresformadors\/wp-content\/uploads\/usu1341\/2021\/12\/GRAUS2.jpg 817w, https:\/\/projectes.xtec.cat\/centresformadors\/wp-content\/uploads\/usu1341\/2021\/12\/GRAUS2-300x278.jpg 300w, https:\/\/projectes.xtec.cat\/centresformadors\/wp-content\/uploads\/usu1341\/2021\/12\/GRAUS2-768x711.jpg 768w\" sizes=\"auto, (max-width: 455px) 100vw, 455px\" \/><\/a><\/p>\n<p>&nbsp;<\/p>\n<p>&nbsp;<\/p>\n<p><span style=\"font-weight: 400;\">Aquest curs 2021-2022, es realitzen 7 activitats de formaci\u00f3 &#8220;<em>Acompanyament als Pr\u00e0cticums dels Graus d&#8217;Educaci\u00f3 Infantil i Prim\u00e0ria<\/em>&#8221; durant el segon trimestre, impartits per 7 equips de <strong>professorat formador<\/strong> constitu\u00efts per tres persones cadascun: dues persones mentores de centre i una persona tutora de la universitat.\u00a0<\/span><\/p>\n<p><span style=\"font-weight: 400;\">Les <strong>persones participants<\/strong> de cada curs s\u00f3n 4 persones mentores de centre formador (una de elles \u00e9s la persona coordinadora del pr\u00e0cticum) i 8 persones tutores de la universitat.<\/span><\/p>\n<p><span style=\"font-weight: 400;\">Les persones participants tenen el comprom\u00eds de fer una <strong>pla de millora de centre<\/strong> per a l\u2019acompanyament dels estudiants en pr\u00e0ctiques, que hauran de lliurar a l\u2019equip directiu del centre i duu a terme en els propers cursos.\u00a0<\/span><\/p>\n<p>Paral\u00b7lelament, les persones que el curs anterior van participar al curs pilot &#8220;d&#8217;<span style=\"font-weight: 400;\"><em>Acompanyament als Pr\u00e0cticums dels Graus d&#8217;Educaci\u00f3 Infantil i Prim\u00e0ria<\/em>&#8220;<\/span>, durant el segon trimestre, rebran un taller a centre per tal de fer un &#8220;<em>seguiment i acompanyament als Pr\u00e0cticums dels Graus<\/em>&#8221; per a la implementaci\u00f3 del Pla de Millora elaborat durant la formaci\u00f3 del curs 2020-2021.<\/p>\n<p>&nbsp;<\/p>\n<p><strong>Centres participants durant el curs 2021-2022<\/strong><\/p>\n<p><span style=\"font-weight: 400;\">ESC Carme Guasch i Darn\u00e9 (Figueres)\u00a0<\/span><\/p>\n<p><span style=\"font-weight: 400;\">ESC \u00c0ngels Alemany i Boris (Lloret de Mar) <\/span><\/p>\n<p><span style=\"font-weight: 400;\">ESC de Pr\u00e0ctiques (Tarragona)\u00a0<\/span><\/p>\n<p><span style=\"font-weight: 400;\">ESC Mas Clariana (Cambrils)\u00a0<\/span><\/p>\n<p><span style=\"font-weight: 400;\">ESC Pompeu Fabra (Cunit)\u00a0<\/span><\/p>\n<p><span style=\"font-weight: 400;\">ESC La Canaleta (Vila-seca)\u00a0<\/span><\/p>\n<p><span style=\"font-weight: 400;\">I-E Daniel Mangran\u00e9 (Tortosa)<\/span><\/p>\n<p><span style=\"font-weight: 400;\">ESC Alba (Corbins)\u00a0<\/span><\/p>\n<p><span style=\"font-weight: 400;\">ESC Frederic Godas (Lleida)\u00a0<\/span><\/p>\n<p><span style=\"font-weight: 400;\">Col\u00b7legi Maristes Montserrat de Lleida (Lleida)\u00a0<\/span><\/p>\n<p><span style=\"font-weight: 400;\">ESC Mare de D\u00e9u del Carme (Alcoletge)\u00a0<\/span><\/p>\n<p><span style=\"font-weight: 400;\">ESC Sant Miquel de (Miralcamp) <\/span><\/p>\n<p><span style=\"font-weight: 400;\">ESC Josep Pla (Sant Andreu de la Barca)\u00a0<\/span><\/p>\n<p><span style=\"font-weight: 400;\">ESC Folch i Torres (Esplugues de Llobregat) <\/span><\/p>\n<p><span style=\"font-weight: 400;\">ESC La Falguera (Vilanova del Vall\u00e8s)\u00a0<\/span><\/p>\n<p><span style=\"font-weight: 400;\">ESC Cam\u00ed del Cros (Matar\u00f3)\u00a0<\/span><\/p>\n<p><span style=\"font-weight: 400;\">ESC Andreu Castells (Sabadell) <\/span><\/p>\n<p><span style=\"font-weight: 400;\">I-E Josep Maria Xandri (Sant Pere de Torell\u00f3)\u00a0<\/span><\/p>\n<p><span style=\"font-weight: 400;\">Guillem de Balsareny (Balsareny)\u00a0<\/span><\/p>\n<p><span style=\"font-weight: 400;\">ESC Les Pinediques (Taradell) <\/span><\/p>\n<p>&nbsp;<\/p>\n","protected":false},"excerpt":{"rendered":"<p>El centre formador es defineix com a model i referent en la pr\u00e0ctica pedag\u00f2gica, que incorpora com a valor educatiu el desenvolupament personal i professional de tots els docents, aix\u00ed com la formaci\u00f3 dels futurs docents, acollint-los i fent-los part\u00edcips de l\u2018activitat educativa i la&hellip;  <a href=\"https:\/\/projectes.xtec.cat\/centresformadors\/formacio-i-acompanyament\/\" title=\"Read Formaci\u00f3 i acompanyament\">Llegeix m\u00e9s\u00bb<\/a><\/p>\n","protected":false},"author":13,"featured_media":0,"parent":0,"menu_order":0,"comment_status":"closed","ping_status":"closed","template":"","meta":{"_bbp_topic_count":0,"_bbp_reply_count":0,"_bbp_total_topic_count":0,"_bbp_total_reply_count":0,"_bbp_voice_count":0,"_bbp_anonymous_reply_count":0,"_bbp_topic_count_hidden":0,"_bbp_reply_count_hidden":0,"_bbp_forum_subforum_count":0,"footnotes":""},"class_list":["post-9816","page","type-page","status-publish","hentry"],"post_mailing_queue_ids":[],"_links":{"self":[{"href":"https:\/\/projectes.xtec.cat\/centresformadors\/wp-json\/wp\/v2\/pages\/9816","targetHints":{"allow":["GET"]}}],"collection":[{"href":"https:\/\/projectes.xtec.cat\/centresformadors\/wp-json\/wp\/v2\/pages"}],"about":[{"href":"https:\/\/projectes.xtec.cat\/centresformadors\/wp-json\/wp\/v2\/types\/page"}],"author":[{"embeddable":true,"href":"https:\/\/projectes.xtec.cat\/centresformadors\/wp-json\/wp\/v2\/users\/13"}],"replies":[{"embeddable":true,"href":"https:\/\/projectes.xtec.cat\/centresformadors\/wp-json\/wp\/v2\/comments?post=9816"}],"version-history":[{"count":4,"href":"https:\/\/projectes.xtec.cat\/centresformadors\/wp-json\/wp\/v2\/pages\/9816\/revisions"}],"predecessor-version":[{"id":10492,"href":"https:\/\/projectes.xtec.cat\/centresformadors\/wp-json\/wp\/v2\/pages\/9816\/revisions\/10492"}],"wp:attachment":[{"href":"https:\/\/projectes.xtec.cat\/centresformadors\/wp-json\/wp\/v2\/media?parent=9816"}],"curies":[{"name":"wp","href":"https:\/\/api.w.org\/{rel}","templated":true}]}}