{"id":9899,"date":"2021-06-08T13:33:52","date_gmt":"2021-06-08T11:33:52","guid":{"rendered":"https:\/\/projectes.xtec.cat\/centresformadors\/?page_id=9899"},"modified":"2021-06-10T12:45:46","modified_gmt":"2021-06-10T10:45:46","slug":"erasmus-prodoc","status":"publish","type":"page","link":"https:\/\/projectes.xtec.cat\/centresformadors\/erasmus-prodoc\/","title":{"rendered":"ERASMUS+ Consorci KA120"},"content":{"rendered":"<p><a href=\"https:\/\/projectes.xtec.cat\/centresformadors\/wp-content\/uploads\/usu1341\/2021\/06\/Captura-39.png\"><img loading=\"lazy\" decoding=\"async\" class=\"alignnone size-full wp-image-9907\" src=\"https:\/\/projectes.xtec.cat\/centresformadors\/wp-content\/uploads\/usu1341\/2021\/06\/Captura-39.png\" alt=\"\" width=\"967\" height=\"264\" srcset=\"https:\/\/projectes.xtec.cat\/centresformadors\/wp-content\/uploads\/usu1341\/2021\/06\/Captura-39.png 967w, https:\/\/projectes.xtec.cat\/centresformadors\/wp-content\/uploads\/usu1341\/2021\/06\/Captura-39-300x82.png 300w, https:\/\/projectes.xtec.cat\/centresformadors\/wp-content\/uploads\/usu1341\/2021\/06\/Captura-39-768x210.png 768w\" sizes=\"auto, (max-width: 967px) 100vw, 967px\" \/><\/a><\/p>\n<p>&nbsp;<\/p>\n<p><span style=\"text-decoration: underline;\"><a href=\"https:\/\/ec.europa.eu\/programmes\/erasmus-plus\/node_en\">Comissi\u00f3 Europea Erasmus+<\/a><\/span><\/p>\n<p><img decoding=\"async\" class=\"alignleft\" src=\"https:\/\/ec.europa.eu\/programmes\/erasmus-plus\/sites\/default\/themes\/erasmus\/assets\/images\/logos\/logo--en.png\" \/><\/p>\n<p>&nbsp;<\/p>\n<p>&nbsp;<\/p>\n<p><span style=\"text-decoration: underline;\"><a href=\"http:\/\/www.sepie.es\/educacion-escolar\/\">Ag\u00e8ncia Nacional Sepie. Educaci\u00f3 escolar<\/a><a href=\"https:\/\/projectes.xtec.cat\/centresformadors\/wp-content\/uploads\/usu1341\/2021\/06\/Captura-41-1.png\"><img loading=\"lazy\" decoding=\"async\" class=\"alignnone size-large wp-image-9930\" src=\"https:\/\/projectes.xtec.cat\/centresformadors\/wp-content\/uploads\/usu1341\/2021\/06\/Captura-41-1-1024x79.png\" alt=\"\" width=\"1024\" height=\"79\" srcset=\"https:\/\/projectes.xtec.cat\/centresformadors\/wp-content\/uploads\/usu1341\/2021\/06\/Captura-41-1-1024x79.png 1024w, https:\/\/projectes.xtec.cat\/centresformadors\/wp-content\/uploads\/usu1341\/2021\/06\/Captura-41-1-300x23.png 300w, https:\/\/projectes.xtec.cat\/centresformadors\/wp-content\/uploads\/usu1341\/2021\/06\/Captura-41-1-768x59.png 768w, https:\/\/projectes.xtec.cat\/centresformadors\/wp-content\/uploads\/usu1341\/2021\/06\/Captura-41-1.png 1093w\" sizes=\"auto, (max-width: 1024px) 100vw, 1024px\" \/><\/a><\/span><\/p>\n<p><span style=\"text-decoration: underline;\"><a href=\"http:\/\/Projectes.xtec.cat\/internacional\">Projectes internacionals del Departament d&#8217;Educaci\u00f3<\/a><\/span><\/p>\n<p><img loading=\"lazy\" decoding=\"async\" class=\"wp-image-9908 alignleft\" src=\"https:\/\/projectes.xtec.cat\/centresformadors\/wp-content\/uploads\/usu1341\/2021\/06\/Captura-40.png\" alt=\"\" width=\"231\" height=\"139\" srcset=\"https:\/\/projectes.xtec.cat\/centresformadors\/wp-content\/uploads\/usu1341\/2021\/06\/Captura-40.png 337w, https:\/\/projectes.xtec.cat\/centresformadors\/wp-content\/uploads\/usu1341\/2021\/06\/Captura-40-300x181.png 300w\" sizes=\"auto, (max-width: 231px) 100vw, 231px\" \/><\/p>\n<p>&nbsp;<\/p>\n<p>&nbsp;<\/p>\n<p>&nbsp;<\/p>\n<p>&nbsp;<\/p>\n<p>&nbsp;<\/p>\n<p style=\"text-align: left;\"><strong>Prop\u00f2sit del Consorci ERASMUS+\u00a0<\/strong><\/p>\n<p style=\"text-align: left;\">El prop\u00f2sit del Consorci ERASMUS+ \u00e9s consolidar un sistema inclusiu que afavoreixi el desenvolupament personal i professional de la ciutadania seguint els objectius d\u2019ET2020 i l\u2019Agenda 2010 de l\u2019ONU. Els punts clau s\u00f3n les comunitats d\u2019aprenentatge i l\u2019avaluaci\u00f3 com a eina de millora als quals es contribueix mitjan\u00e7ant:<\/p>\n<p style=\"text-align: left;\">o <strong>Finan\u00e7ament<\/strong> estable durant el per\u00edode de durada de l\u2019acreditaci\u00f3.<br \/>\no Assoliment d\u2019objectius a<strong> llarg termini<\/strong>.<br \/>\no Desenvolupament d\u2019<strong>estrat\u00e8gies d\u2019acord a les necessitats<\/strong> pr\u00f2pies i conjunturals.<br \/>\no Noves <strong>col\u00b7laboracions internacionals<\/strong>.<br \/>\no Millora de la gesti\u00f3 de la<strong> internacionalitzaci\u00f3 dels centres i els programes<\/strong> del Departament d&#8217;Educaci\u00f3.<\/p>\n<p>&nbsp;<\/p>\n<p style=\"text-align: left;\"><strong>Objectius generals del consorci dels 14 Programes del Departament d&#8217;Educaci\u00f3<\/strong><\/p>\n<p>&nbsp;<\/p>\n<p style=\"text-align: left;\">Per ajudar als centres a unir-se al programa ERASMUS+ i a implementar activitats d\u2019alta qualitat de manera coordinada, es plantegen els seg\u00fcents objectius:<\/p>\n<ol>\n<li>Incorporar metodologies i estrat\u00e8gies que facilitin la implementaci\u00f3 del curr\u00edculum en funci\u00f3 de les necessitats individuals de l\u2019alumnat i que fomentin un aprenentatge col\u00b7laboratiu i significatiu.<\/li>\n<li>Canviar la cultura estesa d\u2019un model de centre basat en l\u2019atenci\u00f3 a necessitats educatives especials a un model basat en atendre les particularitats de tot l\u2019alumnat (personalitzaci\u00f3 de l\u2019aprenentatge).<\/li>\n<li>Contribuir al desenvolupament de les compet\u00e8ncies digitals que la ciutadania necessita per integrar-se en una societat caracteritzada per les transformacions i canvis accelerats derivats de les tecnologies.<\/li>\n<li>Participar en l\u2019Espai Europeu d\u2019Educaci\u00f3 a trav\u00e9s de la internacionalitzaci\u00f3 dels centres educatius pel que fa al curr\u00edculum, pr\u00e0ctiques pedag\u00f2giques i univers relacional.<\/li>\n<li>Dissenyar instruments i estrat\u00e8gies que permetin refor\u00e7ar l\u2019autonomia dels centres educatius i afavoreixin la consolidaci\u00f3 de l\u2019escola com un espai per a l\u2019\u00e8xit educatiu.<\/li>\n<li>Desenvolupar la compet\u00e8ncia pluriling\u00fce i pluricultural per facilitar la conviv\u00e8ncia, el respecte mutu i la participaci\u00f3 activa i cr\u00edtica en un m\u00f3n globalitzat.<\/li>\n<li>Millorar la qualitat educativa a trav\u00e9s de la formaci\u00f3 inicial i continuada del professorat i dels equips directius creant la cultura del centre formador.<\/li>\n<li>Incrementar l\u2019impacte dels programes d\u2019innovaci\u00f3 en els \u00e0mbits organitzatiu, pedag\u00f2gic i de l\u2019aprenentatge de l\u2019alumnat a trav\u00e9s de la creaci\u00f3 de comunitats d\u2019aprenentatge.<\/li>\n<\/ol>\n<p><a href=\"https:\/\/projectes.xtec.cat\/centresformadors\/wp-content\/uploads\/usu1341\/2021\/06\/Captura-48.png\"><img loading=\"lazy\" decoding=\"async\" class=\"size-full wp-image-9941 aligncenter\" src=\"https:\/\/projectes.xtec.cat\/centresformadors\/wp-content\/uploads\/usu1341\/2021\/06\/Captura-48.png\" alt=\"\" width=\"772\" height=\"169\" srcset=\"https:\/\/projectes.xtec.cat\/centresformadors\/wp-content\/uploads\/usu1341\/2021\/06\/Captura-48.png 772w, https:\/\/projectes.xtec.cat\/centresformadors\/wp-content\/uploads\/usu1341\/2021\/06\/Captura-48-300x66.png 300w, https:\/\/projectes.xtec.cat\/centresformadors\/wp-content\/uploads\/usu1341\/2021\/06\/Captura-48-768x168.png 768w\" sizes=\"auto, (max-width: 772px) 100vw, 772px\" \/><\/a><\/p>\n<p>&nbsp;<\/p>\n<p><strong>Objectius espec\u00edfics del Programa MUFPS\u00a0<\/strong><\/p>\n<p>De manera espec\u00edfica el Programa MUFPS persegueix:<\/p>\n<ol>\n<li><span style=\"font-weight: 400;\"> Proporcionar un marc de compet\u00e8ncia professional docent.\u00a0<\/span><\/li>\n<li><span style=\"font-weight: 400;\"> Implementar, analitzar i avaluar diferents models de desenvolupament professional com: collaborative professionalism, lesson study, comunitats de pr\u00e0ctiques professionals, xarxes professionals, observaci\u00f3 entre iguals, models d\u2019indagaci\u00f3 i recerca, recerca i acci\u00f3, modelatge, coaching, assessorament, facilitaci\u00f3, tutoria i professorat formador expert.\u00a0<\/span><\/li>\n<li><span style=\"font-weight: 400;\"> Crear comunitat de pr\u00e0ctica entre centres educatius i universitats mitjan\u00e7ant plans de treball compartits, per construir coneixement en relaci\u00f3 a la inducci\u00f3 en la doc\u00e8ncia.\u00a0<\/span><\/li>\n<li><span style=\"font-weight: 400;\"> Construir una cultura de centre formador com espai d\u2019aprenentatge on els estudiants puguin veure i practicar en totes les dimensions de l\u2019acci\u00f3 educativa.\u00a0<\/span><\/li>\n<li><span style=\"font-weight: 400;\"> Apoderar a l\u2019estudiant en pr\u00e0ctiques i al professorat novell en fonamentar la seva pr\u00e0ctica docent en l\u2019educaci\u00f3 informada en evid\u00e8ncies cient\u00edfiques.\u00a0<\/span><\/li>\n<li><span style=\"font-weight: 400;\"> Establir una cultura d\u2019avaluaci\u00f3 i evid\u00e8ncies d\u2019impacte en relaci\u00f3 a la inducci\u00f3 en la doc\u00e8ncia.<\/span><\/li>\n<\/ol>\n<p>&nbsp;<\/p>\n<p style=\"text-align: left;\"><strong>Finalitats i objectius de millora<\/strong><\/p>\n<p style=\"text-align: left;\">Partint de la necessitat de millorar el model de formaci\u00f3 en inducci\u00f3 informat en l&#8217;evid\u00e8ncia, el pla Erasmus+ hi contribueix a trav\u00e9s de les oportunitats que dona la mobilitat internacional per tal de realitzar observacions, formacions i crear xarxa millorant la realitat educativa dels centres en 3 \u00e0mbits:<\/p>\n<ol style=\"text-align: left;\">\n<li><strong>\u00c0mbit gesti\u00f3 i organitzaci\u00f3<\/strong><\/li>\n<\/ol>\n<p>Afavorir el desenvolupament professional docent en el centre a partir del treball en estructures horitzontals entre el professorat.<\/p>\n<p>Afavorir el canvi de cultura en el propi centre i en les relacions entre universitat i centres educatius, ecosistema de relacions.<\/p>\n<p><strong>2. \u00c0mbit pedag\u00f2gic<\/strong><\/p>\n<p>Promoure l&#8217;aprenentatge en col\u00b7laboraci\u00f3 i entre iguals com a facilitador de l\u2019adquisici\u00f3 de compet\u00e8ncies professionals.<\/p>\n<p>Professionalitzar la tasca de mentoria i de centre formador a partir d&#8217;indicadors de mentoria i de l&#8217;\u00fas d&#8217;una eina d&#8217;autoavaluaci\u00f3 din\u00e0mica de centres formadors.<\/p>\n<p><strong>3. \u00c0mbit d&#8217;aprenentatge de l&#8217;alumnat<\/strong><\/p>\n<p>Millorar l\u2019adquisici\u00f3 d\u2019habilitats docents per dinamitzar entorns aprenentatge de qualitat en l\u2019etapa d\u2019educaci\u00f3 obligat\u00f2ria.<\/p>\n<p><strong>Fases del projecte<\/strong><\/p>\n<p><a href=\"https:\/\/projectes.xtec.cat\/centresformadors\/wp-content\/uploads\/usu1341\/2021\/06\/Captura-46-1.png\"><img loading=\"lazy\" decoding=\"async\" class=\"alignnone size-full wp-image-9939\" src=\"https:\/\/projectes.xtec.cat\/centresformadors\/wp-content\/uploads\/usu1341\/2021\/06\/Captura-46-1.png\" alt=\"\" width=\"533\" height=\"332\" srcset=\"https:\/\/projectes.xtec.cat\/centresformadors\/wp-content\/uploads\/usu1341\/2021\/06\/Captura-46-1.png 533w, https:\/\/projectes.xtec.cat\/centresformadors\/wp-content\/uploads\/usu1341\/2021\/06\/Captura-46-1-300x187.png 300w\" sizes=\"auto, (max-width: 533px) 100vw, 533px\" \/><\/a><\/p>\n<p style=\"text-align: left;\">Les fases acompanyen la gesti\u00f3 i l&#8217;avaluaci\u00f3 del desenvolupament dels <strong>Est\u00e0ndards Generals de Qualitat Erasmus+<\/strong><\/p>\n<p style=\"text-align: left;\">a) Inclusi\u00f3 i diversitat<br \/>\nb) Sostenibilitat i responsabilitat mediambiental<br \/>\nc) Educaci\u00f3 digital<br \/>\nd) Xarxa de centres E+<\/p>\n<p>&nbsp;<\/p>\n<p style=\"text-align: left;\"><strong>Durada de l\u2019acreditaci\u00f3<\/strong><\/p>\n<p style=\"text-align: left;\">Des del curs 2021 fins al 2027, per\u00edode en el qual participen diferents centres formadors amb una durada de 15 mesos cadasc\u00fa.<i><\/i><\/p>\n<p>&nbsp;<\/p>\n<p style=\"text-align: left;\"><strong>Nivell educatiu <\/strong><\/p>\n<p><span style=\"font-weight: 400;\">Educaci\u00f3 obligat\u00f2ria (Secund\u00e0ria)\u00a0<\/span><\/p>\n<p>&nbsp;<\/p>\n<p style=\"text-align: left;\"><strong>Centres participants<\/strong><\/p>\n<p>En la convocat\u00f2ria del curs 2021-2023 hi participen els seg\u00fcents centres:<\/p>\n<p>08035325 Institut Torrent de les Bruixes, Santa Coloma de Gramanet<\/p>\n<p>17008951 Institut de Ma\u00e7anet de la Selva, Ma\u00e7anet de la Selva<\/p>\n<p>43007661 Institut Ramon de la Torre, Torredembarra<\/p>\n<p>08047364 Institut Joan Mercader, Igualada<\/p>\n<p>08053091 Institut El Foix, Santa Margarida i els Monjos<\/p>\n<p>&nbsp;<\/p>\n<p><strong>Avaluaci\u00f3<\/strong><\/p>\n<p><a href=\"https:\/\/projectes.xtec.cat\/centresformadors\/wp-content\/uploads\/usu1341\/2021\/06\/Captura-49.png\"><img loading=\"lazy\" decoding=\"async\" class=\"alignnone size-full wp-image-9942\" src=\"https:\/\/projectes.xtec.cat\/centresformadors\/wp-content\/uploads\/usu1341\/2021\/06\/Captura-49.png\" alt=\"\" width=\"762\" height=\"380\" srcset=\"https:\/\/projectes.xtec.cat\/centresformadors\/wp-content\/uploads\/usu1341\/2021\/06\/Captura-49.png 762w, https:\/\/projectes.xtec.cat\/centresformadors\/wp-content\/uploads\/usu1341\/2021\/06\/Captura-49-300x150.png 300w\" sizes=\"auto, (max-width: 762px) 100vw, 762px\" \/><\/a><\/p>\n<p>&nbsp;<\/p>\n<p>&nbsp;<\/p>\n<p style=\"text-align: left;\">\n","protected":false},"excerpt":{"rendered":"<p><a href=\"https:\/\/projectes.xtec.cat\/centresformadors\/wp-content\/uploads\/usu1341\/2021\/06\/Captura-39.png\"><\/a><br \/>\n&nbsp;<br \/>\n<a href=\"https:\/\/ec.europa.eu\/programmes\/erasmus-plus\/node_en\">Comissi\u00f3 Europea Erasmus+<\/a><\/p>\n<p>&nbsp;<br \/>\n&nbsp;<br \/>\n<a href=\"http:\/\/www.sepie.es\/educacion-escolar\/\">Ag\u00e8ncia Nacional Sepie. Educaci\u00f3 escolar<\/a><a href=\"https:\/\/projectes.xtec.cat\/centresformadors\/wp-content\/uploads\/usu1341\/2021\/06\/Captura-41-1.png\"><\/a><br \/>\n<a href=\"http:\/\/Projectes.xtec.cat\/internacional\">Projectes internacionals del Departament d&#8217;Educaci\u00f3<\/a><\/p>\n<p>&nbsp;<br \/>\n&nbsp;<br \/>\n&nbsp;<br \/>\n&nbsp;<br \/>\n&nbsp;<br \/>\nProp\u00f2sit del Consorci ERASMUS+\u00a0<br \/>\nEl prop\u00f2sit del Consorci ERASMUS+ \u00e9s consolidar un sistema inclusiu que afavoreixi el desenvolupament personal i professional de la ciutadania seguint els objectius d\u2019ET2020 i l\u2019Agenda 2010&hellip;  <a href=\"https:\/\/projectes.xtec.cat\/centresformadors\/erasmus-prodoc\/\" title=\"Read ERASMUS+ Consorci KA120\">Llegeix m\u00e9s\u00bb<\/a><\/p>\n","protected":false},"author":1,"featured_media":0,"parent":0,"menu_order":0,"comment_status":"closed","ping_status":"closed","template":"","meta":{"_bbp_topic_count":0,"_bbp_reply_count":0,"_bbp_total_topic_count":0,"_bbp_total_reply_count":0,"_bbp_voice_count":0,"_bbp_anonymous_reply_count":0,"_bbp_topic_count_hidden":0,"_bbp_reply_count_hidden":0,"_bbp_forum_subforum_count":0,"footnotes":""},"class_list":["post-9899","page","type-page","status-publish","hentry"],"post_mailing_queue_ids":[],"_links":{"self":[{"href":"https:\/\/projectes.xtec.cat\/centresformadors\/wp-json\/wp\/v2\/pages\/9899","targetHints":{"allow":["GET"]}}],"collection":[{"href":"https:\/\/projectes.xtec.cat\/centresformadors\/wp-json\/wp\/v2\/pages"}],"about":[{"href":"https:\/\/projectes.xtec.cat\/centresformadors\/wp-json\/wp\/v2\/types\/page"}],"author":[{"embeddable":true,"href":"https:\/\/projectes.xtec.cat\/centresformadors\/wp-json\/wp\/v2\/users\/1"}],"replies":[{"embeddable":true,"href":"https:\/\/projectes.xtec.cat\/centresformadors\/wp-json\/wp\/v2\/comments?post=9899"}],"version-history":[{"count":3,"href":"https:\/\/projectes.xtec.cat\/centresformadors\/wp-json\/wp\/v2\/pages\/9899\/revisions"}],"predecessor-version":[{"id":9944,"href":"https:\/\/projectes.xtec.cat\/centresformadors\/wp-json\/wp\/v2\/pages\/9899\/revisions\/9944"}],"wp:attachment":[{"href":"https:\/\/projectes.xtec.cat\/centresformadors\/wp-json\/wp\/v2\/media?parent=9899"}],"curies":[{"name":"wp","href":"https:\/\/api.w.org\/{rel}","templated":true}]}}