{"id":10964,"date":"2025-05-26T12:34:32","date_gmt":"2025-05-26T10:34:32","guid":{"rendered":"https:\/\/projectes.xtec.cat\/cete\/?page_id=10964"},"modified":"2025-06-11T08:54:03","modified_gmt":"2025-06-11T06:54:03","slug":"cete-23","status":"publish","type":"page","link":"https:\/\/projectes.xtec.cat\/cete\/formacio-a-lestranger\/cete-23\/","title":{"rendered":"CETE+ 23"},"content":{"rendered":"<h3><a href=\"https:\/\/projectes.xtec.cat\/cete\/wp-content\/uploads\/usu2644\/2025\/05\/2_Imatge-Jornada-internacionalitzacio-CETE-2025-1.png\"><img loading=\"lazy\" decoding=\"async\" class=\"wp-image-10976 aligncenter\" src=\"https:\/\/projectes.xtec.cat\/cete\/wp-content\/uploads\/usu2644\/2025\/05\/2_Imatge-Jornada-internacionalitzacio-CETE-2025-1-1024x284.png\" alt=\"\" width=\"883\" height=\"245\" srcset=\"https:\/\/projectes.xtec.cat\/cete\/wp-content\/uploads\/usu2644\/2025\/05\/2_Imatge-Jornada-internacionalitzacio-CETE-2025-1-1024x284.png 1024w, https:\/\/projectes.xtec.cat\/cete\/wp-content\/uploads\/usu2644\/2025\/05\/2_Imatge-Jornada-internacionalitzacio-CETE-2025-1-300x83.png 300w, https:\/\/projectes.xtec.cat\/cete\/wp-content\/uploads\/usu2644\/2025\/05\/2_Imatge-Jornada-internacionalitzacio-CETE-2025-1-768x213.png 768w, https:\/\/projectes.xtec.cat\/cete\/wp-content\/uploads\/usu2644\/2025\/05\/2_Imatge-Jornada-internacionalitzacio-CETE-2025-1-1536x426.png 1536w, https:\/\/projectes.xtec.cat\/cete\/wp-content\/uploads\/usu2644\/2025\/05\/2_Imatge-Jornada-internacionalitzacio-CETE-2025-1.png 1920w\" sizes=\"auto, (max-width: 883px) 100vw, 883px\" \/><\/a><\/h3>\n<h4><\/h4>\n<p>&nbsp;<\/p>\n<h4><strong>a) Destinataris i objectiu<\/strong><\/h4>\n<p><span style=\"font-weight: 400;\">La Jornada s&#8217;ha celebrat el <strong>15 de maig de 2025<\/strong> i ha estat adre\u00e7ada principalment a tots els centres, docents, t\u00e8cnics i t\u00e8cniques del Departament d&#8217;Educaci\u00f3 i Formaci\u00f3 Professional (DEFP) que han col\u00b7laborat i col\u00b7laboren activament en la implementaci\u00f3 del <strong>projecte Erasmus+ CETE+ 23<\/strong> sigui com participants en les mobilitats o participants en les activitats al mateix centre. Els centres d\u2019edicions anteriors tamb\u00e9 han estat convidats a participar-hi. \u00c9s un esdeveniment que ha comen\u00e7at amb el <strong>Matinal AI in Education i Diversitat ling\u00fc\u00edstica a Irlanda<\/strong> celebrat el <strong>14 de maig de 2025<\/strong> a la Sala d&#8217;Actes del DEFP.<\/span><\/p>\n<p><span style=\"font-weight: 400;\">Aquesta jornada d&#8217;internacionalitzaci\u00f3 pels centres membres del projecte Erasmus+ CETE+ &#8220;<strong>Consorci Europeu per a la Transformaci\u00f3 Educativa<\/strong>&#8221; coordinat pel DEFP ha tingut com a objectiu la <strong>transfer\u00e8ncia i difusi\u00f3<\/strong> dels coneixements adquirits durant la implementaci\u00f3 del projecte CETE+ en les l\u2019edici\u00f3 2023 i l&#8217;<strong>impacte<\/strong> de les anteriors. S&#8217;ha organitzat per ser una trobada d\u2019aprenentatge entre iguals per facilitar el di\u00e0leg entre tots els participants del projecte i compartir els resultats i l&#8217;impacte del projecte CETE+ en tots els centres participants de la jornada, aix\u00ed com en els equips de treball i el mateix Departament. D&#8217;aquesta manera, tots els membres del Consorci Erasmus+ s&#8217;han pogut beneficiar dels aprenentatges dels seus companys i companyes, millorant aix\u00ed la seva pr\u00f2pia formaci\u00f3 i contribuint a la millora educativa del centre i al progr\u00e9s de l\u2019alumnat. Aquesta trobada \u00e9s fonamental per a la <strong>transfer\u00e8ncia de coneixement, la millora professional i la promoci\u00f3 de l&#8217;\u00e8xit educatiu.<\/strong><\/span><\/p>\n<h4><strong>b) Marc de la sessi\u00f3<\/strong><\/h4>\n<p><span style=\"font-weight: 400;\">Ha estat una trobada per celebrar i compartir totes les estrat\u00e8gies apreses fins ara en el marc del projecte Erasmus+ en l&#8217;edici\u00f3 corresponent a la <strong>convocat\u00f2ria 2023<\/strong>. Gr\u00e0cies a les noves estrat\u00e8gies adquirides podrem continuar aprofundint en el Pla d&#8217;Internacionalitzaci\u00f3 dels centres i en la qualitat dels programes d&#8217;innovaci\u00f3 o programes educatius en qu\u00e8 participen els centres educatius. Per tant, ha estat una jornada clau per continuar participant en l&#8217;Espai d&#8217;Educaci\u00f3 Europeu i per consolidar-nos com a referents de la qualitat educativa.<\/span><\/p>\n<h4><strong>c) Galeria d&#8217;Aprenentatge: p\u00f2sters dels equips CETE+ 23<\/strong><\/h4>\n<ul>\n<li style=\"list-style-type: none;\">\n<ul>\n<li><a href=\"https:\/\/drive.google.com\/file\/d\/14ZjyjBb2eM__Gj-CrsDXK1q82EfwLZw_\/view?usp=sharing\" target=\"_blank\" rel=\"noopener\">Equip Biblioteques escolars PuntEdu<\/a><\/li>\n<li><a href=\"https:\/\/drive.google.com\/file\/d\/1Qychpp_8LOmOqFclmrgHCpBw0txqDkQO\/view?usp=sharing\" target=\"_blank\" rel=\"noopener\">Equip Catalan Inspectorate Education CATIE<\/a><\/li>\n<li><a href=\"https:\/\/drive.google.com\/file\/d\/1RTdeosBBkvp7m1tsqcbZRC0mYWEtWqbI\/view?usp=sharing\" target=\"_blank\" rel=\"noopener\">Equip EMAILC<\/a><\/li>\n<li><a href=\"https:\/\/drive.google.com\/file\/d\/1JvHcserD0P0oRTDvJI63QtV9gCrog2K6\/view?usp=sharing\" target=\"_blank\" rel=\"noopener\">Equip Micro Consorci Educaci\u00f3 Inclusiva MCEI<\/a><\/li>\n<li><a href=\"https:\/\/drive.google.com\/file\/d\/1j5q_lzJeVcNrSay5HErbtSBrhkd8cXtr\/view?usp=sharing\" target=\"_blank\" rel=\"noopener\">Equip MediaZoom<\/a><\/li>\n<li><a href=\"https:\/\/drive.google.com\/file\/d\/1JU0cPAJ3yfhNvmUmQ7AVaW-fCRSINovZ\/view?usp=sharing\" target=\"_blank\" rel=\"noopener\">Equip Recerca Educativa REDU<\/a><\/li>\n<\/ul>\n<\/li>\n<\/ul>\n<h4><strong>c) Programa i materials de la Jornada<\/strong><\/h4>\n<p>En els seg\u00fcent enlla\u00e7os podeu accedir a informacions d&#8217;inter\u00e8s de la Jornada d&#8217;internacionalitzaci\u00f3:<\/p>\n<ul>\n<li style=\"list-style-type: none;\">\n<ul>\n<li><a href=\"https:\/\/drive.google.com\/file\/d\/1lnKy9CuVjSDUNqzFmO3GCDKetEUWsZMT\/view?usp=sharing\" target=\"_blank\" rel=\"noopener\">Programa<\/a><\/li>\n<li><strong>Pon\u00e8ncia<\/strong> <a href=\"https:\/\/www.canva.com\/design\/DAGnQunPk78\/qc3Wg6gRskWPat8Xy2fjvw\/view?utm_content=DAGnQunPk78&amp;utm_campaign=designshare&amp;utm_medium=link&amp;utm_source=viewer\" target=\"_blank\" rel=\"noopener\"><em>&#8220;Descobreix, comparteix i transforma&#8221;<\/em><\/a>, de l&#8217;Elsa Gim\u00e9nez<\/li>\n<li><strong>Trames del cam\u00ed fet<\/strong>:\n<ul>\n<li><a href=\"https:\/\/drive.google.com\/file\/d\/1oowOcokrN_ewZbdLf-oLH0Ww5QymRN33\/view?usp=sharing\" target=\"_blank\" rel=\"noopener\">Escola Ant\u00f2nia Sim\u00f3 i Arn\u00f3<\/a><\/li>\n<li><a href=\"https:\/\/drive.google.com\/file\/d\/12IYqWd_DvrnhaBAvHi2yAEOsOt1YaRMk\/view?usp=sharing\" target=\"_blank\" rel=\"noopener\">Escola Montseny<\/a><\/li>\n<li><a href=\"https:\/\/www.canva.com\/design\/DAGmlH_quTU\/xYsvjbmPiT5ELuGwJ-78nw\/view?utm_content=DAGmlH_quTU&amp;utm_campaign=designshare&amp;utm_medium=link&amp;utm_source=viewer\" target=\"_blank\" rel=\"noopener\">Institut Mart\u00ed l&#8217;Hum\u00e0<\/a><\/li>\n<li><a href=\"https:\/\/drive.google.com\/file\/d\/1WcCvG5sWuWlDjd2m6C_d8h7zsZEursX8\/view?usp=sharing\" target=\"_blank\" rel=\"noopener\">Institut Pere Borrell<\/a><\/li>\n<\/ul>\n<\/li>\n<li>Relacionat amb el taller <strong>&#8220;Llengua oral i poesia des de la biblioteca escolar&#8221;<\/strong>, la Cristina Correro recomana el llibre &#8220;<a href=\"https:\/\/www.rosasensat.org\/producte\/la-poesia-a-les-primeres-edats\/\" target=\"_blank\" rel=\"noopener\">La poesia a les primeres edats<\/a>&#8220;.<\/li>\n<li>Taller <strong>&#8220;AI in Education&#8221;<\/strong>: <a href=\"https:\/\/drive.google.com\/file\/d\/19TjGRmgw9fe14dwUDDV6Ketq1JqR4mhP\/view?usp=sharing\" target=\"_blank\" rel=\"noopener\">AI advancements lectures<\/a>, <a href=\"https:\/\/drive.google.com\/file\/d\/1qQOS5DOZ8t7f_JrTIacePLFgDJ97xqZI\/view?usp=sharing\" target=\"_blank\" rel=\"noopener\">AI tools for Education workshop.<\/a><\/li>\n<\/ul>\n<\/li>\n<\/ul>\n<h4><strong>d) Materials del Matinal\u00a0<\/strong><\/h4>\n<ul>\n<li style=\"list-style-type: none;\">\n<ul>\n<li><a href=\"https:\/\/drive.google.com\/file\/d\/1XDqb6pF2zVtLEBXFtCm-aq1pZ8x-lyZ-\/view?usp=sharing\" target=\"_blank\" rel=\"noopener\">AI in Education<\/a>, de la Sra. Olena Rossi<\/li>\n<li><a href=\"https:\/\/drive.google.com\/file\/d\/1CthQNDvwB0VxLQRxgu2GgjMtpQUegkg4\/view?usp=sharing\" target=\"_blank\" rel=\"noopener\">Diversitat ling\u00fc\u00edstica a les escoles irlandeses<\/a>, de la Sra. K\u00e8nia Puig<\/li>\n<li>Acc\u00e9s a la <a href=\"https:\/\/projectes.xtec.cat\/cete\/general\/matinal-ia-in-education-i-diversitat-linguistica-a-irlanda\/\" target=\"_blank\" rel=\"noopener\">not\u00edcia del Matinal<\/a> (14 de maig de 2025)<\/li>\n<\/ul>\n<\/li>\n<\/ul>\n<p>Pots accedir a la not\u00edcia de la Jornada <a href=\"https:\/\/projectes.xtec.cat\/cete\/general\/iii-jornada-dinternacionalitzacio-projecte-erasmus-cete\/\" target=\"_blank\" rel=\"noopener\">aqu\u00ed<\/a>.<\/p>\n<p>&nbsp;<\/p>\n<p>&nbsp;<\/p>\n","protected":false},"excerpt":{"rendered":"<p><a href=\"https:\/\/projectes.xtec.cat\/cete\/wp-content\/uploads\/usu2644\/2025\/05\/2_Imatge-Jornada-internacionalitzacio-CETE-2025-1.png\"><\/a><\/p>\n<p>&nbsp;<br \/>\na) Destinataris i objectiu<br \/>\nLa Jornada s&#8217;ha celebrat el 15 de maig de 2025 i ha estat adre\u00e7ada principalment a tots els centres, docents, t\u00e8cnics i t\u00e8cniques del Departament d&#8217;Educaci\u00f3 i Formaci\u00f3 Professional (DEFP) que han col\u00b7laborat i col\u00b7laboren activament en la implementaci\u00f3 del projecte&hellip;  <a href=\"https:\/\/projectes.xtec.cat\/cete\/formacio-a-lestranger\/cete-23\/\" title=\"Read CETE+ 23\">Llegeix m\u00e9s\u00bb<\/a><\/p>\n","protected":false},"author":42,"featured_media":0,"parent":8327,"menu_order":0,"comment_status":"closed","ping_status":"closed","template":"page-templates\/side-menu.php","meta":{"_bbp_topic_count":0,"_bbp_reply_count":0,"_bbp_total_topic_count":0,"_bbp_total_reply_count":0,"_bbp_voice_count":0,"_bbp_anonymous_reply_count":0,"_bbp_topic_count_hidden":0,"_bbp_reply_count_hidden":0,"_bbp_forum_subforum_count":0,"footnotes":""},"class_list":["post-10964","page","type-page","status-publish","hentry"],"post_mailing_queue_ids":[],"_links":{"self":[{"href":"https:\/\/projectes.xtec.cat\/cete\/wp-json\/wp\/v2\/pages\/10964","targetHints":{"allow":["GET"]}}],"collection":[{"href":"https:\/\/projectes.xtec.cat\/cete\/wp-json\/wp\/v2\/pages"}],"about":[{"href":"https:\/\/projectes.xtec.cat\/cete\/wp-json\/wp\/v2\/types\/page"}],"author":[{"embeddable":true,"href":"https:\/\/projectes.xtec.cat\/cete\/wp-json\/wp\/v2\/users\/42"}],"replies":[{"embeddable":true,"href":"https:\/\/projectes.xtec.cat\/cete\/wp-json\/wp\/v2\/comments?post=10964"}],"version-history":[{"count":6,"href":"https:\/\/projectes.xtec.cat\/cete\/wp-json\/wp\/v2\/pages\/10964\/revisions"}],"predecessor-version":[{"id":11037,"href":"https:\/\/projectes.xtec.cat\/cete\/wp-json\/wp\/v2\/pages\/10964\/revisions\/11037"}],"up":[{"embeddable":true,"href":"https:\/\/projectes.xtec.cat\/cete\/wp-json\/wp\/v2\/pages\/8327"}],"wp:attachment":[{"href":"https:\/\/projectes.xtec.cat\/cete\/wp-json\/wp\/v2\/media?parent=10964"}],"curies":[{"name":"wp","href":"https:\/\/api.w.org\/{rel}","templated":true}]}}