{"id":8327,"date":"2022-01-20T10:33:04","date_gmt":"2022-01-20T09:33:04","guid":{"rendered":"https:\/\/projectes.xtec.cat\/cete\/?page_id=8327"},"modified":"2025-05-26T12:52:55","modified_gmt":"2025-05-26T10:52:55","slug":"formacio-a-lestranger","status":"publish","type":"page","link":"https:\/\/projectes.xtec.cat\/cete\/formacio-a-lestranger\/","title":{"rendered":"Jornades de Transfer\u00e8ncia"},"content":{"rendered":"<p>Aqu\u00ed trobareu els materials relacionats amb les jornades de transfer\u00e8ncia:<\/p>\n<div class=\"flip-card\" style=\"float: left; padding-right: 5px;width:300px;height:px !important'\">\r\n          <div class=\"flip-card-inner\"'>\r\n              <div class=\"flip-card-front\">\r\n\t\t\t     <h3>CETE+ 21<\/h3>\r\n                 <img decoding=\"async\" src=\"https:\/\/projectes.xtec.cat\/cete\/wp-content\/uploads\/usu2644\/2024\/05\/CETEfonsblanc.png\" alt=\"\" \/>\r\n              <\/div>\r\n\t\t\t  <div class=\"flip-card-back\">\r\n\t\t\t\t  <h3>CETE+ 21<\/h3>\r\n\t\t\t\t  <p>Jornada d'internacionalitzaci\u00f3 Consorci Europeu per a la transformaci\u00f3 Educativa CETE+ 21<\/p>\r\n\t\t\t\t  <a class='flip-card-button' style='background-color:' target=\"_blank\" href=\"https:\/\/projectes.xtec.cat\/cete\/cete-21\/jornada-dinternacionalitzacio-projecte-erasmus-consorci-europeu-per-a-la-transformacio-educativa-cete-21\/\" rel=\"noopener noreferrer\">Saber-ne m\u00e9s...<\/a>\r\n\t\t\t  <\/div>\r\n       <\/div>\r\n<\/div>\n<div class=\"flip-card\" style=\"float: left; padding-right: 5px;width:300px;height:px !important'\">\r\n          <div class=\"flip-card-inner\"'>\r\n              <div class=\"flip-card-front\">\r\n\t\t\t     <h3>CETE+ 22<\/h3>\r\n                 <img decoding=\"async\" src=\"https:\/\/projectes.xtec.cat\/cete\/wp-content\/uploads\/usu2644\/2024\/05\/CETEfonsblanc.png\" alt=\"\" \/>\r\n              <\/div>\r\n\t\t\t  <div class=\"flip-card-back\">\r\n\t\t\t\t  <h3>CETE+ 22<\/h3>\r\n\t\t\t\t  <p>Jornada d'internacionalitzaci\u00f3 Consorci Europeu per a la transformaci\u00f3 Educativa CETE+ 22<\/p>\r\n\t\t\t\t  <a class='flip-card-button' style='background-color:' target=\"_blank\" href=\"https:\/\/projectes.xtec.cat\/cete\/general\/jornada-dinternacionalitzacio-cete-22\/\" rel=\"noopener noreferrer\">Saber-ne m\u00e9s...<\/a>\r\n\t\t\t  <\/div>\r\n       <\/div>\r\n<\/div>\n<div class=\"flip-card\" style=\"float: left; padding-right: 5px;width:300px;height:px !important'\">\r\n          <div class=\"flip-card-inner\"'>\r\n              <div class=\"flip-card-front\">\r\n\t\t\t     <h3>CETE+ 23<\/h3>\r\n                 <img decoding=\"async\" src=\"https:\/\/projectes.xtec.cat\/cete\/wp-content\/uploads\/usu2644\/2024\/05\/CETEfonsblanc.png\" alt=\"\" \/>\r\n              <\/div>\r\n\t\t\t  <div class=\"flip-card-back\">\r\n\t\t\t\t  <h3>CETE+ 23<\/h3>\r\n\t\t\t\t  <p>Jornada d'internacionalitzaci\u00f3 Consorci Europeu per a la transformaci\u00f3 Educativa CETE+ 23<\/p>\r\n\t\t\t\t  <a class='flip-card-button' style='background-color:' target=\"_blank\" href=\"https:\/\/projectes.xtec.cat\/cete\/formacio-a-lestranger\/cete-23\/\" rel=\"noopener noreferrer\">Saber-ne m\u00e9s...<\/a>\r\n\t\t\t  <\/div>\r\n       <\/div>\r\n<\/div>\n<p>&nbsp;<\/p>\n<p>&nbsp;<\/p>\n<p>&nbsp;<\/p>\n<p>&nbsp;<\/p>\n<p>&nbsp;<\/p>\n<p>&nbsp;<\/p>\n<p>&nbsp;<\/p>\n","protected":false},"excerpt":{"rendered":"<p>Aqu\u00ed trobareu els materials relacionats amb les jornades de transfer\u00e8ncia:<\/p>\n","protected":false},"author":1,"featured_media":0,"parent":0,"menu_order":0,"comment_status":"closed","ping_status":"closed","template":"","meta":{"_bbp_topic_count":0,"_bbp_reply_count":0,"_bbp_total_topic_count":0,"_bbp_total_reply_count":0,"_bbp_voice_count":0,"_bbp_anonymous_reply_count":0,"_bbp_topic_count_hidden":0,"_bbp_reply_count_hidden":0,"_bbp_forum_subforum_count":0,"footnotes":""},"class_list":["post-8327","page","type-page","status-publish","hentry"],"post_mailing_queue_ids":[],"_links":{"self":[{"href":"https:\/\/projectes.xtec.cat\/cete\/wp-json\/wp\/v2\/pages\/8327","targetHints":{"allow":["GET"]}}],"collection":[{"href":"https:\/\/projectes.xtec.cat\/cete\/wp-json\/wp\/v2\/pages"}],"about":[{"href":"https:\/\/projectes.xtec.cat\/cete\/wp-json\/wp\/v2\/types\/page"}],"author":[{"embeddable":true,"href":"https:\/\/projectes.xtec.cat\/cete\/wp-json\/wp\/v2\/users\/1"}],"replies":[{"embeddable":true,"href":"https:\/\/projectes.xtec.cat\/cete\/wp-json\/wp\/v2\/comments?post=8327"}],"version-history":[{"count":7,"href":"https:\/\/projectes.xtec.cat\/cete\/wp-json\/wp\/v2\/pages\/8327\/revisions"}],"predecessor-version":[{"id":11021,"href":"https:\/\/projectes.xtec.cat\/cete\/wp-json\/wp\/v2\/pages\/8327\/revisions\/11021"}],"wp:attachment":[{"href":"https:\/\/projectes.xtec.cat\/cete\/wp-json\/wp\/v2\/media?parent=8327"}],"curies":[{"name":"wp","href":"https:\/\/api.w.org\/{rel}","templated":true}]}}