{"id":8342,"date":"2022-02-02T16:08:26","date_gmt":"2022-02-02T15:08:26","guid":{"rendered":"https:\/\/projectes.xtec.cat\/cete\/?page_id=8342"},"modified":"2023-12-03T18:39:47","modified_gmt":"2023-12-03T17:39:47","slug":"concurs-de-logos","status":"publish","type":"page","link":"https:\/\/projectes.xtec.cat\/cete\/concurs-de-logos\/","title":{"rendered":"Concurs de Logotips"},"content":{"rendered":"<p><strong>CETE+ : <i>Concurs de logotips<\/i><\/strong><\/p>\n<p>L&#8217;equip impulsor del projecte europeu CETE+ busca un logotip que l&#8217;identifiqui.<\/p>\n<p>Amb l&#8217;objectiu de fer participar a tots els centres educatius que formen part del projecte, l&#8217;equip impulsor convoca un concurs per crear de manera col\u00b7laborativa aquest logotip que s&#8217;utilitzar\u00e0 en tots els documents i webs del projecte.<\/p>\n<p><strong>Objectius i contingut<\/strong><\/p>\n<p>L&#8217;objectiu del concurs \u00e9s triar el logotip que millor reflecteixi els temes principals del projecte CETE+: aprenentatge col\u00b7laboratiu, compet\u00e8ncies digitals, comunitats educatives internacionals, compet\u00e8ncies pluriling\u00fces i multiculturals, sostenibilitat i transformaci\u00f3 educativa.<\/p>\n<p>Aqu\u00ed podeu trobar el resum de les bases del concurs en <a href=\"https:\/\/groups.etwinning.net\/files\/collabspace\/3\/23\/723\/186723\/files\/c39a192a0.pdf\"><strong>angl\u00e8s<\/strong><\/a> o en <a href=\"https:\/\/groups.etwinning.net\/files\/collabspace\/3\/23\/723\/186723\/files\/bfb14ceaa.pdf\"><strong>catal\u00e0<\/strong><\/a>.<\/p>\n","protected":false},"excerpt":{"rendered":"<p>CETE+ : Concurs de logotips<br \/>\nL&#8217;equip impulsor del projecte europeu CETE+ busca un logotip que l&#8217;identifiqui.<br \/>\nAmb l&#8217;objectiu de fer participar a tots els centres educatius que formen part del projecte, l&#8217;equip impulsor convoca un concurs per crear de manera col\u00b7laborativa aquest logotip que s&#8217;utilitzar\u00e0 en tots&hellip;  <a href=\"https:\/\/projectes.xtec.cat\/cete\/concurs-de-logos\/\" title=\"Read Concurs de Logotips\">Llegeix m\u00e9s\u00bb<\/a><\/p>\n","protected":false},"author":1,"featured_media":0,"parent":0,"menu_order":0,"comment_status":"closed","ping_status":"closed","template":"page-templates\/side-menu.php","meta":{"_bbp_topic_count":0,"_bbp_reply_count":0,"_bbp_total_topic_count":0,"_bbp_total_reply_count":0,"_bbp_voice_count":0,"_bbp_anonymous_reply_count":0,"_bbp_topic_count_hidden":0,"_bbp_reply_count_hidden":0,"_bbp_forum_subforum_count":0,"footnotes":""},"class_list":["post-8342","page","type-page","status-publish","hentry"],"post_mailing_queue_ids":[],"_links":{"self":[{"href":"https:\/\/projectes.xtec.cat\/cete\/wp-json\/wp\/v2\/pages\/8342","targetHints":{"allow":["GET"]}}],"collection":[{"href":"https:\/\/projectes.xtec.cat\/cete\/wp-json\/wp\/v2\/pages"}],"about":[{"href":"https:\/\/projectes.xtec.cat\/cete\/wp-json\/wp\/v2\/types\/page"}],"author":[{"embeddable":true,"href":"https:\/\/projectes.xtec.cat\/cete\/wp-json\/wp\/v2\/users\/1"}],"replies":[{"embeddable":true,"href":"https:\/\/projectes.xtec.cat\/cete\/wp-json\/wp\/v2\/comments?post=8342"}],"version-history":[{"count":3,"href":"https:\/\/projectes.xtec.cat\/cete\/wp-json\/wp\/v2\/pages\/8342\/revisions"}],"predecessor-version":[{"id":8759,"href":"https:\/\/projectes.xtec.cat\/cete\/wp-json\/wp\/v2\/pages\/8342\/revisions\/8759"}],"wp:attachment":[{"href":"https:\/\/projectes.xtec.cat\/cete\/wp-json\/wp\/v2\/media?parent=8342"}],"curies":[{"name":"wp","href":"https:\/\/api.w.org\/{rel}","templated":true}]}}