{"id":8557,"date":"2022-03-21T10:10:57","date_gmt":"2022-03-21T09:10:57","guid":{"rendered":"https:\/\/projectes.xtec.cat\/cete\/?page_id=8557"},"modified":"2023-12-03T20:01:19","modified_gmt":"2023-12-03T19:01:19","slug":"participants-2","status":"publish","type":"page","link":"https:\/\/projectes.xtec.cat\/cete\/participants-2\/","title":{"rendered":"Equips de Treball (microconsorcis)"},"content":{"rendered":"<div class=\"flip-card\" style=\"float: left; padding-right: 5px;width:300px;height:px !important'\">\r\n          <div class=\"flip-card-inner\"'>\r\n              <div class=\"flip-card-front\">\r\n\t\t\t     <h3>PRODOC<\/h3>\r\n                 <img decoding=\"async\" src=\"https:\/\/projectes.xtec.cat\/cete\/wp-content\/uploads\/usu2644\/2022\/05\/Prodoc-e1651490850982.png\" alt=\"\" \/>\r\n              <\/div>\r\n\t\t\t  <div class=\"flip-card-back\">\r\n\t\t\t\t  <h3>PRODOC<\/h3>\r\n\t\t\t\t  <p>Desenvolupament professional docent en els centres<\/p>\r\n\t\t\t\t  <a class='flip-card-button' style='background-color:' target=\"_blank\" href=\"https:\/\/projectes.xtec.cat\/cete\/categoria\/prodoc\/\" rel=\"noopener noreferrer\">Saber-ne m\u00e9s...<\/a>\r\n\t\t\t  <\/div>\r\n       <\/div>\r\n<\/div>\n<div class=\"flip-card\" style=\"float: left; padding-right: 5px;width:300px;height:px !important'\">\r\n          <div class=\"flip-card-inner\"'>\r\n              <div class=\"flip-card-front\">\r\n\t\t\t     <h3>SteamCat4.0<\/h3>\r\n                 <img decoding=\"async\" src=\"https:\/\/projectes.xtec.cat\/cete\/wp-content\/uploads\/usu2644\/2022\/03\/grup.png\" alt=\"\" \/>\r\n              <\/div>\r\n\t\t\t  <div class=\"flip-card-back\">\r\n\t\t\t\t  <h3>SteamCat4.0<\/h3>\r\n\t\t\t\t  <p>Programa STEAM<\/p>\r\n\t\t\t\t  <a class='flip-card-button' style='background-color:' target=\"_blank\" href=\"https:\/\/projectes.xtec.cat\/cete\/categoria\/sc4\/\" rel=\"noopener noreferrer\">Saber-ne m\u00e9s...<\/a>\r\n\t\t\t  <\/div>\r\n       <\/div>\r\n<\/div>\n<div class=\"flip-card\" style=\"float: left; padding-right: 5px;width:300px;height:px !important'\">\r\n          <div class=\"flip-card-inner\"'>\r\n              <div class=\"flip-card-front\">\r\n\t\t\t     <h3>MATE<\/h3>\r\n                 <img decoding=\"async\" src=\"https:\/\/projectes.xtec.cat\/cete\/wp-content\/uploads\/usu2644\/2022\/06\/LogoMatetrans2-300x72-1.png\" alt=\"\" \/>\r\n              <\/div>\r\n\t\t\t  <div class=\"flip-card-back\">\r\n\t\t\t\t  <h3>MATE<\/h3>\r\n\t\t\t\t  <p>Marc per a la transformaci\u00f3 educativa<\/p>\r\n\t\t\t\t  <a class='flip-card-button' style='background-color:' target=\"_blank\" href=\"https:\/\/projectes.xtec.cat\/cete\/categoria\/mate\/\" rel=\"noopener noreferrer\">Saber-ne m\u00e9s...<\/a>\r\n\t\t\t  <\/div>\r\n       <\/div>\r\n<\/div>\n<div class=\"flip-card\" style=\"float: left; padding-right: 5px;width:300px;height:px !important'\">\r\n          <div class=\"flip-card-inner\"'>\r\n              <div class=\"flip-card-front\">\r\n\t\t\t     <h3>AEA<\/h3>\r\n                 <img decoding=\"async\" src=\"https:\/\/projectes.xtec.cat\/cete\/wp-content\/uploads\/usu2644\/2022\/05\/AEA-LOGO-2-1.jpg\" alt=\"\" \/>\r\n              <\/div>\r\n\t\t\t  <div class=\"flip-card-back\">\r\n\t\t\t\t  <h3>AEA<\/h3>\r\n\t\t\t\t  <p>Aprendre a l'escola que apr\u00e8n<\/p>\r\n\t\t\t\t  <a class='flip-card-button' style='background-color:' target=\"_blank\" href=\"https:\/\/projectes.xtec.cat\/cete\/categoria\/aea\/\" rel=\"noopener noreferrer\">Saber-ne m\u00e9s...<\/a>\r\n\t\t\t  <\/div>\r\n       <\/div>\r\n<\/div>\n<div class=\"flip-card\" style=\"float: left; padding-right: 5px;width:300px;height:px !important'\">\r\n          <div class=\"flip-card-inner\"'>\r\n              <div class=\"flip-card-front\">\r\n\t\t\t     <h3>TATEE<\/h3>\r\n                 <img decoding=\"async\" src=\"https:\/\/projectes.xtec.cat\/cete\/wp-content\/uploads\/usu2644\/2022\/05\/TATEE.png\" alt=\"\" \/>\r\n              <\/div>\r\n\t\t\t  <div class=\"flip-card-back\">\r\n\t\t\t\t  <h3>TATEE<\/h3>\r\n\t\t\t\t  <p>Transformaci\u00f3 i Ampliaci\u00f3 de Temps i Espais Educatius<\/p>\r\n\t\t\t\t  <a class='flip-card-button' style='background-color:' target=\"_blank\" href=\"https:\/\/projectes.xtec.cat\/cete\/categoria\/tatee\/\" rel=\"noopener noreferrer\">Saber-ne m\u00e9s...<\/a>\r\n\t\t\t  <\/div>\r\n       <\/div>\r\n<\/div>\n<div class=\"flip-card\" style=\"float: left; padding-right: 5px;width:300px;height:px !important'\">\r\n          <div class=\"flip-card-inner\"'>\r\n              <div class=\"flip-card-front\">\r\n\t\t\t     <h3>IA<\/h3>\r\n                 <img decoding=\"async\" src=\"https:\/\/projectes.xtec.cat\/cete\/wp-content\/uploads\/usu2644\/2022\/05\/IA-scaled.jpg\" alt=\"\" \/>\r\n              <\/div>\r\n\t\t\t  <div class=\"flip-card-back\">\r\n\t\t\t\t  <h3>IA<\/h3>\r\n\t\t\t\t  <p>Innovaci\u00f3 Avan\u00e7ada<\/p>\r\n\t\t\t\t  <a class='flip-card-button' style='background-color:' target=\"_blank\" href=\"https:\/\/projectes.xtec.cat\/cete\/categoria\/ia\/\" rel=\"noopener noreferrer\">Saber-ne m\u00e9s...<\/a>\r\n\t\t\t  <\/div>\r\n       <\/div>\r\n<\/div>\n<p>&nbsp;<\/p>\n<div class=\"flip-card\" style=\"float: left; padding-right: 5px;width:300px;height:900px !important'\">\r\n          <div class=\"flip-card-inner\"'>\r\n              <div class=\"flip-card-front\">\r\n\t\t\t     <h3>EMAILC<\/h3>\r\n                 <img decoding=\"async\" src=\"https:\/\/projectes.xtec.cat\/cete\/wp-content\/uploads\/usu2644\/2022\/05\/emailc.jpg\" alt=\"\" \/>\r\n              <\/div>\r\n\t\t\t  <div class=\"flip-card-back\">\r\n\t\t\t\t  <h3>EMAILC<\/h3>\r\n\t\t\t\t  <p>Enfocaments metodol\u00f2gics per a l'aprenentatge integrat de lleng\u00fces i de lleng\u00fces i continguts<\/p>\r\n\t\t\t\t  <a class='flip-card-button' style='background-color:' target=\"_blank\" href=\"https:\/\/projectes.xtec.cat\/cete\/categoria\/emailc\/\" rel=\"noopener noreferrer\">Saber-ne m\u00e9s...<\/a>\r\n\t\t\t  <\/div>\r\n       <\/div>\r\n<\/div>\n<div class=\"flip-card\" style=\"float: left; padding-right: 5px;width:300px;height:900px !important'\">\r\n          <div class=\"flip-card-inner\"'>\r\n              <div class=\"flip-card-front\">\r\n\t\t\t     <h3>ESAM-TILC<\/h3>\r\n                 <img decoding=\"async\" src=\"https:\/\/projectes.xtec.cat\/cete\/wp-content\/uploads\/usu2644\/2022\/05\/Logo-MCESAMTILC.2-500-\u00d7-300-px-2-1.png\" alt=\"\" \/>\r\n              <\/div>\r\n\t\t\t  <div class=\"flip-card-back\">\r\n\t\t\t\t  <h3>ESAM-TILC<\/h3>\r\n\t\t\t\t  <p>Estrat\u00e8gies de suport a l\u2019alumnat d\u2019origen estranger en totes les \u00e0rees i mat\u00e8ries<\/p>\r\n\t\t\t\t  <a class='flip-card-button' style='background-color:' target=\"_blank\" href=\"https:\/\/projectes.xtec.cat\/cete\/categoria\/esam\/\" rel=\"noopener noreferrer\">Saber-ne m\u00e9s...<\/a>\r\n\t\t\t  <\/div>\r\n       <\/div>\r\n<\/div>\n<div class=\"flip-card\" style=\"float: left; padding-right: 5px;width:300px;height:900px !important'\">\r\n          <div class=\"flip-card-inner\"'>\r\n              <div class=\"flip-card-front\">\r\n\t\t\t     <h3>PuntEdu<\/h3>\r\n                 <img decoding=\"async\" src=\"https:\/\/projectes.xtec.cat\/cete\/wp-content\/uploads\/usu2644\/2022\/05\/Nodes-CETE-McPuntedu.png\" alt=\"\" \/>\r\n              <\/div>\r\n\t\t\t  <div class=\"flip-card-back\">\r\n\t\t\t\t  <h3>PuntEdu<\/h3>\r\n\t\t\t\t  <p>Biblioteca escolar<\/p>\r\n\t\t\t\t  <a class='flip-card-button' style='background-color:' target=\"_blank\" href=\"https:\/\/projectes.xtec.cat\/cete\/categoria\/puntedu\/\" rel=\"noopener noreferrer\">Saber-ne m\u00e9s...<\/a>\r\n\t\t\t  <\/div>\r\n       <\/div>\r\n<\/div>\n<div class=\"flip-card\" style=\"float: left; padding-right: 5px;width:300px;height:900px !important'\">\r\n          <div class=\"flip-card-inner\"'>\r\n              <div class=\"flip-card-front\">\r\n\t\t\t     <h3>MALD<\/h3>\r\n                 <img decoding=\"async\" src=\"https:\/\/projectes.xtec.cat\/cete\/wp-content\/uploads\/usu2644\/2022\/05\/MALD.jpg\" alt=\"\" \/>\r\n              <\/div>\r\n\t\t\t  <div class=\"flip-card-back\">\r\n\t\t\t\t  <h3>MALD<\/h3>\r\n\t\t\t\t  <p>Mobilitat de llarga durada per a l\u2019aprenentatge de lleng\u00fces estrangeres<\/p>\r\n\t\t\t\t  <a class='flip-card-button' style='background-color:' target=\"_blank\" href=\"https:\/\/projectes.xtec.cat\/cete\/categoria\/mald\/\" rel=\"noopener noreferrer\">Saber-ne m\u00e9s...<\/a>\r\n\t\t\t  <\/div>\r\n       <\/div>\r\n<\/div>\n<div class=\"flip-card\" style=\"float: left; padding-right: 5px;width:300px;height:900px !important'\">\r\n          <div class=\"flip-card-inner\"'>\r\n              <div class=\"flip-card-front\">\r\n\t\t\t     <h3>APRB<\/h3>\r\n                 <img decoding=\"async\" src=\"https:\/\/projectes.xtec.cat\/cete\/wp-content\/uploads\/usu2644\/2022\/05\/APRB-1-1.jpg\" alt=\"\" \/>\r\n              <\/div>\r\n\t\t\t  <div class=\"flip-card-back\">\r\n\t\t\t\t  <h3>APRB<\/h3>\r\n\t\t\t\t  <p>#aquiproubullying<\/p>\r\n\t\t\t\t  <a class='flip-card-button' style='background-color:' target=\"_blank\" href=\"https:\/\/projectes.xtec.cat\/cete\/categoria\/aprb\/\" rel=\"noopener noreferrer\">Saber-ne m\u00e9s...<\/a>\r\n\t\t\t  <\/div>\r\n       <\/div>\r\n<\/div>\n<div class=\"flip-card\" style=\"float: left; padding-right: 5px;width:300px;height:900px !important'\">\r\n          <div class=\"flip-card-inner\"'>\r\n              <div class=\"flip-card-front\">\r\n\t\t\t     <h3>MobEdu<\/h3>\r\n                 <img decoding=\"async\" src=\"https:\/\/projectes.xtec.cat\/cete\/wp-content\/uploads\/usu2644\/2022\/05\/mobilsedu_1.png\" alt=\"\" \/>\r\n              <\/div>\r\n\t\t\t  <div class=\"flip-card-back\">\r\n\t\t\t\t  <h3>MobEdu<\/h3>\r\n\t\t\t\t  <p>M\u00f2bil.Edu<\/p>\r\n\t\t\t\t  <a class='flip-card-button' style='background-color:' target=\"_blank\" href=\"https:\/\/projectes.xtec.cat\/cete\/categoria\/mobedu\/\" rel=\"noopener noreferrer\">Saber-ne m\u00e9s...<\/a>\r\n\t\t\t  <\/div>\r\n       <\/div>\r\n<\/div>\n<div class=\"flip-card\" style=\"float: left; padding-right: 5px;width:300px;height:900px !important'\">\r\n          <div class=\"flip-card-inner\"'>\r\n              <div class=\"flip-card-front\">\r\n\t\t\t     <h3>SECO<\/h3>\r\n                 <img decoding=\"async\" src=\"https:\/\/projectes.xtec.cat\/cete\/wp-content\/uploads\/usu2644\/2022\/05\/imatge-SECO-2.png\" alt=\"\" \/>\r\n              <\/div>\r\n\t\t\t  <div class=\"flip-card-back\">\r\n\t\t\t\t  <h3>SECO<\/h3>\r\n\t\t\t\t  <p>Servei Comunitari<\/p>\r\n\t\t\t\t  <a class='flip-card-button' style='background-color:' target=\"_blank\" href=\"https:\/\/projectes.xtec.cat\/cete\/categoria\/seco\/\" rel=\"noopener noreferrer\">Saber-ne m\u00e9s...<\/a>\r\n\t\t\t  <\/div>\r\n       <\/div>\r\n<\/div>\n<div class=\"flip-card\" style=\"float: left; padding-right: 5px;width:300px;height:900px !important'\">\r\n          <div class=\"flip-card-inner\"'>\r\n              <div class=\"flip-card-front\">\r\n\t\t\t     <h3>MCEI<\/h3>\r\n                 <img decoding=\"async\" src=\"https:\/\/projectes.xtec.cat\/cete\/wp-content\/uploads\/usu2644\/2022\/05\/Miniconsorci-dEducacio-inclusica-1.jpg\" alt=\"\" \/>\r\n              <\/div>\r\n\t\t\t  <div class=\"flip-card-back\">\r\n\t\t\t\t  <h3>MCEI<\/h3>\r\n\t\t\t\t  <p>Aplicaci\u00f3 de mesures i suports universals a l\u2019aula<\/p>\r\n\t\t\t\t  <a class='flip-card-button' style='background-color:' target=\"_blank\" href=\"https:\/\/projectes.xtec.cat\/cete\/categoria\/mcei\/\" rel=\"noopener noreferrer\">Saber-ne m\u00e9s...<\/a>\r\n\t\t\t  <\/div>\r\n       <\/div>\r\n<\/div>\n","protected":false},"excerpt":{"rendered":"<p>\t\t\t     MATE<br \/>\n               &hellip;  <a href=\"https:\/\/projectes.xtec.cat\/cete\/participants-2\/\" title=\"Read Equips de Treball (microconsorcis)\">Llegeix m\u00e9s\u00bb<\/a><\/p>\n","protected":false},"author":1,"featured_media":0,"parent":0,"menu_order":0,"comment_status":"closed","ping_status":"closed","template":"","meta":{"_bbp_topic_count":0,"_bbp_reply_count":0,"_bbp_total_topic_count":0,"_bbp_total_reply_count":0,"_bbp_voice_count":0,"_bbp_anonymous_reply_count":0,"_bbp_topic_count_hidden":0,"_bbp_reply_count_hidden":0,"_bbp_forum_subforum_count":0,"footnotes":""},"class_list":["post-8557","page","type-page","status-publish","hentry"],"post_mailing_queue_ids":[],"_links":{"self":[{"href":"https:\/\/projectes.xtec.cat\/cete\/wp-json\/wp\/v2\/pages\/8557","targetHints":{"allow":["GET"]}}],"collection":[{"href":"https:\/\/projectes.xtec.cat\/cete\/wp-json\/wp\/v2\/pages"}],"about":[{"href":"https:\/\/projectes.xtec.cat\/cete\/wp-json\/wp\/v2\/types\/page"}],"author":[{"embeddable":true,"href":"https:\/\/projectes.xtec.cat\/cete\/wp-json\/wp\/v2\/users\/1"}],"replies":[{"embeddable":true,"href":"https:\/\/projectes.xtec.cat\/cete\/wp-json\/wp\/v2\/comments?post=8557"}],"version-history":[{"count":11,"href":"https:\/\/projectes.xtec.cat\/cete\/wp-json\/wp\/v2\/pages\/8557\/revisions"}],"predecessor-version":[{"id":10712,"href":"https:\/\/projectes.xtec.cat\/cete\/wp-json\/wp\/v2\/pages\/8557\/revisions\/10712"}],"wp:attachment":[{"href":"https:\/\/projectes.xtec.cat\/cete\/wp-json\/wp\/v2\/media?parent=8557"}],"curies":[{"name":"wp","href":"https:\/\/api.w.org\/{rel}","templated":true}]}}