{"id":8697,"date":"2022-03-23T12:11:17","date_gmt":"2022-03-23T11:11:17","guid":{"rendered":"https:\/\/projectes.xtec.cat\/cete\/?page_id=8697"},"modified":"2022-07-19T11:00:45","modified_gmt":"2022-07-19T09:00:45","slug":"els-nostres-centres-prodoc","status":"publish","type":"page","link":"https:\/\/projectes.xtec.cat\/cete\/els-nostres-centres-prodoc\/","title":{"rendered":"Els nostres centres PRODOC"},"content":{"rendered":"<p>Des del curs 2021 i fins al 2027, es desenvolupar\u00e0 el CETE+<\/p>\n<p>Durant aquest per\u00edode en el qual participen diferents centres formadors, amb una durada de 15 mesos cada centre desenvolupar\u00e0 les accions per assolir els objectius plantejats a l&#8217;Educaci\u00f3 Obligat\u00f2ria Secund\u00e0ria.<\/p>\n<p><strong>Centres participants<\/strong><\/p>\n<p>En la convocat\u00f2ria del curs 2021-2023 hi participen els seg\u00fcents centres:<\/p>\n<p>08035325 Institut Torrent de les Bruixes, Santa Coloma de Gramanet<\/p>\n<p>17008951 Institut de Ma\u00e7anet de la Selva, Ma\u00e7anet de la Selva<\/p>\n<p>43007661 Institut Ramon de la Torre, Torredembarra<\/p>\n<p>08047364 Institut Joan Mercader, Igualada<\/p>\n<p>08053091 Institut El Foix, Santa Margarida i els Monjos<\/p>\n<p>&nbsp;<\/p>\n","protected":false},"excerpt":{"rendered":"<p>Des del curs 2021 i fins al 2027, es desenvolupar\u00e0 el CETE+<br \/>\nDurant aquest per\u00edode en el qual participen diferents centres formadors, amb una durada de 15 mesos cada centre desenvolupar\u00e0 les accions per assolir els objectius plantejats a l&#8217;Educaci\u00f3 Obligat\u00f2ria Secund\u00e0ria.<br \/>\nCentres participants<br \/>\nEn la convocat\u00f2ria del&hellip;  <a href=\"https:\/\/projectes.xtec.cat\/cete\/els-nostres-centres-prodoc\/\" title=\"Read Els nostres centres PRODOC\">Llegeix m\u00e9s\u00bb<\/a><\/p>\n","protected":false},"author":1,"featured_media":0,"parent":0,"menu_order":0,"comment_status":"closed","ping_status":"closed","template":"","meta":{"_bbp_topic_count":0,"_bbp_reply_count":0,"_bbp_total_topic_count":0,"_bbp_total_reply_count":0,"_bbp_voice_count":0,"_bbp_anonymous_reply_count":0,"_bbp_topic_count_hidden":0,"_bbp_reply_count_hidden":0,"_bbp_forum_subforum_count":0,"footnotes":""},"class_list":["post-8697","page","type-page","status-publish","hentry"],"post_mailing_queue_ids":[],"_links":{"self":[{"href":"https:\/\/projectes.xtec.cat\/cete\/wp-json\/wp\/v2\/pages\/8697","targetHints":{"allow":["GET"]}}],"collection":[{"href":"https:\/\/projectes.xtec.cat\/cete\/wp-json\/wp\/v2\/pages"}],"about":[{"href":"https:\/\/projectes.xtec.cat\/cete\/wp-json\/wp\/v2\/types\/page"}],"author":[{"embeddable":true,"href":"https:\/\/projectes.xtec.cat\/cete\/wp-json\/wp\/v2\/users\/1"}],"replies":[{"embeddable":true,"href":"https:\/\/projectes.xtec.cat\/cete\/wp-json\/wp\/v2\/comments?post=8697"}],"version-history":[{"count":2,"href":"https:\/\/projectes.xtec.cat\/cete\/wp-json\/wp\/v2\/pages\/8697\/revisions"}],"predecessor-version":[{"id":9339,"href":"https:\/\/projectes.xtec.cat\/cete\/wp-json\/wp\/v2\/pages\/8697\/revisions\/9339"}],"wp:attachment":[{"href":"https:\/\/projectes.xtec.cat\/cete\/wp-json\/wp\/v2\/media?parent=8697"}],"curies":[{"name":"wp","href":"https:\/\/api.w.org\/{rel}","templated":true}]}}