{"id":8724,"date":"2022-03-23T13:00:44","date_gmt":"2022-03-23T12:00:44","guid":{"rendered":"https:\/\/projectes.xtec.cat\/cete\/?page_id=8724"},"modified":"2024-02-29T13:33:29","modified_gmt":"2024-02-29T12:33:29","slug":"els-nostres-centres-mcei","status":"publish","type":"page","link":"https:\/\/projectes.xtec.cat\/cete\/els-nostres-centres-mcei\/","title":{"rendered":"Els nostres centres MCEI"},"content":{"rendered":"<h3>Centres participants<\/h3>\n<p><strong>Projecte 21<\/strong><\/p>\n<ul>\n<li>Escola Llebetx, Vilanova i la Geltr\u00fa<\/li>\n<li>Escola Lacust\u00e0ria, Llagostera<\/li>\n<li>Escola Abat Oliba, Cornell\u00e0 de Llobregat<\/li>\n<li>Escola Ant\u00f2nia Sim\u00f3 i Arn\u00f3, Almacelles<\/li>\n<li>INS Francesc Ribalta, Solsona<\/li>\n<li>INS Baix a Mar, Vilanova i la Geltr\u00fa<\/li>\n<li>INS Constant\u00ed, Constant\u00ed<\/li>\n<\/ul>\n<p><strong>Projecte 22<\/strong><\/p>\n<ul>\n<li>Escola Lacust\u00e0ria, Llagostera<\/li>\n<li>Escola Abat Oliba, Cornell\u00e0 de Llobregat<\/li>\n<li>Escola Ant\u00f2nia Sim\u00f3 i Arn\u00f3, Almacelles<\/li>\n<li>INS Francesc Ribalta, Solsona<\/li>\n<li>INS Baix a Mar, Vilanova i la Geltr\u00fa<\/li>\n<\/ul>\n<p><strong>Projecte 23<\/strong><\/p>\n<ul>\n<li>Escola Valldeflors, Tremp<\/li>\n<li>Escola Eugeni d&#8217;Ors, Valls<\/li>\n<li>Escola Fluvi\u00e0, Barcelona<\/li>\n<\/ul>\n<p>&nbsp;<\/p>\n","protected":false},"excerpt":{"rendered":"<p>Centres participants<br \/>\nProjecte 21<\/p>\n<ul>\n<li>Escola Llebetx, Vilanova i la Geltr\u00fa<\/li>\n<li>Escola Lacust\u00e0ria, Llagostera<\/li>\n<li>Escola Abat Oliba, Cornell\u00e0 de Llobregat<\/li>\n<li>Escola Ant\u00f2nia Sim\u00f3 i Arn\u00f3, Almacelles<\/li>\n<li>INS Francesc Ribalta, Solsona<\/li>\n<li>INS Baix a Mar, Vilanova i la Geltr\u00fa<\/li>\n<li>INS Constant\u00ed, Constant\u00ed<\/li>\n<\/ul>\n<p>Projecte 22<\/p>\n<ul>\n<li>Escola Lacust\u00e0ria, Llagostera<\/li>\n<li>Escola Abat Oliba, Cornell\u00e0 de Llobregat<\/li>\n<li>Escola Ant\u00f2nia Sim\u00f3 i Arn\u00f3, Almacelles<\/li>\n<li>INS&hellip;  <a href=\"https:\/\/projectes.xtec.cat\/cete\/els-nostres-centres-mcei\/\" title=\"Read Els nostres centres MCEI\">Llegeix m\u00e9s\u00bb<\/a><br \/>\n","protected":false},"author":1,"featured_media":0,"parent":0,"menu_order":0,"comment_status":"closed","ping_status":"closed","template":"","meta":{"_bbp_topic_count":0,"_bbp_reply_count":0,"_bbp_total_topic_count":0,"_bbp_total_reply_count":0,"_bbp_voice_count":0,"_bbp_anonymous_reply_count":0,"_bbp_topic_count_hidden":0,"_bbp_reply_count_hidden":0,"_bbp_forum_subforum_count":0,"footnotes":""},"class_list":["post-8724","page","type-page","status-publish","hentry"],"post_mailing_queue_ids":[],"_links":{"self":[{"href":"https:\/\/projectes.xtec.cat\/cete\/wp-json\/wp\/v2\/pages\/8724","targetHints":{"allow":["GET"]}}],"collection":[{"href":"https:\/\/projectes.xtec.cat\/cete\/wp-json\/wp\/v2\/pages"}],"about":[{"href":"https:\/\/projectes.xtec.cat\/cete\/wp-json\/wp\/v2\/types\/page"}],"author":[{"embeddable":true,"href":"https:\/\/projectes.xtec.cat\/cete\/wp-json\/wp\/v2\/users\/1"}],"replies":[{"embeddable":true,"href":"https:\/\/projectes.xtec.cat\/cete\/wp-json\/wp\/v2\/comments?post=8724"}],"version-history":[{"count":3,"href":"https:\/\/projectes.xtec.cat\/cete\/wp-json\/wp\/v2\/pages\/8724\/revisions"}],"predecessor-version":[{"id":10293,"href":"https:\/\/projectes.xtec.cat\/cete\/wp-json\/wp\/v2\/pages\/8724\/revisions\/10293"}],"wp:attachment":[{"href":"https:\/\/projectes.xtec.cat\/cete\/wp-json\/wp\/v2\/media?parent=8724"}],"curies":[{"name":"wp","href":"https:\/\/api.w.org\/{rel}","templated":true}]}}