{"id":8820,"date":"2022-05-02T13:44:47","date_gmt":"2022-05-02T11:44:47","guid":{"rendered":"https:\/\/projectes.xtec.cat\/cete\/?page_id=8820"},"modified":"2022-07-19T10:31:17","modified_gmt":"2022-07-19T08:31:17","slug":"objectius-prodoc","status":"publish","type":"page","link":"https:\/\/projectes.xtec.cat\/cete\/objectius-prodoc\/","title":{"rendered":"Objectius PRODOC"},"content":{"rendered":"<p><strong>Objectius espec\u00edfics del Programa MUFPS\u00a0<\/strong><\/p>\n<p>De manera espec\u00edfica el Programa MUFPS persegueix:<\/p>\n<ol>\n<li>Proporcionar un marc de compet\u00e8ncia professional docent.<\/li>\n<li>Implementar, analitzar i avaluar diferents models de desenvolupament professional com: col\u00b7laboraci\u00f3 professional, &#8220;lesson study&#8221;, comunitats de pr\u00e0ctiques professionals, xarxes professionals, observaci\u00f3 entre iguals, models d\u2019indagaci\u00f3 i recerca, recerca i acci\u00f3, modelatge, coaching, assessorament, facilitaci\u00f3, tutoria i professorat formador expert.<\/li>\n<li>Crear comunitat de pr\u00e0ctica entre centres educatius i universitats mitjan\u00e7ant plans de treball compartits, per construir coneixement en relaci\u00f3 a la inducci\u00f3 en la doc\u00e8ncia.<\/li>\n<li>Construir una cultura de centre formador com espai d\u2019aprenentatge on els estudiants puguin veure i practicar en totes les dimensions de l\u2019acci\u00f3 educativa.<\/li>\n<li>Apoderar a l\u2019estudiant en pr\u00e0ctiques i al professorat novell en fonamentar la seva pr\u00e0ctica docent en l\u2019educaci\u00f3 informada en evid\u00e8ncies cient\u00edfiques.<\/li>\n<li>Establir una cultura d\u2019avaluaci\u00f3 i evid\u00e8ncies d\u2019impacte en relaci\u00f3 a la inducci\u00f3 en la doc\u00e8ncia.<\/li>\n<\/ol>\n","protected":false},"excerpt":{"rendered":"<p>Objectius espec\u00edfics del Programa MUFPS\u00a0<br \/>\nDe manera espec\u00edfica el Programa MUFPS persegueix:<\/p>\n<ol>\n<li>Proporcionar un marc de compet\u00e8ncia professional docent.<\/li>\n<li>Implementar, analitzar i avaluar diferents models de desenvolupament professional com: col\u00b7laboraci\u00f3 professional, &#8220;lesson study&#8221;, comunitats de pr\u00e0ctiques professionals, xarxes professionals, observaci\u00f3 entre iguals, models d\u2019indagaci\u00f3 i recerca, recerca i&hellip;  <a href=\"https:\/\/projectes.xtec.cat\/cete\/objectius-prodoc\/\" title=\"Read Objectius PRODOC\">Llegeix m\u00e9s\u00bb<\/a><br \/>\n","protected":false},"author":1,"featured_media":0,"parent":0,"menu_order":0,"comment_status":"closed","ping_status":"closed","template":"","meta":{"_bbp_topic_count":0,"_bbp_reply_count":0,"_bbp_total_topic_count":0,"_bbp_total_reply_count":0,"_bbp_voice_count":0,"_bbp_anonymous_reply_count":0,"_bbp_topic_count_hidden":0,"_bbp_reply_count_hidden":0,"_bbp_forum_subforum_count":0,"footnotes":""},"class_list":["post-8820","page","type-page","status-publish","hentry"],"post_mailing_queue_ids":[],"_links":{"self":[{"href":"https:\/\/projectes.xtec.cat\/cete\/wp-json\/wp\/v2\/pages\/8820","targetHints":{"allow":["GET"]}}],"collection":[{"href":"https:\/\/projectes.xtec.cat\/cete\/wp-json\/wp\/v2\/pages"}],"about":[{"href":"https:\/\/projectes.xtec.cat\/cete\/wp-json\/wp\/v2\/types\/page"}],"author":[{"embeddable":true,"href":"https:\/\/projectes.xtec.cat\/cete\/wp-json\/wp\/v2\/users\/1"}],"replies":[{"embeddable":true,"href":"https:\/\/projectes.xtec.cat\/cete\/wp-json\/wp\/v2\/comments?post=8820"}],"version-history":[{"count":3,"href":"https:\/\/projectes.xtec.cat\/cete\/wp-json\/wp\/v2\/pages\/8820\/revisions"}],"predecessor-version":[{"id":9327,"href":"https:\/\/projectes.xtec.cat\/cete\/wp-json\/wp\/v2\/pages\/8820\/revisions\/9327"}],"wp:attachment":[{"href":"https:\/\/projectes.xtec.cat\/cete\/wp-json\/wp\/v2\/media?parent=8820"}],"curies":[{"name":"wp","href":"https:\/\/api.w.org\/{rel}","templated":true}]}}