{"id":8851,"date":"2022-05-04T09:18:41","date_gmt":"2022-05-04T07:18:41","guid":{"rendered":"https:\/\/projectes.xtec.cat\/cete\/?page_id=8851"},"modified":"2022-05-06T12:42:27","modified_gmt":"2022-05-06T10:42:27","slug":"objectius-steamcat4-0","status":"publish","type":"page","link":"https:\/\/projectes.xtec.cat\/cete\/objectius-steamcat4-0\/","title":{"rendered":"Objectius SteamCat4.0"},"content":{"rendered":"<ul>\n<li>Con\u00e8ixer la <strong>recerca en l&#8217;\u00e0mbit STEAM<\/strong> a nivell <strong>internacional<\/strong> i difondre les bones pr\u00e0ctiques que se\u2019n deriven i que poden servir de model de refer\u00e8ncia pels nostres centres. Con\u00e8ixer i experienciar nous models de <strong>metodologies i tecnologies, aix\u00ed com d\u2019espais d\u2019aprenentatge innovadors<\/strong>.<\/li>\n<li><strong>Con\u00e8ixer diferents models<\/strong> que ajudin a repensar l&#8217;adequaci\u00f3 del marc horari, l\u2019estructura de coordinaci\u00f3 i organitzativa de centre, els espais i el treball curricular. Con\u00e8ixer diferents processos d&#8217;implementaci\u00f3 de canvis.<\/li>\n<li>Millorar en els aprenentatges STEAM, merc\u00e8s al foment de la millora docent, per la incorporaci\u00f3 de de noves metodologies, tecnologies i espais.<\/li>\n<li><strong>Incentivar la participaci\u00f3 posterior en programes europeus<\/strong>, mitjan\u00e7ant la creaci\u00f3 d\u2019estructures organitzatives al centre que ho permetin. Major projecci\u00f3 internacional i capacitat de treball en xarxa per a la construcci\u00f3 col\u00b7lectiva del coneixement.<\/li>\n<li>Progressiva incentivaci\u00f3 de l\u2019\u00fas de la <strong>llengua estrangera<\/strong> com a llengua d\u2019\u00fas. Desenvolupament de la compet\u00e8ncia digital dels alumnes (en l\u00ednia i a dist\u00e0ncia).<\/li>\n<li>Ajudar al desenvolupament de la <strong>creativitat i el pensament cr\u00edtic<\/strong> dels alumnes, com a eix transversal del proc\u00e9s d\u2019aprenentatge.<\/li>\n<li>Treballar en el marc dels <strong>Objectius de Desenvolupament Sostenible<\/strong><\/li>\n<\/ul>\n","protected":false},"excerpt":{"rendered":"<ul>\n<li>Con\u00e8ixer la recerca en l&#8217;\u00e0mbit STEAM a nivell internacional i difondre les bones pr\u00e0ctiques que se\u2019n deriven i que poden servir de model de refer\u00e8ncia pels nostres centres. Con\u00e8ixer i experienciar nous models de metodologies i tecnologies, aix\u00ed com d\u2019espais d\u2019aprenentatge innovadors.<\/li>\n<li>Con\u00e8ixer diferents models que&hellip;  <a href=\"https:\/\/projectes.xtec.cat\/cete\/objectius-steamcat4-0\/\" title=\"Read Objectius SteamCat4.0\">Llegeix m\u00e9s\u00bb<\/a><br \/>\n","protected":false},"author":1,"featured_media":0,"parent":0,"menu_order":0,"comment_status":"closed","ping_status":"closed","template":"","meta":{"_bbp_topic_count":0,"_bbp_reply_count":0,"_bbp_total_topic_count":0,"_bbp_total_reply_count":0,"_bbp_voice_count":0,"_bbp_anonymous_reply_count":0,"_bbp_topic_count_hidden":0,"_bbp_reply_count_hidden":0,"_bbp_forum_subforum_count":0,"footnotes":""},"class_list":["post-8851","page","type-page","status-publish","hentry"],"post_mailing_queue_ids":[],"_links":{"self":[{"href":"https:\/\/projectes.xtec.cat\/cete\/wp-json\/wp\/v2\/pages\/8851","targetHints":{"allow":["GET"]}}],"collection":[{"href":"https:\/\/projectes.xtec.cat\/cete\/wp-json\/wp\/v2\/pages"}],"about":[{"href":"https:\/\/projectes.xtec.cat\/cete\/wp-json\/wp\/v2\/types\/page"}],"author":[{"embeddable":true,"href":"https:\/\/projectes.xtec.cat\/cete\/wp-json\/wp\/v2\/users\/1"}],"replies":[{"embeddable":true,"href":"https:\/\/projectes.xtec.cat\/cete\/wp-json\/wp\/v2\/comments?post=8851"}],"version-history":[{"count":3,"href":"https:\/\/projectes.xtec.cat\/cete\/wp-json\/wp\/v2\/pages\/8851\/revisions"}],"predecessor-version":[{"id":9069,"href":"https:\/\/projectes.xtec.cat\/cete\/wp-json\/wp\/v2\/pages\/8851\/revisions\/9069"}],"wp:attachment":[{"href":"https:\/\/projectes.xtec.cat\/cete\/wp-json\/wp\/v2\/media?parent=8851"}],"curies":[{"name":"wp","href":"https:\/\/api.w.org\/{rel}","templated":true}]}}